{"id":24,"date":"2016-09-21T18:22:39","date_gmt":"2016-09-21T17:22:39","guid":{"rendered":"http:\/\/wp.catedu.es\/afdpiramidefp\/?page_id=24"},"modified":"2016-09-21T18:22:39","modified_gmt":"2016-09-21T17:22:39","slug":"ensenanzas","status":"publish","type":"page","link":"https:\/\/wp.catedu.es\/afdpiramidefp\/ensenanzas\/","title":{"rendered":"Ense\u00f1anzas"},"content":{"rendered":"<table style=\"width: 353.99px;\">\n<tbody>\n<tr>\n<td style=\"width: 342.99px;\">T\u00e9cnico Superior en Animaci\u00f3n de Actividades F\u00edsico- Deportivas<\/td>\n<\/tr>\n<tr>\n<td style=\"width: 342.99px;\">T\u00e9cnico Deportivo en F\u00fatbol<\/td>\n<\/tr>\n<tr>\n<td style=\"width: 342.99px;\">T\u00e9cnico Deportivo, Bloque Com\u00fan LOE\u00a0(Pirag\u00fcismo)<\/td>\n<\/tr>\n<\/tbody>\n<\/table>\n","protected":false},"excerpt":{"rendered":"<p>T\u00e9cnico Superior en Animaci\u00f3n de Actividades F\u00edsico- Deportivas T\u00e9cnico Deportivo en F\u00fatbol T\u00e9cnico Deportivo, Bloque Com\u00fan LOE\u00a0(Pirag\u00fcismo)<\/p>\n","protected":false},"author":5,"featured_media":0,"parent":0,"menu_order":0,"comment_status":"closed","ping_status":"closed","template":"","meta":{"jetpack_post_was_ever_published":false,"footnotes":""},"class_list":["post-24","page","type-page","status-publish","hentry","nodate","item-wrap"],"jetpack_sharing_enabled":true,"jetpack_shortlink":"https:\/\/wp.me\/P7Vg2L-o","jetpack-related-posts":[],"_links":{"self":[{"href":"https:\/\/wp.catedu.es\/afdpiramidefp\/wp-json\/wp\/v2\/pages\/24","targetHints":{"allow":["GET"]}}],"collection":[{"href":"https:\/\/wp.catedu.es\/afdpiramidefp\/wp-json\/wp\/v2\/pages"}],"about":[{"href":"https:\/\/wp.catedu.es\/afdpiramidefp\/wp-json\/wp\/v2\/types\/page"}],"author":[{"embeddable":true,"href":"https:\/\/wp.catedu.es\/afdpiramidefp\/wp-json\/wp\/v2\/users\/5"}],"replies":[{"embeddable":true,"href":"https:\/\/wp.catedu.es\/afdpiramidefp\/wp-json\/wp\/v2\/comments?post=24"}],"version-history":[{"count":1,"href":"https:\/\/wp.catedu.es\/afdpiramidefp\/wp-json\/wp\/v2\/pages\/24\/revisions"}],"predecessor-version":[{"id":26,"href":"https:\/\/wp.catedu.es\/afdpiramidefp\/wp-json\/wp\/v2\/pages\/24\/revisions\/26"}],"wp:attachment":[{"href":"https:\/\/wp.catedu.es\/afdpiramidefp\/wp-json\/wp\/v2\/media?parent=24"}],"curies":[{"name":"wp","href":"https:\/\/api.w.org\/{rel}","templated":true}]}}