{"id":29,"date":"2016-09-21T18:23:51","date_gmt":"2016-09-21T17:23:51","guid":{"rendered":"http:\/\/wp.catedu.es\/afdpiramidefp\/?page_id=29"},"modified":"2016-09-21T18:26:53","modified_gmt":"2016-09-21T17:26:53","slug":"tecnico-deportivo-en-futbol","status":"publish","type":"page","link":"https:\/\/wp.catedu.es\/afdpiramidefp\/ensenanzas\/tecnico-deportivo-en-futbol\/","title":{"rendered":"T\u00e9cnico Deportivo en F\u00fatbol"},"content":{"rendered":"<p>El Real Decreto 1913\/1997, de 19 de diciembre (BOE de 23 de enero de 1998), del Ministerio de Educaci\u00f3n y Cultura, establece las ense\u00f1anzas conducentes a la obtenci\u00f3n de titulaciones de <span class=\"resalte\">t\u00e9cnicos deportivos<\/span>, aprob\u00e1ndose las directrices generales y las correspondientes ense\u00f1anzas m\u00ednimas.<\/p>\n<p>Folleto informativo: <a title=\"Folleto informativo\" href=\"http:\/\/www.cpifppiramide.com\/doc\/deportivo1.pdf\" target=\"_blank\">descargar<\/a><\/p>\n<h1>Finalidades de la ense\u00f1anza<\/h1>\n<p>Las <span class=\"resalte\">Ense\u00f1anzas Deportivas de R\u00e9gimen Especial<\/span> tienen como finalidad preparar a los alumnos para la actividad profesional en el \u00e1mbito del deporte, as\u00ed como facilitar su adaptaci\u00f3n a la evoluci\u00f3n del mundo laboral, deportivo y a la ciudadan\u00eda activa.<\/p>\n<h1>\u00bfC\u00f3mo est\u00e1n organizadas?<\/h1>\n<p>Tienen caracter secuencial, de forma que se deben iniciar los estudios en el primer nivel de grado medio, para posteriormente acceder al segundo nivel de grado medio y poder finalizar cursando el grado superior.<\/p>\n<h1>Estructura de las ense\u00f1anzas<\/h1>\n<p>Las ense\u00f1anzas se estructuran en bloques y \u00e9stos a su vez en m\u00f3dulos, en cada uno de los niveles.<\/p>\n<ul>\n<li><span class=\"resalte\">Bloque com\u00fan<\/span>: compuesto por m\u00f3dulos transversales de car\u00e1cter cient\u00edfico y t\u00e9cnico general, que ser\u00e1n coincidentes y obligatorios para todas las modalidades y especialidades deportivas. La superaci\u00f3n del bloque com\u00fan de un determinado nivel o grado de cualquiera de la modalidad o especialidad tendr\u00e1 validez para todas las ense\u00f1anzas del mismo bloque.<\/li>\n<li><span class=\"resalte\">Bloque espec\u00edfico<\/span>: compuesto por m\u00f3dulos de formaci\u00f3n deportiva espec\u00edfica de car\u00e1cter cient\u00edfico y t\u00e9cnico relacionados con cada modalidad y especialidad deportiva.<\/li>\n<li><span class=\"resalte\">Bloque complementario<\/span>: comprende los contenidos que tengan por objetivos formativos la utilizaci\u00f3n de recursos tecnol\u00f3gicos y las variaciones de la demanda social.<\/li>\n<li><span class=\"resalte\">Bloque de formaci\u00f3n pr\u00e1ctica<\/span>: que se realizar\u00e1 al superar los bloques anteriores y se realizar\u00e1 en instituciones deportivas de titularidad p\u00fablica o entidades privadas, as\u00ed como en el marco de programas de intercambio internacional.<\/li>\n<\/ul>\n<h1>\u00bfC\u00f3mo se accede?<\/h1>\n<h2>Al primer nivel de Grado Medio:<\/h2>\n<p><span class=\"resalte\">Edad m\u00ednima<\/span>:<\/p>\n<ul>\n<li>16 a\u00f1os.<\/li>\n<\/ul>\n<p><span class=\"resalte\">Requisitos acad\u00e9micos<\/span>:<\/p>\n<ul>\n<li>Con el t\u00edtulo de Educaci\u00f3n Secundaria Obligatoria o equivalente<\/li>\n<li>Mediante la prueba de acceso a las Ense\u00f1anzas Deportivas de Grado Medo<\/li>\n<li>Mediante la prueba de acceso a Formaci\u00f3n Profesional de Grado Medio<\/li>\n<\/ul>\n<p><span class=\"resalte\">Prueba de acceso espec\u00edfica<\/span>:<\/p>\n<ul>\n<li>Pruebas pr\u00e1cticas obligatorias que demuestran la condici\u00f3n f\u00edsica y el nivel t\u00e9cnico necesario para poder cursar con aprovechamiento los cursos.<\/li>\n<\/ul>\n<p>M\u00e1s informaci\u00f3n: <a title=\"M\u00e1s informacion\" href=\"http:\/\/www.cpifppiramide.com\/doc\/futbol.pdf\" target=\"_blank\">descargar.<\/a><\/p>\n<h2>Al segundo nivel de Grado Medio<\/h2>\n<ul>\n<li>Certificado de superaci\u00f3n de primer nivel.<\/li>\n<li>Pruebas de acceso espec\u00edficas s\u00f3lo para las especialidades de los deportes de monta\u00f1a y escalada.<\/li>\n<\/ul>\n<h2>Al Grado Superior<\/h2>\n<p><span class=\"resalte\">Requisitos acad\u00e9micos<\/span>:<\/p>\n<ul>\n<ul>\n<li>Con el t\u00edtulo de Bachiller o equivalente<\/li>\n<li>Mediante la prueba de acceso a las Ense\u00f1anzas Deportivas de Grado Superior.<\/li>\n<li>Mediante la prueba de acceso a Formaci\u00f3n Profesioanl de Grado Superior.<\/li>\n<\/ul>\n<\/ul>\n<p><span class=\"resalte\">Requisitos deportivos<\/span>:<\/p>\n<ul>\n<ul>\n<li>Para acceder a determinadas especialidades deportivas ser\u00e1 necesario acreditar experiencia deportiva tras haber obtenido el t\u00edtulo de t\u00e9cnico deportivo.<\/li>\n<\/ul>\n<\/ul>\n<p>Para el acceso a cualquiera de los niveles de cualquier modalidad o especialidad deportiva, estar\u00e1n <span class=\"resalte\">exentos de los requisitos espec\u00edficos para el acceso<\/span>quienes acrediten en la modalidad o especialidad deportiva de la que se trate:<\/p>\n<ul>\n<li>La condici\u00f3n de deportista de Alto Nivel<\/li>\n<li>La condici\u00f3n de deportista aragon\u00e9s de nivel cualificado<\/li>\n<\/ul>\n<h1>\u00bfQu\u00e9 titulaciones se obtienen?<\/h1>\n<p><span class=\"resalte\">Certificado de Superaci\u00f3n de Primer Nivel<\/span> de la correspondiente especialidad deportiva, para quienes superen el primer nivel de grado medio.<\/p>\n<p><span class=\"resalte\">T\u00edtulo de T\u00e9cnico Deportivo<\/span> de la correspondiente especialidad deportiva, para quienes superen el segundo nivel de grado medio.<\/p>\n<p><span class=\"resalte\">T\u00edtulo de T\u00e9cnico Deportivo Superior<\/span> de la correspondiente especialidad deportiva, para quienes superen el grado superior.<\/p>\n<p>M\u00c1S INFORMACI\u00d3N EN\u00a0<a href=\"http:\/\/www.cpifppiramide.com\/\" target=\"_blank\">http:\/\/www.cpifppiramide.com\/<\/a><\/p>\n","protected":false},"excerpt":{"rendered":"<p>El Real Decreto 1913\/1997, de 19 de diciembre (BOE de 23 de enero de 1998), del Ministerio de Educaci\u00f3n y Cultura, establece las ense\u00f1anzas conducentes a la obtenci\u00f3n de titulaciones de t\u00e9cnicos deportivos, aprob\u00e1ndose las directrices generales y las correspondientes ense\u00f1anzas m\u00ednimas. Folleto informativo: descargar Finalidades de la ense\u00f1anza Las Ense\u00f1anzas Deportivas de R\u00e9gimen Especial &hellip; <\/p>\n<p><a class=\"more-link btn\" href=\"https:\/\/wp.catedu.es\/afdpiramidefp\/ensenanzas\/tecnico-deportivo-en-futbol\/\">Seguir leyendo<\/a><\/p>\n","protected":false},"author":5,"featured_media":0,"parent":24,"menu_order":0,"comment_status":"closed","ping_status":"closed","template":"","meta":{"jetpack_post_was_ever_published":false,"footnotes":""},"class_list":["post-29","page","type-page","status-publish","hentry","nodate","item-wrap"],"jetpack_sharing_enabled":true,"jetpack_shortlink":"https:\/\/wp.me\/P7Vg2L-t","jetpack-related-posts":[],"_links":{"self":[{"href":"https:\/\/wp.catedu.es\/afdpiramidefp\/wp-json\/wp\/v2\/pages\/29","targetHints":{"allow":["GET"]}}],"collection":[{"href":"https:\/\/wp.catedu.es\/afdpiramidefp\/wp-json\/wp\/v2\/pages"}],"about":[{"href":"https:\/\/wp.catedu.es\/afdpiramidefp\/wp-json\/wp\/v2\/types\/page"}],"author":[{"embeddable":true,"href":"https:\/\/wp.catedu.es\/afdpiramidefp\/wp-json\/wp\/v2\/users\/5"}],"replies":[{"embeddable":true,"href":"https:\/\/wp.catedu.es\/afdpiramidefp\/wp-json\/wp\/v2\/comments?post=29"}],"version-history":[{"count":2,"href":"https:\/\/wp.catedu.es\/afdpiramidefp\/wp-json\/wp\/v2\/pages\/29\/revisions"}],"predecessor-version":[{"id":33,"href":"https:\/\/wp.catedu.es\/afdpiramidefp\/wp-json\/wp\/v2\/pages\/29\/revisions\/33"}],"up":[{"embeddable":true,"href":"https:\/\/wp.catedu.es\/afdpiramidefp\/wp-json\/wp\/v2\/pages\/24"}],"wp:attachment":[{"href":"https:\/\/wp.catedu.es\/afdpiramidefp\/wp-json\/wp\/v2\/media?parent=29"}],"curies":[{"name":"wp","href":"https:\/\/api.w.org\/{rel}","templated":true}]}}