{"id":69,"date":"2022-11-24T12:41:09","date_gmt":"2022-11-24T11:41:09","guid":{"rendered":"https:\/\/wp.catedu.es\/anaepa\/?page_id=69"},"modified":"2022-11-24T12:41:09","modified_gmt":"2022-11-24T11:41:09","slug":"literatura-unidad-2-la-edad-media","status":"publish","type":"page","link":"https:\/\/wp.catedu.es\/anaepa\/literatura-unidad-2-la-edad-media\/","title":{"rendered":"Literatura Unidad 2: La Edad Media"},"content":{"rendered":"<p>Comparto en nuestra pizarra virtual algunos materiales y recursos que, adem\u00e1s de las fotocopias entregadas en clase, os pueden resultar \u00fatiles para asentar conocimientos y ampliarlos (si es vuestro deseo).<\/p>\n<p>Este primer v\u00eddeo ofrece una visi\u00f3n de los cambios pol\u00edticos y religiosos de la \u00e9poca. 10 minutos muy interesantes:<\/p>\n<p><iframe loading=\"lazy\" title=\"Edad Media en 10 minutos\" width=\"747\" height=\"420\" src=\"https:\/\/www.youtube.com\/embed\/DjdFLJT5lhY?feature=oembed\" frameborder=\"0\" allow=\"accelerometer; autoplay; clipboard-write; encrypted-media; gyroscope; picture-in-picture; web-share\" allowfullscreen><\/iframe><\/p>\n<p>La sociedad medieval:<\/p>\n<p><iframe loading=\"lazy\" title=\"Curiosidades de la Edad Media que no sab\u00edas | Historia\" width=\"747\" height=\"420\" src=\"https:\/\/www.youtube.com\/embed\/gTZYP8ttMnA?feature=oembed\" frameborder=\"0\" allow=\"accelerometer; autoplay; clipboard-write; encrypted-media; gyroscope; picture-in-picture; web-share\" allowfullscreen><\/iframe><\/p>\n<p>Curiosidades:<\/p>\n<p><iframe loading=\"lazy\" title=\"El Medioevo: &quot;La sociedad.&quot; \/ History Channel.\" width=\"747\" height=\"560\" src=\"https:\/\/www.youtube.com\/embed\/3t-2Y1GgniE?feature=oembed\" frameborder=\"0\" allow=\"accelerometer; autoplay; clipboard-write; encrypted-media; gyroscope; picture-in-picture; web-share\" allowfullscreen><\/iframe><\/p>\n<p><span class=\"embed-youtube\">Tambi\u00e9n puede resultar \u00fatil una<\/span>\u00a0presentaci\u00f3n completa que recorre de forma m\u00e1s exhaustiva los textos y nuestro pasado medieval.<\/p>\n<div id=\"jp-post-flair\" class=\"sharedaddy sd-like-enabled sd-sharing-enabled\">\n<div class=\"sharedaddy sd-sharing-enabled\">\n<div class=\"robots-nocontent sd-block sd-social sd-social-icon-text sd-sharing\">\n<p><strong>Presentaci\u00f3n Power Point y antolog\u00eda de textos medievales\u00a0<\/strong>(para quien desee ampliar conocimientos). Haz clic en este enlace y te llevar\u00e1 a la entrada de mi antiguo blog de clase, donde podr\u00e1s descargar una presentaci\u00f3n completa y m\u00e1s profunda sobre la Literatura medieval y una recopilaci\u00f3n de textos para leer:<\/p>\n<p><strong><a href=\"https:\/\/lclana.wordpress.com\/2018\/11\/23\/literatura-edad-media-unidad-4-modulo-iii\/\" target=\"_blank\" rel=\"noopener\">Literatura medieval: presentaci\u00f3n y antolog\u00eda de textos<\/a><\/strong><\/p>\n<p>Algunas im\u00e1genes clave que nos ayudar\u00e1n a recordar algunos conceptos:<\/p>\n<figure id=\"attachment_4338\" class=\"wp-caption alignleft\" data-shortcode=\"caption\" aria-describedby=\"caption-attachment-4338\"><a href=\"https:\/\/lclana.wordpress.com\/2016\/04\/20\/literatura-de-la-edad-media-s-x-xv\/sociedad-medieval\/\" rel=\"attachment wp-att-4338\"><img loading=\"lazy\" decoding=\"async\" class=\"size-full wp-image-4338\" style=\"height: auto;max-width: 100%;border: 1px solid #dddddd;padding: 5px;margin: 0px auto\" src=\"https:\/\/lclana.files.wordpress.com\/2016\/04\/sociedad-medieval.png\" alt=\"SOCIEDAD ESTAMENTAL: INAMOVIBLE, R\u00cdGIDA = INJUSTA\" width=\"355\" height=\"384\" data-attachment-id=\"4338\" data-permalink=\"https:\/\/lclana.wordpress.com\/2019\/03\/08\/literatura-de-la-edad-media-s-x-xv\/sociedad-medieval\/\" data-orig-file=\"https:\/\/lclana.files.wordpress.com\/2016\/04\/sociedad-medieval.png\" data-orig-size=\"355,384\" data-comments-opened=\"1\" data-image-meta=\"{&quot;aperture&quot;:&quot;0&quot;,&quot;credit&quot;:&quot;&quot;,&quot;camera&quot;:&quot;&quot;,&quot;caption&quot;:&quot;&quot;,&quot;created_timestamp&quot;:&quot;0&quot;,&quot;copyright&quot;:&quot;&quot;,&quot;focal_length&quot;:&quot;0&quot;,&quot;iso&quot;:&quot;0&quot;,&quot;shutter_speed&quot;:&quot;0&quot;,&quot;title&quot;:&quot;&quot;,&quot;orientation&quot;:&quot;0&quot;}\" data-image-title=\"sociedad medieval\" data-image-description=\"\" data-image-caption=\"&lt;p&gt;SOCIEDAD ESTAMENTAL: INAMOVIBLE, R\u00cdGIDA = INJUSTA&lt;\/p&gt; \" data-medium-file=\"https:\/\/lclana.files.wordpress.com\/2016\/04\/sociedad-medieval.png?w=277\" data-large-file=\"https:\/\/lclana.files.wordpress.com\/2016\/04\/sociedad-medieval.png?w=355\" \/><\/a><figcaption id=\"caption-attachment-4338\" class=\"wp-caption-text\">SOCIEDAD ESTAMENTAL: INAMOVIBLE, R\u00cdGIDA = INJUSTA<\/figcaption><\/figure>\n<p>&nbsp;<\/p>\n<p>&nbsp;<\/p>\n<figure id=\"attachment_4340\" class=\"wp-caption alignleft\" data-shortcode=\"caption\" aria-describedby=\"caption-attachment-4340\"><a href=\"https:\/\/lclana.wordpress.com\/2016\/04\/20\/literatura-de-la-edad-media-s-x-xv\/cambios-politicos\/\" rel=\"attachment wp-att-4340\"><img loading=\"lazy\" decoding=\"async\" class=\"size-medium wp-image-4340\" style=\"height: auto;max-width: 100%;border: 1px solid #dddddd;padding: 5px;margin: 0px auto\" src=\"https:\/\/lclana.files.wordpress.com\/2016\/04\/cambios-polc3adticos.png?w=300\" alt=\"CAMBIOS POL\u00cdTICOS. TAMBI\u00c9N SOCIALES.\" width=\"300\" height=\"300\" data-attachment-id=\"4340\" data-permalink=\"https:\/\/lclana.wordpress.com\/2019\/03\/08\/literatura-de-la-edad-media-s-x-xv\/cambios-politicos\/\" data-orig-file=\"https:\/\/lclana.files.wordpress.com\/2016\/04\/cambios-polc3adticos.png\" data-orig-size=\"902,902\" data-comments-opened=\"1\" data-image-meta=\"{&quot;aperture&quot;:&quot;0&quot;,&quot;credit&quot;:&quot;&quot;,&quot;camera&quot;:&quot;&quot;,&quot;caption&quot;:&quot;&quot;,&quot;created_timestamp&quot;:&quot;0&quot;,&quot;copyright&quot;:&quot;&quot;,&quot;focal_length&quot;:&quot;0&quot;,&quot;iso&quot;:&quot;0&quot;,&quot;shutter_speed&quot;:&quot;0&quot;,&quot;title&quot;:&quot;&quot;,&quot;orientation&quot;:&quot;0&quot;}\" data-image-title=\"cambios pol\u00edticos\" data-image-description=\"\" data-image-caption=\"&lt;p&gt;CAMBIOS POL\u00cdTICOS. TAMBI\u00c9N SOCIALES.&lt;\/p&gt; \" data-medium-file=\"https:\/\/lclana.files.wordpress.com\/2016\/04\/cambios-polc3adticos.png?w=300\" data-large-file=\"https:\/\/lclana.files.wordpress.com\/2016\/04\/cambios-polc3adticos.png?w=640\" \/><\/a><figcaption id=\"caption-attachment-4340\" class=\"wp-caption-text\">CAMBIOS POL\u00cdTICOS. TAMBI\u00c9N SOCIALES.<\/figcaption><\/figure>\n<h3 class=\"sd-title\"><\/h3>\n<figure id=\"attachment_4341\" class=\"wp-caption alignleft\" data-shortcode=\"caption\" aria-describedby=\"caption-attachment-4341\"><a href=\"https:\/\/lclana.wordpress.com\/2016\/04\/20\/literatura-de-la-edad-media-s-x-xv\/cultura-arabe\/\" rel=\"attachment wp-att-4341\"><img loading=\"lazy\" decoding=\"async\" class=\"size-full wp-image-4341\" style=\"height: auto;max-width: 100%;border: 1px solid #dddddd;padding: 5px;margin: 0px auto\" src=\"https:\/\/lclana.files.wordpress.com\/2016\/04\/cultura-c3a1rabe.jpg\" alt=\"CONVIVENCIA DE CULTURAS: CRISTIANA, \u00c1RABE Y JUD\u00cdA.\" width=\"230\" height=\"262\" data-attachment-id=\"4341\" data-permalink=\"https:\/\/lclana.wordpress.com\/2019\/03\/08\/literatura-de-la-edad-media-s-x-xv\/cultura-arabe\/\" data-orig-file=\"https:\/\/lclana.files.wordpress.com\/2016\/04\/cultura-c3a1rabe.jpg\" data-orig-size=\"230,262\" data-comments-opened=\"1\" data-image-meta=\"{&quot;aperture&quot;:&quot;0&quot;,&quot;credit&quot;:&quot;&quot;,&quot;camera&quot;:&quot;&quot;,&quot;caption&quot;:&quot;&quot;,&quot;created_timestamp&quot;:&quot;0&quot;,&quot;copyright&quot;:&quot;&quot;,&quot;focal_length&quot;:&quot;0&quot;,&quot;iso&quot;:&quot;0&quot;,&quot;shutter_speed&quot;:&quot;0&quot;,&quot;title&quot;:&quot;&quot;,&quot;orientation&quot;:&quot;0&quot;}\" data-image-title=\"cultura \u00e1rabe\" data-image-description=\"\" data-image-caption=\"&lt;p&gt;CONVIVENCIA DE CULTURAS: CRISTIANA, \u00c1RABE Y JUD\u00cdA.&lt;\/p&gt; \" data-medium-file=\"https:\/\/lclana.files.wordpress.com\/2016\/04\/cultura-c3a1rabe.jpg?w=230\" data-large-file=\"https:\/\/lclana.files.wordpress.com\/2016\/04\/cultura-c3a1rabe.jpg?w=230\" \/><\/a><figcaption id=\"caption-attachment-4341\" class=\"wp-caption-text\">CONVIVENCIA DE CULTURAS: CRISTIANA, \u00c1RABE Y JUD\u00cdA.<\/figcaption><\/figure>\n<p>&nbsp;<\/p>\n<p>&nbsp;<\/p>\n<figure id=\"attachment_4333\" class=\"wp-caption alignleft\" data-shortcode=\"caption\" aria-describedby=\"caption-attachment-4333\"><a href=\"https:\/\/lclana.wordpress.com\/2016\/04\/20\/literatura-de-la-edad-media-s-x-xv\/glosas-emilianenses-primeros-escritos-s-x\/\" rel=\"attachment wp-att-4333\"><img loading=\"lazy\" decoding=\"async\" class=\"size-full wp-image-4333\" style=\"height: auto;max-width: 100%;border: 1px solid #dddddd;padding: 5px;margin: 0px auto\" src=\"https:\/\/lclana.files.wordpress.com\/2016\/04\/glosas-emilianenses-primeros-escritos-s-x.jpg\" alt=\"GLOSAS EMILIANENSES\" width=\"182\" height=\"238\" data-attachment-id=\"4333\" data-permalink=\"https:\/\/lclana.wordpress.com\/2019\/03\/08\/literatura-de-la-edad-media-s-x-xv\/glosas-emilianenses-primeros-escritos-s-x\/\" data-orig-file=\"https:\/\/lclana.files.wordpress.com\/2016\/04\/glosas-emilianenses-primeros-escritos-s-x.jpg\" data-orig-size=\"182,238\" data-comments-opened=\"1\" data-image-meta=\"{&quot;aperture&quot;:&quot;0&quot;,&quot;credit&quot;:&quot;&quot;,&quot;camera&quot;:&quot;&quot;,&quot;caption&quot;:&quot;&quot;,&quot;created_timestamp&quot;:&quot;0&quot;,&quot;copyright&quot;:&quot;&quot;,&quot;focal_length&quot;:&quot;0&quot;,&quot;iso&quot;:&quot;0&quot;,&quot;shutter_speed&quot;:&quot;0&quot;,&quot;title&quot;:&quot;&quot;,&quot;orientation&quot;:&quot;0&quot;}\" data-image-title=\"glosas emilianenses primeros escritos s X\" data-image-description=\"\" data-image-caption=\"&lt;p&gt;GLOSAS EMILIANENSES&lt;\/p&gt; \" data-medium-file=\"https:\/\/lclana.files.wordpress.com\/2016\/04\/glosas-emilianenses-primeros-escritos-s-x.jpg?w=182\" data-large-file=\"https:\/\/lclana.files.wordpress.com\/2016\/04\/glosas-emilianenses-primeros-escritos-s-x.jpg?w=182\" \/><\/a><figcaption id=\"caption-attachment-4333\" class=\"wp-caption-text\">GLOSAS EMILIANENSES<\/figcaption><\/figure>\n<p>&nbsp;<\/p>\n<figure id=\"attachment_4334\" class=\"wp-caption alignleft\" data-shortcode=\"caption\" aria-describedby=\"caption-attachment-4334\"><a href=\"https:\/\/lclana.wordpress.com\/2016\/04\/20\/literatura-de-la-edad-media-s-x-xv\/copistas\/\" rel=\"attachment wp-att-4334\"><img loading=\"lazy\" decoding=\"async\" class=\"size-large wp-image-4334\" style=\"height: auto;max-width: 100%;border: 1px solid #dddddd;padding: 5px;margin: 0px auto\" src=\"https:\/\/lclana.files.wordpress.com\/2016\/04\/copistas.jpg?w=593\" alt=\"LOS COPISTAS\" width=\"593\" height=\"556\" data-attachment-id=\"4334\" data-permalink=\"https:\/\/lclana.wordpress.com\/2019\/03\/08\/literatura-de-la-edad-media-s-x-xv\/copistas\/\" data-orig-file=\"https:\/\/lclana.files.wordpress.com\/2016\/04\/copistas.jpg\" data-orig-size=\"841,789\" data-comments-opened=\"1\" data-image-meta=\"{&quot;aperture&quot;:&quot;0&quot;,&quot;credit&quot;:&quot;&quot;,&quot;camera&quot;:&quot;&quot;,&quot;caption&quot;:&quot;&quot;,&quot;created_timestamp&quot;:&quot;0&quot;,&quot;copyright&quot;:&quot;&quot;,&quot;focal_length&quot;:&quot;0&quot;,&quot;iso&quot;:&quot;0&quot;,&quot;shutter_speed&quot;:&quot;0&quot;,&quot;title&quot;:&quot;&quot;,&quot;orientation&quot;:&quot;0&quot;}\" data-image-title=\"copistas\" data-image-description=\"\" data-image-caption=\"&lt;p&gt;LOS COPISTAS&lt;\/p&gt; \" data-medium-file=\"https:\/\/lclana.files.wordpress.com\/2016\/04\/copistas.jpg?w=300\" data-large-file=\"https:\/\/lclana.files.wordpress.com\/2016\/04\/copistas.jpg?w=640\" \/><\/a><figcaption id=\"caption-attachment-4334\" class=\"wp-caption-text\">LOS COPISTAS<\/figcaption><\/figure>\n<p>&nbsp;<\/p>\n<p>&nbsp;<\/p>\n<p>&nbsp;<\/p>\n<p>&nbsp;<\/p>\n<p>&nbsp;<\/p>\n<figure id=\"attachment_4335\" class=\"wp-caption alignleft\" data-shortcode=\"caption\" aria-describedby=\"caption-attachment-4335\"><a href=\"https:\/\/lclana.wordpress.com\/2016\/04\/20\/literatura-de-la-edad-media-s-x-xv\/juglares\/\" rel=\"attachment wp-att-4335\"><img loading=\"lazy\" decoding=\"async\" class=\"size-full wp-image-4335\" style=\"height: auto;max-width: 100%;border: 1px solid #dddddd;padding: 5px;margin: 0px auto\" src=\"https:\/\/lclana.files.wordpress.com\/2016\/04\/juglares.png\" alt=\"LOS JUGLARES\" width=\"269\" height=\"402\" data-attachment-id=\"4335\" data-permalink=\"https:\/\/lclana.wordpress.com\/2019\/03\/08\/literatura-de-la-edad-media-s-x-xv\/juglares\/\" data-orig-file=\"https:\/\/lclana.files.wordpress.com\/2016\/04\/juglares.png\" data-orig-size=\"269,402\" data-comments-opened=\"1\" data-image-meta=\"{&quot;aperture&quot;:&quot;0&quot;,&quot;credit&quot;:&quot;&quot;,&quot;camera&quot;:&quot;&quot;,&quot;caption&quot;:&quot;&quot;,&quot;created_timestamp&quot;:&quot;0&quot;,&quot;copyright&quot;:&quot;&quot;,&quot;focal_length&quot;:&quot;0&quot;,&quot;iso&quot;:&quot;0&quot;,&quot;shutter_speed&quot;:&quot;0&quot;,&quot;title&quot;:&quot;&quot;,&quot;orientation&quot;:&quot;0&quot;}\" data-image-title=\"juglares\" data-image-description=\"\" data-image-caption=\"&lt;p&gt;LOS JUGLARES&lt;\/p&gt; \" data-medium-file=\"https:\/\/lclana.files.wordpress.com\/2016\/04\/juglares.png?w=201\" data-large-file=\"https:\/\/lclana.files.wordpress.com\/2016\/04\/juglares.png?w=269\" \/><\/a><figcaption id=\"caption-attachment-4335\" class=\"wp-caption-text\">LOS JUGLARES<\/figcaption><\/figure>\n<p>&nbsp;<\/p>\n<p>&nbsp;<\/p>\n<p>&nbsp;<\/p>\n<figure id=\"attachment_4339\" class=\"wp-caption alignleft\" data-shortcode=\"caption\" aria-describedby=\"caption-attachment-4339\"><a href=\"https:\/\/lclana.wordpress.com\/2016\/04\/20\/literatura-de-la-edad-media-s-x-xv\/caballeros\/\" rel=\"attachment wp-att-4339\"><img loading=\"lazy\" decoding=\"async\" class=\"size-full wp-image-4339\" style=\"height: auto;max-width: 100%;border: 1px solid #dddddd;padding: 5px;margin: 0px auto\" src=\"https:\/\/lclana.files.wordpress.com\/2016\/04\/caballeros.png\" alt=\"HAZA\u00d1AS DE GRANDES H\u00c9ROES: EL CID\" width=\"367\" height=\"387\" data-attachment-id=\"4339\" data-permalink=\"https:\/\/lclana.wordpress.com\/2019\/03\/08\/literatura-de-la-edad-media-s-x-xv\/caballeros\/\" data-orig-file=\"https:\/\/lclana.files.wordpress.com\/2016\/04\/caballeros.png\" data-orig-size=\"367,387\" data-comments-opened=\"1\" data-image-meta=\"{&quot;aperture&quot;:&quot;0&quot;,&quot;credit&quot;:&quot;&quot;,&quot;camera&quot;:&quot;&quot;,&quot;caption&quot;:&quot;&quot;,&quot;created_timestamp&quot;:&quot;0&quot;,&quot;copyright&quot;:&quot;&quot;,&quot;focal_length&quot;:&quot;0&quot;,&quot;iso&quot;:&quot;0&quot;,&quot;shutter_speed&quot;:&quot;0&quot;,&quot;title&quot;:&quot;&quot;,&quot;orientation&quot;:&quot;0&quot;}\" data-image-title=\"Caballeros\" data-image-description=\"\" data-image-caption=\"&lt;p&gt;HAZA\u00d1AS DE GRANDES H\u00c9ROES: EL CID&lt;\/p&gt; \" data-medium-file=\"https:\/\/lclana.files.wordpress.com\/2016\/04\/caballeros.png?w=284\" data-large-file=\"https:\/\/lclana.files.wordpress.com\/2016\/04\/caballeros.png?w=367\" \/><\/a><figcaption id=\"caption-attachment-4339\" class=\"wp-caption-text\">HAZA\u00d1AS DE GRANDES H\u00c9ROES: EL CID<\/figcaption><\/figure>\n<p>&nbsp;<\/p>\n<p>&nbsp;<\/p>\n<figure id=\"attachment_4336\" class=\"wp-caption alignleft\" data-shortcode=\"caption\" aria-describedby=\"caption-attachment-4336\"><a href=\"https:\/\/lclana.wordpress.com\/2016\/04\/20\/literatura-de-la-edad-media-s-x-xv\/mester-de-clerecia\/\" rel=\"attachment wp-att-4336\"><img loading=\"lazy\" decoding=\"async\" class=\"size-full wp-image-4336\" style=\"height: auto;max-width: 100%;border: 1px solid #dddddd;padding: 5px;margin: 0px auto\" src=\"https:\/\/lclana.files.wordpress.com\/2016\/04\/mester-de-clerecc3ada.png\" alt=\"EL MESTER DE CLEREC\u00cdA\" width=\"451\" height=\"204\" data-attachment-id=\"4336\" data-permalink=\"https:\/\/lclana.wordpress.com\/2019\/03\/08\/literatura-de-la-edad-media-s-x-xv\/mester-de-clerecia\/\" data-orig-file=\"https:\/\/lclana.files.wordpress.com\/2016\/04\/mester-de-clerecc3ada.png\" data-orig-size=\"451,204\" data-comments-opened=\"1\" data-image-meta=\"{&quot;aperture&quot;:&quot;0&quot;,&quot;credit&quot;:&quot;&quot;,&quot;camera&quot;:&quot;&quot;,&quot;caption&quot;:&quot;&quot;,&quot;created_timestamp&quot;:&quot;0&quot;,&quot;copyright&quot;:&quot;&quot;,&quot;focal_length&quot;:&quot;0&quot;,&quot;iso&quot;:&quot;0&quot;,&quot;shutter_speed&quot;:&quot;0&quot;,&quot;title&quot;:&quot;&quot;,&quot;orientation&quot;:&quot;0&quot;}\" data-image-title=\"mester de clerec\u00eda\" data-image-description=\"\" data-image-caption=\"&lt;p&gt;EL MESTER DE CLEREC\u00cdA&lt;\/p&gt; \" data-medium-file=\"https:\/\/lclana.files.wordpress.com\/2016\/04\/mester-de-clerecc3ada.png?w=300\" data-large-file=\"https:\/\/lclana.files.wordpress.com\/2016\/04\/mester-de-clerecc3ada.png?w=451\" \/><\/a><figcaption id=\"caption-attachment-4336\" class=\"wp-caption-text\">EL MESTER DE CLEREC\u00cdA<\/figcaption><\/figure>\n<p>&nbsp;<\/p>\n<figure id=\"attachment_4337\" class=\"wp-caption alignleft\" data-shortcode=\"caption\" aria-describedby=\"caption-attachment-4337\"><a href=\"https:\/\/lclana.wordpress.com\/2016\/04\/20\/literatura-de-la-edad-media-s-x-xv\/libro-de-buen-amor\/\" rel=\"attachment wp-att-4337\"><img loading=\"lazy\" decoding=\"async\" class=\"size-full wp-image-4337\" style=\"height: auto;max-width: 100%;border: 1px solid #dddddd;padding: 5px;margin: 0px auto\" src=\"https:\/\/lclana.files.wordpress.com\/2016\/04\/libro-de-buen-amor.png\" alt=\"EL LIBRO DE BUEN AMOR\" width=\"334\" height=\"378\" data-attachment-id=\"4337\" data-permalink=\"https:\/\/lclana.wordpress.com\/2019\/03\/08\/literatura-de-la-edad-media-s-x-xv\/libro-de-buen-amor\/\" data-orig-file=\"https:\/\/lclana.files.wordpress.com\/2016\/04\/libro-de-buen-amor.png\" data-orig-size=\"334,378\" data-comments-opened=\"1\" data-image-meta=\"{&quot;aperture&quot;:&quot;0&quot;,&quot;credit&quot;:&quot;&quot;,&quot;camera&quot;:&quot;&quot;,&quot;caption&quot;:&quot;&quot;,&quot;created_timestamp&quot;:&quot;0&quot;,&quot;copyright&quot;:&quot;&quot;,&quot;focal_length&quot;:&quot;0&quot;,&quot;iso&quot;:&quot;0&quot;,&quot;shutter_speed&quot;:&quot;0&quot;,&quot;title&quot;:&quot;&quot;,&quot;orientation&quot;:&quot;0&quot;}\" data-image-title=\"libro de buen amor\" data-image-description=\"\" data-image-caption=\"&lt;p&gt;EL LIBRO DE BUEN AMOR&lt;\/p&gt; \" data-medium-file=\"https:\/\/lclana.files.wordpress.com\/2016\/04\/libro-de-buen-amor.png?w=265\" data-large-file=\"https:\/\/lclana.files.wordpress.com\/2016\/04\/libro-de-buen-amor.png?w=334\" \/><\/a><\/figure>\n<\/div>\n<\/div>\n<\/div>\n<p>&nbsp;<\/p>\n<p>&nbsp;<\/p>\n<p>&nbsp;<\/p>\n<p>&nbsp;<\/p>\n","protected":false},"excerpt":{"rendered":"Comparto en nuestra pizarra virtual algunos materiales y recursos que, adem\u00e1s de las fotocopias entregadas en clase, os pueden resultar \u00fatiles para asentar \n<a class=\"moretag\" href=\"https:\/\/wp.catedu.es\/anaepa\/literatura-unidad-2-la-edad-media\/\"> [...]<\/a>","protected":false},"author":397,"featured_media":0,"parent":0,"menu_order":0,"comment_status":"closed","ping_status":"closed","template":"","meta":{"footnotes":""},"class_list":["post-69","page","type-page","status-publish","hentry"],"_links":{"self":[{"href":"https:\/\/wp.catedu.es\/anaepa\/wp-json\/wp\/v2\/pages\/69","targetHints":{"allow":["GET"]}}],"collection":[{"href":"https:\/\/wp.catedu.es\/anaepa\/wp-json\/wp\/v2\/pages"}],"about":[{"href":"https:\/\/wp.catedu.es\/anaepa\/wp-json\/wp\/v2\/types\/page"}],"author":[{"embeddable":true,"href":"https:\/\/wp.catedu.es\/anaepa\/wp-json\/wp\/v2\/users\/397"}],"replies":[{"embeddable":true,"href":"https:\/\/wp.catedu.es\/anaepa\/wp-json\/wp\/v2\/comments?post=69"}],"version-history":[{"count":1,"href":"https:\/\/wp.catedu.es\/anaepa\/wp-json\/wp\/v2\/pages\/69\/revisions"}],"predecessor-version":[{"id":70,"href":"https:\/\/wp.catedu.es\/anaepa\/wp-json\/wp\/v2\/pages\/69\/revisions\/70"}],"wp:attachment":[{"href":"https:\/\/wp.catedu.es\/anaepa\/wp-json\/wp\/v2\/media?parent=69"}],"curies":[{"name":"wp","href":"https:\/\/api.w.org\/{rel}","templated":true}]}}