{"id":45,"date":"2019-11-22T12:40:02","date_gmt":"2019-11-22T11:40:02","guid":{"rendered":"http:\/\/wp.catedu.es\/atenciontempranahuesca\/?page_id=45"},"modified":"2025-12-09T12:32:37","modified_gmt":"2025-12-09T11:32:37","slug":"descripcion","status":"publish","type":"page","link":"https:\/\/wp.catedu.es\/atenciontempranahuesca\/descripcion\/","title":{"rendered":"Descripci\u00f3n"},"content":{"rendered":"<p style=\"text-align: left\">El <span style=\"color: #800080\"><strong>Equipo de Orientaci\u00f3n Educativa de Atenci\u00f3n Temprana<\/strong><\/span><span style=\"color: #000000\"> (EOEAT) de Huesca es un servicio p\u00fablico, gratuito y dependiente del Gobierno de Arag\u00f3n, que atiende a ni\u00f1os y ni\u00f1as de 0 a 3 a\u00f1os escolarizados en escuelas infantiles p\u00fablicas o municipales conveniadas y a ni\u00f1os y ni\u00f1as de 0 a 6 a\u00f1os sin escolarizar que presentan compromisos en su desarrollo, con el fin de orientar, asesorar y acompa\u00f1ar a escuelas y familias.\u00a0<\/span><\/p>\n<p style=\"text-align: left\"><span style=\"color: #000000\">En la Comunidad Aut\u00f3noma de Arag\u00f3n existen diversos EOEAT (Huesca, Monz\u00f3n, Zaragoza, Calatayud, Ejea de los Caballeros, Teruel y Alca\u00f1iz). Forman parte de la Red Integrada de Orientaci\u00f3n Educativa del Departamento de Educaci\u00f3n, Cultura y Deporte y sus equipos est\u00e1n conformado por <strong>Orientadoras Educativas<\/strong>, <strong>especialistas en Audici\u00f3n y Lenguaje y Profesorado de Servicios a la Comunidad.<\/strong><\/span><\/p>\n<p><span style=\"color: #000000\">El EOEAT de<\/span> <span style=\"color: #3366ff\"><strong><span style=\"color: #0000ff\">Huesca<\/span> <\/strong><\/span><span style=\"color: #000000\">atiende la<\/span> <span style=\"color: #3366ff\"><span style=\"color: #0000ff\">zona occidental<\/span> <span style=\"color: #000000\">de la provincia,\u00a0 es decir, las Comarcas de Jacetania, Alto G\u00e1llego, Monegros y Hoya de Huesca.<\/span><\/span><\/p>\n<p><img loading=\"lazy\" decoding=\"async\" class=\"wp-image-504 aligncenter\" src=\"http:\/\/wp.catedu.es\/atenciontempranahuesca\/wp-content\/uploads\/sites\/161\/2025\/12\/Diseno-sin-titulo-300x55.png\" alt=\"\" width=\"524\" height=\"96\" srcset=\"https:\/\/wp.catedu.es\/atenciontempranahuesca\/wp-content\/uploads\/sites\/161\/2025\/12\/Diseno-sin-titulo-300x55.png 300w, https:\/\/wp.catedu.es\/atenciontempranahuesca\/wp-content\/uploads\/sites\/161\/2025\/12\/Diseno-sin-titulo-1024x187.png 1024w, https:\/\/wp.catedu.es\/atenciontempranahuesca\/wp-content\/uploads\/sites\/161\/2025\/12\/Diseno-sin-titulo-768x140.png 768w, https:\/\/wp.catedu.es\/atenciontempranahuesca\/wp-content\/uploads\/sites\/161\/2025\/12\/Diseno-sin-titulo-1536x280.png 1536w, https:\/\/wp.catedu.es\/atenciontempranahuesca\/wp-content\/uploads\/sites\/161\/2025\/12\/Diseno-sin-titulo-750x137.png 750w, https:\/\/wp.catedu.es\/atenciontempranahuesca\/wp-content\/uploads\/sites\/161\/2025\/12\/Diseno-sin-titulo.png 1920w\" sizes=\"auto, (max-width: 524px) 100vw, 524px\" \/><\/p>\n","protected":false},"excerpt":{"rendered":"<p>El Equipo de Orientaci\u00f3n Educativa de Atenci\u00f3n Temprana (EOEAT) de Huesca es un servicio p\u00fablico, gratuito y dependiente del Gobierno de Arag\u00f3n, que atiende a ni\u00f1os y ni\u00f1as de 0 a 3 a\u00f1os escolarizados en escuelas infantiles p\u00fablicas o municipales conveniadas y a ni\u00f1os y ni\u00f1as de 0 a 6 a\u00f1os sin escolarizar que presentan &hellip; <\/p>\n<p><a class=\"more-link btn\" href=\"https:\/\/wp.catedu.es\/atenciontempranahuesca\/descripcion\/\">Seguir leyendo<\/a><\/p>\n","protected":false},"author":305,"featured_media":0,"parent":0,"menu_order":0,"comment_status":"closed","ping_status":"closed","template":"","meta":{"footnotes":""},"class_list":["post-45","page","type-page","status-publish","hentry","nodate","item-wrap"],"_links":{"self":[{"href":"https:\/\/wp.catedu.es\/atenciontempranahuesca\/wp-json\/wp\/v2\/pages\/45","targetHints":{"allow":["GET"]}}],"collection":[{"href":"https:\/\/wp.catedu.es\/atenciontempranahuesca\/wp-json\/wp\/v2\/pages"}],"about":[{"href":"https:\/\/wp.catedu.es\/atenciontempranahuesca\/wp-json\/wp\/v2\/types\/page"}],"author":[{"embeddable":true,"href":"https:\/\/wp.catedu.es\/atenciontempranahuesca\/wp-json\/wp\/v2\/users\/305"}],"replies":[{"embeddable":true,"href":"https:\/\/wp.catedu.es\/atenciontempranahuesca\/wp-json\/wp\/v2\/comments?post=45"}],"version-history":[{"count":17,"href":"https:\/\/wp.catedu.es\/atenciontempranahuesca\/wp-json\/wp\/v2\/pages\/45\/revisions"}],"predecessor-version":[{"id":548,"href":"https:\/\/wp.catedu.es\/atenciontempranahuesca\/wp-json\/wp\/v2\/pages\/45\/revisions\/548"}],"wp:attachment":[{"href":"https:\/\/wp.catedu.es\/atenciontempranahuesca\/wp-json\/wp\/v2\/media?parent=45"}],"curies":[{"name":"wp","href":"https:\/\/api.w.org\/{rel}","templated":true}]}}