{"id":516,"date":"2025-12-09T10:11:15","date_gmt":"2025-12-09T09:11:15","guid":{"rendered":"https:\/\/wp.catedu.es\/atenciontempranahuesca\/?page_id=516"},"modified":"2025-12-09T12:34:03","modified_gmt":"2025-12-09T11:34:03","slug":"ambito-de-actuacion","status":"publish","type":"page","link":"https:\/\/wp.catedu.es\/atenciontempranahuesca\/ambito-de-actuacion\/","title":{"rendered":"\u00c1mbito de actuaci\u00f3n"},"content":{"rendered":"<p><span style=\"color: #000000\">Actualmente, el EOEAT de Huesca atiende la zona occidental de la provincia, por lo que nuestro \u00e1mbito de actuaci\u00f3n es amplio.\u00a0<\/span><\/p>\n<p><span style=\"color: #000000\">Disponemos de convenio de colaboraci\u00f3n con las escuelas infantiles municipales de <span style=\"color: #800080\">Canfranc, Jaca, Sabi\u00f1\u00e1nigo, Ayerbe, Almud\u00e9var, Huesca y la escuela comarcal de Monegros<\/span>, as\u00ed como la escuela de la <span style=\"color: #800080\">DGA Nuestra Se\u00f1ora de San Lorenzo de Huesca<\/span>.\u00a0<\/span><\/p>\n<p><img loading=\"lazy\" decoding=\"async\" class=\"wp-image-517 aligncenter\" src=\"http:\/\/wp.catedu.es\/atenciontempranahuesca\/wp-content\/uploads\/sites\/161\/2025\/12\/ambito-actuacion-300x167.png\" alt=\"\" width=\"495\" height=\"276\" srcset=\"https:\/\/wp.catedu.es\/atenciontempranahuesca\/wp-content\/uploads\/sites\/161\/2025\/12\/ambito-actuacion-300x167.png 300w, https:\/\/wp.catedu.es\/atenciontempranahuesca\/wp-content\/uploads\/sites\/161\/2025\/12\/ambito-actuacion.png 725w\" sizes=\"auto, (max-width: 495px) 100vw, 495px\" \/><\/p>\n<p>Si perteneces a una escuela municipal y te gustar\u00eda firmar el convenio de colaboraci\u00f3n con el EOEAT, ponte en contacto con nosotras y te explicamos el procedimiento.<\/p>\n","protected":false},"excerpt":{"rendered":"<p>Actualmente, el EOEAT de Huesca atiende la zona occidental de la provincia, por lo que nuestro \u00e1mbito de actuaci\u00f3n es amplio.\u00a0 Disponemos de convenio de colaboraci\u00f3n con las escuelas infantiles municipales de Canfranc, Jaca, Sabi\u00f1\u00e1nigo, Ayerbe, Almud\u00e9var, Huesca y la escuela comarcal de Monegros, as\u00ed como la escuela de la DGA Nuestra Se\u00f1ora de San &hellip; <\/p>\n<p><a class=\"more-link btn\" href=\"https:\/\/wp.catedu.es\/atenciontempranahuesca\/ambito-de-actuacion\/\">Seguir leyendo<\/a><\/p>\n","protected":false},"author":305,"featured_media":0,"parent":0,"menu_order":0,"comment_status":"closed","ping_status":"closed","template":"","meta":{"footnotes":""},"class_list":["post-516","page","type-page","status-publish","hentry","nodate","item-wrap"],"_links":{"self":[{"href":"https:\/\/wp.catedu.es\/atenciontempranahuesca\/wp-json\/wp\/v2\/pages\/516","targetHints":{"allow":["GET"]}}],"collection":[{"href":"https:\/\/wp.catedu.es\/atenciontempranahuesca\/wp-json\/wp\/v2\/pages"}],"about":[{"href":"https:\/\/wp.catedu.es\/atenciontempranahuesca\/wp-json\/wp\/v2\/types\/page"}],"author":[{"embeddable":true,"href":"https:\/\/wp.catedu.es\/atenciontempranahuesca\/wp-json\/wp\/v2\/users\/305"}],"replies":[{"embeddable":true,"href":"https:\/\/wp.catedu.es\/atenciontempranahuesca\/wp-json\/wp\/v2\/comments?post=516"}],"version-history":[{"count":5,"href":"https:\/\/wp.catedu.es\/atenciontempranahuesca\/wp-json\/wp\/v2\/pages\/516\/revisions"}],"predecessor-version":[{"id":550,"href":"https:\/\/wp.catedu.es\/atenciontempranahuesca\/wp-json\/wp\/v2\/pages\/516\/revisions\/550"}],"wp:attachment":[{"href":"https:\/\/wp.catedu.es\/atenciontempranahuesca\/wp-json\/wp\/v2\/media?parent=516"}],"curies":[{"name":"wp","href":"https:\/\/api.w.org\/{rel}","templated":true}]}}