{"id":536,"date":"2025-12-09T12:12:42","date_gmt":"2025-12-09T11:12:42","guid":{"rendered":"https:\/\/wp.catedu.es\/atenciontempranahuesca\/?page_id=536"},"modified":"2025-12-09T12:33:24","modified_gmt":"2025-12-09T11:33:24","slug":"eoeat-de-aragon","status":"publish","type":"page","link":"https:\/\/wp.catedu.es\/atenciontempranahuesca\/eoeat-de-aragon\/","title":{"rendered":"EOEATs de Arag\u00f3n"},"content":{"rendered":"<p>En la Comunidad Aut\u00f3noma de Arag\u00f3n contamos con distintos Equipos de Orientaci\u00f3n Educativa de Atenci\u00f3n Temprana.<\/p>\n<p>A nivel provincial, mantenemos un contacto estrecho con el EOEAT de Monz\u00f3n, con el que, desde hace varios a\u00f1os, realizamos un Seminario Interequipos que permite el desarrollo de l\u00edneas de acci\u00f3n comunes, la formaci\u00f3n continua y la colaboraci\u00f3n.<\/p>\n<p>A nivel auton\u00f3mico, disponemos de una comunicaci\u00f3n fluida con el resto de los equipos y existen redes de coordinaci\u00f3n a trav\u00e9s de canales institucionales como el Servicio de Equidad.<\/p>\n<p>M\u00e1s informaci\u00f3n de los EOEATs:<\/p>\n<ul style=\"list-style-type: circle\">\n<li>EOEAT Monz\u00f3n:\u00a0<a href=\"https:\/\/sites.google.com\/view\/eoeat-monzon\" target=\"_blank\" rel=\"noopener\">https:\/\/sites.google.com\/view\/eoeat-monzon<\/a><\/li>\n<li>EOEAT Zaragoza:\u00a0<a href=\"https:\/\/orientaciontempranazgz.catedu.es\/\" target=\"_blank\" rel=\"noopener\">https:\/\/orientaciontempranazgz.catedu.es\/<\/a><\/li>\n<li>EOEAT Calatayud:\u00a0<a href=\"https:\/\/orientaciontempranacalatayud.catedu.es\/\" target=\"_blank\" rel=\"noopener\">https:\/\/orientaciontempranacalatayud.catedu.es\/<\/a><\/li>\n<li>EOEAT Ejea de los Caballeros:\u00a0<a href=\"https:\/\/sites.google.com\/view\/eoeatejea\/nuestro-equipo\" target=\"_blank\" rel=\"noopener\">https:\/\/sites.google.com\/view\/eoeatejea\/nuestro-equipo<\/a><\/li>\n<li>EOEAT Teruel:\u00a0<a href=\"https:\/\/orientaciontempranateruel.catedu.es\/\" target=\"_blank\" rel=\"noopener\">https:\/\/orientaciontempranateruel.catedu.es\/<\/a><\/li>\n<li>EOEAT Alca\u00f1iz:\u00a0<a href=\"https:\/\/atenciontempranaalcaniz.catedu.es\/\" target=\"_blank\" rel=\"noopener\">https:\/\/atenciontempranaalcaniz.catedu.es\/<\/a><\/li>\n<\/ul>\n<p><img loading=\"lazy\" decoding=\"async\" class=\"wp-image-537 aligncenter\" src=\"http:\/\/wp.catedu.es\/atenciontempranahuesca\/wp-content\/uploads\/sites\/161\/2025\/12\/Diseno-sin-titulo-2-300x55.png\" alt=\"\" width=\"551\" height=\"101\" srcset=\"https:\/\/wp.catedu.es\/atenciontempranahuesca\/wp-content\/uploads\/sites\/161\/2025\/12\/Diseno-sin-titulo-2-300x55.png 300w, https:\/\/wp.catedu.es\/atenciontempranahuesca\/wp-content\/uploads\/sites\/161\/2025\/12\/Diseno-sin-titulo-2-1024x187.png 1024w, https:\/\/wp.catedu.es\/atenciontempranahuesca\/wp-content\/uploads\/sites\/161\/2025\/12\/Diseno-sin-titulo-2-768x140.png 768w, https:\/\/wp.catedu.es\/atenciontempranahuesca\/wp-content\/uploads\/sites\/161\/2025\/12\/Diseno-sin-titulo-2-1536x280.png 1536w, https:\/\/wp.catedu.es\/atenciontempranahuesca\/wp-content\/uploads\/sites\/161\/2025\/12\/Diseno-sin-titulo-2-750x137.png 750w, https:\/\/wp.catedu.es\/atenciontempranahuesca\/wp-content\/uploads\/sites\/161\/2025\/12\/Diseno-sin-titulo-2.png 1920w\" sizes=\"auto, (max-width: 551px) 100vw, 551px\" \/><\/p>\n","protected":false},"excerpt":{"rendered":"<p>En la Comunidad Aut\u00f3noma de Arag\u00f3n contamos con distintos Equipos de Orientaci\u00f3n Educativa de Atenci\u00f3n Temprana. A nivel provincial, mantenemos un contacto estrecho con el EOEAT de Monz\u00f3n, con el que, desde hace varios a\u00f1os, realizamos un Seminario Interequipos que permite el desarrollo de l\u00edneas de acci\u00f3n comunes, la formaci\u00f3n continua y la colaboraci\u00f3n. A &hellip; <\/p>\n<p><a class=\"more-link btn\" href=\"https:\/\/wp.catedu.es\/atenciontempranahuesca\/eoeat-de-aragon\/\">Seguir leyendo<\/a><\/p>\n","protected":false},"author":305,"featured_media":0,"parent":0,"menu_order":0,"comment_status":"closed","ping_status":"closed","template":"","meta":{"footnotes":""},"class_list":["post-536","page","type-page","status-publish","hentry","nodate","item-wrap"],"_links":{"self":[{"href":"https:\/\/wp.catedu.es\/atenciontempranahuesca\/wp-json\/wp\/v2\/pages\/536","targetHints":{"allow":["GET"]}}],"collection":[{"href":"https:\/\/wp.catedu.es\/atenciontempranahuesca\/wp-json\/wp\/v2\/pages"}],"about":[{"href":"https:\/\/wp.catedu.es\/atenciontempranahuesca\/wp-json\/wp\/v2\/types\/page"}],"author":[{"embeddable":true,"href":"https:\/\/wp.catedu.es\/atenciontempranahuesca\/wp-json\/wp\/v2\/users\/305"}],"replies":[{"embeddable":true,"href":"https:\/\/wp.catedu.es\/atenciontempranahuesca\/wp-json\/wp\/v2\/comments?post=536"}],"version-history":[{"count":5,"href":"https:\/\/wp.catedu.es\/atenciontempranahuesca\/wp-json\/wp\/v2\/pages\/536\/revisions"}],"predecessor-version":[{"id":549,"href":"https:\/\/wp.catedu.es\/atenciontempranahuesca\/wp-json\/wp\/v2\/pages\/536\/revisions\/549"}],"wp:attachment":[{"href":"https:\/\/wp.catedu.es\/atenciontempranahuesca\/wp-json\/wp\/v2\/media?parent=536"}],"curies":[{"name":"wp","href":"https:\/\/api.w.org\/{rel}","templated":true}]}}