{"id":54,"date":"2019-11-22T12:45:01","date_gmt":"2019-11-22T11:45:01","guid":{"rendered":"http:\/\/wp.catedu.es\/atenciontempranahuesca\/?page_id=54"},"modified":"2025-12-09T12:35:58","modified_gmt":"2025-12-09T11:35:58","slug":"funciones","status":"publish","type":"page","link":"https:\/\/wp.catedu.es\/atenciontempranahuesca\/funciones\/","title":{"rendered":"Funciones"},"content":{"rendered":"<p><span style=\"color: #000000\">Nuestras principales funciones son:\u00a0<\/span><\/p>\n<ul style=\"list-style-type: circle\">\n<li><span style=\"color: #000000\"><strong><span style=\"color: #800080\">Detectar necesidades espec\u00edficas de apoyo educativo<\/span><\/strong> mediante la evaluaci\u00f3n psicopedag\u00f3gica en menores de 0-3 a\u00f1os escolarizados en escuelas infantiles p\u00fablicas\u00a0 o conveniadas y en menores de 0-6 a\u00f1os no escolarizados (o de 0-3 a\u00f1os escolarizados en escuelas infantiles privadas).\u00a0<\/span><\/li>\n<li><strong><span style=\"color: #800080\">Promover el bienestar<\/span><\/strong><span style=\"color: #000000\"> y el desarrollo integral de los menores atendidos.\u00a0<\/span><\/li>\n<li><span style=\"color: #000000\"><strong><span style=\"color: #800080\">Asesorar a las escuelas infantiles<\/span><\/strong> p\u00fablicas y conveniadas, facilitando recursos y orientaciones.\u00a0<\/span><\/li>\n<li><span style=\"color: #000000\"><strong><span style=\"color: #800080\">Acompa\u00f1ar a las familias<\/span> <\/strong>en la fase previa a la escolarizaci\u00f3n en Centros Educativos de Infantil y Primaria, orientar en el desarrollo e informar sobre becas, ayudas y recursos.\u00a0<\/span><\/li>\n<li><span style=\"color: #000000\"><strong><span style=\"color: #800080\">Establecer coordinaci\u00f3n con instituciones<\/span> <\/strong>p\u00fablicas y otras entidades que puedan intervenir con el alumnado.\u00a0<\/span><\/li>\n<\/ul>\n<p><img loading=\"lazy\" decoding=\"async\" class=\"wp-image-522 aligncenter\" src=\"http:\/\/wp.catedu.es\/atenciontempranahuesca\/wp-content\/uploads\/sites\/161\/2025\/12\/proto-300x126.png\" alt=\"\" width=\"593\" height=\"249\" srcset=\"https:\/\/wp.catedu.es\/atenciontempranahuesca\/wp-content\/uploads\/sites\/161\/2025\/12\/proto-300x126.png 300w, https:\/\/wp.catedu.es\/atenciontempranahuesca\/wp-content\/uploads\/sites\/161\/2025\/12\/proto.png 742w\" sizes=\"auto, (max-width: 593px) 100vw, 593px\" \/><\/p>\n","protected":false},"excerpt":{"rendered":"<p>Nuestras principales funciones son:\u00a0 Detectar necesidades espec\u00edficas de apoyo educativo mediante la evaluaci\u00f3n psicopedag\u00f3gica en menores de 0-3 a\u00f1os escolarizados en escuelas infantiles p\u00fablicas\u00a0 o conveniadas y en menores de 0-6 a\u00f1os no escolarizados (o de 0-3 a\u00f1os escolarizados en escuelas infantiles privadas).\u00a0 Promover el bienestar y el desarrollo integral de los menores atendidos.\u00a0 Asesorar &hellip; <\/p>\n<p><a class=\"more-link btn\" href=\"https:\/\/wp.catedu.es\/atenciontempranahuesca\/funciones\/\">Seguir leyendo<\/a><\/p>\n","protected":false},"author":305,"featured_media":0,"parent":0,"menu_order":0,"comment_status":"closed","ping_status":"closed","template":"","meta":{"footnotes":""},"class_list":["post-54","page","type-page","status-publish","hentry","nodate","item-wrap"],"_links":{"self":[{"href":"https:\/\/wp.catedu.es\/atenciontempranahuesca\/wp-json\/wp\/v2\/pages\/54","targetHints":{"allow":["GET"]}}],"collection":[{"href":"https:\/\/wp.catedu.es\/atenciontempranahuesca\/wp-json\/wp\/v2\/pages"}],"about":[{"href":"https:\/\/wp.catedu.es\/atenciontempranahuesca\/wp-json\/wp\/v2\/types\/page"}],"author":[{"embeddable":true,"href":"https:\/\/wp.catedu.es\/atenciontempranahuesca\/wp-json\/wp\/v2\/users\/305"}],"replies":[{"embeddable":true,"href":"https:\/\/wp.catedu.es\/atenciontempranahuesca\/wp-json\/wp\/v2\/comments?post=54"}],"version-history":[{"count":10,"href":"https:\/\/wp.catedu.es\/atenciontempranahuesca\/wp-json\/wp\/v2\/pages\/54\/revisions"}],"predecessor-version":[{"id":552,"href":"https:\/\/wp.catedu.es\/atenciontempranahuesca\/wp-json\/wp\/v2\/pages\/54\/revisions\/552"}],"wp:attachment":[{"href":"https:\/\/wp.catedu.es\/atenciontempranahuesca\/wp-json\/wp\/v2\/media?parent=54"}],"curies":[{"name":"wp","href":"https:\/\/api.w.org\/{rel}","templated":true}]}}