{"id":86,"date":"2019-11-22T12:53:47","date_gmt":"2019-11-22T11:53:47","guid":{"rendered":"http:\/\/wp.catedu.es\/atenciontempranahuesca\/?page_id=86"},"modified":"2025-12-09T12:30:21","modified_gmt":"2025-12-09T11:30:21","slug":"materiales","status":"publish","type":"page","link":"https:\/\/wp.catedu.es\/atenciontempranahuesca\/materiales\/","title":{"rendered":"Padlet"},"content":{"rendered":"<p><span style=\"color: #000000\">En nuestro <span style=\"color: #800080\"><strong>padlet <\/strong><\/span>puedes encontrar diferentes recursos para acompa\u00f1ar el desarrollo de los ni\u00f1os y las ni\u00f1as de 0 a 6 a\u00f1os. El contenido est\u00e1 distribuido por categor\u00edas y es compartido con el EOEAT de Monz\u00f3n.<\/span><\/p>\n<p><span style=\"color: #000000\">Encontrar\u00e1s informaci\u00f3n sobre: autonom\u00eda, comunicaci\u00f3n y lenguaje, desarrollo socioemocional, desarrollo motor, ayudas y prestaciones, necesidades educativas especiales y otra informaci\u00f3n de inter\u00e9s.\u00a0<\/span><\/p>\n<p><span style=\"color: #000000\">Puedes acceder pulsando la siguiente imagen:<\/span><\/p>\n<p><a href=\"https:\/\/padlet.com\/huescaeoeats\/orientaci-n-atenci-n-temprana-hwqb9e9m174tvjrd\" target=\"_blank\" rel=\"noopener\"><img loading=\"lazy\" decoding=\"async\" class=\" wp-image-544 aligncenter\" style=\"color: #4a474b\" src=\"http:\/\/wp.catedu.es\/atenciontempranahuesca\/wp-content\/uploads\/sites\/161\/2025\/12\/Captura-300x129.png\" alt=\"\" width=\"405\" height=\"174\" srcset=\"https:\/\/wp.catedu.es\/atenciontempranahuesca\/wp-content\/uploads\/sites\/161\/2025\/12\/Captura-300x129.png 300w, https:\/\/wp.catedu.es\/atenciontempranahuesca\/wp-content\/uploads\/sites\/161\/2025\/12\/Captura-1024x440.png 1024w, https:\/\/wp.catedu.es\/atenciontempranahuesca\/wp-content\/uploads\/sites\/161\/2025\/12\/Captura-768x330.png 768w, https:\/\/wp.catedu.es\/atenciontempranahuesca\/wp-content\/uploads\/sites\/161\/2025\/12\/Captura-750x322.png 750w, https:\/\/wp.catedu.es\/atenciontempranahuesca\/wp-content\/uploads\/sites\/161\/2025\/12\/Captura.png 1251w\" sizes=\"auto, (max-width: 405px) 100vw, 405px\" \/><\/a><\/p>\n","protected":false},"excerpt":{"rendered":"<p>En nuestro padlet puedes encontrar diferentes recursos para acompa\u00f1ar el desarrollo de los ni\u00f1os y las ni\u00f1as de 0 a 6 a\u00f1os. El contenido est\u00e1 distribuido por categor\u00edas y es compartido con el EOEAT de Monz\u00f3n. Encontrar\u00e1s informaci\u00f3n sobre: autonom\u00eda, comunicaci\u00f3n y lenguaje, desarrollo socioemocional, desarrollo motor, ayudas y prestaciones, necesidades educativas especiales y otra &hellip; <\/p>\n<p><a class=\"more-link btn\" href=\"https:\/\/wp.catedu.es\/atenciontempranahuesca\/materiales\/\">Seguir leyendo<\/a><\/p>\n","protected":false},"author":305,"featured_media":0,"parent":0,"menu_order":0,"comment_status":"closed","ping_status":"closed","template":"","meta":{"footnotes":""},"class_list":["post-86","page","type-page","status-publish","hentry","nodate","item-wrap"],"_links":{"self":[{"href":"https:\/\/wp.catedu.es\/atenciontempranahuesca\/wp-json\/wp\/v2\/pages\/86","targetHints":{"allow":["GET"]}}],"collection":[{"href":"https:\/\/wp.catedu.es\/atenciontempranahuesca\/wp-json\/wp\/v2\/pages"}],"about":[{"href":"https:\/\/wp.catedu.es\/atenciontempranahuesca\/wp-json\/wp\/v2\/types\/page"}],"author":[{"embeddable":true,"href":"https:\/\/wp.catedu.es\/atenciontempranahuesca\/wp-json\/wp\/v2\/users\/305"}],"replies":[{"embeddable":true,"href":"https:\/\/wp.catedu.es\/atenciontempranahuesca\/wp-json\/wp\/v2\/comments?post=86"}],"version-history":[{"count":12,"href":"https:\/\/wp.catedu.es\/atenciontempranahuesca\/wp-json\/wp\/v2\/pages\/86\/revisions"}],"predecessor-version":[{"id":547,"href":"https:\/\/wp.catedu.es\/atenciontempranahuesca\/wp-json\/wp\/v2\/pages\/86\/revisions\/547"}],"wp:attachment":[{"href":"https:\/\/wp.catedu.es\/atenciontempranahuesca\/wp-json\/wp\/v2\/media?parent=86"}],"curies":[{"name":"wp","href":"https:\/\/api.w.org\/{rel}","templated":true}]}}