{"id":137,"date":"2015-06-27T11:02:54","date_gmt":"2015-06-27T10:02:54","guid":{"rendered":"http:\/\/wp.catedu.es\/bibliotecaceipemilianolabarta\/?page_id=137"},"modified":"2015-06-27T13:57:56","modified_gmt":"2015-06-27T12:57:56","slug":"normas-biblioteca","status":"publish","type":"page","link":"https:\/\/wp.catedu.es\/bibliotecaceipemilianolabarta\/organizacion\/normas-biblioteca\/","title":{"rendered":"Normas biblioteca"},"content":{"rendered":"<p style=\"text-align: justify;\">En la biblioteca debemos considerar algunas normas especiales. Este curso se han revisado las siguientes normas generales de la biblioteca:<\/p>\n<ul>\n<li>El silencio en la biblioteca es muy importante, modera el tono de voz.<\/li>\n<li>No se puede comer en la biblioteca, excepto los responsables encargados durante el recreo que lo har\u00e1n con much\u00edsimo cuidado (alumnos colaboradores y docentes responsables).<\/li>\n<li>Los libros que se consultan pero no se cogen en pr\u00e9stamo, hay que dejarlos en el carrito de las devoluciones, para que lo coloquen en su sitio exacto (si lo sabes con seguridad puedes ponerlo t\u00fa mism@, pero asegurat\u00e9)<\/li>\n<li>En el rinc\u00f3n del cuento (alfombras con cojines), hay que descalzarse y despu\u00e9s de usarlo, dejar todo ordenado.<\/li>\n<li>Las marionetas pueden utilizarse en los gui\u00f1oles (teatros), pero sin molestar a otros usuarios de la biblioteca. Despu\u00e9s hay que dejarlo recogido y bonito.<\/li>\n<li>Para poder hacer pr\u00e9stamos hay que llevar siempre el carn\u00e9 o su fotocopia y para devolver libros, no hace falta el carn\u00e9.<\/li>\n<li>Las revistas no se prestan, se pueden leer en la sala.<\/li>\n<\/ul>\n","protected":false},"excerpt":{"rendered":"<p>En la biblioteca debemos considerar algunas normas especiales. Este curso se han revisado las siguientes normas generales de la biblioteca: El silencio en la biblioteca es muy importante, modera el tono de voz. No se puede comer en la biblioteca, &hellip;<\/p>\n<p class=\"read-more\"> <a class=\"more-link\" href=\"https:\/\/wp.catedu.es\/bibliotecaceipemilianolabarta\/organizacion\/normas-biblioteca\/\"> <span class=\"screen-reader-text\">Normas biblioteca<\/span> Leer m\u00e1s \u00bb<\/a><\/p>\n","protected":false},"author":65,"featured_media":0,"parent":117,"menu_order":0,"comment_status":"closed","ping_status":"closed","template":"","meta":{"jetpack_post_was_ever_published":false,"footnotes":""},"class_list":["post-137","page","type-page","status-publish","hentry"],"jetpack_sharing_enabled":true,"jetpack_shortlink":"https:\/\/wp.me\/P64L9T-2d","jetpack-related-posts":[],"jetpack_likes_enabled":true,"_links":{"self":[{"href":"https:\/\/wp.catedu.es\/bibliotecaceipemilianolabarta\/wp-json\/wp\/v2\/pages\/137","targetHints":{"allow":["GET"]}}],"collection":[{"href":"https:\/\/wp.catedu.es\/bibliotecaceipemilianolabarta\/wp-json\/wp\/v2\/pages"}],"about":[{"href":"https:\/\/wp.catedu.es\/bibliotecaceipemilianolabarta\/wp-json\/wp\/v2\/types\/page"}],"author":[{"embeddable":true,"href":"https:\/\/wp.catedu.es\/bibliotecaceipemilianolabarta\/wp-json\/wp\/v2\/users\/65"}],"replies":[{"embeddable":true,"href":"https:\/\/wp.catedu.es\/bibliotecaceipemilianolabarta\/wp-json\/wp\/v2\/comments?post=137"}],"version-history":[{"count":2,"href":"https:\/\/wp.catedu.es\/bibliotecaceipemilianolabarta\/wp-json\/wp\/v2\/pages\/137\/revisions"}],"predecessor-version":[{"id":193,"href":"https:\/\/wp.catedu.es\/bibliotecaceipemilianolabarta\/wp-json\/wp\/v2\/pages\/137\/revisions\/193"}],"up":[{"embeddable":true,"href":"https:\/\/wp.catedu.es\/bibliotecaceipemilianolabarta\/wp-json\/wp\/v2\/pages\/117"}],"wp:attachment":[{"href":"https:\/\/wp.catedu.es\/bibliotecaceipemilianolabarta\/wp-json\/wp\/v2\/media?parent=137"}],"curies":[{"name":"wp","href":"https:\/\/api.w.org\/{rel}","templated":true}]}}