{"id":139,"date":"2015-06-27T11:03:52","date_gmt":"2015-06-27T10:03:52","guid":{"rendered":"http:\/\/wp.catedu.es\/bibliotecaceipemilianolabarta\/?page_id=139"},"modified":"2015-06-27T13:59:52","modified_gmt":"2015-06-27T12:59:52","slug":"colocacion-libros","status":"publish","type":"page","link":"https:\/\/wp.catedu.es\/bibliotecaceipemilianolabarta\/organizacion\/colocacion-libros\/","title":{"rendered":"Colocaci\u00f3n libros"},"content":{"rendered":"<p style=\"text-align: justify;\">Nuestra biblioteca est\u00e1 ordenada seg\u00fan la CDU (Clasificaci\u00f3n Decimal Universal) del mismo modo que la mayor\u00eda de las bibliotecas. El orden en el que debe ir cada uno de los libros, es fundamental para poder encontrarlos y utilizarlos. Los alumnos de 5\u00ba y 6\u00ba conocen esta organizaci\u00f3n y de manera voluntaria participan como alumnos colaboradores. Los docentes tambi\u00e9n la conocen y en los cursos de 5\u00ba y 6\u00ba se introduce como contenido del \u00e1rea de lengua. En cuanto a la utilizaci\u00f3n de la biblioteca, aparece ya desde 1\u00ba de Primaria como uno de los est\u00e1ndares de evaluaci\u00f3n del \u00e1rea de Lengua:<\/p>\n<p><em>Est. LCL. 2. 10. 1. Utiliza la biblioteca de aula y respeta sus normas de funcionamiento.<\/em><\/p>\n<p>Se va manteniendo en todos los cursos, aumentando en complejidad y termina en 6\u00ba como uno de los est\u00e1ndares de Aprendizaje considerados m\u00ednimos para superar el \u00e1rea (por eso aparece subrayado):<\/p>\n<p><em><u>6\u00ba Est.LCL.2.10.1. Utiliza la biblioteca para localizar un libro determinado con seguridad y autonom\u00eda, aplicando las normas de funcionamiento de una biblioteca.<\/u><\/em><\/p>\n<p>Esta ser\u00eda otra raz\u00f3n m\u00e1s para apoyar modelos de participaci\u00f3n en la gesti\u00f3n de la biblioteca en la que se implique activamente al alumnado.<\/p>\n<p>A lo largo del curso se revisar\u00e1 el documento d\u00f3nde se explica c\u00f3mo colocar los libros en la biblioteca, cada uno en su secci\u00f3n y lugar correspondiente.<\/p>\n","protected":false},"excerpt":{"rendered":"<p>Nuestra biblioteca est\u00e1 ordenada seg\u00fan la CDU (Clasificaci\u00f3n Decimal Universal) del mismo modo que la mayor\u00eda de las bibliotecas. El orden en el que debe ir cada uno de los libros, es fundamental para poder encontrarlos y utilizarlos. Los alumnos &hellip;<\/p>\n<p class=\"read-more\"> <a class=\"more-link\" href=\"https:\/\/wp.catedu.es\/bibliotecaceipemilianolabarta\/organizacion\/colocacion-libros\/\"> <span class=\"screen-reader-text\">Colocaci\u00f3n libros<\/span> Leer m\u00e1s \u00bb<\/a><\/p>\n","protected":false},"author":65,"featured_media":0,"parent":117,"menu_order":0,"comment_status":"closed","ping_status":"closed","template":"","meta":{"jetpack_post_was_ever_published":false,"footnotes":""},"class_list":["post-139","page","type-page","status-publish","hentry"],"jetpack_sharing_enabled":true,"jetpack_shortlink":"https:\/\/wp.me\/P64L9T-2f","jetpack-related-posts":[],"jetpack_likes_enabled":true,"_links":{"self":[{"href":"https:\/\/wp.catedu.es\/bibliotecaceipemilianolabarta\/wp-json\/wp\/v2\/pages\/139","targetHints":{"allow":["GET"]}}],"collection":[{"href":"https:\/\/wp.catedu.es\/bibliotecaceipemilianolabarta\/wp-json\/wp\/v2\/pages"}],"about":[{"href":"https:\/\/wp.catedu.es\/bibliotecaceipemilianolabarta\/wp-json\/wp\/v2\/types\/page"}],"author":[{"embeddable":true,"href":"https:\/\/wp.catedu.es\/bibliotecaceipemilianolabarta\/wp-json\/wp\/v2\/users\/65"}],"replies":[{"embeddable":true,"href":"https:\/\/wp.catedu.es\/bibliotecaceipemilianolabarta\/wp-json\/wp\/v2\/comments?post=139"}],"version-history":[{"count":3,"href":"https:\/\/wp.catedu.es\/bibliotecaceipemilianolabarta\/wp-json\/wp\/v2\/pages\/139\/revisions"}],"predecessor-version":[{"id":194,"href":"https:\/\/wp.catedu.es\/bibliotecaceipemilianolabarta\/wp-json\/wp\/v2\/pages\/139\/revisions\/194"}],"up":[{"embeddable":true,"href":"https:\/\/wp.catedu.es\/bibliotecaceipemilianolabarta\/wp-json\/wp\/v2\/pages\/117"}],"wp:attachment":[{"href":"https:\/\/wp.catedu.es\/bibliotecaceipemilianolabarta\/wp-json\/wp\/v2\/media?parent=139"}],"curies":[{"name":"wp","href":"https:\/\/api.w.org\/{rel}","templated":true}]}}