{"id":167,"date":"2015-06-27T12:19:38","date_gmt":"2015-06-27T11:19:38","guid":{"rendered":"http:\/\/wp.catedu.es\/bibliotecaceipemilianolabarta\/?page_id=167"},"modified":"2015-06-27T14:04:21","modified_gmt":"2015-06-27T13:04:21","slug":"biblioteca-municipal","status":"publish","type":"page","link":"https:\/\/wp.catedu.es\/bibliotecaceipemilianolabarta\/plan-municipal-lectura\/biblioteca-municipal\/","title":{"rendered":"Biblioteca Municipal"},"content":{"rendered":"<p style=\"text-align: justify;\"><strong>La Biblioteca Municipal de La Puebla de Alfind\u00e9n <\/strong><\/p>\n<p>La Biblioteca Belmonte de los Caballeros, dispone de una completa p\u00e1gina web, de la que os recomendamos las gu\u00edas de lectura elaboradas por las bibliotecarias Ana, Beatriz y las familias del grupo de lectura.<\/p>\n<p><a href=\"http:\/\/www.bibliotecaspublicas.es\/puebla-alfinden\/infolocal.htm\"><strong>http:\/\/www.bibliotecaspublicas.es\/puebla-alfinden\/infolocal.htm<\/strong><\/a><\/p>\n","protected":false},"excerpt":{"rendered":"<p>La Biblioteca Municipal de La Puebla de Alfind\u00e9n La Biblioteca Belmonte de los Caballeros, dispone de una completa p\u00e1gina web, de la que os recomendamos las gu\u00edas de lectura elaboradas por las bibliotecarias Ana, Beatriz y las familias del grupo &hellip;<\/p>\n<p class=\"read-more\"> <a class=\"more-link\" href=\"https:\/\/wp.catedu.es\/bibliotecaceipemilianolabarta\/plan-municipal-lectura\/biblioteca-municipal\/\"> <span class=\"screen-reader-text\">Biblioteca Municipal<\/span> Leer m\u00e1s \u00bb<\/a><\/p>\n","protected":false},"author":65,"featured_media":0,"parent":155,"menu_order":0,"comment_status":"closed","ping_status":"closed","template":"","meta":{"jetpack_post_was_ever_published":false,"footnotes":""},"class_list":["post-167","page","type-page","status-publish","hentry"],"jetpack_sharing_enabled":true,"jetpack_shortlink":"https:\/\/wp.me\/P64L9T-2H","jetpack-related-posts":[],"jetpack_likes_enabled":true,"_links":{"self":[{"href":"https:\/\/wp.catedu.es\/bibliotecaceipemilianolabarta\/wp-json\/wp\/v2\/pages\/167","targetHints":{"allow":["GET"]}}],"collection":[{"href":"https:\/\/wp.catedu.es\/bibliotecaceipemilianolabarta\/wp-json\/wp\/v2\/pages"}],"about":[{"href":"https:\/\/wp.catedu.es\/bibliotecaceipemilianolabarta\/wp-json\/wp\/v2\/types\/page"}],"author":[{"embeddable":true,"href":"https:\/\/wp.catedu.es\/bibliotecaceipemilianolabarta\/wp-json\/wp\/v2\/users\/65"}],"replies":[{"embeddable":true,"href":"https:\/\/wp.catedu.es\/bibliotecaceipemilianolabarta\/wp-json\/wp\/v2\/comments?post=167"}],"version-history":[{"count":2,"href":"https:\/\/wp.catedu.es\/bibliotecaceipemilianolabarta\/wp-json\/wp\/v2\/pages\/167\/revisions"}],"predecessor-version":[{"id":195,"href":"https:\/\/wp.catedu.es\/bibliotecaceipemilianolabarta\/wp-json\/wp\/v2\/pages\/167\/revisions\/195"}],"up":[{"embeddable":true,"href":"https:\/\/wp.catedu.es\/bibliotecaceipemilianolabarta\/wp-json\/wp\/v2\/pages\/155"}],"wp:attachment":[{"href":"https:\/\/wp.catedu.es\/bibliotecaceipemilianolabarta\/wp-json\/wp\/v2\/media?parent=167"}],"curies":[{"name":"wp","href":"https:\/\/api.w.org\/{rel}","templated":true}]}}