{"id":202,"date":"2015-06-27T14:15:37","date_gmt":"2015-06-27T13:15:37","guid":{"rendered":"http:\/\/wp.catedu.es\/bibliotecaceipemilianolabarta\/?page_id=202"},"modified":"2015-06-28T12:06:27","modified_gmt":"2015-06-28T11:06:27","slug":"pl-y-proy-bilingue","status":"publish","type":"page","link":"https:\/\/wp.catedu.es\/bibliotecaceipemilianolabarta\/plan-lector\/pl-y-proy-bilingue\/","title":{"rendered":"PL y Proy Biling\u00fce"},"content":{"rendered":"<p style=\"text-align: justify;\"><strong>Relaci\u00f3n del Plan Lector y el Proyecto Biling\u00fce CEIP Los Albares:<\/strong><\/p>\n<p style=\"text-align: justify;\">El programa biling\u00fce no afecta solamente a los profesores directamente involucrados en el programa, sino que tiene efectos en todo el centro escolar. Por ello se est\u00e1n actualizando los acuerdos en torno al biling\u00fcismo en las reuniones de claustro del centro. A finales del curso 2014-15, se pueden se\u00f1alar los siguientes acuerdos:<\/p>\n<ul style=\"text-align: justify;\">\n<li>Se realizar\u00e1 la acogida al profesorado nuevo por parte de la coordinadora del programa que consistir\u00e1 en mostrarle los documentos, ense\u00f1arle los materiales disponibles e informar sobre la manera de trabajar en el centro.<\/li>\n<li>Eliminar la referencia de los ciclos y funcionar con coordinadoras de \u00e1rea para favorecer la coordinaci\u00f3n vertical.<\/li>\n<li>Trabajar por proyectos de trabajo en vez de por \u00e1reas, cuando sea posible (se est\u00e1 debatiendo en que t\u00e9rminos queda exactamente esta propuesta).<\/li>\n<li>Mantener de 1\u00ba a 3\u00ba de Primaria la figura del docente c\u00f3mo referente ling\u00fc\u00edstico de cada aula, y de 4\u00ba a 6\u00ba eliminarlo, pasando a asumir un docente el \u00e1mbito ling\u00fc\u00edstico (lengua y literacy) y otro el \u00e1mbito cient\u00edfico (matem\u00e1ticas, science). Queda pendiente de puntualizar esta organizaci\u00f3n, para ver en que t\u00e9rminos acaba de definirse, teniendo en cuenta los recursos de profesorado disponibles.<\/li>\n<li>Buscando mejorar la coordinaci\u00f3n y hacerla m\u00e1s eficaz, se dar\u00e1n las informaciones sobre el programa en claustro, no en ciclos.<\/li>\n<li>En la coordinaci\u00f3n del programa participar\u00e1n m\u00e1s personas, reuni\u00e9ndose c\u00f3mo m\u00ednimo una vez al mes.<\/li>\n<li>Los referentes ling\u00fc\u00edsticos de ingl\u00e9s, priorizar\u00e1n en todo momento el uso de esta lengua, excepto para situaciones excepcionales.<\/li>\n<\/ul>\n<p style=\"text-align: justify;\">\n","protected":false},"excerpt":{"rendered":"<p>Relaci\u00f3n del Plan Lector y el Proyecto Biling\u00fce CEIP Los Albares: El programa biling\u00fce no afecta solamente a los profesores directamente involucrados en el programa, sino que tiene efectos en todo el centro escolar. Por ello se est\u00e1n actualizando los &hellip;<\/p>\n<p class=\"read-more\"> <a class=\"more-link\" href=\"https:\/\/wp.catedu.es\/bibliotecaceipemilianolabarta\/plan-lector\/pl-y-proy-bilingue\/\"> <span class=\"screen-reader-text\">PL y Proy Biling\u00fce<\/span> Leer m\u00e1s \u00bb<\/a><\/p>\n","protected":false},"author":65,"featured_media":0,"parent":176,"menu_order":0,"comment_status":"closed","ping_status":"closed","template":"","meta":{"jetpack_post_was_ever_published":false,"footnotes":""},"class_list":["post-202","page","type-page","status-publish","hentry"],"jetpack_sharing_enabled":true,"jetpack_shortlink":"https:\/\/wp.me\/P64L9T-3g","jetpack-related-posts":[],"jetpack_likes_enabled":true,"_links":{"self":[{"href":"https:\/\/wp.catedu.es\/bibliotecaceipemilianolabarta\/wp-json\/wp\/v2\/pages\/202","targetHints":{"allow":["GET"]}}],"collection":[{"href":"https:\/\/wp.catedu.es\/bibliotecaceipemilianolabarta\/wp-json\/wp\/v2\/pages"}],"about":[{"href":"https:\/\/wp.catedu.es\/bibliotecaceipemilianolabarta\/wp-json\/wp\/v2\/types\/page"}],"author":[{"embeddable":true,"href":"https:\/\/wp.catedu.es\/bibliotecaceipemilianolabarta\/wp-json\/wp\/v2\/users\/65"}],"replies":[{"embeddable":true,"href":"https:\/\/wp.catedu.es\/bibliotecaceipemilianolabarta\/wp-json\/wp\/v2\/comments?post=202"}],"version-history":[{"count":3,"href":"https:\/\/wp.catedu.es\/bibliotecaceipemilianolabarta\/wp-json\/wp\/v2\/pages\/202\/revisions"}],"predecessor-version":[{"id":240,"href":"https:\/\/wp.catedu.es\/bibliotecaceipemilianolabarta\/wp-json\/wp\/v2\/pages\/202\/revisions\/240"}],"up":[{"embeddable":true,"href":"https:\/\/wp.catedu.es\/bibliotecaceipemilianolabarta\/wp-json\/wp\/v2\/pages\/176"}],"wp:attachment":[{"href":"https:\/\/wp.catedu.es\/bibliotecaceipemilianolabarta\/wp-json\/wp\/v2\/media?parent=202"}],"curies":[{"name":"wp","href":"https:\/\/api.w.org\/{rel}","templated":true}]}}