{"id":206,"date":"2015-06-27T14:20:16","date_gmt":"2015-06-27T13:20:16","guid":{"rendered":"http:\/\/wp.catedu.es\/bibliotecaceipemilianolabarta\/?page_id=206"},"modified":"2015-06-28T11:36:05","modified_gmt":"2015-06-28T10:36:05","slug":"claves-pl","status":"publish","type":"page","link":"https:\/\/wp.catedu.es\/bibliotecaceipemilianolabarta\/plan-lector\/claves-pl\/","title":{"rendered":"Claves PL"},"content":{"rendered":"<p style=\"text-align: justify;\"><strong>Claves para actualizar el Plan Lector del CEIP Los Albares<\/strong><\/p>\n<p style=\"text-align: justify;\">Cada curso conviene revisar y actualizar el Plan Lector del centro, para informar de los aspectos fundamentales del mismo, tanto para el nuevo profesorado c\u00f3mo para el que lleva varios cursos. Adem\u00e1s hay que recoger y actualizar acuerdos con los que se comprometan los docentes de cada curso. Para ello se ha elaborado un documento que recoge las claves de nuestro plan lector y que servir\u00e1 para informar y sobre todo concretar acuerdos. La lectura de este documento permite disponer de las principales caracter\u00edsticas del Plan Lector del CEIP Los Albares y despu\u00e9s es posible ampliar informaci\u00f3n sobre aspectos concretos en el documento completo del Plan Lector o incluso en otros documentos disponibles en la secci\u00f3n Plan Lector del blog.<\/p>\n<p style=\"text-align: justify;\">\u00a0Documento: <a href=\"http:\/\/wp.catedu.es\/bibliotecaceipemilianolabarta\/wp-content\/uploads\/sites\/20\/2015\/06\/Claves-PL-CEIP-Los-Albares.pdf\">Claves PL CEIP Los Albares<\/a><\/p>\n","protected":false},"excerpt":{"rendered":"<p>Claves para actualizar el Plan Lector del CEIP Los Albares Cada curso conviene revisar y actualizar el Plan Lector del centro, para informar de los aspectos fundamentales del mismo, tanto para el nuevo profesorado c\u00f3mo para el que lleva varios &hellip;<\/p>\n<p class=\"read-more\"> <a class=\"more-link\" href=\"https:\/\/wp.catedu.es\/bibliotecaceipemilianolabarta\/plan-lector\/claves-pl\/\"> <span class=\"screen-reader-text\">Claves PL<\/span> Leer m\u00e1s \u00bb<\/a><\/p>\n","protected":false},"author":65,"featured_media":0,"parent":176,"menu_order":0,"comment_status":"closed","ping_status":"closed","template":"","meta":{"jetpack_post_was_ever_published":false,"footnotes":""},"class_list":["post-206","page","type-page","status-publish","hentry"],"jetpack_sharing_enabled":true,"jetpack_shortlink":"https:\/\/wp.me\/P64L9T-3k","jetpack-related-posts":[],"jetpack_likes_enabled":true,"_links":{"self":[{"href":"https:\/\/wp.catedu.es\/bibliotecaceipemilianolabarta\/wp-json\/wp\/v2\/pages\/206","targetHints":{"allow":["GET"]}}],"collection":[{"href":"https:\/\/wp.catedu.es\/bibliotecaceipemilianolabarta\/wp-json\/wp\/v2\/pages"}],"about":[{"href":"https:\/\/wp.catedu.es\/bibliotecaceipemilianolabarta\/wp-json\/wp\/v2\/types\/page"}],"author":[{"embeddable":true,"href":"https:\/\/wp.catedu.es\/bibliotecaceipemilianolabarta\/wp-json\/wp\/v2\/users\/65"}],"replies":[{"embeddable":true,"href":"https:\/\/wp.catedu.es\/bibliotecaceipemilianolabarta\/wp-json\/wp\/v2\/comments?post=206"}],"version-history":[{"count":3,"href":"https:\/\/wp.catedu.es\/bibliotecaceipemilianolabarta\/wp-json\/wp\/v2\/pages\/206\/revisions"}],"predecessor-version":[{"id":234,"href":"https:\/\/wp.catedu.es\/bibliotecaceipemilianolabarta\/wp-json\/wp\/v2\/pages\/206\/revisions\/234"}],"up":[{"embeddable":true,"href":"https:\/\/wp.catedu.es\/bibliotecaceipemilianolabarta\/wp-json\/wp\/v2\/pages\/176"}],"wp:attachment":[{"href":"https:\/\/wp.catedu.es\/bibliotecaceipemilianolabarta\/wp-json\/wp\/v2\/media?parent=206"}],"curies":[{"name":"wp","href":"https:\/\/api.w.org\/{rel}","templated":true}]}}