{"id":267,"date":"2015-06-28T17:22:12","date_gmt":"2015-06-28T16:22:12","guid":{"rendered":"http:\/\/wp.catedu.es\/bibliotecaceipemilianolabarta\/?page_id=267"},"modified":"2015-06-28T19:41:46","modified_gmt":"2015-06-28T18:41:46","slug":"organizacion","status":"publish","type":"page","link":"https:\/\/wp.catedu.es\/bibliotecaceipemilianolabarta\/alumns-ayudantes\/organizacion\/","title":{"rendered":"Organizaci\u00f3n"},"content":{"rendered":"<p style=\"text-align: justify;\">Organizar a los alumnos para que participen en una actividad concreta durante el recreo, es siempre complicado, ya que es su \u00abmomento\u00bb de libertad. Sin embargo, es posible negociar con ellos y llegar a acuerdos, c\u00f3mo que participen una vez al mes y eligan el d\u00eda de la semana que les vaya mejor (especialmente cuando pueden tener en cuenta los d\u00edas que les toca pista de f\u00fatbol). Pero salvando estas peque\u00f1as dificultades, es posible organizarlo sin grandes incidencias.<\/p>\n<p style=\"text-align: justify;\">Comenzamos con los alumnos de 6\u00ba, de manera que ellos se compromet\u00edan a estar un recreo al mes colaborando con la biblioteca. Para ello se colocaban un peto de color que los diferenciaba de los otros alumnos y asum\u00edan sus responsabilidades. La formaci\u00f3n que necesitan tener estos alumnos ayudantes se hace durante las sesiones de clase, y en ocasiones son los propios alumnos los que se ense\u00f1an entre s\u00ed, hasta que todos adquieren una m\u00e1inima soltura en la colocaci\u00f3n de los libros y el uso del programa inform\u00e1tico.<\/p>\n<p>&nbsp;<\/p>\n","protected":false},"excerpt":{"rendered":"<p>Organizar a los alumnos para que participen en una actividad concreta durante el recreo, es siempre complicado, ya que es su \u00abmomento\u00bb de libertad. Sin embargo, es posible negociar con ellos y llegar a acuerdos, c\u00f3mo que participen una vez &hellip;<\/p>\n<p class=\"read-more\"> <a class=\"more-link\" href=\"https:\/\/wp.catedu.es\/bibliotecaceipemilianolabarta\/alumns-ayudantes\/organizacion\/\"> <span class=\"screen-reader-text\">Organizaci\u00f3n<\/span> Leer m\u00e1s \u00bb<\/a><\/p>\n","protected":false},"author":65,"featured_media":0,"parent":265,"menu_order":0,"comment_status":"closed","ping_status":"closed","template":"","meta":{"jetpack_post_was_ever_published":false,"footnotes":""},"class_list":["post-267","page","type-page","status-publish","hentry"],"jetpack_sharing_enabled":true,"jetpack_shortlink":"https:\/\/wp.me\/P64L9T-4j","jetpack-related-posts":[],"jetpack_likes_enabled":true,"_links":{"self":[{"href":"https:\/\/wp.catedu.es\/bibliotecaceipemilianolabarta\/wp-json\/wp\/v2\/pages\/267","targetHints":{"allow":["GET"]}}],"collection":[{"href":"https:\/\/wp.catedu.es\/bibliotecaceipemilianolabarta\/wp-json\/wp\/v2\/pages"}],"about":[{"href":"https:\/\/wp.catedu.es\/bibliotecaceipemilianolabarta\/wp-json\/wp\/v2\/types\/page"}],"author":[{"embeddable":true,"href":"https:\/\/wp.catedu.es\/bibliotecaceipemilianolabarta\/wp-json\/wp\/v2\/users\/65"}],"replies":[{"embeddable":true,"href":"https:\/\/wp.catedu.es\/bibliotecaceipemilianolabarta\/wp-json\/wp\/v2\/comments?post=267"}],"version-history":[{"count":3,"href":"https:\/\/wp.catedu.es\/bibliotecaceipemilianolabarta\/wp-json\/wp\/v2\/pages\/267\/revisions"}],"predecessor-version":[{"id":321,"href":"https:\/\/wp.catedu.es\/bibliotecaceipemilianolabarta\/wp-json\/wp\/v2\/pages\/267\/revisions\/321"}],"up":[{"embeddable":true,"href":"https:\/\/wp.catedu.es\/bibliotecaceipemilianolabarta\/wp-json\/wp\/v2\/pages\/265"}],"wp:attachment":[{"href":"https:\/\/wp.catedu.es\/bibliotecaceipemilianolabarta\/wp-json\/wp\/v2\/media?parent=267"}],"curies":[{"name":"wp","href":"https:\/\/api.w.org\/{rel}","templated":true}]}}