{"id":97,"date":"2015-06-24T19:08:35","date_gmt":"2015-06-24T18:08:35","guid":{"rendered":"http:\/\/wp.catedu.es\/bibliotecaceipemilianolabarta\/?page_id=97"},"modified":"2015-06-27T13:52:13","modified_gmt":"2015-06-27T12:52:13","slug":"catalogo-opac","status":"publish","type":"page","link":"https:\/\/wp.catedu.es\/bibliotecaceipemilianolabarta\/gestion\/catalogo-opac\/","title":{"rendered":"Cat\u00e1logo OPAC"},"content":{"rendered":"<p style=\"text-align: justify;\">Acceso al cat\u00e1logo de las bibliotecas de la red de bibliotecas p\u00fablicas de Arag\u00f3n. Desde all\u00ed podemos localizar los libros que nos interesen, pero la solicitud de pr\u00e9stamo inter-bibliotecario la realizan desde la biblioteca municipal, que ser\u00eda el lugar al que se enviar\u00edan los fondos solicitados. Desde este cat\u00e1logo podemos localizar el lugar en el que est\u00e1n disponibles los libros y la cantidad de los mismos.<\/p>\n<p><a href=\"http:\/\/benasque.aragob.es\/cgibin\/abnetop\/O6015\/ID516ec594?ACC=11\"><strong>http:\/\/benasque.aragob.es\/cgibin\/abnetop\/O6015\/ID516ec594?ACC=11<\/strong><\/a><\/p>\n<p><strong>\u00a0<\/strong><\/p>\n","protected":false},"excerpt":{"rendered":"<p>Acceso al cat\u00e1logo de las bibliotecas de la red de bibliotecas p\u00fablicas de Arag\u00f3n. Desde all\u00ed podemos localizar los libros que nos interesen, pero la solicitud de pr\u00e9stamo inter-bibliotecario la realizan desde la biblioteca municipal, que ser\u00eda el lugar al &hellip;<\/p>\n<p class=\"read-more\"> <a class=\"more-link\" href=\"https:\/\/wp.catedu.es\/bibliotecaceipemilianolabarta\/gestion\/catalogo-opac\/\"> <span class=\"screen-reader-text\">Cat\u00e1logo OPAC<\/span> Leer m\u00e1s \u00bb<\/a><\/p>\n","protected":false},"author":65,"featured_media":0,"parent":86,"menu_order":0,"comment_status":"closed","ping_status":"closed","template":"","meta":{"jetpack_post_was_ever_published":false,"footnotes":""},"class_list":["post-97","page","type-page","status-publish","hentry"],"jetpack_sharing_enabled":true,"jetpack_shortlink":"https:\/\/wp.me\/P64L9T-1z","jetpack-related-posts":[],"jetpack_likes_enabled":true,"_links":{"self":[{"href":"https:\/\/wp.catedu.es\/bibliotecaceipemilianolabarta\/wp-json\/wp\/v2\/pages\/97","targetHints":{"allow":["GET"]}}],"collection":[{"href":"https:\/\/wp.catedu.es\/bibliotecaceipemilianolabarta\/wp-json\/wp\/v2\/pages"}],"about":[{"href":"https:\/\/wp.catedu.es\/bibliotecaceipemilianolabarta\/wp-json\/wp\/v2\/types\/page"}],"author":[{"embeddable":true,"href":"https:\/\/wp.catedu.es\/bibliotecaceipemilianolabarta\/wp-json\/wp\/v2\/users\/65"}],"replies":[{"embeddable":true,"href":"https:\/\/wp.catedu.es\/bibliotecaceipemilianolabarta\/wp-json\/wp\/v2\/comments?post=97"}],"version-history":[{"count":2,"href":"https:\/\/wp.catedu.es\/bibliotecaceipemilianolabarta\/wp-json\/wp\/v2\/pages\/97\/revisions"}],"predecessor-version":[{"id":188,"href":"https:\/\/wp.catedu.es\/bibliotecaceipemilianolabarta\/wp-json\/wp\/v2\/pages\/97\/revisions\/188"}],"up":[{"embeddable":true,"href":"https:\/\/wp.catedu.es\/bibliotecaceipemilianolabarta\/wp-json\/wp\/v2\/pages\/86"}],"wp:attachment":[{"href":"https:\/\/wp.catedu.es\/bibliotecaceipemilianolabarta\/wp-json\/wp\/v2\/media?parent=97"}],"curies":[{"name":"wp","href":"https:\/\/api.w.org\/{rel}","templated":true}]}}