{"id":44,"date":"2021-04-19T20:20:42","date_gmt":"2021-04-19T18:20:42","guid":{"rendered":"http:\/\/wp.catedu.es\/bibliotecaiesillueca\/?page_id=44"},"modified":"2021-04-19T20:59:49","modified_gmt":"2021-04-19T18:59:49","slug":"novedades","status":"publish","type":"page","link":"https:\/\/wp.catedu.es\/bibliotecaiesillueca\/novedades\/","title":{"rendered":"NOVEDADES"},"content":{"rendered":"<p>ABRIL 2021<\/p>\n<p><img loading=\"lazy\" decoding=\"async\" class=\"aligncenter\" src=\"https:\/\/image.shutterstock.com\/image-vector\/young-couple-reading-books-students-260nw-664648831.jpg\" alt=\"Hombre Joven Leyendo Libro Stock Vectors, Images &amp; Vector Art | Shutterstock\" width=\"353\" height=\"216\" \/><\/p>\n<p><span style=\"font-family: 'comic sans ms', sans-serif;color: #0716a3;font-size: 14pt\">Os presentamos las novedades que hemos recibido en nuestra biblioteca, os invitamos a leer poes\u00eda al comp\u00e1s de <em>Las cuatro estaciones<\/em>;\u00a0 a sumergiros en\u00a0 leyendas\u00a0 ocultas en prestigiosos monumentos m\u00edticos de Espa\u00f1a con <em>Magia y enigma<\/em>; si lo que os gusta es pasar miedo seguro que <em>\u00a1Socorro! (12 cuentos para caerse de miedo)<\/em> os provocar\u00e1 alg\u00fan que otro escalofr\u00edo; quiz\u00e1s os van m\u00e1s <em>Las brujas<\/em> , este libro os\u00a0 har\u00e1 pasar un rato espeluznantemente divertido.; si sois m\u00e1s de misterios, desapariciones, secretos y mentiras, esta novela polic\u00edaca <em>Palabras envenenadas<\/em> no os defraudar\u00e1; o quiz\u00e1s sois m\u00e1s de cl\u00e1sicos literarios, <em>Cuento de Navidad, <\/em>todo un cl\u00e1sico perfecto para valorar la generosidad.<\/span><\/p>\n<p><img loading=\"lazy\" decoding=\"async\" class=\"aligncenter size-large wp-image-489\" src=\"http:\/\/wp.catedu.es\/bibliotecaiesillueca\/wp-content\/uploads\/sites\/200\/2021\/04\/IMG-0765-1024x768.jpg\" alt=\"NOVEDADES\" width=\"1024\" height=\"768\" srcset=\"https:\/\/wp.catedu.es\/bibliotecaiesillueca\/wp-content\/uploads\/sites\/200\/2021\/04\/IMG-0765-1024x768.jpg 1024w, https:\/\/wp.catedu.es\/bibliotecaiesillueca\/wp-content\/uploads\/sites\/200\/2021\/04\/IMG-0765-300x225.jpg 300w, https:\/\/wp.catedu.es\/bibliotecaiesillueca\/wp-content\/uploads\/sites\/200\/2021\/04\/IMG-0765-768x576.jpg 768w, https:\/\/wp.catedu.es\/bibliotecaiesillueca\/wp-content\/uploads\/sites\/200\/2021\/04\/IMG-0765-1536x1152.jpg 1536w, https:\/\/wp.catedu.es\/bibliotecaiesillueca\/wp-content\/uploads\/sites\/200\/2021\/04\/IMG-0765-2048x1536.jpg 2048w, https:\/\/wp.catedu.es\/bibliotecaiesillueca\/wp-content\/uploads\/sites\/200\/2021\/04\/IMG-0765-307x230.jpg 307w\" sizes=\"auto, (max-width: 1024px) 100vw, 1024px\" \/><\/p>\n<p>FEBRERO 2021<\/p>\n<p><span style=\"color: #0000ff;font-family: 'comic sans ms', sans-serif;font-size: 14pt\">&#8220;D\u00eda Internacional de la Mujer y la Ni\u00f1a en la Ciencia&#8221;, cel\u00e9bralo leyendo<\/span><\/p>\n<p><span style=\"color: #0000ff;font-family: 'comic sans ms', sans-serif;font-size: 14pt\">Si quieres celebrar el &#8220;D\u00eda Internacional de la Mujer y la Ni\u00f1a en la Ciencia&#8221; leyendo tenemos diversos vol\u00famenes en la biblioteca que seguro te gustar\u00e1n, vis\u00edtanos y ll\u00e9vate el que te guste<\/span><\/p>\n<p><img loading=\"lazy\" decoding=\"async\" class=\"aligncenter wp-image-350\" src=\"http:\/\/wp.catedu.es\/bibliotecaiesillueca\/wp-content\/uploads\/sites\/200\/2021\/02\/IMG-0643-300x225.jpg\" alt=\"\" width=\"597\" height=\"448\" srcset=\"https:\/\/wp.catedu.es\/bibliotecaiesillueca\/wp-content\/uploads\/sites\/200\/2021\/02\/IMG-0643-300x225.jpg 300w, https:\/\/wp.catedu.es\/bibliotecaiesillueca\/wp-content\/uploads\/sites\/200\/2021\/02\/IMG-0643-1024x768.jpg 1024w, https:\/\/wp.catedu.es\/bibliotecaiesillueca\/wp-content\/uploads\/sites\/200\/2021\/02\/IMG-0643-768x576.jpg 768w, https:\/\/wp.catedu.es\/bibliotecaiesillueca\/wp-content\/uploads\/sites\/200\/2021\/02\/IMG-0643-1536x1152.jpg 1536w, https:\/\/wp.catedu.es\/bibliotecaiesillueca\/wp-content\/uploads\/sites\/200\/2021\/02\/IMG-0643-2048x1536.jpg 2048w, https:\/\/wp.catedu.es\/bibliotecaiesillueca\/wp-content\/uploads\/sites\/200\/2021\/02\/IMG-0643-750x563.jpg 750w\" sizes=\"auto, (max-width: 597px) 100vw, 597px\" \/><\/p>\n<p>&nbsp;<\/p>\n<p>&nbsp;<\/p>\n<p>ENERO 2021<\/p>\n<p><span style=\"font-size: 14pt\">Seguimos a\u00f1adiendo vol\u00famenes a nuestra biblioteca, estas son las \u00faltimas adquisiciones, os invitamos a visitarnos los jueves y viernes a la hora del recreo, siempre habr\u00e1\u00a0 alg\u00fan libro en nuestras estanter\u00edas que te pueda gustar , tambi\u00e9n puedes dejar tus sugerencias de compra, las tendremos en cuenta.<\/span><\/p>\n<p><span style=\"font-size: 14pt\">Os animamos a leer nuestras novedades.\u00a0 <\/span><\/p>\n<p><img loading=\"lazy\" decoding=\"async\" class=\"alignleft size-full wp-image-311\" src=\"http:\/\/wp.catedu.es\/bibliotecaiesillueca\/wp-content\/uploads\/sites\/200\/2021\/01\/IMG-0598-scaled.jpg\" alt=\"\" width=\"2560\" height=\"1920\" srcset=\"https:\/\/wp.catedu.es\/bibliotecaiesillueca\/wp-content\/uploads\/sites\/200\/2021\/01\/IMG-0598-scaled.jpg 2560w, https:\/\/wp.catedu.es\/bibliotecaiesillueca\/wp-content\/uploads\/sites\/200\/2021\/01\/IMG-0598-300x225.jpg 300w, https:\/\/wp.catedu.es\/bibliotecaiesillueca\/wp-content\/uploads\/sites\/200\/2021\/01\/IMG-0598-1024x768.jpg 1024w, https:\/\/wp.catedu.es\/bibliotecaiesillueca\/wp-content\/uploads\/sites\/200\/2021\/01\/IMG-0598-768x576.jpg 768w, https:\/\/wp.catedu.es\/bibliotecaiesillueca\/wp-content\/uploads\/sites\/200\/2021\/01\/IMG-0598-1536x1152.jpg 1536w, https:\/\/wp.catedu.es\/bibliotecaiesillueca\/wp-content\/uploads\/sites\/200\/2021\/01\/IMG-0598-2048x1536.jpg 2048w, https:\/\/wp.catedu.es\/bibliotecaiesillueca\/wp-content\/uploads\/sites\/200\/2021\/01\/IMG-0598-750x563.jpg 750w\" sizes=\"auto, (max-width: 2560px) 100vw, 2560px\" \/><\/p>\n<p>&nbsp;<\/p>\n<p>&nbsp;<\/p>\n<p>&nbsp;<\/p>\n<p>&nbsp;<\/p>\n<p>&nbsp;<\/p>\n<p>&nbsp;<\/p>\n<p><span style=\"font-size: 14pt\">\u00a0<\/span><span style=\"font-size: 14pt\">Noviembre 2020<br \/>\n<\/span><\/p>\n<p><span style=\"font-size: 14pt\">Estos son los \u00faltimos vol\u00famenes llegados a nuestra biblioteca. Queremos agradecer a Javier Neveo, compa\u00f1ero y profesor del departamento de Lengua y Literatura en nuestro centro, la entrega de un ejemplar de su novela <strong><em>Los ni\u00f1os de la vacuna,<\/em><\/strong> tema de gran actualidad en estos momentos de pandemia y b\u00fasqueda de una vacuna contra el coronavirus . Os dejamos una entrevista a Javier en la que nos acerca a su novela.<\/span><\/p>\n<p><img loading=\"lazy\" decoding=\"async\" class=\"alignnone wp-image-149 aligncenter\" src=\"http:\/\/wp.catedu.es\/bibliotecaiesillueca\/wp-content\/uploads\/sites\/200\/2020\/10\/IMG-0458-300x188.jpg\" alt=\"\" width=\"484\" height=\"303\" srcset=\"https:\/\/wp.catedu.es\/bibliotecaiesillueca\/wp-content\/uploads\/sites\/200\/2020\/10\/IMG-0458-300x188.jpg 300w, https:\/\/wp.catedu.es\/bibliotecaiesillueca\/wp-content\/uploads\/sites\/200\/2020\/10\/IMG-0458-1024x640.jpg 1024w, https:\/\/wp.catedu.es\/bibliotecaiesillueca\/wp-content\/uploads\/sites\/200\/2020\/10\/IMG-0458-768x480.jpg 768w, https:\/\/wp.catedu.es\/bibliotecaiesillueca\/wp-content\/uploads\/sites\/200\/2020\/10\/IMG-0458-1536x960.jpg 1536w, https:\/\/wp.catedu.es\/bibliotecaiesillueca\/wp-content\/uploads\/sites\/200\/2020\/10\/IMG-0458-2048x1280.jpg 2048w, https:\/\/wp.catedu.es\/bibliotecaiesillueca\/wp-content\/uploads\/sites\/200\/2020\/10\/IMG-0458-750x469.jpg 750w\" sizes=\"auto, (max-width: 484px) 100vw, 484px\" \/><\/p>\n<p><span style=\"font-size: 14pt\">\u00a1Os invitamos a leerla!<\/span><\/p>\n<p><a href=\"https:\/\/elviajeroaccidental.com\/resena-de-los-ninos-de-la-vacuna-de-javier-a-neveo\" target=\"_blank\" rel=\"noopener noreferrer\">ENTREVISTA A JAVIER NEVEO<\/a><\/p>\n<p>&nbsp;<\/p>\n<p>&nbsp;<\/p>\n","protected":false},"excerpt":{"rendered":"<p>ABRIL 2021 Os presentamos las novedades que hemos recibido en nuestra biblioteca, os invitamos a leer poes\u00eda al comp\u00e1s de Las cuatro estaciones;\u00a0 a sumergiros en\u00a0 leyendas\u00a0 ocultas en prestigiosos monumentos m\u00edticos de Espa\u00f1a con Magia y enigma; si lo que os gusta es pasar miedo seguro que \u00a1Socorro! (12 cuentos para caerse de miedo) [&hellip;]<\/p>\n","protected":false},"author":358,"featured_media":0,"parent":0,"menu_order":0,"comment_status":"closed","ping_status":"closed","template":"","meta":{"footnotes":""},"class_list":["post-44","page","type-page","status-publish","hentry"],"_links":{"self":[{"href":"https:\/\/wp.catedu.es\/bibliotecaiesillueca\/wp-json\/wp\/v2\/pages\/44","targetHints":{"allow":["GET"]}}],"collection":[{"href":"https:\/\/wp.catedu.es\/bibliotecaiesillueca\/wp-json\/wp\/v2\/pages"}],"about":[{"href":"https:\/\/wp.catedu.es\/bibliotecaiesillueca\/wp-json\/wp\/v2\/types\/page"}],"author":[{"embeddable":true,"href":"https:\/\/wp.catedu.es\/bibliotecaiesillueca\/wp-json\/wp\/v2\/users\/358"}],"replies":[{"embeddable":true,"href":"https:\/\/wp.catedu.es\/bibliotecaiesillueca\/wp-json\/wp\/v2\/comments?post=44"}],"version-history":[{"count":9,"href":"https:\/\/wp.catedu.es\/bibliotecaiesillueca\/wp-json\/wp\/v2\/pages\/44\/revisions"}],"predecessor-version":[{"id":492,"href":"https:\/\/wp.catedu.es\/bibliotecaiesillueca\/wp-json\/wp\/v2\/pages\/44\/revisions\/492"}],"wp:attachment":[{"href":"https:\/\/wp.catedu.es\/bibliotecaiesillueca\/wp-json\/wp\/v2\/media?parent=44"}],"curies":[{"name":"wp","href":"https:\/\/api.w.org\/{rel}","templated":true}]}}