{"id":15,"date":"2017-02-24T13:54:09","date_gmt":"2017-02-24T12:54:09","guid":{"rendered":"http:\/\/wp.catedu.es\/cantania-aragon\/?page_id=15"},"modified":"2019-12-04T13:33:35","modified_gmt":"2019-12-04T12:33:35","slug":"blog","status":"publish","type":"page","link":"https:\/\/wp.catedu.es\/cantania-aragon\/","title":{"rendered":"Inicio"},"content":{"rendered":"<div id=\"pl-15\"  class=\"panel-layout\" ><div id=\"pg-15-0\"  class=\"panel-grid panel-no-style\" ><div id=\"pgc-15-0-0\"  class=\"panel-grid-cell\" ><div id=\"panel-15-0-0-0\" class=\"so-panel widget widget_sow-slider panel-first-child panel-last-child\" data-index=\"0\" ><div\n\t\t\t\n\t\t\tclass=\"so-widget-sow-slider so-widget-sow-slider-default-6d39609536fd-15\"\n\t\t\t\n\t\t>\t\t\t\t<div class=\"sow-slider-base\" style=\"display: none\" tabindex=\"0\">\n\t\t\t\t\t<ul\n\t\t\t\t\tclass=\"sow-slider-images\"\n\t\t\t\t\tdata-settings=\"{&quot;pagination&quot;:true,&quot;speed&quot;:300,&quot;timeout&quot;:3000,&quot;paused&quot;:false,&quot;pause_on_hover&quot;:false,&quot;swipe&quot;:true,&quot;nav_always_show_desktop&quot;:&quot;&quot;,&quot;nav_always_show_mobile&quot;:&quot;&quot;,&quot;breakpoint&quot;:&quot;780px&quot;,&quot;unmute&quot;:false,&quot;anchor&quot;:null}\"\n\t\t\t\t\t\t\t\t\t\tdata-anchor-id=\"\"\n\t\t\t\t>\t\t<li class=\"sow-slider-image\" style=\"visibility: visible;\" >\n\t\t\t\t\t\t<div class=\"sow-slider-image-container\">\n\t\t\t\t<div class=\"sow-slider-image-wrapper\" style=\"max-width: 1022px\">\n\t\t\t\t\t\t\t\t\t\t<div class=\"sow-slider-image-foreground-wrapper\">\n\t\t\t\t\t\t<img loading=\"lazy\" decoding=\"async\" width=\"1022\" height=\"579\" src=\"https:\/\/wp.catedu.es\/cantania-aragon\/wp-content\/uploads\/sites\/71\/2017\/03\/cantania_mar1.jpg\" class=\"sow-slider-foreground-image\" alt=\"\" style=\"\" srcset=\"https:\/\/wp.catedu.es\/cantania-aragon\/wp-content\/uploads\/sites\/71\/2017\/03\/cantania_mar1.jpg 1022w, https:\/\/wp.catedu.es\/cantania-aragon\/wp-content\/uploads\/sites\/71\/2017\/03\/cantania_mar1-300x170.jpg 300w, https:\/\/wp.catedu.es\/cantania-aragon\/wp-content\/uploads\/sites\/71\/2017\/03\/cantania_mar1-768x435.jpg 768w\" sizes=\"auto, (max-width: 1022px) 100vw, 1022px\" \/>\t\t\t\t\t<\/div>\n\t\t\t\t\t\t\t\t\t<\/div>\n\t\t\t<\/div>\n\t\t\t\t\t<\/li>\n\t\t\t\t<li class=\"sow-slider-image\" style=\"visibility: hidden;\" >\n\t\t\t\t\t\t<div class=\"sow-slider-image-container\">\n\t\t\t\t<div class=\"sow-slider-image-wrapper\" style=\"max-width: 1022px\">\n\t\t\t\t\t\t\t\t\t\t<div class=\"sow-slider-image-foreground-wrapper\">\n\t\t\t\t\t\t<img loading=\"lazy\" decoding=\"async\" width=\"1022\" height=\"577\" src=\"https:\/\/wp.catedu.es\/cantania-aragon\/wp-content\/uploads\/sites\/71\/2017\/03\/cantania-escenario1.jpg\" class=\"sow-slider-foreground-image\" alt=\"\" style=\"\" srcset=\"https:\/\/wp.catedu.es\/cantania-aragon\/wp-content\/uploads\/sites\/71\/2017\/03\/cantania-escenario1.jpg 1022w, https:\/\/wp.catedu.es\/cantania-aragon\/wp-content\/uploads\/sites\/71\/2017\/03\/cantania-escenario1-300x169.jpg 300w, https:\/\/wp.catedu.es\/cantania-aragon\/wp-content\/uploads\/sites\/71\/2017\/03\/cantania-escenario1-768x434.jpg 768w\" sizes=\"auto, (max-width: 1022px) 100vw, 1022px\" \/>\t\t\t\t\t<\/div>\n\t\t\t\t\t\t\t\t\t<\/div>\n\t\t\t<\/div>\n\t\t\t\t\t<\/li>\n\t\t\t\t<li class=\"sow-slider-image\" style=\"visibility: hidden;\" >\n\t\t\t\t\t\t<div class=\"sow-slider-image-container\">\n\t\t\t\t<div class=\"sow-slider-image-wrapper\" style=\"max-width: 1022px\">\n\t\t\t\t\t\t\t\t\t\t<div class=\"sow-slider-image-foreground-wrapper\">\n\t\t\t\t\t\t<img loading=\"lazy\" decoding=\"async\" width=\"1022\" height=\"577\" src=\"https:\/\/wp.catedu.es\/cantania-aragon\/wp-content\/uploads\/sites\/71\/2017\/04\/cantania-piano1.jpeg\" class=\"sow-slider-foreground-image\" alt=\"\" style=\"\" srcset=\"https:\/\/wp.catedu.es\/cantania-aragon\/wp-content\/uploads\/sites\/71\/2017\/04\/cantania-piano1.jpeg 1022w, https:\/\/wp.catedu.es\/cantania-aragon\/wp-content\/uploads\/sites\/71\/2017\/04\/cantania-piano1-300x169.jpeg 300w, https:\/\/wp.catedu.es\/cantania-aragon\/wp-content\/uploads\/sites\/71\/2017\/04\/cantania-piano1-768x434.jpeg 768w\" sizes=\"auto, (max-width: 1022px) 100vw, 1022px\" \/>\t\t\t\t\t<\/div>\n\t\t\t\t\t\t\t\t\t<\/div>\n\t\t\t<\/div>\n\t\t\t\t\t<\/li>\n\t\t\t\t<li class=\"sow-slider-image\" style=\"visibility: hidden;\" >\n\t\t\t\t\t\t<div class=\"sow-slider-image-container\">\n\t\t\t\t<div class=\"sow-slider-image-wrapper\" style=\"max-width: 1022px\">\n\t\t\t\t\t\t\t\t\t\t<div class=\"sow-slider-image-foreground-wrapper\">\n\t\t\t\t\t\t<img loading=\"lazy\" decoding=\"async\" width=\"1022\" height=\"577\" src=\"https:\/\/wp.catedu.es\/cantania-aragon\/wp-content\/uploads\/sites\/71\/2017\/04\/Cantaniagrupo1-1.jpeg\" class=\"sow-slider-foreground-image\" alt=\"\" style=\"\" srcset=\"https:\/\/wp.catedu.es\/cantania-aragon\/wp-content\/uploads\/sites\/71\/2017\/04\/Cantaniagrupo1-1.jpeg 1022w, https:\/\/wp.catedu.es\/cantania-aragon\/wp-content\/uploads\/sites\/71\/2017\/04\/Cantaniagrupo1-1-300x169.jpeg 300w, https:\/\/wp.catedu.es\/cantania-aragon\/wp-content\/uploads\/sites\/71\/2017\/04\/Cantaniagrupo1-1-768x434.jpeg 768w\" sizes=\"auto, (max-width: 1022px) 100vw, 1022px\" \/>\t\t\t\t\t<\/div>\n\t\t\t\t\t\t\t\t\t<\/div>\n\t\t\t<\/div>\n\t\t\t\t\t<\/li>\n\t\t\t\t<li class=\"sow-slider-image\" style=\"visibility: hidden;\" >\n\t\t\t\t\t\t<div class=\"sow-slider-image-container\">\n\t\t\t\t<div class=\"sow-slider-image-wrapper\" style=\"max-width: 1022px\">\n\t\t\t\t\t\t\t\t\t\t<div class=\"sow-slider-image-foreground-wrapper\">\n\t\t\t\t\t\t<img loading=\"lazy\" decoding=\"async\" width=\"1022\" height=\"579\" src=\"https:\/\/wp.catedu.es\/cantania-aragon\/wp-content\/uploads\/sites\/71\/2017\/02\/foto4-2.jpg\" class=\"sow-slider-foreground-image\" alt=\"\" style=\"\" srcset=\"https:\/\/wp.catedu.es\/cantania-aragon\/wp-content\/uploads\/sites\/71\/2017\/02\/foto4-2.jpg 1022w, https:\/\/wp.catedu.es\/cantania-aragon\/wp-content\/uploads\/sites\/71\/2017\/02\/foto4-2-300x170.jpg 300w, https:\/\/wp.catedu.es\/cantania-aragon\/wp-content\/uploads\/sites\/71\/2017\/02\/foto4-2-768x435.jpg 768w\" sizes=\"auto, (max-width: 1022px) 100vw, 1022px\" \/>\t\t\t\t\t<\/div>\n\t\t\t\t\t\t\t\t\t<\/div>\n\t\t\t<\/div>\n\t\t\t\t\t<\/li>\n\t\t\t\t<li class=\"sow-slider-image\" style=\"visibility: hidden;\" >\n\t\t\t\t\t\t<img loading=\"lazy\" decoding=\"async\" width=\"1022\" height=\"575\" src=\"https:\/\/wp.catedu.es\/cantania-aragon\/wp-content\/uploads\/sites\/71\/2018\/12\/16cantania2.jpg\" class=\"sow-slider-background-image\" alt=\"\" style=\"\" srcset=\"https:\/\/wp.catedu.es\/cantania-aragon\/wp-content\/uploads\/sites\/71\/2018\/12\/16cantania2.jpg 1022w, https:\/\/wp.catedu.es\/cantania-aragon\/wp-content\/uploads\/sites\/71\/2018\/12\/16cantania2-300x169.jpg 300w, https:\/\/wp.catedu.es\/cantania-aragon\/wp-content\/uploads\/sites\/71\/2018\/12\/16cantania2-768x432.jpg 768w\" sizes=\"auto, (max-width: 1022px) 100vw, 1022px\" \/>\t\t<\/li>\n\t\t\t\t<li class=\"sow-slider-image  sow-slider-image-cover\" style=\"visibility: hidden;\" data-background=\"url(https:\/\/wp.catedu.es\/cantania-aragon\/wp-content\/uploads\/sites\/71\/2019\/12\/FOTOGRUPO11-scaled.jpg)\" >\n\t\t\t\t\t\t<div class=\"sow-slider-image-container\">\n\t\t\t\t<div class=\"sow-slider-image-wrapper\" style=\"max-width: 2560px\">\n\t\t\t\t\t\t\t\t\t\t<div class=\"sow-slider-image-foreground-wrapper\">\n\t\t\t\t\t\t<img loading=\"lazy\" decoding=\"async\" width=\"2560\" height=\"1440\" src=\"https:\/\/wp.catedu.es\/cantania-aragon\/wp-content\/uploads\/sites\/71\/2019\/12\/FOTOGRUPO11-scaled.jpg\" class=\"sow-slider-foreground-image\" alt=\"\" style=\"\" srcset=\"https:\/\/wp.catedu.es\/cantania-aragon\/wp-content\/uploads\/sites\/71\/2019\/12\/FOTOGRUPO11-scaled.jpg 2560w, https:\/\/wp.catedu.es\/cantania-aragon\/wp-content\/uploads\/sites\/71\/2019\/12\/FOTOGRUPO11-300x169.jpg 300w, https:\/\/wp.catedu.es\/cantania-aragon\/wp-content\/uploads\/sites\/71\/2019\/12\/FOTOGRUPO11-1024x576.jpg 1024w, https:\/\/wp.catedu.es\/cantania-aragon\/wp-content\/uploads\/sites\/71\/2019\/12\/FOTOGRUPO11-768x432.jpg 768w, https:\/\/wp.catedu.es\/cantania-aragon\/wp-content\/uploads\/sites\/71\/2019\/12\/FOTOGRUPO11-1536x864.jpg 1536w, https:\/\/wp.catedu.es\/cantania-aragon\/wp-content\/uploads\/sites\/71\/2019\/12\/FOTOGRUPO11-2048x1152.jpg 2048w\" sizes=\"auto, (max-width: 2560px) 100vw, 2560px\" \/>\t\t\t\t\t<\/div>\n\t\t\t\t\t\t\t\t\t<\/div>\n\t\t\t<\/div>\n\t\t\t\t\t<\/li>\n\t\t<\/ul>\t\t\t\t<ol class=\"sow-slider-pagination\">\n\t\t\t\t\t\t\t\t\t\t\t<li><a href=\"#\" data-goto=\"0\" aria-label=\"mostrar diapositiva 1\"><\/a><\/li>\n\t\t\t\t\t\t\t\t\t\t\t<li><a href=\"#\" data-goto=\"1\" aria-label=\"mostrar diapositiva 2\"><\/a><\/li>\n\t\t\t\t\t\t\t\t\t\t\t<li><a href=\"#\" data-goto=\"2\" aria-label=\"mostrar diapositiva 3\"><\/a><\/li>\n\t\t\t\t\t\t\t\t\t\t\t<li><a href=\"#\" data-goto=\"3\" aria-label=\"mostrar diapositiva 4\"><\/a><\/li>\n\t\t\t\t\t\t\t\t\t\t\t<li><a href=\"#\" data-goto=\"4\" aria-label=\"mostrar diapositiva 5\"><\/a><\/li>\n\t\t\t\t\t\t\t\t\t\t\t<li><a href=\"#\" data-goto=\"5\" aria-label=\"mostrar diapositiva 6\"><\/a><\/li>\n\t\t\t\t\t\t\t\t\t\t\t<li><a href=\"#\" data-goto=\"6\" aria-label=\"mostrar diapositiva 7\"><\/a><\/li>\n\t\t\t\t\t\t\t\t\t<\/ol>\n\n\t\t\t\t<div class=\"sow-slide-nav sow-slide-nav-next\">\n\t\t\t\t\t<a href=\"#\" data-goto=\"next\" aria-label=\"diapositiva siguiente\" data-action=\"next\">\n\t\t\t\t\t\t<em class=\"sow-sld-icon-thin-right\"><\/em>\n\t\t\t\t\t<\/a>\n\t\t\t\t<\/div>\n\n\t\t\t\t<div class=\"sow-slide-nav sow-slide-nav-prev\">\n\t\t\t\t\t<a href=\"#\" data-goto=\"previous\" aria-label=\"diapositiva anterior\" data-action=\"prev\">\n\t\t\t\t\t\t<em class=\"sow-sld-icon-thin-left\"><\/em>\n\t\t\t\t\t<\/a>\n\t\t\t\t<\/div>\n\t\t\t\t<\/div><\/div><\/div><\/div><\/div><div id=\"pg-15-1\"  class=\"panel-grid panel-no-style\" ><div id=\"pgc-15-1-0\"  class=\"panel-grid-cell\" ><div id=\"panel-15-1-0-0\" class=\"so-panel widget widget_text panel-first-child panel-last-child\" data-index=\"1\" ><div class=\"panel-widget-style panel-widget-style-for-15-1-0-0\" ><h3 class=\"widget-title\">\u00bfQu\u00e9 es el programa Cantania Arag\u00f3n?<\/h3>\t\t\t<div class=\"textwidget\"><p>CANTANIA es una actividad participativa dirigida al alumnado de cuarto, quinto y sexto curso de Educaci\u00f3n Primaria de la Comunidad Aut\u00f3noma de Arag\u00f3n.<\/p>\n<p>En este programa cada curso se estrena una obra encargada especialmente para esta actividad, atendiendo a las caracter\u00edsticas de la misma:<br \/>\n-Gran coro de ni\u00f1os en el escenario.<br \/>\n-Trabajo con m\u00fasicos profesionales: orquesta, solistas y directores.<br \/>\n-Duraci\u00f3n aproximada de una hora.<\/p>\n<p>El programa educativo consta de las siguientes actividades:<br \/>\n&#8211; Sesiones de formaci\u00f3n para el profesorado.<br \/>\n&#8211; Trabajo del profesorado con todo el grupo-clase a lo largo del curso.<br \/>\n&#8211; Conciertos finales interpretados por los alumnos inscritos en el Auditorio de Zaragoza. Sala Mozart.<\/p>\n<p>Este curso la obra que se estrena es &#8220;VIRTUAL&#8221; con m\u00fasica de \u00d3scar Pe\u00f1arroya, letras de C\u00e8sar Apar\u00edcio y texto de \u00d3scar Pe\u00f1arroya y C\u00e8sar Apar\u00edcio.<\/p>\n<\/div>\n\t\t<\/div><\/div><\/div><div id=\"pgc-15-1-1\"  class=\"panel-grid-cell\" ><div id=\"panel-15-1-1-0\" class=\"so-panel widget widget_text panel-first-child panel-last-child\" data-index=\"2\" ><div class=\"panel-widget-style panel-widget-style-for-15-1-1-0\" ><h3 class=\"widget-title\">Objetivos del Programa:<\/h3>\t\t\t<div class=\"textwidget\"><p>Los objetivos de esta actividad son:<\/p>\n<p>&#8211; Estrenar una cantata de nueva creaci\u00f3n interpretada en conjunto por todo el alumnado inscrito.<br \/>\n&#8211; Valorar la m\u00fasica y saber interpretar a trav\u00e9s del canto coral y la voz.<br \/>\n&#8211; Formar al alumnado mediante una actividad incluida en la programaci\u00f3n curricular de la asignatura de m\u00fasica.<br \/>\n&#8211; Trabajar a trav\u00e9s de un proyecto interdisciplinar.<br \/>\n&#8211; Favorecer la interculturalidad, as\u00ed como la inclusi\u00f3n.<br \/>\n&#8211; Acercar p\u00fablico a la sala  Mozart del Auditorio de Zaragoza.<\/p>\n<p><a href=\"http:\/\/wp.catedu.es\/cantania-aragon\/category\/blog\/\">VISITA NUESTRO BLOG<\/a><\/p>\n<\/div>\n\t\t<\/div><\/div><\/div><\/div><\/div>","protected":false},"excerpt":{"rendered":"<p>CANTANIA es una actividad participativa dirigida al alumnado de cuarto, quinto y sexto curso de Educaci\u00f3n Primaria de la Comunidad Aut\u00f3noma de Arag\u00f3n. En este programa cada curso se estrena una obra encargada especialmente para esta actividad, atendiendo a las<\/p>\n","protected":false},"author":132,"featured_media":0,"parent":0,"menu_order":0,"comment_status":"closed","ping_status":"closed","template":"","meta":{"footnotes":""},"class_list":["post-15","page","type-page","status-publish","hentry"],"_links":{"self":[{"href":"https:\/\/wp.catedu.es\/cantania-aragon\/wp-json\/wp\/v2\/pages\/15","targetHints":{"allow":["GET"]}}],"collection":[{"href":"https:\/\/wp.catedu.es\/cantania-aragon\/wp-json\/wp\/v2\/pages"}],"about":[{"href":"https:\/\/wp.catedu.es\/cantania-aragon\/wp-json\/wp\/v2\/types\/page"}],"author":[{"embeddable":true,"href":"https:\/\/wp.catedu.es\/cantania-aragon\/wp-json\/wp\/v2\/users\/132"}],"replies":[{"embeddable":true,"href":"https:\/\/wp.catedu.es\/cantania-aragon\/wp-json\/wp\/v2\/comments?post=15"}],"version-history":[{"count":33,"href":"https:\/\/wp.catedu.es\/cantania-aragon\/wp-json\/wp\/v2\/pages\/15\/revisions"}],"predecessor-version":[{"id":781,"href":"https:\/\/wp.catedu.es\/cantania-aragon\/wp-json\/wp\/v2\/pages\/15\/revisions\/781"}],"wp:attachment":[{"href":"https:\/\/wp.catedu.es\/cantania-aragon\/wp-json\/wp\/v2\/media?parent=15"}],"curies":[{"name":"wp","href":"https:\/\/api.w.org\/{rel}","templated":true}]}}