{"id":229,"date":"2019-05-12T00:30:31","date_gmt":"2019-05-11T22:30:31","guid":{"rendered":"http:\/\/wp.catedu.es\/cmeducativo\/?page_id=229"},"modified":"2019-05-12T00:30:31","modified_gmt":"2019-05-11T22:30:31","slug":"conceptos-basicos","status":"publish","type":"page","link":"https:\/\/wp.catedu.es\/cmeducativo\/video\/conceptos-basicos\/","title":{"rendered":"Conceptos b\u00e1sicos"},"content":{"rendered":"<p class=\"font_8\" style=\"text-align: justify;\"><strong>1. Dimensiones<\/strong><\/p>\n<ul class=\"font_8\" style=\"text-align: justify;\">\n<li>\n<p class=\"font_8\">Es el tama\u00f1o del v\u00eddeo (ancho x alto) expresado en p\u00edxeles cuando se visualiza al 100%, sin agrandar ni reducir. Los reproductores pueden mostrar un video a pantalla completa o con una ampliaci\u00f3n del 200%, 300%, etc. En estos casos el v\u00eddeo pierde calidad de imagen y esta p\u00e9rdida depende del formato de archivo.<\/p>\n<\/li>\n<\/ul>\n<p class=\"font_8\" style=\"text-align: justify;\"><strong>2. Codec<\/strong><\/p>\n<ul class=\"font_8\" style=\"text-align: justify;\">\n<li>\n<p class=\"font_8\">Acr\u00f3nimo de &#8220;codificaci\u00f3n\/decodificaci\u00f3n&#8221;. Un c\u00f3dec es un algoritmo especial que reduce el n\u00famero de bytes que ocupa un archivo de v\u00eddeo. Los archivos codificados con un c\u00f3dec espec\u00edfico requieren el mismo c\u00f3dec para ser decodificados y reproducidos. Algunos de los c\u00f3decs m\u00e1s utilizados para el formato AVI son: DivX, XviD, CinePak, Intel Indeo 5, DV, etc.<\/p>\n<\/li>\n<\/ul>\n<p class=\"font_8\" style=\"text-align: justify;\"><strong>3. Fotogramas por segundo<\/strong><\/p>\n<ul class=\"font_8\" style=\"text-align: justify;\">\n<li>\n<p class=\"font_8\">Un v\u00eddeo resulta de la exposici\u00f3n im\u00e1genes o fotogramas uno detr\u00e1s de otro. Un par\u00e1metro de la calidad del v\u00eddeo es el n\u00famero de fotogramas por segundo que muestra durante su reproducci\u00f3n. Este valor oscila entre 15 y 30. Por ejemplo los v\u00eddeos en DVD en Europa exhiben 25 fotogramas por segundo (25 fps).<\/p>\n<\/li>\n<\/ul>\n<p class=\"font_8\" style=\"text-align: justify;\"><strong>4. Fotogramas Clave<\/strong><\/p>\n<ul class=\"font_8\" style=\"text-align: justify;\">\n<li>\n<p class=\"font_8\">Cuando se aplica un c\u00f3dec de compresi\u00f3n a un v\u00eddeo, se suele producir cierta p\u00e9rdida de la informaci\u00f3n de sus fotogramas. Algunos fotogramas (los fotogramas clave) se almacenan completamente en el archivo comprimido, mientras que el resto s\u00f3lo se guardan parcialmente. En la descompresi\u00f3n, estos fotogramas intermedios se reconstruyen a partir de los fotogramas clave.<\/p>\n<\/li>\n<\/ul>\n<p class=\"font_8\" style=\"text-align: justify;\"><strong>5. Sistemas de televisi\u00f3n<\/strong><\/p>\n<ul class=\"font_8\" style=\"text-align: justify;\">\n<li>\n<p class=\"font_8\">NTSC\u00a0(National Television Standards Comit\u00e9 = Comit\u00e9 Nacional de Est\u00e1ndares de Televisi\u00f3n). Cada fotograma est\u00e1 formado por 525 l\u00edneas y reproduce 30 fotogramas por segundo. Se utiliza en Am\u00e9rica del Norte, Centroam\u00e9rica, Jap\u00f3n, etc.<\/p>\n<\/li>\n<li>\n<p class=\"font_8\">PAL\u00a0(Phase Alternation Line = L\u00ednea Alternada en Fase): El v\u00eddeo PAL tiene 625 l\u00edneas por fotograma y 25 fotogramas por segundo. Es el sistema m\u00e1s extendido actualmente en Europa.<\/p>\n<\/li>\n<li>\n<p class=\"font_8\">SECAM\u00a0(S\u00e9quentiel Couleur \u00e0 M\u00e9moire = Color secuencial con memoria). Muestra 625 l\u00edneas y 25 fotogramas por segundo. De origen franc\u00e9s, ha perdido mercado en Europa a favor del sistema PAL.<\/p>\n<\/li>\n<\/ul>\n<p class=\"font_8\" style=\"text-align: justify;\"><strong>6. Proporci\u00f3n o ratio de aspecto.<\/strong><\/p>\n<ul class=\"font_8\">\n<li>\n<p class=\"font_8\" style=\"text-align: justify;\">Es la\u00a0proporci\u00f3n entre la anchura y altura de un v\u00eddeo. Cuando se reproduce un v\u00eddeo se suele mantener por defecto esta proporci\u00f3n para evitar deformaci\u00f3n de las im\u00e1genes. Por este motivo cuando se elige la visualizaci\u00f3n a pantalla completa, aparecen franjas negras arriba y abajo. Es habitual una relaci\u00f3n 4:3 para los videos dom\u00e9sticos\u00a0(352&#215;288 p\u00edxeles, por ejemplo) mientras que en DVD se suele trabajar con ratios de 16:9. Actualmente todos los dispositivos de grabaci\u00f3n que se venden graban en formato panor\u00e1mico 16:9.<\/p>\n<\/li>\n<\/ul>\n","protected":false},"excerpt":{"rendered":"<p>1. Dimensiones Es el tama\u00f1o del v\u00eddeo (ancho x alto) expresado en p\u00edxeles cuando se visualiza al 100%, sin agrandar ni reducir. Los reproductores pueden mostrar un video a pantalla completa o con una ampliaci\u00f3n del 200%, 300%, etc. En estos casos el v\u00eddeo pierde calidad de imagen y esta p\u00e9rdida depende del formato de &hellip; <\/p>\n<p><a class=\"more-link btn\" href=\"https:\/\/wp.catedu.es\/cmeducativo\/video\/conceptos-basicos\/\">Seguir leyendo<\/a><\/p>\n","protected":false},"author":268,"featured_media":0,"parent":173,"menu_order":1,"comment_status":"closed","ping_status":"closed","template":"","meta":{"_s2mail":"","footnotes":""},"class_list":["post-229","page","type-page","status-publish","hentry","nodate","item-wrap"],"_links":{"self":[{"href":"https:\/\/wp.catedu.es\/cmeducativo\/wp-json\/wp\/v2\/pages\/229","targetHints":{"allow":["GET"]}}],"collection":[{"href":"https:\/\/wp.catedu.es\/cmeducativo\/wp-json\/wp\/v2\/pages"}],"about":[{"href":"https:\/\/wp.catedu.es\/cmeducativo\/wp-json\/wp\/v2\/types\/page"}],"author":[{"embeddable":true,"href":"https:\/\/wp.catedu.es\/cmeducativo\/wp-json\/wp\/v2\/users\/268"}],"replies":[{"embeddable":true,"href":"https:\/\/wp.catedu.es\/cmeducativo\/wp-json\/wp\/v2\/comments?post=229"}],"version-history":[{"count":1,"href":"https:\/\/wp.catedu.es\/cmeducativo\/wp-json\/wp\/v2\/pages\/229\/revisions"}],"predecessor-version":[{"id":230,"href":"https:\/\/wp.catedu.es\/cmeducativo\/wp-json\/wp\/v2\/pages\/229\/revisions\/230"}],"up":[{"embeddable":true,"href":"https:\/\/wp.catedu.es\/cmeducativo\/wp-json\/wp\/v2\/pages\/173"}],"wp:attachment":[{"href":"https:\/\/wp.catedu.es\/cmeducativo\/wp-json\/wp\/v2\/media?parent=229"}],"curies":[{"name":"wp","href":"https:\/\/api.w.org\/{rel}","templated":true}]}}