{"id":232,"date":"2019-05-12T00:38:40","date_gmt":"2019-05-11T22:38:40","guid":{"rendered":"http:\/\/wp.catedu.es\/cmeducativo\/?page_id=232"},"modified":"2019-05-12T00:38:40","modified_gmt":"2019-05-11T22:38:40","slug":"formatos-de-video","status":"publish","type":"page","link":"https:\/\/wp.catedu.es\/cmeducativo\/video\/formatos-de-video\/","title":{"rendered":"Formatos de v\u00eddeo"},"content":{"rendered":"<p style=\"text-align: justify;\">Los v\u00eddeos digitales se pueden guardar en archivos de distintos formatos. Cada uno se corresponde con una extensi\u00f3n espec\u00edfica del archivo que lo contiene. Existen muchos tipos de formatos de v\u00eddeo. Aqu\u00ed se citan algunos de los m\u00e1s utilizados. Asimismo cada tipo de archivo admite en cada momento un c\u00f3dec de compresi\u00f3n distinto.<\/p>\n<p style=\"text-align: center;\"><img loading=\"lazy\" decoding=\"async\" class=\"alignnone size-full wp-image-233\" src=\"http:\/\/wp.catedu.es\/cmeducativo\/wp-content\/uploads\/sites\/135\/2019\/05\/formatos.png\" alt=\"\" width=\"758\" height=\"753\" srcset=\"https:\/\/wp.catedu.es\/cmeducativo\/wp-content\/uploads\/sites\/135\/2019\/05\/formatos.png 758w, https:\/\/wp.catedu.es\/cmeducativo\/wp-content\/uploads\/sites\/135\/2019\/05\/formatos-150x150.png 150w, https:\/\/wp.catedu.es\/cmeducativo\/wp-content\/uploads\/sites\/135\/2019\/05\/formatos-300x298.png 300w\" sizes=\"auto, (max-width: 758px) 100vw, 758px\" \/><\/p>\n","protected":false},"excerpt":{"rendered":"<p>Los v\u00eddeos digitales se pueden guardar en archivos de distintos formatos. Cada uno se corresponde con una extensi\u00f3n espec\u00edfica del archivo que lo contiene. Existen muchos tipos de formatos de v\u00eddeo. Aqu\u00ed se citan algunos de los m\u00e1s utilizados. Asimismo cada tipo de archivo admite en cada momento un c\u00f3dec de compresi\u00f3n distinto.<\/p>\n","protected":false},"author":268,"featured_media":0,"parent":173,"menu_order":2,"comment_status":"closed","ping_status":"closed","template":"","meta":{"_s2mail":"","footnotes":""},"class_list":["post-232","page","type-page","status-publish","hentry","nodate","item-wrap"],"_links":{"self":[{"href":"https:\/\/wp.catedu.es\/cmeducativo\/wp-json\/wp\/v2\/pages\/232","targetHints":{"allow":["GET"]}}],"collection":[{"href":"https:\/\/wp.catedu.es\/cmeducativo\/wp-json\/wp\/v2\/pages"}],"about":[{"href":"https:\/\/wp.catedu.es\/cmeducativo\/wp-json\/wp\/v2\/types\/page"}],"author":[{"embeddable":true,"href":"https:\/\/wp.catedu.es\/cmeducativo\/wp-json\/wp\/v2\/users\/268"}],"replies":[{"embeddable":true,"href":"https:\/\/wp.catedu.es\/cmeducativo\/wp-json\/wp\/v2\/comments?post=232"}],"version-history":[{"count":1,"href":"https:\/\/wp.catedu.es\/cmeducativo\/wp-json\/wp\/v2\/pages\/232\/revisions"}],"predecessor-version":[{"id":234,"href":"https:\/\/wp.catedu.es\/cmeducativo\/wp-json\/wp\/v2\/pages\/232\/revisions\/234"}],"up":[{"embeddable":true,"href":"https:\/\/wp.catedu.es\/cmeducativo\/wp-json\/wp\/v2\/pages\/173"}],"wp:attachment":[{"href":"https:\/\/wp.catedu.es\/cmeducativo\/wp-json\/wp\/v2\/media?parent=232"}],"curies":[{"name":"wp","href":"https:\/\/api.w.org\/{rel}","templated":true}]}}