{"id":256,"date":"2019-05-12T01:37:17","date_gmt":"2019-05-11T23:37:17","guid":{"rendered":"http:\/\/wp.catedu.es\/cmeducativo\/?page_id=256"},"modified":"2019-05-12T01:37:17","modified_gmt":"2019-05-11T23:37:17","slug":"openshot","status":"publish","type":"page","link":"https:\/\/wp.catedu.es\/cmeducativo\/openshot\/","title":{"rendered":"Openshot"},"content":{"rendered":"<p style=\"text-align: justify;\"><b>OpenShot<\/b> es un editor de v\u00eddeo gratuito y de c\u00f3digo abierto que nos permite crear nuestros propios clips de v\u00eddeo a partir de uno o varios v\u00eddeos, sonidos e im\u00e1genes. OpenShot es capaz de trabajar con la mayor\u00eda de los formatos de audio, v\u00eddeo e imagen conocidos.<\/p>\n<p style=\"text-align: justify;\">Su aspecto es similar al de otros editores de v\u00eddeo m\u00e1s famosos como\u00a0Movie Maker\u00a0o\u00a0<a title=\"PowerDirector\" href=\"https:\/\/www.ecured.cu\/PowerDirector\">PowerDirector<\/a>. Los que hayan manejado ya otros programas del mismo estilo no tendr\u00e1n problemas al enfrentarse a este editor. Posee un buen n\u00famero de efectos y transiciones para que el resultado final sea impecable. Si a esto le unimos una excelente herramienta de corte, uni\u00f3n y redimensi\u00f3n de v\u00eddeos encontramos en OpenShot una alternativa ideal a los principales editores de v\u00eddeo.<\/p>\n<p style=\"text-align: center;\"><a href=\"https:\/\/www.openshot.org\/es\/download\/\" target=\"_blank\" rel=\"noopener noreferrer\">Descarga gratuita<\/a><\/p>\n<p style=\"text-align: center;\"><img loading=\"lazy\" decoding=\"async\" class=\"alignnone size-full wp-image-257\" src=\"http:\/\/wp.catedu.es\/cmeducativo\/wp-content\/uploads\/sites\/135\/2019\/05\/openshot243.jpg\" alt=\"\" width=\"1200\" height=\"827\" srcset=\"https:\/\/wp.catedu.es\/cmeducativo\/wp-content\/uploads\/sites\/135\/2019\/05\/openshot243.jpg 1200w, https:\/\/wp.catedu.es\/cmeducativo\/wp-content\/uploads\/sites\/135\/2019\/05\/openshot243-300x207.jpg 300w, https:\/\/wp.catedu.es\/cmeducativo\/wp-content\/uploads\/sites\/135\/2019\/05\/openshot243-768x529.jpg 768w, https:\/\/wp.catedu.es\/cmeducativo\/wp-content\/uploads\/sites\/135\/2019\/05\/openshot243-1024x706.jpg 1024w\" sizes=\"auto, (max-width: 1200px) 100vw, 1200px\" \/><\/p>\n","protected":false},"excerpt":{"rendered":"<p>OpenShot es un editor de v\u00eddeo gratuito y de c\u00f3digo abierto que nos permite crear nuestros propios clips de v\u00eddeo a partir de uno o varios v\u00eddeos, sonidos e im\u00e1genes. OpenShot es capaz de trabajar con la mayor\u00eda de los formatos de audio, v\u00eddeo e imagen conocidos. Su aspecto es similar al de otros editores &hellip; <\/p>\n<p><a class=\"more-link btn\" href=\"https:\/\/wp.catedu.es\/cmeducativo\/openshot\/\">Seguir leyendo<\/a><\/p>\n","protected":false},"author":268,"featured_media":0,"parent":0,"menu_order":0,"comment_status":"closed","ping_status":"closed","template":"","meta":{"_s2mail":"","footnotes":""},"class_list":["post-256","page","type-page","status-publish","hentry","nodate","item-wrap"],"_links":{"self":[{"href":"https:\/\/wp.catedu.es\/cmeducativo\/wp-json\/wp\/v2\/pages\/256","targetHints":{"allow":["GET"]}}],"collection":[{"href":"https:\/\/wp.catedu.es\/cmeducativo\/wp-json\/wp\/v2\/pages"}],"about":[{"href":"https:\/\/wp.catedu.es\/cmeducativo\/wp-json\/wp\/v2\/types\/page"}],"author":[{"embeddable":true,"href":"https:\/\/wp.catedu.es\/cmeducativo\/wp-json\/wp\/v2\/users\/268"}],"replies":[{"embeddable":true,"href":"https:\/\/wp.catedu.es\/cmeducativo\/wp-json\/wp\/v2\/comments?post=256"}],"version-history":[{"count":1,"href":"https:\/\/wp.catedu.es\/cmeducativo\/wp-json\/wp\/v2\/pages\/256\/revisions"}],"predecessor-version":[{"id":258,"href":"https:\/\/wp.catedu.es\/cmeducativo\/wp-json\/wp\/v2\/pages\/256\/revisions\/258"}],"wp:attachment":[{"href":"https:\/\/wp.catedu.es\/cmeducativo\/wp-json\/wp\/v2\/media?parent=256"}],"curies":[{"name":"wp","href":"https:\/\/api.w.org\/{rel}","templated":true}]}}