{"id":583,"date":"2019-10-15T09:22:40","date_gmt":"2019-10-15T07:22:40","guid":{"rendered":"http:\/\/wp.catedu.es\/cmeducativo\/?page_id=583"},"modified":"2019-10-15T12:17:55","modified_gmt":"2019-10-15T10:17:55","slug":"herramientas-para-video","status":"publish","type":"page","link":"https:\/\/wp.catedu.es\/cmeducativo\/video\/herramientas-para-video\/","title":{"rendered":"Herramientas para v\u00eddeo"},"content":{"rendered":"<p>Presentamos en esta secci\u00f3n algunas herramientas sencillas para la edici\u00f3n de v\u00eddeo; se trata de programas gratuitos o, al menos con una versi\u00f3n libre.<\/p>\n<h4><strong>Veremos algunas que se utilizan en dispositivos m\u00f3viles:<\/strong><\/h4>\n<ul>\n<li><a href=\"http:\/\/wp.catedu.es\/cmeducativo\/quik-app\/\"><strong>Quik<\/strong><\/a>, una aplicaci\u00f3n para crear videos a partir de fotos y videos de tu m\u00f3vil. Agregar transiciones y efectos, o m\u00fasica es muy sencillo.<\/li>\n<\/ul>\n<p><img loading=\"lazy\" decoding=\"async\" class=\"aligncenter size-full wp-image-584\" src=\"http:\/\/wp.catedu.es\/cmeducativo\/wp-content\/uploads\/sites\/135\/2019\/10\/quik.png\" alt=\"\" width=\"178\" height=\"176\" \/><\/p>\n<ul>\n<li><a href=\"http:\/\/wp.catedu.es\/cmeducativo\/quik-app\/kinemaster-alternativa\/\"><strong>Kinemaster<\/strong> <\/a>es, adem\u00e1s que una alternativa a Quik, una app que nos facilita la creaci\u00f3n de v\u00eddeos con efecto CromaKey<\/li>\n<\/ul>\n<p><img loading=\"lazy\" decoding=\"async\" class=\"aligncenter size-full wp-image-585\" src=\"http:\/\/wp.catedu.es\/cmeducativo\/wp-content\/uploads\/sites\/135\/2019\/10\/kinemaster.png\" alt=\"\" width=\"176\" height=\"177\" srcset=\"https:\/\/wp.catedu.es\/cmeducativo\/wp-content\/uploads\/sites\/135\/2019\/10\/kinemaster.png 176w, https:\/\/wp.catedu.es\/cmeducativo\/wp-content\/uploads\/sites\/135\/2019\/10\/kinemaster-150x150.png 150w\" sizes=\"auto, (max-width: 176px) 100vw, 176px\" \/><\/p>\n<h4>Otras para dispositivos fijos:<\/h4>\n<ul>\n<li><a href=\"http:\/\/wp.catedu.es\/cmeducativo\/openshot\/\"><b>OpenShot<\/b><\/a>\u00a0es un editor de v\u00eddeo gratuito y de c\u00f3digo abierto que nos permite crear nuestros propios clips de v\u00eddeo a partir de uno o varios v\u00eddeos, sonidos e im\u00e1genes. OpenShot es capaz de trabajar con la mayor\u00eda de los formatos de audio, v\u00eddeo e imagen conocidos.<\/li>\n<\/ul>\n<p><img loading=\"lazy\" decoding=\"async\" class=\"aligncenter size-full wp-image-586\" src=\"http:\/\/wp.catedu.es\/cmeducativo\/wp-content\/uploads\/sites\/135\/2019\/10\/openshot.jpg\" alt=\"\" width=\"186\" height=\"186\" srcset=\"https:\/\/wp.catedu.es\/cmeducativo\/wp-content\/uploads\/sites\/135\/2019\/10\/openshot.jpg 186w, https:\/\/wp.catedu.es\/cmeducativo\/wp-content\/uploads\/sites\/135\/2019\/10\/openshot-150x150.jpg 150w\" sizes=\"auto, (max-width: 186px) 100vw, 186px\" \/><\/p>\n<ul>\n<li>Dado que hemos tenido alg\u00fan problema a la hora de editar Croma con OpenShot, recomendamos otra herramienta similar y tambi\u00e9n libre llamada Shotcut, un completo editor de v\u00eddeo, gratuito y de c\u00f3digo abierto.<\/li>\n<\/ul>\n<p><img loading=\"lazy\" decoding=\"async\" class=\"aligncenter size-full wp-image-587\" src=\"http:\/\/wp.catedu.es\/cmeducativo\/wp-content\/uploads\/sites\/135\/2019\/10\/shotcut.png\" alt=\"\" width=\"342\" height=\"73\" srcset=\"https:\/\/wp.catedu.es\/cmeducativo\/wp-content\/uploads\/sites\/135\/2019\/10\/shotcut.png 342w, https:\/\/wp.catedu.es\/cmeducativo\/wp-content\/uploads\/sites\/135\/2019\/10\/shotcut-300x64.png 300w\" sizes=\"auto, (max-width: 342px) 100vw, 342px\" \/><\/p>\n<p>Aplicaciones Web 2.0<\/p>\n<ul>\n<li><a href=\"https:\/\/biteable.com\/\" target=\"_blank\" rel=\"noopener noreferrer\"><strong>Biteable<\/strong> <\/a>es una herramienta gratuita, aunque deja marca de agua, que permite crear v\u00eddeo-presentaciones animadas como \u00e9sta; <a href=\"http:\/\/wp.catedu.es\/cmeducativo\/video\/biteable\/\"><strong>dejamos en el blog un manual breve<\/strong><\/a>.<\/li>\n<\/ul>\n<p><img loading=\"lazy\" decoding=\"async\" class=\"aligncenter wp-image-600 \" src=\"http:\/\/wp.catedu.es\/cmeducativo\/wp-content\/uploads\/sites\/135\/2019\/10\/biteable-logo-icon-256x323_@2x-150x150.png\" alt=\"\" width=\"164\" height=\"164\" \/><\/p>\n<div class=\"embed-container\"><iframe loading=\"lazy\" width=\"847\" height=\"476\" src=\"https:\/\/www.youtube.com\/embed\/sAQ9kSyZEno?feature=oembed\" frameborder=\"0\" allow=\"accelerometer; autoplay; encrypted-media; gyroscope; picture-in-picture\" allowfullscreen><\/iframe><\/div>\n<ul>\n<li><a href=\"https:\/\/www.kizoa.es\" target=\"_blank\" rel=\"noopener noreferrer\"><strong>Kizoa<\/strong><\/a>, por su parte, permite hacer algo muy similar a Quik, pero con ordenador. Te dejamos la <a href=\"http:\/\/wp.catedu.es\/cmeducativo\/video\/herramientas-para-video\/kizoa\/\"><strong>playlist con v\u00eddeos de ayuda en espa\u00f1ol<\/strong><\/a> para que puedas investigar.<\/li>\n<\/ul>\n<p><img loading=\"lazy\" decoding=\"async\" class=\"aligncenter size-full wp-image-601\" src=\"http:\/\/wp.catedu.es\/cmeducativo\/wp-content\/uploads\/sites\/135\/2019\/10\/titulo-kizoa.png\" alt=\"\" width=\"460\" height=\"166\" srcset=\"https:\/\/wp.catedu.es\/cmeducativo\/wp-content\/uploads\/sites\/135\/2019\/10\/titulo-kizoa.png 460w, https:\/\/wp.catedu.es\/cmeducativo\/wp-content\/uploads\/sites\/135\/2019\/10\/titulo-kizoa-300x108.png 300w\" sizes=\"auto, (max-width: 460px) 100vw, 460px\" \/><\/p>\n<div class=\"embed-container\"><iframe loading=\"lazy\" width=\"847\" height=\"635\" src=\"https:\/\/www.youtube.com\/embed\/U17zUICo430?start=10&#038;feature=oembed\" frameborder=\"0\" allow=\"accelerometer; autoplay; encrypted-media; gyroscope; picture-in-picture\" allowfullscreen><\/iframe><\/div>\n<ul>\n<li><a href=\"http:\/\/wp.catedu.es\/cmeducativo\/video\/screen-cast\/\"><strong>Screencast<\/strong><\/a>. Finalmente, es posible que quieras capturar pantalla. El asunto est\u00e1 resuelto con <a href=\"https:\/\/obsproject.com\/es\/download\" target=\"_blank\" rel=\"noopener noreferrer\"><strong>ObsStudio<\/strong><\/a><\/li>\n<\/ul>\n<p><img loading=\"lazy\" decoding=\"async\" class=\"aligncenter size-full wp-image-602\" src=\"http:\/\/wp.catedu.es\/cmeducativo\/wp-content\/uploads\/sites\/135\/2019\/10\/obs.png\" alt=\"\" width=\"388\" height=\"77\" srcset=\"https:\/\/wp.catedu.es\/cmeducativo\/wp-content\/uploads\/sites\/135\/2019\/10\/obs.png 388w, https:\/\/wp.catedu.es\/cmeducativo\/wp-content\/uploads\/sites\/135\/2019\/10\/obs-300x60.png 300w\" sizes=\"auto, (max-width: 388px) 100vw, 388px\" \/><\/p>\n","protected":false},"excerpt":{"rendered":"<p>Presentamos en esta secci\u00f3n algunas herramientas sencillas para la edici\u00f3n de v\u00eddeo; se trata de programas gratuitos o, al menos con una versi\u00f3n libre. Veremos algunas que se utilizan en dispositivos m\u00f3viles: Quik, una aplicaci\u00f3n para crear videos a partir de fotos y videos de tu m\u00f3vil. Agregar transiciones y efectos, o m\u00fasica es muy &hellip; <\/p>\n<p><a class=\"more-link btn\" href=\"https:\/\/wp.catedu.es\/cmeducativo\/video\/herramientas-para-video\/\">Seguir leyendo<\/a><\/p>\n","protected":false},"author":263,"featured_media":0,"parent":173,"menu_order":0,"comment_status":"closed","ping_status":"closed","template":"","meta":{"_s2mail":"","footnotes":""},"class_list":["post-583","page","type-page","status-publish","hentry","nodate","item-wrap"],"_links":{"self":[{"href":"https:\/\/wp.catedu.es\/cmeducativo\/wp-json\/wp\/v2\/pages\/583","targetHints":{"allow":["GET"]}}],"collection":[{"href":"https:\/\/wp.catedu.es\/cmeducativo\/wp-json\/wp\/v2\/pages"}],"about":[{"href":"https:\/\/wp.catedu.es\/cmeducativo\/wp-json\/wp\/v2\/types\/page"}],"author":[{"embeddable":true,"href":"https:\/\/wp.catedu.es\/cmeducativo\/wp-json\/wp\/v2\/users\/263"}],"replies":[{"embeddable":true,"href":"https:\/\/wp.catedu.es\/cmeducativo\/wp-json\/wp\/v2\/comments?post=583"}],"version-history":[{"count":3,"href":"https:\/\/wp.catedu.es\/cmeducativo\/wp-json\/wp\/v2\/pages\/583\/revisions"}],"predecessor-version":[{"id":603,"href":"https:\/\/wp.catedu.es\/cmeducativo\/wp-json\/wp\/v2\/pages\/583\/revisions\/603"}],"up":[{"embeddable":true,"href":"https:\/\/wp.catedu.es\/cmeducativo\/wp-json\/wp\/v2\/pages\/173"}],"wp:attachment":[{"href":"https:\/\/wp.catedu.es\/cmeducativo\/wp-json\/wp\/v2\/media?parent=583"}],"curies":[{"name":"wp","href":"https:\/\/api.w.org\/{rel}","templated":true}]}}