{"id":596,"date":"2019-10-15T09:46:38","date_gmt":"2019-10-15T07:46:38","guid":{"rendered":"http:\/\/wp.catedu.es\/cmeducativo\/?page_id=596"},"modified":"2019-10-15T09:46:38","modified_gmt":"2019-10-15T07:46:38","slug":"kizoa","status":"publish","type":"page","link":"https:\/\/wp.catedu.es\/cmeducativo\/video\/herramientas-para-video\/kizoa\/","title":{"rendered":"Kizoa"},"content":{"rendered":"<p>Te dejamos la<strong><a href=\"https:\/\/www.youtube.com\/playlist?list=PLFA126792609AA2BE\" target=\"_blank\" rel=\"noopener noreferrer\"> playlist de Kizoa<\/a><\/strong> en espa\u00f1ol con breves v\u00eddeos de las funciones m\u00e1s habituales.<\/p>\n<div class=\"embed-container\"><iframe loading=\"lazy\" width=\"847\" height=\"476\" src=\"https:\/\/www.youtube.com\/embed\/videoseries?list=PLFA126792609AA2BE\" frameborder=\"0\" allow=\"accelerometer; autoplay; encrypted-media; gyroscope; picture-in-picture\" allowfullscreen><\/iframe><\/div>\n<p>&nbsp;<\/p>\n","protected":false},"excerpt":{"rendered":"<p>Te dejamos la playlist de Kizoa en espa\u00f1ol con breves v\u00eddeos de las funciones m\u00e1s habituales. &nbsp;<\/p>\n","protected":false},"author":263,"featured_media":0,"parent":583,"menu_order":0,"comment_status":"closed","ping_status":"closed","template":"","meta":{"_s2mail":"","footnotes":""},"class_list":["post-596","page","type-page","status-publish","hentry","nodate","item-wrap"],"_links":{"self":[{"href":"https:\/\/wp.catedu.es\/cmeducativo\/wp-json\/wp\/v2\/pages\/596","targetHints":{"allow":["GET"]}}],"collection":[{"href":"https:\/\/wp.catedu.es\/cmeducativo\/wp-json\/wp\/v2\/pages"}],"about":[{"href":"https:\/\/wp.catedu.es\/cmeducativo\/wp-json\/wp\/v2\/types\/page"}],"author":[{"embeddable":true,"href":"https:\/\/wp.catedu.es\/cmeducativo\/wp-json\/wp\/v2\/users\/263"}],"replies":[{"embeddable":true,"href":"https:\/\/wp.catedu.es\/cmeducativo\/wp-json\/wp\/v2\/comments?post=596"}],"version-history":[{"count":1,"href":"https:\/\/wp.catedu.es\/cmeducativo\/wp-json\/wp\/v2\/pages\/596\/revisions"}],"predecessor-version":[{"id":597,"href":"https:\/\/wp.catedu.es\/cmeducativo\/wp-json\/wp\/v2\/pages\/596\/revisions\/597"}],"up":[{"embeddable":true,"href":"https:\/\/wp.catedu.es\/cmeducativo\/wp-json\/wp\/v2\/pages\/583"}],"wp:attachment":[{"href":"https:\/\/wp.catedu.es\/cmeducativo\/wp-json\/wp\/v2\/media?parent=596"}],"curies":[{"name":"wp","href":"https:\/\/api.w.org\/{rel}","templated":true}]}}