{"id":1143,"date":"2015-02-06T14:16:11","date_gmt":"2015-02-06T13:16:11","guid":{"rendered":"http:\/\/wp.catedu.es\/colaboraulatic\/?page_id=1143"},"modified":"2016-05-12T11:35:30","modified_gmt":"2016-05-12T10:35:30","slug":"materiales-sesiones","status":"publish","type":"page","link":"https:\/\/wp.catedu.es\/colaboraulatic\/tabletas\/materiales-sesiones\/","title":{"rendered":"Materiales sesiones"},"content":{"rendered":"<table width=\"1010\">\n<tbody>\n<tr>\n<td style=\"text-align: center;\"><strong>Tem\u00e1tica<\/strong><\/td>\n<td style=\"text-align: center;\"><strong>Nombre<\/strong><\/td>\n<td style=\"text-align: center;\"><strong>Tipo de archivo<\/strong><\/td>\n<td style=\"text-align: center;\"><strong>Enlace<\/strong><\/td>\n<\/tr>\n<tr>\n<td style=\"text-align: center;\"><strong>Recursos para lectoescritura<\/strong><\/td>\n<td>Sesi\u00f3n de recursos de lectoescritura. Seminario AL Zaragoza.<\/td>\n<td style=\"vertical-align: middle;\">Presentaci\u00f3n de drive<\/td>\n<td style=\"vertical-align: middle;\"><a href=\"https:\/\/docs.google.com\/presentation\/d\/1AkUo1lz0lUnw3hGuqTDAwB0T_fO5CahO0CfrNzAtMOw\/edit#slide=id.g1232f900d3_0_6\" target=\"_blank\"><img loading=\"lazy\" decoding=\"async\" data-attachment-id=\"557\" data-permalink=\"https:\/\/wp.catedu.es\/colaboraulatic\/tabletas\/clic-aki\/\" data-orig-file=\"https:\/\/wp.catedu.es\/colaboraulatic\/wp-content\/uploads\/sites\/4\/2014\/11\/CLIC-AKI-e1417610961505.png\" data-orig-size=\"20,20\" data-comments-opened=\"1\" data-image-meta=\"{&quot;aperture&quot;:&quot;0&quot;,&quot;credit&quot;:&quot;&quot;,&quot;camera&quot;:&quot;&quot;,&quot;caption&quot;:&quot;&quot;,&quot;created_timestamp&quot;:&quot;0&quot;,&quot;copyright&quot;:&quot;&quot;,&quot;focal_length&quot;:&quot;0&quot;,&quot;iso&quot;:&quot;0&quot;,&quot;shutter_speed&quot;:&quot;0&quot;,&quot;title&quot;:&quot;&quot;,&quot;orientation&quot;:&quot;0&quot;}\" data-image-title=\"CLIC AKI\" data-image-description=\"\" data-image-caption=\"\" data-medium-file=\"https:\/\/wp.catedu.es\/colaboraulatic\/wp-content\/uploads\/sites\/4\/2014\/11\/CLIC-AKI-e1417610961505.png\" data-large-file=\"https:\/\/wp.catedu.es\/colaboraulatic\/wp-content\/uploads\/sites\/4\/2014\/11\/CLIC-AKI-e1417610961505.png\" class=\"aligncenter wp-image-557\" src=\"http:\/\/wp.catedu.es\/colaboraulatic\/wp-content\/uploads\/sites\/4\/2014\/11\/CLIC-AKI.png\" alt=\"CLIC AKI\" width=\"20\" height=\"20\" \/><\/a><\/td>\n<\/tr>\n<tr>\n<td style=\"text-align: center;\"><strong>Tablet en el aula<\/strong><\/td>\n<td>Sesi\u00f3n b\u00e1sica de tablet en el aula(2,5 horas) para curso de PDI tabletas y rob\u00f3tica. 22\/03\/2016<\/td>\n<td>Documento drive<\/td>\n<td><a title=\"flipped\" href=\"https:\/\/docs.google.com\/document\/d\/15bLu9nYzXeVY7hoeiFwxzAa1Ukrl6gY8uonXGbVgT6A\/edit?usp=sharing\" target=\"_blank\"><img loading=\"lazy\" decoding=\"async\" data-attachment-id=\"557\" data-permalink=\"https:\/\/wp.catedu.es\/colaboraulatic\/tabletas\/clic-aki\/\" data-orig-file=\"https:\/\/wp.catedu.es\/colaboraulatic\/wp-content\/uploads\/sites\/4\/2014\/11\/CLIC-AKI-e1417610961505.png\" data-orig-size=\"20,20\" data-comments-opened=\"1\" data-image-meta=\"{&quot;aperture&quot;:&quot;0&quot;,&quot;credit&quot;:&quot;&quot;,&quot;camera&quot;:&quot;&quot;,&quot;caption&quot;:&quot;&quot;,&quot;created_timestamp&quot;:&quot;0&quot;,&quot;copyright&quot;:&quot;&quot;,&quot;focal_length&quot;:&quot;0&quot;,&quot;iso&quot;:&quot;0&quot;,&quot;shutter_speed&quot;:&quot;0&quot;,&quot;title&quot;:&quot;&quot;,&quot;orientation&quot;:&quot;0&quot;}\" data-image-title=\"CLIC AKI\" data-image-description=\"\" data-image-caption=\"\" data-medium-file=\"https:\/\/wp.catedu.es\/colaboraulatic\/wp-content\/uploads\/sites\/4\/2014\/11\/CLIC-AKI-e1417610961505.png\" data-large-file=\"https:\/\/wp.catedu.es\/colaboraulatic\/wp-content\/uploads\/sites\/4\/2014\/11\/CLIC-AKI-e1417610961505.png\" class=\"aligncenter wp-image-557\" src=\"http:\/\/wp.catedu.es\/colaboraulatic\/wp-content\/uploads\/sites\/4\/2014\/11\/CLIC-AKI.png\" alt=\"CLIC AKI\" width=\"20\" height=\"20\" \/><\/a><\/td>\n<\/tr>\n<tr>\n<td style=\"text-align: center;\"><strong>Prezi<\/strong><\/td>\n<td>Taller b\u00e1sico en CEIP Miraflores<\/td>\n<td>Documento drive<\/td>\n<td><a title=\"flipped\" href=\"https:\/\/docs.google.com\/document\/d\/1Qe9tNSGq2o5-5_WIMEYr1hmy8wlKlOi73-62WmQvfTo\/edit?usp=sharing\" target=\"_blank\"><img loading=\"lazy\" decoding=\"async\" data-attachment-id=\"557\" data-permalink=\"https:\/\/wp.catedu.es\/colaboraulatic\/tabletas\/clic-aki\/\" data-orig-file=\"https:\/\/wp.catedu.es\/colaboraulatic\/wp-content\/uploads\/sites\/4\/2014\/11\/CLIC-AKI-e1417610961505.png\" data-orig-size=\"20,20\" data-comments-opened=\"1\" data-image-meta=\"{&quot;aperture&quot;:&quot;0&quot;,&quot;credit&quot;:&quot;&quot;,&quot;camera&quot;:&quot;&quot;,&quot;caption&quot;:&quot;&quot;,&quot;created_timestamp&quot;:&quot;0&quot;,&quot;copyright&quot;:&quot;&quot;,&quot;focal_length&quot;:&quot;0&quot;,&quot;iso&quot;:&quot;0&quot;,&quot;shutter_speed&quot;:&quot;0&quot;,&quot;title&quot;:&quot;&quot;,&quot;orientation&quot;:&quot;0&quot;}\" data-image-title=\"CLIC AKI\" data-image-description=\"\" data-image-caption=\"\" data-medium-file=\"https:\/\/wp.catedu.es\/colaboraulatic\/wp-content\/uploads\/sites\/4\/2014\/11\/CLIC-AKI-e1417610961505.png\" data-large-file=\"https:\/\/wp.catedu.es\/colaboraulatic\/wp-content\/uploads\/sites\/4\/2014\/11\/CLIC-AKI-e1417610961505.png\" class=\"aligncenter wp-image-557\" src=\"http:\/\/wp.catedu.es\/colaboraulatic\/wp-content\/uploads\/sites\/4\/2014\/11\/CLIC-AKI.png\" alt=\"CLIC AKI\" width=\"20\" height=\"20\" \/><\/a><\/td>\n<\/tr>\n<tr>\n<td style=\"text-align: center;\"><strong>\u00a0V\u00eddeo<\/strong><\/td>\n<td>Sesi\u00f3n gen\u00e9rica de descarga y gesti\u00f3n de video y flash para la PDI Sankore<\/td>\n<td>Presentaci\u00f3n Google Drive<\/td>\n<td><a title=\"pdi generico\" href=\"https:\/\/docs.google.com\/presentation\/d\/1IWpRBYRu36f_dcGcEBD4X7NOzQyKvSSk3ArJqy7R9QQ\/edit?usp=sharing\" target=\"_blank\"><img loading=\"lazy\" decoding=\"async\" data-attachment-id=\"557\" data-permalink=\"https:\/\/wp.catedu.es\/colaboraulatic\/tabletas\/clic-aki\/\" data-orig-file=\"https:\/\/wp.catedu.es\/colaboraulatic\/wp-content\/uploads\/sites\/4\/2014\/11\/CLIC-AKI-e1417610961505.png\" data-orig-size=\"20,20\" data-comments-opened=\"1\" data-image-meta=\"{&quot;aperture&quot;:&quot;0&quot;,&quot;credit&quot;:&quot;&quot;,&quot;camera&quot;:&quot;&quot;,&quot;caption&quot;:&quot;&quot;,&quot;created_timestamp&quot;:&quot;0&quot;,&quot;copyright&quot;:&quot;&quot;,&quot;focal_length&quot;:&quot;0&quot;,&quot;iso&quot;:&quot;0&quot;,&quot;shutter_speed&quot;:&quot;0&quot;,&quot;title&quot;:&quot;&quot;,&quot;orientation&quot;:&quot;0&quot;}\" data-image-title=\"CLIC AKI\" data-image-description=\"\" data-image-caption=\"\" data-medium-file=\"https:\/\/wp.catedu.es\/colaboraulatic\/wp-content\/uploads\/sites\/4\/2014\/11\/CLIC-AKI-e1417610961505.png\" data-large-file=\"https:\/\/wp.catedu.es\/colaboraulatic\/wp-content\/uploads\/sites\/4\/2014\/11\/CLIC-AKI-e1417610961505.png\" class=\"aligncenter wp-image-557\" src=\"http:\/\/wp.catedu.es\/colaboraulatic\/wp-content\/uploads\/sites\/4\/2014\/11\/CLIC-AKI.png\" alt=\"CLIC AKI\" width=\"20\" height=\"20\" \/><\/a><\/td>\n<\/tr>\n<tr>\n<td style=\"text-align: center;\"><strong>PDI<\/strong><\/td>\n<td>Sesi\u00f3n de Sankore para infantil y primaria(Alpartir)<\/td>\n<td>Archivo Sankore(.ubz)<\/td>\n<td><a title=\"sankore\" href=\"https:\/\/www.dropbox.com\/s\/gvd4qwstwllwhlp\/SESION%20SANKORE%20ALPARTIR%20FEBRERO%202015.ubz?dl=0\" target=\"_blank\"><img loading=\"lazy\" decoding=\"async\" data-attachment-id=\"557\" data-permalink=\"https:\/\/wp.catedu.es\/colaboraulatic\/tabletas\/clic-aki\/\" data-orig-file=\"https:\/\/wp.catedu.es\/colaboraulatic\/wp-content\/uploads\/sites\/4\/2014\/11\/CLIC-AKI-e1417610961505.png\" data-orig-size=\"20,20\" data-comments-opened=\"1\" data-image-meta=\"{&quot;aperture&quot;:&quot;0&quot;,&quot;credit&quot;:&quot;&quot;,&quot;camera&quot;:&quot;&quot;,&quot;caption&quot;:&quot;&quot;,&quot;created_timestamp&quot;:&quot;0&quot;,&quot;copyright&quot;:&quot;&quot;,&quot;focal_length&quot;:&quot;0&quot;,&quot;iso&quot;:&quot;0&quot;,&quot;shutter_speed&quot;:&quot;0&quot;,&quot;title&quot;:&quot;&quot;,&quot;orientation&quot;:&quot;0&quot;}\" data-image-title=\"CLIC AKI\" data-image-description=\"\" data-image-caption=\"\" data-medium-file=\"https:\/\/wp.catedu.es\/colaboraulatic\/wp-content\/uploads\/sites\/4\/2014\/11\/CLIC-AKI-e1417610961505.png\" data-large-file=\"https:\/\/wp.catedu.es\/colaboraulatic\/wp-content\/uploads\/sites\/4\/2014\/11\/CLIC-AKI-e1417610961505.png\" class=\"aligncenter wp-image-557\" src=\"http:\/\/wp.catedu.es\/colaboraulatic\/wp-content\/uploads\/sites\/4\/2014\/11\/CLIC-AKI.png\" alt=\"CLIC AKI\" width=\"20\" height=\"20\" \/><\/a><\/td>\n<\/tr>\n<tr>\n<td style=\"text-align: center;\" rowspan=\"2\"><strong>Flipped classroom<\/strong><\/td>\n<td>Sesi\u00f3n de Flipped classroom(CP Valdespartera)<\/td>\n<td>Presentaci\u00f3n Google drive<\/td>\n<td><a title=\"flipped\" href=\"https:\/\/docs.google.com\/presentation\/d\/1lrikXvA_8HM4bPiAYmWC8HwhgyWuw_CL4Flh1wr7VUw\/edit?usp=sharing\" target=\"_blank\"><img loading=\"lazy\" decoding=\"async\" data-attachment-id=\"557\" data-permalink=\"https:\/\/wp.catedu.es\/colaboraulatic\/tabletas\/clic-aki\/\" data-orig-file=\"https:\/\/wp.catedu.es\/colaboraulatic\/wp-content\/uploads\/sites\/4\/2014\/11\/CLIC-AKI-e1417610961505.png\" data-orig-size=\"20,20\" data-comments-opened=\"1\" data-image-meta=\"{&quot;aperture&quot;:&quot;0&quot;,&quot;credit&quot;:&quot;&quot;,&quot;camera&quot;:&quot;&quot;,&quot;caption&quot;:&quot;&quot;,&quot;created_timestamp&quot;:&quot;0&quot;,&quot;copyright&quot;:&quot;&quot;,&quot;focal_length&quot;:&quot;0&quot;,&quot;iso&quot;:&quot;0&quot;,&quot;shutter_speed&quot;:&quot;0&quot;,&quot;title&quot;:&quot;&quot;,&quot;orientation&quot;:&quot;0&quot;}\" data-image-title=\"CLIC AKI\" data-image-description=\"\" data-image-caption=\"\" data-medium-file=\"https:\/\/wp.catedu.es\/colaboraulatic\/wp-content\/uploads\/sites\/4\/2014\/11\/CLIC-AKI-e1417610961505.png\" data-large-file=\"https:\/\/wp.catedu.es\/colaboraulatic\/wp-content\/uploads\/sites\/4\/2014\/11\/CLIC-AKI-e1417610961505.png\" class=\"aligncenter wp-image-557\" src=\"http:\/\/wp.catedu.es\/colaboraulatic\/wp-content\/uploads\/sites\/4\/2014\/11\/CLIC-AKI.png\" alt=\"CLIC AKI\" width=\"20\" height=\"20\" \/><\/a><\/td>\n<\/tr>\n<tr>\n<td>Sesi\u00f3n de flipped classroom(CEIP Miraflores)<\/td>\n<td>Presentaci\u00f3n de Google drive(m\u00e1s actual)<\/td>\n<td><a title=\"flipped\" href=\"https:\/\/docs.google.com\/presentation\/d\/1dA2T5UMXjzhkR4A9_LRLA5Pd9EbHkpx8RPJRmdfL11I\/edit?usp=sharing\" target=\"_blank\"><img loading=\"lazy\" decoding=\"async\" data-attachment-id=\"557\" data-permalink=\"https:\/\/wp.catedu.es\/colaboraulatic\/tabletas\/clic-aki\/\" data-orig-file=\"https:\/\/wp.catedu.es\/colaboraulatic\/wp-content\/uploads\/sites\/4\/2014\/11\/CLIC-AKI-e1417610961505.png\" data-orig-size=\"20,20\" data-comments-opened=\"1\" data-image-meta=\"{&quot;aperture&quot;:&quot;0&quot;,&quot;credit&quot;:&quot;&quot;,&quot;camera&quot;:&quot;&quot;,&quot;caption&quot;:&quot;&quot;,&quot;created_timestamp&quot;:&quot;0&quot;,&quot;copyright&quot;:&quot;&quot;,&quot;focal_length&quot;:&quot;0&quot;,&quot;iso&quot;:&quot;0&quot;,&quot;shutter_speed&quot;:&quot;0&quot;,&quot;title&quot;:&quot;&quot;,&quot;orientation&quot;:&quot;0&quot;}\" data-image-title=\"CLIC AKI\" data-image-description=\"\" data-image-caption=\"\" data-medium-file=\"https:\/\/wp.catedu.es\/colaboraulatic\/wp-content\/uploads\/sites\/4\/2014\/11\/CLIC-AKI-e1417610961505.png\" data-large-file=\"https:\/\/wp.catedu.es\/colaboraulatic\/wp-content\/uploads\/sites\/4\/2014\/11\/CLIC-AKI-e1417610961505.png\" class=\"aligncenter wp-image-557\" src=\"http:\/\/wp.catedu.es\/colaboraulatic\/wp-content\/uploads\/sites\/4\/2014\/11\/CLIC-AKI.png\" alt=\"CLIC AKI\" width=\"20\" height=\"20\" \/><\/a><\/td>\n<\/tr>\n<tr>\n<td style=\"text-align: center;\"><strong>Tablet Windows<\/strong><\/td>\n<td>Sesi\u00f3n sobre tablet windows, utilidades, aplicaciones y configuraci\u00f3n b\u00e1sica(CEIP Tom\u00e1s Alvira)<\/td>\n<td>P\u00e1gina de wordpress<\/td>\n<td><a href=\"http:\/\/wp.me\/P5O2qe-mS\u00a0\" target=\"_blank\"><img loading=\"lazy\" decoding=\"async\" data-attachment-id=\"557\" data-permalink=\"https:\/\/wp.catedu.es\/colaboraulatic\/tabletas\/clic-aki\/\" data-orig-file=\"https:\/\/wp.catedu.es\/colaboraulatic\/wp-content\/uploads\/sites\/4\/2014\/11\/CLIC-AKI-e1417610961505.png\" data-orig-size=\"20,20\" data-comments-opened=\"1\" data-image-meta=\"{&quot;aperture&quot;:&quot;0&quot;,&quot;credit&quot;:&quot;&quot;,&quot;camera&quot;:&quot;&quot;,&quot;caption&quot;:&quot;&quot;,&quot;created_timestamp&quot;:&quot;0&quot;,&quot;copyright&quot;:&quot;&quot;,&quot;focal_length&quot;:&quot;0&quot;,&quot;iso&quot;:&quot;0&quot;,&quot;shutter_speed&quot;:&quot;0&quot;,&quot;title&quot;:&quot;&quot;,&quot;orientation&quot;:&quot;0&quot;}\" data-image-title=\"CLIC AKI\" data-image-description=\"\" data-image-caption=\"\" data-medium-file=\"https:\/\/wp.catedu.es\/colaboraulatic\/wp-content\/uploads\/sites\/4\/2014\/11\/CLIC-AKI-e1417610961505.png\" data-large-file=\"https:\/\/wp.catedu.es\/colaboraulatic\/wp-content\/uploads\/sites\/4\/2014\/11\/CLIC-AKI-e1417610961505.png\" class=\"aligncenter wp-image-557\" src=\"http:\/\/wp.catedu.es\/colaboraulatic\/wp-content\/uploads\/sites\/4\/2014\/11\/CLIC-AKI.png\" alt=\"CLIC AKI\" width=\"20\" height=\"20\" \/><\/a><\/td>\n<\/tr>\n<tr>\n<td style=\"text-align: center;\"><strong>Sesi\u00f3n Sankore<\/strong><\/td>\n<td>Sesi\u00f3n Sankor\u00e9 gen\u00e9rica, materiales de apoyo<\/td>\n<td>Carpeta de drive con im\u00e1genes, v\u00eddeos, animaciones, ubz, etc<\/td>\n<td><a href=\"https:\/\/drive.google.com\/folderview?id=0B2mpc3UcRXsTaTBaaGdjSE1BMTQ&amp;usp=sharing\" target=\"_blank\"><img loading=\"lazy\" decoding=\"async\" data-attachment-id=\"557\" data-permalink=\"https:\/\/wp.catedu.es\/colaboraulatic\/tabletas\/clic-aki\/\" data-orig-file=\"https:\/\/wp.catedu.es\/colaboraulatic\/wp-content\/uploads\/sites\/4\/2014\/11\/CLIC-AKI-e1417610961505.png\" data-orig-size=\"20,20\" data-comments-opened=\"1\" data-image-meta=\"{&quot;aperture&quot;:&quot;0&quot;,&quot;credit&quot;:&quot;&quot;,&quot;camera&quot;:&quot;&quot;,&quot;caption&quot;:&quot;&quot;,&quot;created_timestamp&quot;:&quot;0&quot;,&quot;copyright&quot;:&quot;&quot;,&quot;focal_length&quot;:&quot;0&quot;,&quot;iso&quot;:&quot;0&quot;,&quot;shutter_speed&quot;:&quot;0&quot;,&quot;title&quot;:&quot;&quot;,&quot;orientation&quot;:&quot;0&quot;}\" data-image-title=\"CLIC AKI\" data-image-description=\"\" data-image-caption=\"\" data-medium-file=\"https:\/\/wp.catedu.es\/colaboraulatic\/wp-content\/uploads\/sites\/4\/2014\/11\/CLIC-AKI-e1417610961505.png\" data-large-file=\"https:\/\/wp.catedu.es\/colaboraulatic\/wp-content\/uploads\/sites\/4\/2014\/11\/CLIC-AKI-e1417610961505.png\" class=\"aligncenter wp-image-557\" src=\"http:\/\/wp.catedu.es\/colaboraulatic\/wp-content\/uploads\/sites\/4\/2014\/11\/CLIC-AKI.png\" alt=\"CLIC AKI\" width=\"20\" height=\"20\" \/><\/a><\/td>\n<\/tr>\n<tr>\n<td style=\"text-align: center;\"><strong>EDMODO y DRIVE<\/strong><\/td>\n<td>Uso b\u00e1sico de EDMODO y DRIVE como herramienta de comunicaci\u00f3n y gesti\u00f3n de trabajo colaborativo<\/td>\n<td>Word subido a Google drive<\/td>\n<td><a href=\"https:\/\/drive.google.com\/file\/d\/0B2mpc3UcRXsTQ3BJRFh2V0Y5bUE\/view?usp=sharing\" target=\"_blank\"><img loading=\"lazy\" decoding=\"async\" data-attachment-id=\"557\" data-permalink=\"https:\/\/wp.catedu.es\/colaboraulatic\/tabletas\/clic-aki\/\" data-orig-file=\"https:\/\/wp.catedu.es\/colaboraulatic\/wp-content\/uploads\/sites\/4\/2014\/11\/CLIC-AKI-e1417610961505.png\" data-orig-size=\"20,20\" data-comments-opened=\"1\" data-image-meta=\"{&quot;aperture&quot;:&quot;0&quot;,&quot;credit&quot;:&quot;&quot;,&quot;camera&quot;:&quot;&quot;,&quot;caption&quot;:&quot;&quot;,&quot;created_timestamp&quot;:&quot;0&quot;,&quot;copyright&quot;:&quot;&quot;,&quot;focal_length&quot;:&quot;0&quot;,&quot;iso&quot;:&quot;0&quot;,&quot;shutter_speed&quot;:&quot;0&quot;,&quot;title&quot;:&quot;&quot;,&quot;orientation&quot;:&quot;0&quot;}\" data-image-title=\"CLIC AKI\" data-image-description=\"\" data-image-caption=\"\" data-medium-file=\"https:\/\/wp.catedu.es\/colaboraulatic\/wp-content\/uploads\/sites\/4\/2014\/11\/CLIC-AKI-e1417610961505.png\" data-large-file=\"https:\/\/wp.catedu.es\/colaboraulatic\/wp-content\/uploads\/sites\/4\/2014\/11\/CLIC-AKI-e1417610961505.png\" class=\"aligncenter wp-image-557\" src=\"http:\/\/wp.catedu.es\/colaboraulatic\/wp-content\/uploads\/sites\/4\/2014\/11\/CLIC-AKI.png\" alt=\"CLIC AKI\" width=\"20\" height=\"20\" \/><\/a><\/td>\n<\/tr>\n<\/tbody>\n<\/table>\n","protected":false},"excerpt":{"rendered":"<p>Tem\u00e1tica Nombre Tipo de archivo Enlace Recursos para lectoescritura Sesi\u00f3n de recursos de lectoescritura. Seminario AL Zaragoza. Presentaci\u00f3n de drive Tablet en el aula Sesi\u00f3n b\u00e1sica de tablet en el aula(2,5 horas) para curso de PDI tabletas y rob\u00f3tica. 22\/03\/2016 &hellip;<\/p>\n<p class=\"read-more\"> <a class=\"more-link\" href=\"https:\/\/wp.catedu.es\/colaboraulatic\/tabletas\/materiales-sesiones\/\"> <span class=\"screen-reader-text\">Materiales sesiones<\/span> Leer m\u00e1s \u00bb<\/a><\/p>\n","protected":false},"author":5,"featured_media":0,"parent":112,"menu_order":0,"comment_status":"open","ping_status":"closed","template":"full-width-page.php","meta":{"jetpack_post_was_ever_published":false,"footnotes":""},"class_list":["post-1143","page","type-page","status-publish","hentry"],"jetpack_sharing_enabled":true,"jetpack_shortlink":"https:\/\/wp.me\/P5O2qe-ir","jetpack-related-posts":[],"_links":{"self":[{"href":"https:\/\/wp.catedu.es\/colaboraulatic\/wp-json\/wp\/v2\/pages\/1143","targetHints":{"allow":["GET"]}}],"collection":[{"href":"https:\/\/wp.catedu.es\/colaboraulatic\/wp-json\/wp\/v2\/pages"}],"about":[{"href":"https:\/\/wp.catedu.es\/colaboraulatic\/wp-json\/wp\/v2\/types\/page"}],"author":[{"embeddable":true,"href":"https:\/\/wp.catedu.es\/colaboraulatic\/wp-json\/wp\/v2\/users\/5"}],"replies":[{"embeddable":true,"href":"https:\/\/wp.catedu.es\/colaboraulatic\/wp-json\/wp\/v2\/comments?post=1143"}],"version-history":[{"count":11,"href":"https:\/\/wp.catedu.es\/colaboraulatic\/wp-json\/wp\/v2\/pages\/1143\/revisions"}],"predecessor-version":[{"id":2785,"href":"https:\/\/wp.catedu.es\/colaboraulatic\/wp-json\/wp\/v2\/pages\/1143\/revisions\/2785"}],"up":[{"embeddable":true,"href":"https:\/\/wp.catedu.es\/colaboraulatic\/wp-json\/wp\/v2\/pages\/112"}],"wp:attachment":[{"href":"https:\/\/wp.catedu.es\/colaboraulatic\/wp-json\/wp\/v2\/media?parent=1143"}],"curies":[{"name":"wp","href":"https:\/\/api.w.org\/{rel}","templated":true}]}}