{"id":168,"date":"2014-11-13T12:18:29","date_gmt":"2014-11-13T11:18:29","guid":{"rendered":"http:\/\/wp.catedu.es\/colaboraulatic\/?page_id=168"},"modified":"2014-11-20T14:50:59","modified_gmt":"2014-11-20T13:50:59","slug":"anticipate","status":"publish","type":"page","link":"https:\/\/wp.catedu.es\/colaboraulatic\/anticipate\/","title":{"rendered":"Anticipate"},"content":{"rendered":"<table style=\"height: 58px;\" width=\"898\">\n<tbody>\n<tr>\n<td style=\"border-color: #1f0303; vertical-align: middle;\">\u00a0<strong>PROGRAMA ANTIC\u00cdPATE:<\/strong><\/p>\n<p style=\"text-align: justify;\">El programa ANTIC\u00cdPATE trata de acercar a los centros educativos aragoneses a paquetes \u00a0de servicio de equipamiento digital en diversos formatos(tableta, PC,&#8230;) y su soporte para cada alumno, incluyendo la posibilidad de introducir en dichos equipamientos contenidos curriculares digitales, servicio t\u00e9cnico, formaci\u00f3n, mejoras de la conectividad, y toda una serie de servicios anejos, que en su conjunto y seg\u00fan el compromiso de las empresas acreditadas, ser\u00e1n m\u00e1s econ\u00f3micas que el coste de los libros de texto en papel.<\/p>\n<p style=\"text-align: justify;\">El Gobierno de Arag\u00f3n acredita a las empresas que se presentan al programa, les da un visado y les otorga una calificaci\u00f3n de acuerdo a un baremo y un estudio de su propuesta. Una vez las empresas quedan acreditadas cada centro educativo podr\u00e1 negociar con ellas las especificaciones de un posible acuerdo, su duraci\u00f3n, los servicios concretos a contratar, etc.<\/p>\n<\/td>\n<td style=\"border-color: #1f0303; vertical-align: middle;\">\n<h2 class=\"tituloPagina\"><img loading=\"lazy\" decoding=\"async\" class=\"aligncenter\" src=\"http:\/\/www.educaragon.org\/Files\/Files\/UserFiles\/Image\/anTICpate\/Imagen%20anTICpate.jpg\" alt=\"\" width=\"458\" height=\"276\" border=\"3\" \/><\/h2>\n<\/td>\n<\/tr>\n<tr>\n<td style=\"border-color: #1f0303; vertical-align: middle;\">\n<p style=\"text-align: center;\"><a title=\"pres\" href=\"http:\/\/www.educaragon.org\/arboles\/arbol.asp?sepRuta=&amp;guiaeducativa=42&amp;strSeccion=A1A289&amp;titpadre=Programa+anTIC%EDpate&amp;arrpadres=&amp;arrides=&amp;arridesvin=&amp;lngArbol=2449&amp;lngArbolvinculado=\" target=\"_blank\">Presentaci\u00f3n del programa<\/a><\/p>\n<p style=\"text-align: center;\"><a title=\"norm\" href=\"http:\/\/www.educaragon.org\/arboles\/arbol.asp?sepRuta=&amp;guiaeducativa=42&amp;strSeccion=A1A289&amp;titpadre=Programa+anTIC%EDpate&amp;arrpadres=&amp;arrides=&amp;arridesvin=&amp;lngArbol=2450&amp;lngArbolvinculado=\" target=\"_blank\">Normativa relacionada<\/a><\/p>\n<p style=\"text-align: center;\"><a title=\"empr\" href=\"http:\/\/www.educaragon.org\/arboles\/arbol.asp?sepRuta=&amp;guiaeducativa=42&amp;strSeccion=A1A289&amp;titpadre=Programa+anTIC%EDpate&amp;arrpadres=&amp;arrides=&amp;arridesvin=&amp;lngArbol=2451&amp;lngArbolvinculado=\" target=\"_blank\">Empresas acreditadas<\/a><\/p>\n<p style=\"text-align: center;\"><a title=\"present\" href=\"http:\/\/www.educaragon.org\/arboles\/arbol.asp?sepRuta=&amp;guiaeducativa=42&amp;strSeccion=A1A289&amp;titpadre=Programa+anTIC%EDpate&amp;arrpadres=&amp;arrides=&amp;arridesvin=&amp;lngArbol=2453&amp;lngArbolvinculado=\" target=\"_blank\">Jornadas presentaci\u00f3n<\/a><\/p>\n<p style=\"text-align: center;\"><a title=\"info\" href=\"http:\/\/www.educaragon.org\/arboles\/arbol.asp?sepRuta=&amp;guiaeducativa=42&amp;strSeccion=A1A289&amp;titpadre=Programa+anTIC%EDpate&amp;arrpadres=&amp;arrides=&amp;arridesvin=&amp;lngArbol=2460&amp;lngArbolvinculado=\" target=\"_blank\">Informaci\u00f3n relevante<\/a><\/p>\n<p style=\"text-align: center;\"><a title=\"centros\" href=\"http:\/\/www.educaragon.org\/arboles\/arbol.asp?sepRuta=&amp;guiaeducativa=42&amp;strSeccion=A1A289&amp;titpadre=Programa+anTIC%EDpate&amp;arrpadres=&amp;arrides=&amp;arridesvin=&amp;lngArbol=2512&amp;lngArbolvinculado=\" target=\"_blank\">Centros participantes 2014\/2015<\/a><\/p>\n<\/td>\n<td style=\"border-color: #1f0303; vertical-align: middle; text-align: center;\"><span style=\"text-decoration: underline;\"><strong>Presentaci\u00f3n de Javier Prado sobre la historia de la implantaci\u00f3n del Programa Anticipate<\/strong><\/span><br \/>\n<iframe loading=\"lazy\" src=\"http:\/\/prezi.com\/embed\/v4h2llkx3-en\/?bgcolor=ffffff&amp;lock_to_path=0&amp;autoplay=0&amp;autohide_ctrls=0&amp;features=undefined&amp;token=undefined&amp;disabled_features=undefined\" width=\"550\" height=\"400\" frameborder=\"0\" allowfullscreen=\"allowfullscreen\"><\/iframe><\/td>\n<\/tr>\n<\/tbody>\n<\/table>\n","protected":false},"excerpt":{"rendered":"<p>\u00a0PROGRAMA ANTIC\u00cdPATE: El programa ANTIC\u00cdPATE trata de acercar a los centros educativos aragoneses a paquetes \u00a0de servicio de equipamiento digital en diversos formatos(tableta, PC,&#8230;) y su soporte para cada alumno, incluyendo la posibilidad de introducir en dichos equipamientos contenidos curriculares &hellip;<\/p>\n<p class=\"read-more\"> <a class=\"more-link\" href=\"https:\/\/wp.catedu.es\/colaboraulatic\/anticipate\/\"> <span class=\"screen-reader-text\">Anticipate<\/span> Leer m\u00e1s \u00bb<\/a><\/p>\n","protected":false},"author":5,"featured_media":0,"parent":0,"menu_order":0,"comment_status":"closed","ping_status":"closed","template":"full-width-page.php","meta":{"jetpack_post_was_ever_published":false,"footnotes":""},"class_list":["post-168","page","type-page","status-publish","hentry"],"jetpack_sharing_enabled":true,"jetpack_shortlink":"https:\/\/wp.me\/P5O2qe-2I","jetpack-related-posts":[],"_links":{"self":[{"href":"https:\/\/wp.catedu.es\/colaboraulatic\/wp-json\/wp\/v2\/pages\/168","targetHints":{"allow":["GET"]}}],"collection":[{"href":"https:\/\/wp.catedu.es\/colaboraulatic\/wp-json\/wp\/v2\/pages"}],"about":[{"href":"https:\/\/wp.catedu.es\/colaboraulatic\/wp-json\/wp\/v2\/types\/page"}],"author":[{"embeddable":true,"href":"https:\/\/wp.catedu.es\/colaboraulatic\/wp-json\/wp\/v2\/users\/5"}],"replies":[{"embeddable":true,"href":"https:\/\/wp.catedu.es\/colaboraulatic\/wp-json\/wp\/v2\/comments?post=168"}],"version-history":[{"count":3,"href":"https:\/\/wp.catedu.es\/colaboraulatic\/wp-json\/wp\/v2\/pages\/168\/revisions"}],"predecessor-version":[{"id":223,"href":"https:\/\/wp.catedu.es\/colaboraulatic\/wp-json\/wp\/v2\/pages\/168\/revisions\/223"}],"wp:attachment":[{"href":"https:\/\/wp.catedu.es\/colaboraulatic\/wp-json\/wp\/v2\/media?parent=168"}],"curies":[{"name":"wp","href":"https:\/\/api.w.org\/{rel}","templated":true}]}}