{"id":241,"date":"2014-11-24T15:42:27","date_gmt":"2014-11-24T14:42:27","guid":{"rendered":"http:\/\/wp.catedu.es\/colaboraulatic\/?page_id=241"},"modified":"2015-02-04T13:32:35","modified_gmt":"2015-02-04T12:32:35","slug":"primaria","status":"publish","type":"page","link":"https:\/\/wp.catedu.es\/colaboraulatic\/enlaces\/primaria\/","title":{"rendered":"PRIMARIA"},"content":{"rendered":"<table style=\"height: 296px;\" width=\"1035\">\n<tbody>\n<tr>\n<td style=\"border-color: #080101; width: 200px; text-align: center; vertical-align: middle; background-color: #edc2c2;\">\n<div><a title=\"cc\" href=\"http:\/\/wp.catedu.es\/colaboraulatic\/enlaces\/primaria\/cono-ccss-ccnn\/\" target=\"_blank\"><strong>Conocimiento del medio<\/strong><\/a><\/div>\n<div><a title=\"cc\" href=\"http:\/\/wp.catedu.es\/colaboraulatic\/enlaces\/primaria\/cono-ccss-ccnn\/\" target=\"_blank\"><strong>CC sociales<\/strong><\/a><\/div>\n<div><a title=\"cc\" href=\"http:\/\/wp.catedu.es\/colaboraulatic\/enlaces\/primaria\/cono-ccss-ccnn\/\" target=\"_blank\"><strong>CC naturales<\/strong><\/a><\/div>\n<\/td>\n<td style=\"border-color: #080101; text-align: center; vertical-align: middle; background-color: #edc2c2;\"><a title=\"Cono, CCSS, CCNN\" href=\"http:\/\/wp.catedu.es\/colaboraulatic\/enlaces\/primaria\/cono-ccss-ccnn\/\" target=\"_blank\"><img loading=\"lazy\" decoding=\"async\" data-attachment-id=\"422\" data-permalink=\"https:\/\/wp.catedu.es\/colaboraulatic\/enlaces\/primaria\/cono\/\" data-orig-file=\"https:\/\/wp.catedu.es\/colaboraulatic\/wp-content\/uploads\/sites\/4\/2014\/11\/cono.png\" data-orig-size=\"215,235\" data-comments-opened=\"1\" data-image-meta=\"{&quot;aperture&quot;:&quot;0&quot;,&quot;credit&quot;:&quot;&quot;,&quot;camera&quot;:&quot;&quot;,&quot;caption&quot;:&quot;&quot;,&quot;created_timestamp&quot;:&quot;0&quot;,&quot;copyright&quot;:&quot;&quot;,&quot;focal_length&quot;:&quot;0&quot;,&quot;iso&quot;:&quot;0&quot;,&quot;shutter_speed&quot;:&quot;0&quot;,&quot;title&quot;:&quot;&quot;,&quot;orientation&quot;:&quot;0&quot;}\" data-image-title=\"cono\" data-image-description=\"\" data-image-caption=\"\" data-medium-file=\"https:\/\/wp.catedu.es\/colaboraulatic\/wp-content\/uploads\/sites\/4\/2014\/11\/cono.png\" data-large-file=\"https:\/\/wp.catedu.es\/colaboraulatic\/wp-content\/uploads\/sites\/4\/2014\/11\/cono.png\" class=\"aligncenter  wp-image-422\" src=\"http:\/\/wp.catedu.es\/colaboraulatic\/wp-content\/uploads\/sites\/4\/2014\/11\/cono.png\" alt=\"cono\" width=\"81\" height=\"89\" srcset=\"https:\/\/wp.catedu.es\/colaboraulatic\/wp-content\/uploads\/sites\/4\/2014\/11\/cono.png 215w, https:\/\/wp.catedu.es\/colaboraulatic\/wp-content\/uploads\/sites\/4\/2014\/11\/cono-100x109.png 100w, https:\/\/wp.catedu.es\/colaboraulatic\/wp-content\/uploads\/sites\/4\/2014\/11\/cono-150x163.png 150w, https:\/\/wp.catedu.es\/colaboraulatic\/wp-content\/uploads\/sites\/4\/2014\/11\/cono-200x218.png 200w\" sizes=\"auto, (max-width: 81px) 100vw, 81px\" \/><\/a><\/td>\n<td style=\"border-color: #080101; text-align: center; vertical-align: middle; background-color: #edc2c2;\">\n<div><a title=\"idiomas\" href=\"http:\/\/wp.catedu.es\/colaboraulatic\/enlaces\/primaria\/idiomas\/\" target=\"_blank\"><strong>Idiomas<\/strong><\/a><\/div>\n<\/td>\n<td style=\"border-color: #080101; text-align: center; vertical-align: middle; background-color: #edc2c2;\"><strong><a title=\"Idiomas\" href=\"http:\/\/wp.catedu.es\/colaboraulatic\/enlaces\/primaria\/idiomas\/\" target=\"_blank\"><img loading=\"lazy\" decoding=\"async\" data-attachment-id=\"425\" data-permalink=\"https:\/\/wp.catedu.es\/colaboraulatic\/enlaces\/primaria\/idio\/\" data-orig-file=\"https:\/\/wp.catedu.es\/colaboraulatic\/wp-content\/uploads\/sites\/4\/2014\/11\/idio.jpg\" data-orig-size=\"290,174\" data-comments-opened=\"1\" data-image-meta=\"{&quot;aperture&quot;:&quot;0&quot;,&quot;credit&quot;:&quot;&quot;,&quot;camera&quot;:&quot;&quot;,&quot;caption&quot;:&quot;&quot;,&quot;created_timestamp&quot;:&quot;0&quot;,&quot;copyright&quot;:&quot;&quot;,&quot;focal_length&quot;:&quot;0&quot;,&quot;iso&quot;:&quot;0&quot;,&quot;shutter_speed&quot;:&quot;0&quot;,&quot;title&quot;:&quot;&quot;,&quot;orientation&quot;:&quot;0&quot;}\" data-image-title=\"idio\" data-image-description=\"\" data-image-caption=\"\" data-medium-file=\"https:\/\/wp.catedu.es\/colaboraulatic\/wp-content\/uploads\/sites\/4\/2014\/11\/idio.jpg\" data-large-file=\"https:\/\/wp.catedu.es\/colaboraulatic\/wp-content\/uploads\/sites\/4\/2014\/11\/idio.jpg\" class=\"aligncenter  wp-image-425\" src=\"http:\/\/wp.catedu.es\/colaboraulatic\/wp-content\/uploads\/sites\/4\/2014\/11\/idio.jpg\" alt=\"idio\" width=\"100\" height=\"60\" srcset=\"https:\/\/wp.catedu.es\/colaboraulatic\/wp-content\/uploads\/sites\/4\/2014\/11\/idio.jpg 290w, https:\/\/wp.catedu.es\/colaboraulatic\/wp-content\/uploads\/sites\/4\/2014\/11\/idio-100x60.jpg 100w, https:\/\/wp.catedu.es\/colaboraulatic\/wp-content\/uploads\/sites\/4\/2014\/11\/idio-150x90.jpg 150w, https:\/\/wp.catedu.es\/colaboraulatic\/wp-content\/uploads\/sites\/4\/2014\/11\/idio-200x120.jpg 200w\" sizes=\"auto, (max-width: 100px) 100vw, 100px\" \/><\/a><\/strong><\/td>\n<td style=\"border-color: #080101; text-align: center; vertical-align: middle; background-color: #edc2c2;\">\n<div><a title=\"valores\" href=\"http:\/\/wp.catedu.es\/colaboraulatic\/enlaces\/primaria\/valores\/\" target=\"_blank\"><strong>Valores<\/strong><\/a><\/div>\n<\/td>\n<td style=\"border-color: #080101; text-align: center; vertical-align: middle; background-color: #edc2c2;\"><strong><a title=\"Valores\" href=\"http:\/\/wp.catedu.es\/colaboraulatic\/enlaces\/primaria\/valores\/\" target=\"_blank\"><img loading=\"lazy\" decoding=\"async\" data-attachment-id=\"430\" data-permalink=\"https:\/\/wp.catedu.es\/colaboraulatic\/enlaces\/primaria\/valores1\/\" data-orig-file=\"https:\/\/wp.catedu.es\/colaboraulatic\/wp-content\/uploads\/sites\/4\/2014\/11\/valores1.png\" data-orig-size=\"410,449\" data-comments-opened=\"1\" data-image-meta=\"{&quot;aperture&quot;:&quot;0&quot;,&quot;credit&quot;:&quot;&quot;,&quot;camera&quot;:&quot;&quot;,&quot;caption&quot;:&quot;&quot;,&quot;created_timestamp&quot;:&quot;0&quot;,&quot;copyright&quot;:&quot;&quot;,&quot;focal_length&quot;:&quot;0&quot;,&quot;iso&quot;:&quot;0&quot;,&quot;shutter_speed&quot;:&quot;0&quot;,&quot;title&quot;:&quot;&quot;,&quot;orientation&quot;:&quot;0&quot;}\" data-image-title=\"valores1\" data-image-description=\"\" data-image-caption=\"\" data-medium-file=\"https:\/\/wp.catedu.es\/colaboraulatic\/wp-content\/uploads\/sites\/4\/2014\/11\/valores1-273x300.png\" data-large-file=\"https:\/\/wp.catedu.es\/colaboraulatic\/wp-content\/uploads\/sites\/4\/2014\/11\/valores1.png\" class=\"aligncenter  wp-image-430\" src=\"http:\/\/wp.catedu.es\/colaboraulatic\/wp-content\/uploads\/sites\/4\/2014\/11\/valores1-273x300.png\" alt=\"valores1\" width=\"83\" height=\"92\" srcset=\"https:\/\/wp.catedu.es\/colaboraulatic\/wp-content\/uploads\/sites\/4\/2014\/11\/valores1-273x300.png 273w, https:\/\/wp.catedu.es\/colaboraulatic\/wp-content\/uploads\/sites\/4\/2014\/11\/valores1-150x164.png 150w, https:\/\/wp.catedu.es\/colaboraulatic\/wp-content\/uploads\/sites\/4\/2014\/11\/valores1-200x219.png 200w, https:\/\/wp.catedu.es\/colaboraulatic\/wp-content\/uploads\/sites\/4\/2014\/11\/valores1-300x328.png 300w, https:\/\/wp.catedu.es\/colaboraulatic\/wp-content\/uploads\/sites\/4\/2014\/11\/valores1.png 410w\" sizes=\"auto, (max-width: 83px) 100vw, 83px\" \/><\/a><\/strong><\/td>\n<\/tr>\n<tr>\n<td style=\"border-color: #080101; width: 200px; text-align: center; vertical-align: middle; background-color: #edc2c2;\">\n<div><a title=\"ef\" href=\"http:\/\/wp.catedu.es\/colaboraulatic\/enlaces\/primaria\/educacion-fisica\/\" target=\"_blank\"><strong>Educaci\u00f3n F\u00edsica<\/strong><\/a><\/div>\n<\/td>\n<td style=\"border-color: #080101; text-align: center; vertical-align: middle; background-color: #edc2c2;\"><strong><a title=\"Educaci\u00f3n F\u00edsica\" href=\"http:\/\/wp.catedu.es\/colaboraulatic\/enlaces\/primaria\/educacion-fisica\/\" target=\"_blank\"><img loading=\"lazy\" decoding=\"async\" data-attachment-id=\"423\" data-permalink=\"https:\/\/wp.catedu.es\/colaboraulatic\/enlaces\/primaria\/ef\/\" data-orig-file=\"https:\/\/wp.catedu.es\/colaboraulatic\/wp-content\/uploads\/sites\/4\/2014\/11\/ef.gif\" data-orig-size=\"520,325\" data-comments-opened=\"1\" data-image-meta=\"{&quot;aperture&quot;:&quot;0&quot;,&quot;credit&quot;:&quot;&quot;,&quot;camera&quot;:&quot;&quot;,&quot;caption&quot;:&quot;&quot;,&quot;created_timestamp&quot;:&quot;0&quot;,&quot;copyright&quot;:&quot;&quot;,&quot;focal_length&quot;:&quot;0&quot;,&quot;iso&quot;:&quot;0&quot;,&quot;shutter_speed&quot;:&quot;0&quot;,&quot;title&quot;:&quot;&quot;,&quot;orientation&quot;:&quot;0&quot;}\" data-image-title=\"ef\" data-image-description=\"\" data-image-caption=\"\" data-medium-file=\"https:\/\/wp.catedu.es\/colaboraulatic\/wp-content\/uploads\/sites\/4\/2014\/11\/ef-300x187.gif\" data-large-file=\"https:\/\/wp.catedu.es\/colaboraulatic\/wp-content\/uploads\/sites\/4\/2014\/11\/ef.gif\" class=\"aligncenter  wp-image-423\" src=\"http:\/\/wp.catedu.es\/colaboraulatic\/wp-content\/uploads\/sites\/4\/2014\/11\/ef-300x187.gif\" alt=\"ef\" width=\"93\" height=\"58\" srcset=\"https:\/\/wp.catedu.es\/colaboraulatic\/wp-content\/uploads\/sites\/4\/2014\/11\/ef-300x187.gif 300w, https:\/\/wp.catedu.es\/colaboraulatic\/wp-content\/uploads\/sites\/4\/2014\/11\/ef-100x62.gif 100w, https:\/\/wp.catedu.es\/colaboraulatic\/wp-content\/uploads\/sites\/4\/2014\/11\/ef-150x93.gif 150w, https:\/\/wp.catedu.es\/colaboraulatic\/wp-content\/uploads\/sites\/4\/2014\/11\/ef-200x125.gif 200w, https:\/\/wp.catedu.es\/colaboraulatic\/wp-content\/uploads\/sites\/4\/2014\/11\/ef-450x281.gif 450w\" sizes=\"auto, (max-width: 93px) 100vw, 93px\" \/><\/a><\/strong><\/td>\n<td style=\"border-color: #080101; text-align: center; vertical-align: middle; background-color: #edc2c2;\">\n<div><a title=\"maths\" href=\"http:\/\/wp.catedu.es\/colaboraulatic\/enlaces\/primaria\/matematicas-razonamiento-matematico-calculo\/\" target=\"_blank\"><strong>Matem\u00e1ticas<\/strong><\/a><\/div>\n<div><a title=\"maths\" href=\"http:\/\/wp.catedu.es\/colaboraulatic\/enlaces\/primaria\/matematicas-razonamiento-matematico-calculo\/\" target=\"_blank\"><strong>Razonamiento matem\u00e1tico<\/strong><\/a><\/div>\n<div><a title=\"maths\" href=\"http:\/\/wp.catedu.es\/colaboraulatic\/enlaces\/primaria\/matematicas-razonamiento-matematico-calculo\/\" target=\"_blank\"><strong>C\u00e1lculo<\/strong><\/a><\/div>\n<\/td>\n<td style=\"border-color: #080101; text-align: center; vertical-align: middle; background-color: #edc2c2;\"><a title=\"Matem\u00e1ticas, razonamiento matem\u00e1tico, c\u00e1lculo\" href=\"http:\/\/wp.catedu.es\/colaboraulatic\/enlaces\/primaria\/matematicas-razonamiento-matematico-calculo\/\" target=\"_blank\"><img loading=\"lazy\" decoding=\"async\" data-attachment-id=\"426\" data-permalink=\"https:\/\/wp.catedu.es\/colaboraulatic\/enlaces\/primaria\/maths\/\" data-orig-file=\"https:\/\/wp.catedu.es\/colaboraulatic\/wp-content\/uploads\/sites\/4\/2014\/11\/maths.jpg\" data-orig-size=\"625,519\" data-comments-opened=\"1\" data-image-meta=\"{&quot;aperture&quot;:&quot;0&quot;,&quot;credit&quot;:&quot;&quot;,&quot;camera&quot;:&quot;&quot;,&quot;caption&quot;:&quot;&quot;,&quot;created_timestamp&quot;:&quot;0&quot;,&quot;copyright&quot;:&quot;&quot;,&quot;focal_length&quot;:&quot;0&quot;,&quot;iso&quot;:&quot;0&quot;,&quot;shutter_speed&quot;:&quot;0&quot;,&quot;title&quot;:&quot;&quot;,&quot;orientation&quot;:&quot;0&quot;}\" data-image-title=\"maths\" data-image-description=\"\" data-image-caption=\"\" data-medium-file=\"https:\/\/wp.catedu.es\/colaboraulatic\/wp-content\/uploads\/sites\/4\/2014\/11\/maths-300x249.jpg\" data-large-file=\"https:\/\/wp.catedu.es\/colaboraulatic\/wp-content\/uploads\/sites\/4\/2014\/11\/maths.jpg\" class=\"aligncenter  wp-image-426\" src=\"http:\/\/wp.catedu.es\/colaboraulatic\/wp-content\/uploads\/sites\/4\/2014\/11\/maths-300x249.jpg\" alt=\"maths\" width=\"92\" height=\"76\" srcset=\"https:\/\/wp.catedu.es\/colaboraulatic\/wp-content\/uploads\/sites\/4\/2014\/11\/maths-300x249.jpg 300w, https:\/\/wp.catedu.es\/colaboraulatic\/wp-content\/uploads\/sites\/4\/2014\/11\/maths-100x83.jpg 100w, https:\/\/wp.catedu.es\/colaboraulatic\/wp-content\/uploads\/sites\/4\/2014\/11\/maths-150x124.jpg 150w, https:\/\/wp.catedu.es\/colaboraulatic\/wp-content\/uploads\/sites\/4\/2014\/11\/maths-200x166.jpg 200w, https:\/\/wp.catedu.es\/colaboraulatic\/wp-content\/uploads\/sites\/4\/2014\/11\/maths-450x373.jpg 450w, https:\/\/wp.catedu.es\/colaboraulatic\/wp-content\/uploads\/sites\/4\/2014\/11\/maths-600x498.jpg 600w, https:\/\/wp.catedu.es\/colaboraulatic\/wp-content\/uploads\/sites\/4\/2014\/11\/maths.jpg 625w\" sizes=\"auto, (max-width: 92px) 100vw, 92px\" \/><\/a><\/td>\n<td style=\"border-color: #080101; text-align: center; vertical-align: middle; background-color: #edc2c2;\">\n<div><a title=\"musica\" href=\"http:\/\/wp.catedu.es\/colaboraulatic\/enlaces\/primaria\/musica\/\" target=\"_blank\"><strong>M\u00fasica<\/strong><\/a><\/div>\n<\/td>\n<td style=\"border-color: #080101; text-align: center; vertical-align: middle; background-color: #edc2c2;\"><strong><a title=\"M\u00fasica\" href=\"http:\/\/wp.catedu.es\/colaboraulatic\/enlaces\/primaria\/musica\/\"><img loading=\"lazy\" decoding=\"async\" data-attachment-id=\"429\" data-permalink=\"https:\/\/wp.catedu.es\/colaboraulatic\/enlaces\/primaria\/musica_y_placer\/\" data-orig-file=\"https:\/\/wp.catedu.es\/colaboraulatic\/wp-content\/uploads\/sites\/4\/2014\/11\/musica_y_placer.jpg\" data-orig-size=\"644,347\" data-comments-opened=\"1\" data-image-meta=\"{&quot;aperture&quot;:&quot;0&quot;,&quot;credit&quot;:&quot;&quot;,&quot;camera&quot;:&quot;&quot;,&quot;caption&quot;:&quot;&quot;,&quot;created_timestamp&quot;:&quot;0&quot;,&quot;copyright&quot;:&quot;&quot;,&quot;focal_length&quot;:&quot;0&quot;,&quot;iso&quot;:&quot;0&quot;,&quot;shutter_speed&quot;:&quot;0&quot;,&quot;title&quot;:&quot;&quot;,&quot;orientation&quot;:&quot;0&quot;}\" data-image-title=\"musica_y_placer\" data-image-description=\"\" data-image-caption=\"\" data-medium-file=\"https:\/\/wp.catedu.es\/colaboraulatic\/wp-content\/uploads\/sites\/4\/2014\/11\/musica_y_placer-300x161.jpg\" data-large-file=\"https:\/\/wp.catedu.es\/colaboraulatic\/wp-content\/uploads\/sites\/4\/2014\/11\/musica_y_placer.jpg\" class=\"aligncenter  wp-image-429\" src=\"http:\/\/wp.catedu.es\/colaboraulatic\/wp-content\/uploads\/sites\/4\/2014\/11\/musica_y_placer-300x161.jpg\" alt=\"musica_y_placer\" width=\"91\" height=\"49\" srcset=\"https:\/\/wp.catedu.es\/colaboraulatic\/wp-content\/uploads\/sites\/4\/2014\/11\/musica_y_placer-300x161.jpg 300w, https:\/\/wp.catedu.es\/colaboraulatic\/wp-content\/uploads\/sites\/4\/2014\/11\/musica_y_placer-100x53.jpg 100w, https:\/\/wp.catedu.es\/colaboraulatic\/wp-content\/uploads\/sites\/4\/2014\/11\/musica_y_placer-150x80.jpg 150w, https:\/\/wp.catedu.es\/colaboraulatic\/wp-content\/uploads\/sites\/4\/2014\/11\/musica_y_placer-200x107.jpg 200w, https:\/\/wp.catedu.es\/colaboraulatic\/wp-content\/uploads\/sites\/4\/2014\/11\/musica_y_placer-450x242.jpg 450w, https:\/\/wp.catedu.es\/colaboraulatic\/wp-content\/uploads\/sites\/4\/2014\/11\/musica_y_placer-600x323.jpg 600w, https:\/\/wp.catedu.es\/colaboraulatic\/wp-content\/uploads\/sites\/4\/2014\/11\/musica_y_placer.jpg 644w\" sizes=\"auto, (max-width: 91px) 100vw, 91px\" \/><\/a><\/strong><\/td>\n<\/tr>\n<tr>\n<td style=\"border-color: #080101; width: 200px; text-align: center; vertical-align: middle; background-color: #edc2c2;\">\n<div><a title=\"artistica\" href=\"http:\/\/wp.catedu.es\/colaboraulatic\/enlaces\/primaria\/educacion-artistica\/\" target=\"_blank\"><strong>Educaci\u00f3n Art\u00edstica<\/strong><\/a><\/div>\n<\/td>\n<td style=\"border-color: #080101; text-align: center; vertical-align: middle; background-color: #edc2c2;\"><strong><a title=\"Educaci\u00f3n art\u00edstica\" href=\"http:\/\/wp.catedu.es\/colaboraulatic\/enlaces\/primaria\/educacion-artistica\/\" target=\"_blank\"><img loading=\"lazy\" decoding=\"async\" data-attachment-id=\"424\" data-permalink=\"https:\/\/wp.catedu.es\/colaboraulatic\/enlaces\/primaria\/artistica\/\" data-orig-file=\"https:\/\/wp.catedu.es\/colaboraulatic\/wp-content\/uploads\/sites\/4\/2014\/11\/artistica.gif\" data-orig-size=\"600,383\" data-comments-opened=\"1\" data-image-meta=\"{&quot;aperture&quot;:&quot;0&quot;,&quot;credit&quot;:&quot;&quot;,&quot;camera&quot;:&quot;&quot;,&quot;caption&quot;:&quot;&quot;,&quot;created_timestamp&quot;:&quot;0&quot;,&quot;copyright&quot;:&quot;&quot;,&quot;focal_length&quot;:&quot;0&quot;,&quot;iso&quot;:&quot;0&quot;,&quot;shutter_speed&quot;:&quot;0&quot;,&quot;title&quot;:&quot;&quot;,&quot;orientation&quot;:&quot;0&quot;}\" data-image-title=\"artistica\" data-image-description=\"\" data-image-caption=\"\" data-medium-file=\"https:\/\/wp.catedu.es\/colaboraulatic\/wp-content\/uploads\/sites\/4\/2014\/11\/artistica-300x191.gif\" data-large-file=\"https:\/\/wp.catedu.es\/colaboraulatic\/wp-content\/uploads\/sites\/4\/2014\/11\/artistica.gif\" class=\"aligncenter  wp-image-424\" src=\"http:\/\/wp.catedu.es\/colaboraulatic\/wp-content\/uploads\/sites\/4\/2014\/11\/artistica-300x191.gif\" alt=\"artistica\" width=\"91\" height=\"59\" srcset=\"https:\/\/wp.catedu.es\/colaboraulatic\/wp-content\/uploads\/sites\/4\/2014\/11\/artistica-300x191.gif 300w, https:\/\/wp.catedu.es\/colaboraulatic\/wp-content\/uploads\/sites\/4\/2014\/11\/artistica-150x95.gif 150w, https:\/\/wp.catedu.es\/colaboraulatic\/wp-content\/uploads\/sites\/4\/2014\/11\/artistica-200x127.gif 200w, https:\/\/wp.catedu.es\/colaboraulatic\/wp-content\/uploads\/sites\/4\/2014\/11\/artistica-450x287.gif 450w\" sizes=\"auto, (max-width: 91px) 100vw, 91px\" \/><\/a><\/strong><\/td>\n<td style=\"border-color: #080101; text-align: center; vertical-align: middle; background-color: #edc2c2;\">\n<div><a title=\"lengua\" href=\"http:\/\/wp.catedu.es\/colaboraulatic\/enlaces\/primaria\/lengua-y-literatura-comprension-lectora-escritura\/\" target=\"_blank\"><strong>Lengua y literatura<\/strong><\/a><\/div>\n<div><a title=\"lengua\" href=\"http:\/\/wp.catedu.es\/colaboraulatic\/enlaces\/primaria\/lengua-y-literatura-comprension-lectora-escritura\/\" target=\"_blank\"><strong>Comprensi\u00f3n lectora<\/strong><\/a><\/div>\n<div><a title=\"lengua\" href=\"http:\/\/wp.catedu.es\/colaboraulatic\/enlaces\/primaria\/lengua-y-literatura-comprension-lectora-escritura\/\" target=\"_blank\"><strong>Escritura<\/strong><\/a><\/div>\n<\/td>\n<td style=\"border-color: #080101; text-align: center; vertical-align: middle; background-color: #edc2c2;\"><a title=\"Lengua y literatura, comprensi\u00f3n lectora, escritura\" href=\"http:\/\/wp.catedu.es\/colaboraulatic\/enlaces\/primaria\/lengua-y-literatura-comprension-lectora-escritura\/\" target=\"_blank\"><img loading=\"lazy\" decoding=\"async\" data-attachment-id=\"427\" data-permalink=\"https:\/\/wp.catedu.es\/colaboraulatic\/enlaces\/primaria\/lengua-principal\/\" data-orig-file=\"https:\/\/wp.catedu.es\/colaboraulatic\/wp-content\/uploads\/sites\/4\/2014\/11\/LENGUA-PRINCIPAL.jpg\" data-orig-size=\"323,242\" data-comments-opened=\"1\" data-image-meta=\"{&quot;aperture&quot;:&quot;0&quot;,&quot;credit&quot;:&quot;&quot;,&quot;camera&quot;:&quot;&quot;,&quot;caption&quot;:&quot;&quot;,&quot;created_timestamp&quot;:&quot;0&quot;,&quot;copyright&quot;:&quot;&quot;,&quot;focal_length&quot;:&quot;0&quot;,&quot;iso&quot;:&quot;0&quot;,&quot;shutter_speed&quot;:&quot;0&quot;,&quot;title&quot;:&quot;&quot;,&quot;orientation&quot;:&quot;0&quot;}\" data-image-title=\"LENGUA PRINCIPAL\" data-image-description=\"\" data-image-caption=\"\" data-medium-file=\"https:\/\/wp.catedu.es\/colaboraulatic\/wp-content\/uploads\/sites\/4\/2014\/11\/LENGUA-PRINCIPAL-300x224.jpg\" data-large-file=\"https:\/\/wp.catedu.es\/colaboraulatic\/wp-content\/uploads\/sites\/4\/2014\/11\/LENGUA-PRINCIPAL.jpg\" class=\"aligncenter  wp-image-427\" src=\"http:\/\/wp.catedu.es\/colaboraulatic\/wp-content\/uploads\/sites\/4\/2014\/11\/LENGUA-PRINCIPAL-300x224.jpg\" alt=\"LENGUA PRINCIPAL\" width=\"81\" height=\"61\" srcset=\"https:\/\/wp.catedu.es\/colaboraulatic\/wp-content\/uploads\/sites\/4\/2014\/11\/LENGUA-PRINCIPAL-300x224.jpg 300w, https:\/\/wp.catedu.es\/colaboraulatic\/wp-content\/uploads\/sites\/4\/2014\/11\/LENGUA-PRINCIPAL-100x74.jpg 100w, https:\/\/wp.catedu.es\/colaboraulatic\/wp-content\/uploads\/sites\/4\/2014\/11\/LENGUA-PRINCIPAL-150x112.jpg 150w, https:\/\/wp.catedu.es\/colaboraulatic\/wp-content\/uploads\/sites\/4\/2014\/11\/LENGUA-PRINCIPAL-200x149.jpg 200w, https:\/\/wp.catedu.es\/colaboraulatic\/wp-content\/uploads\/sites\/4\/2014\/11\/LENGUA-PRINCIPAL.jpg 323w\" sizes=\"auto, (max-width: 81px) 100vw, 81px\" \/><\/a><\/td>\n<td style=\"border-color: #080101; text-align: center; vertical-align: middle; background-color: #edc2c2;\">\n<div><a title=\"general\" href=\"http:\/\/wp.catedu.es\/colaboraulatic\/enlaces\/primaria\/webs-generales-primaria\/\" target=\"_blank\"><span style=\"color: #ff0000;\"><strong>WEBS\u00a0<\/strong><strong>GENERALES\u00a0<\/strong><strong>PRIMARIA<\/strong><\/span><\/a><\/div>\n<\/td>\n<td style=\"border-color: #080101; text-align: center; vertical-align: middle; background-color: #edc2c2;\"><strong><a title=\"WEBS GENERALES PRIMARIA\" href=\"http:\/\/wp.catedu.es\/colaboraulatic\/enlaces\/primaria\/webs-generales-primaria\/\" target=\"_blank\"><img loading=\"lazy\" decoding=\"async\" data-attachment-id=\"428\" data-permalink=\"https:\/\/wp.catedu.es\/colaboraulatic\/enlaces\/primaria\/prim\/\" data-orig-file=\"https:\/\/wp.catedu.es\/colaboraulatic\/wp-content\/uploads\/sites\/4\/2014\/11\/prim.jpg\" data-orig-size=\"285,424\" data-comments-opened=\"1\" data-image-meta=\"{&quot;aperture&quot;:&quot;0&quot;,&quot;credit&quot;:&quot;&quot;,&quot;camera&quot;:&quot;&quot;,&quot;caption&quot;:&quot;&quot;,&quot;created_timestamp&quot;:&quot;0&quot;,&quot;copyright&quot;:&quot;&quot;,&quot;focal_length&quot;:&quot;0&quot;,&quot;iso&quot;:&quot;0&quot;,&quot;shutter_speed&quot;:&quot;0&quot;,&quot;title&quot;:&quot;&quot;,&quot;orientation&quot;:&quot;0&quot;}\" data-image-title=\"prim\" data-image-description=\"\" data-image-caption=\"\" data-medium-file=\"https:\/\/wp.catedu.es\/colaboraulatic\/wp-content\/uploads\/sites\/4\/2014\/11\/prim-201x300.jpg\" data-large-file=\"https:\/\/wp.catedu.es\/colaboraulatic\/wp-content\/uploads\/sites\/4\/2014\/11\/prim.jpg\" class=\"aligncenter  wp-image-428\" src=\"http:\/\/wp.catedu.es\/colaboraulatic\/wp-content\/uploads\/sites\/4\/2014\/11\/prim-201x300.jpg\" alt=\"prim\" width=\"77\" height=\"116\" srcset=\"https:\/\/wp.catedu.es\/colaboraulatic\/wp-content\/uploads\/sites\/4\/2014\/11\/prim-201x300.jpg 201w, https:\/\/wp.catedu.es\/colaboraulatic\/wp-content\/uploads\/sites\/4\/2014\/11\/prim.jpg 285w\" sizes=\"auto, (max-width: 77px) 100vw, 77px\" \/><\/a><\/strong><\/td>\n<\/tr>\n<\/tbody>\n<\/table>\n","protected":false},"excerpt":{"rendered":"<p>Conocimiento del medio CC sociales CC naturales Idiomas Valores Educaci\u00f3n F\u00edsica Matem\u00e1ticas Razonamiento matem\u00e1tico C\u00e1lculo M\u00fasica Educaci\u00f3n Art\u00edstica Lengua y literatura Comprensi\u00f3n lectora Escritura WEBS\u00a0GENERALES\u00a0PRIMARIA<\/p>\n","protected":false},"author":5,"featured_media":0,"parent":63,"menu_order":0,"comment_status":"open","ping_status":"closed","template":"full-width-page.php","meta":{"jetpack_post_was_ever_published":false,"footnotes":""},"class_list":["post-241","page","type-page","status-publish","hentry"],"jetpack_sharing_enabled":true,"jetpack_shortlink":"https:\/\/wp.me\/P5O2qe-3T","jetpack-related-posts":[],"_links":{"self":[{"href":"https:\/\/wp.catedu.es\/colaboraulatic\/wp-json\/wp\/v2\/pages\/241","targetHints":{"allow":["GET"]}}],"collection":[{"href":"https:\/\/wp.catedu.es\/colaboraulatic\/wp-json\/wp\/v2\/pages"}],"about":[{"href":"https:\/\/wp.catedu.es\/colaboraulatic\/wp-json\/wp\/v2\/types\/page"}],"author":[{"embeddable":true,"href":"https:\/\/wp.catedu.es\/colaboraulatic\/wp-json\/wp\/v2\/users\/5"}],"replies":[{"embeddable":true,"href":"https:\/\/wp.catedu.es\/colaboraulatic\/wp-json\/wp\/v2\/comments?post=241"}],"version-history":[{"count":20,"href":"https:\/\/wp.catedu.es\/colaboraulatic\/wp-json\/wp\/v2\/pages\/241\/revisions"}],"predecessor-version":[{"id":745,"href":"https:\/\/wp.catedu.es\/colaboraulatic\/wp-json\/wp\/v2\/pages\/241\/revisions\/745"}],"up":[{"embeddable":true,"href":"https:\/\/wp.catedu.es\/colaboraulatic\/wp-json\/wp\/v2\/pages\/63"}],"wp:attachment":[{"href":"https:\/\/wp.catedu.es\/colaboraulatic\/wp-json\/wp\/v2\/media?parent=241"}],"curies":[{"name":"wp","href":"https:\/\/api.w.org\/{rel}","templated":true}]}}