{"id":245,"date":"2014-11-24T15:43:06","date_gmt":"2014-11-24T14:43:06","guid":{"rendered":"http:\/\/wp.catedu.es\/colaboraulatic\/?page_id=245"},"modified":"2014-12-03T11:08:58","modified_gmt":"2014-12-03T10:08:58","slug":"otrosniveles","status":"publish","type":"page","link":"https:\/\/wp.catedu.es\/colaboraulatic\/enlaces\/otrosniveles\/","title":{"rendered":"OTROS NIVELES O \u00c1REAS"},"content":{"rendered":"<table style=\"height: 224px;\" width=\"849\">\n<tbody>\n<tr>\n<td style=\"border-color: #050101; text-align: center; vertical-align: middle;\"><strong>\u00c1rea o tem\u00e1tica<\/strong><\/td>\n<td style=\"border-color: #050101; text-align: center; vertical-align: middle;\"><strong>Nombre\/imagen<\/strong><\/td>\n<td style=\"border-color: #050101; text-align: center; vertical-align: middle;\"><strong>Descripci\u00f3n<\/strong><\/td>\n<td style=\"border-color: #050101; text-align: center; vertical-align: middle;\"><strong>Enlace<\/strong><\/td>\n<\/tr>\n<tr>\n<td style=\"border-color: #050101; text-align: center; vertical-align: middle;\"><strong>Formaci\u00f3n Profesional<\/strong><\/td>\n<td style=\"border-color: #050101; text-align: center; vertical-align: middle;\"><\/td>\n<td style=\"border-color: #050101; text-align: center; vertical-align: middle;\"><\/td>\n<td style=\"border-color: #050101; text-align: center; vertical-align: middle;\">\n<div><a href=\"http:\/\/www.humanodigital.com.ar\/mas-de-70-actividades-educativas-sobre-alimentacion-nutricion-y-cocina\/\" target=\"_blank\">70 actividades de cocina y alimentacion<\/a><\/div>\n<div><a href=\"http:\/\/herramientasweb20.educvirtual.org\/index.php?title=Formaci%C3%B3n_profesional\" target=\"_blank\">Cat\u00e1logo 2.0 FP<\/a><\/div>\n<div><a href=\"http:\/\/www.educa.madrid.org\/portal\/c\/portal\/layout?p_l_id=10970.1&amp;p_p_id=visor_WAR_cms_tools&amp;p_p_action=0&amp;p_p_state=pop_up&amp;p_p_mode=view&amp;p_p_width=984&amp;p_p_col_order=w1&amp;p_p_col_pos=0&amp;p_p_col_count=1&amp;_visor_WAR_cms_tools_contentId=2e3cfbfe-a0af-4f26-9f62-bb\" target=\"_blank\">Educa Madrid FP<\/a><\/div>\n<div><a href=\"http:\/\/fp.educaragon.org\/index.asp\" target=\"_blank\">Educaragon FP<\/a><\/div>\n<div><a href=\"http:\/\/www.marketingdeservicios.com\/\" target=\"_blank\">Marketing de servicios<\/a><\/div>\n<div><a href=\"http:\/\/www.educarm.es\/admin\/webForm.php?ar=676&amp;mode=visualizaAplicacionWeb&amp;aplicacion=FP&amp;web=96&amp;zona=PROFESORES&amp;menuSeleccionado=441\" target=\"_blank\">P\u00e1gina FP Educarm<\/a><\/div>\n<div><a href=\"http:\/\/fp.educaragon.org\/formacion\/formacion_prof.asp\" target=\"_blank\">Plan formaci\u00f3n profesorado FP<\/a><\/div>\n<div><a href=\"http:\/\/ntic.educacion.es\/v5\/web\/profesores\/form_profesional\/\" target=\"_blank\">Recursos ITE para FP<\/a><\/div>\n<\/td>\n<\/tr>\n<tr>\n<td style=\"border-color: #050101; text-align: center; vertical-align: middle;\"><strong>Cultura cl\u00e1sica<\/strong><\/td>\n<td style=\"border-color: #050101; text-align: center; vertical-align: middle;\"><\/td>\n<td style=\"border-color: #050101; text-align: center; vertical-align: middle;\"><\/td>\n<td style=\"border-color: #050101; text-align: center; vertical-align: middle;\">\n<div>\n<div><a href=\"http:\/\/www.googleartproject.com\/\" target=\"_blank\">Art Project, de musesos del mundo<\/a><\/div>\n<div><a href=\"http:\/\/www.ellibrototal.com\/ltotal\/\" target=\"_blank\">El libro total<\/a><\/div>\n<div><a href=\"http:\/\/prigman.wordpress.com\/\" target=\"_blank\">Itaca blog<\/a><\/div>\n<div><a href=\"http:\/\/recursostic.educacion.es\/kairos\/web\/\" target=\"_blank\">Proyecto Kair\u00f3s, ITE<\/a><\/div>\n<\/div>\n<\/td>\n<\/tr>\n<tr>\n<td style=\"border-color: #050101; text-align: center; vertical-align: middle;\"><strong>Astronom\u00eda<\/strong><\/td>\n<td style=\"border-color: #050101; text-align: center; vertical-align: middle;\"><\/td>\n<td style=\"border-color: #050101; text-align: center; vertical-align: middle;\"><\/td>\n<td style=\"border-color: #050101; text-align: center; vertical-align: middle;\">\n<div>\n<div><a href=\"http:\/\/www.ciencialimada.com.ar\/\" target=\"_blank\">Ciencia limada<\/a><\/div>\n<div><a href=\"http:\/\/www.ite.educacion.es\/w3\/eos\/MaterialesEducativos\/mem\/antares\/observatorio\/\" target=\"_blank\">Proyecto Antares, ITE<\/a><\/div>\n<div><a href=\"http:\/\/www.solarsystemscope.com\/\" target=\"_blank\">Solar system scope<\/a><\/div>\n<div><a href=\"http:\/\/www.space.com\/\" target=\"_blank\">www.space.com<\/a><\/div>\n<\/div>\n<\/td>\n<\/tr>\n<tr>\n<td style=\"border-color: #050101; text-align: center; vertical-align: middle;\"><strong>Documentales<\/strong><\/td>\n<td style=\"border-color: #050101; text-align: center; vertical-align: middle;\"><\/td>\n<td style=\"border-color: #050101; text-align: center; vertical-align: middle;\"><\/td>\n<td style=\"border-color: #050101; text-align: center; vertical-align: middle;\">\n<div><a href=\"http:\/\/www.docuciencia.es\/\" target=\"_blank\">Docuciencia<\/a><\/div>\n<div><a href=\"http:\/\/www.documaniatv.com\/\" target=\"_blank\">Documania TV<\/a><\/div>\n<div><a href=\"https:\/\/www.facebook.com\/documentalesonlinegratis\" target=\"_blank\">Documentales FACEBOOK<\/a><\/div>\n<div><a href=\"http:\/\/www.documentalesonline.com\/\" target=\"_blank\">Documentales online<\/a><\/div>\n<div><a href=\"http:\/\/www.documentales.es\/\" target=\"_blank\">Documentales.es<\/a><\/div>\n<div><a href=\"http:\/\/www.documentales.us\/\" target=\"_blank\">Documentales.us<\/a><\/div>\n<div><a href=\"http:\/\/www.onlinedocumentales.com\/\" target=\"_blank\">Online documentales<\/a><\/div>\n<div><a href=\"http:\/\/www.pruebadocumental.com\/php\/documentales\/pagina_categorias.php\" target=\"_blank\">Prueba documental<\/a><\/div>\n<div><a href=\"http:\/\/utubersidad.com\/\" target=\"_blank\">Utubersidad<\/a><\/div>\n<\/td>\n<\/tr>\n<tr>\n<td style=\"border-color: #050101; text-align: center; vertical-align: middle;\"><strong>\u00a0Imagen y expresi\u00f3n<\/strong><\/td>\n<td style=\"border-color: #050101; text-align: center; vertical-align: middle;\"><\/td>\n<td style=\"border-color: #050101; text-align: center; vertical-align: middle;\"><\/td>\n<td style=\"border-color: #050101; text-align: center; vertical-align: middle;\">\n<div><a href=\"http:\/\/www.humanodigital.com.ar\/mas-de-70-actividades-educativas-sobre-alimentacion-nutricion-y-cocina\/\" target=\"_blank\">70 actividades cocina<\/a><\/div>\n<div><a href=\"http:\/\/www.googleartproject.com\/\" target=\"_blank\">Art Project, de musesos del mundo<\/a><\/div>\n<div><a href=\"http:\/\/www.artenlaces.com\/\" target=\"_blank\">Artenlaces<\/a><\/div>\n<div><a href=\"http:\/\/e-quercus.es\/imagen.html\" target=\"_blank\">E-quercus pl\u00e1stica<\/a><\/div>\n<div><a href=\"http:\/\/estilosartisticos.blogspot.com\/\" target=\"_blank\">Estilos art\u00edsticos<\/a><\/div>\n<div><a href=\"http:\/\/iesgarciamorato.org\/sociales\/Imagen.htm\" target=\"_blank\">IES Garcia Morato<\/a><\/div>\n<div><a href=\"http:\/\/www.ite.educacion.es\/w3\/netdays\/index_.html\" target=\"_blank\">Proyecto Netdays, ITE<\/a><\/div>\n<div><a href=\"http:\/\/visitacatedral.promediadifusion.com\/\" target=\"_blank\">Visita virtual Catedral Cordoba<\/a><\/div>\n<\/td>\n<\/tr>\n<tr>\n<td style=\"border-color: #050101; text-align: center; vertical-align: middle;\"><strong>Procesos de comunicaci\u00f3n<\/strong><\/td>\n<td style=\"border-color: #050101; text-align: center; vertical-align: middle;\"><\/td>\n<td style=\"border-color: #050101; text-align: center; vertical-align: middle;\"><\/td>\n<td style=\"border-color: #050101; text-align: center; vertical-align: middle;\">\n<div><a href=\"http:\/\/www.blogdeluis.com\/blog\/\" target=\"_blank\">Blog Luis Dorrego<\/a><\/div>\n<div><a href=\"http:\/\/recursostic.educacion.es\/comunicacion\/canalcomunica\/\" target=\"_blank\">Proyecto Canal Comunica, ITE<\/a><\/div>\n<div><a href=\"http:\/\/recursos.cnice.mec.es\/media\/\" target=\"_blank\">Proyecto media, ITE<\/a><\/div>\n<\/td>\n<\/tr>\n<\/tbody>\n<\/table>\n<p>&nbsp;<\/p>\n","protected":false},"excerpt":{"rendered":"<p>\u00c1rea o tem\u00e1tica Nombre\/imagen Descripci\u00f3n Enlace Formaci\u00f3n Profesional 70 actividades de cocina y alimentacion Cat\u00e1logo 2.0 FP Educa Madrid FP Educaragon FP Marketing de servicios P\u00e1gina FP Educarm Plan formaci\u00f3n profesorado FP Recursos ITE para FP Cultura cl\u00e1sica Art Project, &hellip;<\/p>\n<p class=\"read-more\"> <a class=\"more-link\" href=\"https:\/\/wp.catedu.es\/colaboraulatic\/enlaces\/otrosniveles\/\"> <span class=\"screen-reader-text\">OTROS NIVELES O \u00c1REAS<\/span> Leer m\u00e1s \u00bb<\/a><\/p>\n","protected":false},"author":5,"featured_media":0,"parent":63,"menu_order":0,"comment_status":"open","ping_status":"closed","template":"full-width-page.php","meta":{"jetpack_post_was_ever_published":false,"footnotes":""},"class_list":["post-245","page","type-page","status-publish","hentry"],"jetpack_sharing_enabled":true,"jetpack_shortlink":"https:\/\/wp.me\/P5O2qe-3X","jetpack-related-posts":[],"_links":{"self":[{"href":"https:\/\/wp.catedu.es\/colaboraulatic\/wp-json\/wp\/v2\/pages\/245","targetHints":{"allow":["GET"]}}],"collection":[{"href":"https:\/\/wp.catedu.es\/colaboraulatic\/wp-json\/wp\/v2\/pages"}],"about":[{"href":"https:\/\/wp.catedu.es\/colaboraulatic\/wp-json\/wp\/v2\/types\/page"}],"author":[{"embeddable":true,"href":"https:\/\/wp.catedu.es\/colaboraulatic\/wp-json\/wp\/v2\/users\/5"}],"replies":[{"embeddable":true,"href":"https:\/\/wp.catedu.es\/colaboraulatic\/wp-json\/wp\/v2\/comments?post=245"}],"version-history":[{"count":19,"href":"https:\/\/wp.catedu.es\/colaboraulatic\/wp-json\/wp\/v2\/pages\/245\/revisions"}],"predecessor-version":[{"id":379,"href":"https:\/\/wp.catedu.es\/colaboraulatic\/wp-json\/wp\/v2\/pages\/245\/revisions\/379"}],"up":[{"embeddable":true,"href":"https:\/\/wp.catedu.es\/colaboraulatic\/wp-json\/wp\/v2\/pages\/63"}],"wp:attachment":[{"href":"https:\/\/wp.catedu.es\/colaboraulatic\/wp-json\/wp\/v2\/media?parent=245"}],"curies":[{"name":"wp","href":"https:\/\/api.w.org\/{rel}","templated":true}]}}