{"id":253,"date":"2014-11-24T15:44:49","date_gmt":"2014-11-24T14:44:49","guid":{"rendered":"http:\/\/wp.catedu.es\/colaboraulatic\/?page_id=253"},"modified":"2014-12-11T15:34:47","modified_gmt":"2014-12-11T14:34:47","slug":"competencias","status":"publish","type":"page","link":"https:\/\/wp.catedu.es\/colaboraulatic\/enlaces\/competencias\/","title":{"rendered":"COMPETENCIAS"},"content":{"rendered":"<table style=\"height: 326px;\" width=\"1054\">\n<tbody>\n<tr>\n<td style=\"border-color: #050101; text-align: center; vertical-align: middle;\"><strong>Nombre\/imagen<\/strong><\/td>\n<td style=\"border-color: #050101; width: 250px; text-align: center; vertical-align: middle;\"><strong>Descripci\u00f3n<\/strong><\/td>\n<td style=\"border-color: #050101; text-align: center; vertical-align: middle;\"><strong>Enlace<\/strong><\/td>\n<\/tr>\n<tr>\n<td style=\"border-color: #050101; text-align: center; vertical-align: middle;\">\n<div><a title=\"competencias aragon\" href=\"http:\/\/www.catedu.es\/competenciasbasicas\/index.php?mod=inicio\" target=\"_blank\">Competencias b\u00e1sicas Arag\u00f3n<\/a><\/div>\n<div><\/div>\n<div><a href=\"http:\/\/wp.catedu.es\/colaboraulatic\/wp-content\/uploads\/sites\/4\/2014\/11\/comp.png\"><img loading=\"lazy\" decoding=\"async\" data-attachment-id=\"728\" data-permalink=\"https:\/\/wp.catedu.es\/colaboraulatic\/enlaces\/competencias\/comp\/\" data-orig-file=\"https:\/\/wp.catedu.es\/colaboraulatic\/wp-content\/uploads\/sites\/4\/2014\/11\/comp.png\" data-orig-size=\"915,109\" data-comments-opened=\"1\" data-image-meta=\"{&quot;aperture&quot;:&quot;0&quot;,&quot;credit&quot;:&quot;&quot;,&quot;camera&quot;:&quot;&quot;,&quot;caption&quot;:&quot;&quot;,&quot;created_timestamp&quot;:&quot;0&quot;,&quot;copyright&quot;:&quot;&quot;,&quot;focal_length&quot;:&quot;0&quot;,&quot;iso&quot;:&quot;0&quot;,&quot;shutter_speed&quot;:&quot;0&quot;,&quot;title&quot;:&quot;&quot;,&quot;orientation&quot;:&quot;0&quot;}\" data-image-title=\"comp\" data-image-description=\"\" data-image-caption=\"\" data-large-file=\"https:\/\/wp.catedu.es\/colaboraulatic\/wp-content\/uploads\/sites\/4\/2014\/11\/comp.png\" class=\"aligncenter  wp-image-728\" src=\"http:\/\/wp.catedu.es\/colaboraulatic\/wp-content\/uploads\/sites\/4\/2014\/11\/comp.png\" alt=\"comp\" width=\"657\" height=\"81\" \/><\/a><\/div>\n<div><\/div>\n<\/td>\n<td style=\"border-color: #050101; width: 250px; text-align: center; vertical-align: middle;\">La antigua p\u00e1gina de COMBAS, desaparecida al finalizar el per\u00edodo de dedicaci\u00f3n a este menester, de la persona que se hizo cargo de crearla, Alfonso Cort\u00e9s.Todo un trabajazo en relaci\u00f3n a las competencias, que queda para consulta y reflexi\u00f3n. Con el cambio a la LOMCE buena parte de este trabajo no se podr\u00e1 aprovechar en plenitud, pero desde luego sigue siendo \u00fatil.<\/td>\n<td style=\"border-color: #050101; text-align: center; vertical-align: middle;\"><a title=\"combas aragon\" href=\"http:\/\/www.catedu.es\/competenciasbasicas\/index.php?mod=inicio\" target=\"_blank\"><img loading=\"lazy\" decoding=\"async\" data-attachment-id=\"557\" data-permalink=\"https:\/\/wp.catedu.es\/colaboraulatic\/tabletas\/clic-aki\/\" data-orig-file=\"https:\/\/wp.catedu.es\/colaboraulatic\/wp-content\/uploads\/sites\/4\/2014\/11\/CLIC-AKI-e1417610961505.png\" data-orig-size=\"20,20\" data-comments-opened=\"1\" data-image-meta=\"{&quot;aperture&quot;:&quot;0&quot;,&quot;credit&quot;:&quot;&quot;,&quot;camera&quot;:&quot;&quot;,&quot;caption&quot;:&quot;&quot;,&quot;created_timestamp&quot;:&quot;0&quot;,&quot;copyright&quot;:&quot;&quot;,&quot;focal_length&quot;:&quot;0&quot;,&quot;iso&quot;:&quot;0&quot;,&quot;shutter_speed&quot;:&quot;0&quot;,&quot;title&quot;:&quot;&quot;,&quot;orientation&quot;:&quot;0&quot;}\" data-image-title=\"CLIC AKI\" data-image-description=\"\" data-image-caption=\"\" data-large-file=\"https:\/\/wp.catedu.es\/colaboraulatic\/wp-content\/uploads\/sites\/4\/2014\/11\/CLIC-AKI-e1417610961505.png\" class=\"aligncenter size-full wp-image-557\" src=\"http:\/\/wp.catedu.es\/colaboraulatic\/wp-content\/uploads\/sites\/4\/2014\/11\/CLIC-AKI-e1417610961505.png\" alt=\"CLIC AKI\" width=\"20\" height=\"20\" \/><\/a><\/td>\n<\/tr>\n<tr>\n<td style=\"border-color: #050101; text-align: center; vertical-align: middle;\">\n<div><a title=\"competentes felices\" href=\"http:\/\/competentes-felices.webnode.es\/\" target=\"_blank\">Competentes y felices<\/a><\/div>\n<div><\/div>\n<div><a title=\"cm\" href=\"http:\/\/competentes-felices.webnode.es\/\" target=\"_blank\"><img loading=\"lazy\" decoding=\"async\" data-attachment-id=\"297\" data-permalink=\"https:\/\/wp.catedu.es\/colaboraulatic\/enlaces\/competencias\/compt\/\" data-orig-file=\"https:\/\/wp.catedu.es\/colaboraulatic\/wp-content\/uploads\/sites\/4\/2014\/11\/compt.png\" data-orig-size=\"724,212\" data-comments-opened=\"1\" data-image-meta=\"{&quot;aperture&quot;:&quot;0&quot;,&quot;credit&quot;:&quot;&quot;,&quot;camera&quot;:&quot;&quot;,&quot;caption&quot;:&quot;&quot;,&quot;created_timestamp&quot;:&quot;0&quot;,&quot;copyright&quot;:&quot;&quot;,&quot;focal_length&quot;:&quot;0&quot;,&quot;iso&quot;:&quot;0&quot;,&quot;shutter_speed&quot;:&quot;0&quot;,&quot;title&quot;:&quot;&quot;,&quot;orientation&quot;:&quot;0&quot;}\" data-image-title=\"compt\" data-image-description=\"\" data-image-caption=\"\" data-large-file=\"https:\/\/wp.catedu.es\/colaboraulatic\/wp-content\/uploads\/sites\/4\/2014\/11\/compt.png\" class=\"aligncenter wp-image-297 \" src=\"http:\/\/wp.catedu.es\/colaboraulatic\/wp-content\/uploads\/sites\/4\/2014\/11\/compt-300x87.png\" alt=\"compt\" width=\"448\" height=\"130\" srcset=\"https:\/\/wp.catedu.es\/colaboraulatic\/wp-content\/uploads\/sites\/4\/2014\/11\/compt-300x87.png 300w, https:\/\/wp.catedu.es\/colaboraulatic\/wp-content\/uploads\/sites\/4\/2014\/11\/compt-100x29.png 100w, https:\/\/wp.catedu.es\/colaboraulatic\/wp-content\/uploads\/sites\/4\/2014\/11\/compt-150x43.png 150w, https:\/\/wp.catedu.es\/colaboraulatic\/wp-content\/uploads\/sites\/4\/2014\/11\/compt-200x58.png 200w, https:\/\/wp.catedu.es\/colaboraulatic\/wp-content\/uploads\/sites\/4\/2014\/11\/compt-450x131.png 450w, https:\/\/wp.catedu.es\/colaboraulatic\/wp-content\/uploads\/sites\/4\/2014\/11\/compt-600x175.png 600w, https:\/\/wp.catedu.es\/colaboraulatic\/wp-content\/uploads\/sites\/4\/2014\/11\/compt.png 724w\" sizes=\"auto, (max-width: 448px) 100vw, 448px\" \/><\/a><\/div>\n<div><\/div>\n<\/td>\n<td style=\"border-color: #050101; width: 250px; text-align: center; vertical-align: middle;\">Web con extensa documentaci\u00f3n sobre competencias educativas,elaborada por Mart\u00edn Pinos, asesor de Competencias b\u00e1sicas del CIFE Juan de Lanuza<\/td>\n<td style=\"border-color: #050101; text-align: center; vertical-align: middle;\"><a title=\"felices\" href=\"\u00a0http:\/\/competentes-felices.webnode.es\/\" target=\"_blank\"><img loading=\"lazy\" decoding=\"async\" data-attachment-id=\"557\" data-permalink=\"https:\/\/wp.catedu.es\/colaboraulatic\/tabletas\/clic-aki\/\" data-orig-file=\"https:\/\/wp.catedu.es\/colaboraulatic\/wp-content\/uploads\/sites\/4\/2014\/11\/CLIC-AKI-e1417610961505.png\" data-orig-size=\"20,20\" data-comments-opened=\"1\" data-image-meta=\"{&quot;aperture&quot;:&quot;0&quot;,&quot;credit&quot;:&quot;&quot;,&quot;camera&quot;:&quot;&quot;,&quot;caption&quot;:&quot;&quot;,&quot;created_timestamp&quot;:&quot;0&quot;,&quot;copyright&quot;:&quot;&quot;,&quot;focal_length&quot;:&quot;0&quot;,&quot;iso&quot;:&quot;0&quot;,&quot;shutter_speed&quot;:&quot;0&quot;,&quot;title&quot;:&quot;&quot;,&quot;orientation&quot;:&quot;0&quot;}\" data-image-title=\"CLIC AKI\" data-image-description=\"\" data-image-caption=\"\" data-large-file=\"https:\/\/wp.catedu.es\/colaboraulatic\/wp-content\/uploads\/sites\/4\/2014\/11\/CLIC-AKI-e1417610961505.png\" class=\"aligncenter size-full wp-image-557\" src=\"http:\/\/wp.catedu.es\/colaboraulatic\/wp-content\/uploads\/sites\/4\/2014\/11\/CLIC-AKI-e1417610961505.png\" alt=\"CLIC AKI\" width=\"20\" height=\"20\" \/><\/a><\/td>\n<\/tr>\n<tr>\n<td style=\"border-color: #050101; text-align: center; vertical-align: middle;\"><a title=\"cm2\" href=\"http:\/\/www.juntadeandalucia.es\/educacion\/educacion\/nav\/navegacion.jsp?lista_canales=1371&amp;vismenu=0,0,1,1,1,1,0,0,0\" target=\"_blank\">Junta de Andaluc\u00eda, competencias<\/a><\/p>\n<p><a title=\"and\" href=\"http:\/\/www.juntadeandalucia.es\/educacion\/educacion\/nav\/navegacion.jsp?lista_canales=1371&amp;vismenu=0,0,1,1,1,1,0,0,0\" target=\"_blank\"><img loading=\"lazy\" decoding=\"async\" data-attachment-id=\"543\" data-permalink=\"https:\/\/wp.catedu.es\/colaboraulatic\/enlaces\/competencias\/and\/\" data-orig-file=\"https:\/\/wp.catedu.es\/colaboraulatic\/wp-content\/uploads\/sites\/4\/2014\/11\/AND.png\" data-orig-size=\"205,119\" data-comments-opened=\"1\" data-image-meta=\"{&quot;aperture&quot;:&quot;0&quot;,&quot;credit&quot;:&quot;&quot;,&quot;camera&quot;:&quot;&quot;,&quot;caption&quot;:&quot;&quot;,&quot;created_timestamp&quot;:&quot;0&quot;,&quot;copyright&quot;:&quot;&quot;,&quot;focal_length&quot;:&quot;0&quot;,&quot;iso&quot;:&quot;0&quot;,&quot;shutter_speed&quot;:&quot;0&quot;,&quot;title&quot;:&quot;&quot;,&quot;orientation&quot;:&quot;0&quot;}\" data-image-title=\"AND\" data-image-description=\"\" data-image-caption=\"\" data-large-file=\"https:\/\/wp.catedu.es\/colaboraulatic\/wp-content\/uploads\/sites\/4\/2014\/11\/AND.png\" class=\"aligncenter  wp-image-543\" src=\"http:\/\/wp.catedu.es\/colaboraulatic\/wp-content\/uploads\/sites\/4\/2014\/11\/AND.png\" alt=\"AND\" width=\"346\" height=\"200\" srcset=\"https:\/\/wp.catedu.es\/colaboraulatic\/wp-content\/uploads\/sites\/4\/2014\/11\/AND.png 205w, https:\/\/wp.catedu.es\/colaboraulatic\/wp-content\/uploads\/sites\/4\/2014\/11\/AND-100x58.png 100w, https:\/\/wp.catedu.es\/colaboraulatic\/wp-content\/uploads\/sites\/4\/2014\/11\/AND-150x87.png 150w, https:\/\/wp.catedu.es\/colaboraulatic\/wp-content\/uploads\/sites\/4\/2014\/11\/AND-200x116.png 200w\" sizes=\"auto, (max-width: 346px) 100vw, 346px\" \/><\/a><\/td>\n<td style=\"border-color: #050101; width: 250px; text-align: center; vertical-align: middle;\">Apartado referido a las competencias b\u00e1sicas de la Consejer\u00eda de Educaci\u00f3n de la Junta de Andaluc\u00eda. Mucha y relevante informaci\u00f3n as\u00ed como experiencias pr\u00e1cticas.<\/td>\n<td style=\"border-color: #050101; text-align: center; vertical-align: middle;\"><a title=\"combas andalucia\" href=\"http:\/\/www.juntadeandalucia.es\/educacion\/educacion\/nav\/navegacion.jsp?lista_canales=1371&amp;vismenu=0,0,1,1,1,1,0,0,0\" target=\"_blank\"><img loading=\"lazy\" decoding=\"async\" data-attachment-id=\"557\" data-permalink=\"https:\/\/wp.catedu.es\/colaboraulatic\/tabletas\/clic-aki\/\" data-orig-file=\"https:\/\/wp.catedu.es\/colaboraulatic\/wp-content\/uploads\/sites\/4\/2014\/11\/CLIC-AKI-e1417610961505.png\" data-orig-size=\"20,20\" data-comments-opened=\"1\" data-image-meta=\"{&quot;aperture&quot;:&quot;0&quot;,&quot;credit&quot;:&quot;&quot;,&quot;camera&quot;:&quot;&quot;,&quot;caption&quot;:&quot;&quot;,&quot;created_timestamp&quot;:&quot;0&quot;,&quot;copyright&quot;:&quot;&quot;,&quot;focal_length&quot;:&quot;0&quot;,&quot;iso&quot;:&quot;0&quot;,&quot;shutter_speed&quot;:&quot;0&quot;,&quot;title&quot;:&quot;&quot;,&quot;orientation&quot;:&quot;0&quot;}\" data-image-title=\"CLIC AKI\" data-image-description=\"\" data-image-caption=\"\" data-large-file=\"https:\/\/wp.catedu.es\/colaboraulatic\/wp-content\/uploads\/sites\/4\/2014\/11\/CLIC-AKI-e1417610961505.png\" class=\"aligncenter size-full wp-image-557\" src=\"http:\/\/wp.catedu.es\/colaboraulatic\/wp-content\/uploads\/sites\/4\/2014\/11\/CLIC-AKI-e1417610961505.png\" alt=\"CLIC AKI\" width=\"20\" height=\"20\" \/><\/a><\/td>\n<\/tr>\n<tr>\n<td style=\"border-color: #050101; text-align: center; vertical-align: middle;\"><a href=\"http:\/\/icobae.es\/\" target=\"_blank\">iCOBAE<\/a><\/td>\n<td style=\"border-color: #050101; width: 250px; text-align: center; vertical-align: middle;\">iCOBAE es un modelo abierto de innovaci\u00f3n educativa relacionado con la incorporaci\u00f3n de las competencias b\u00e1sicas al curr\u00edculo y a la pr\u00e1ctica docente.<\/td>\n<td style=\"border-color: #050101; text-align: center; vertical-align: middle;\"><a title=\"icobae\" href=\"http:\/\/competenciasbasicas.es\/\" target=\"_blank\"><img loading=\"lazy\" decoding=\"async\" data-attachment-id=\"557\" data-permalink=\"https:\/\/wp.catedu.es\/colaboraulatic\/tabletas\/clic-aki\/\" data-orig-file=\"https:\/\/wp.catedu.es\/colaboraulatic\/wp-content\/uploads\/sites\/4\/2014\/11\/CLIC-AKI-e1417610961505.png\" data-orig-size=\"20,20\" data-comments-opened=\"1\" data-image-meta=\"{&quot;aperture&quot;:&quot;0&quot;,&quot;credit&quot;:&quot;&quot;,&quot;camera&quot;:&quot;&quot;,&quot;caption&quot;:&quot;&quot;,&quot;created_timestamp&quot;:&quot;0&quot;,&quot;copyright&quot;:&quot;&quot;,&quot;focal_length&quot;:&quot;0&quot;,&quot;iso&quot;:&quot;0&quot;,&quot;shutter_speed&quot;:&quot;0&quot;,&quot;title&quot;:&quot;&quot;,&quot;orientation&quot;:&quot;0&quot;}\" data-image-title=\"CLIC AKI\" data-image-description=\"\" data-image-caption=\"\" data-large-file=\"https:\/\/wp.catedu.es\/colaboraulatic\/wp-content\/uploads\/sites\/4\/2014\/11\/CLIC-AKI-e1417610961505.png\" class=\"aligncenter size-full wp-image-557\" src=\"http:\/\/wp.catedu.es\/colaboraulatic\/wp-content\/uploads\/sites\/4\/2014\/11\/CLIC-AKI-e1417610961505.png\" alt=\"CLIC AKI\" width=\"20\" height=\"20\" \/><\/a><\/td>\n<\/tr>\n<tr>\n<td style=\"border-color: #050101; text-align: center; vertical-align: middle;\"><a href=\"http:\/\/juandomingofarnos.wordpress.com\/2011\/01\/20\/todo-sobre-competencias-basicas-y-las-tic\/\" target=\"_blank\">Juan Domingo Farnos, comp. y TIC<\/a><\/p>\n<p><a href=\"http:\/\/wp.catedu.es\/colaboraulatic\/wp-content\/uploads\/sites\/4\/2014\/11\/JUANDON.png\"><img loading=\"lazy\" decoding=\"async\" data-attachment-id=\"296\" data-permalink=\"https:\/\/wp.catedu.es\/colaboraulatic\/enlaces\/competencias\/juandon\/\" data-orig-file=\"https:\/\/wp.catedu.es\/colaboraulatic\/wp-content\/uploads\/sites\/4\/2014\/11\/JUANDON.png\" data-orig-size=\"704,84\" data-comments-opened=\"1\" data-image-meta=\"{&quot;aperture&quot;:&quot;0&quot;,&quot;credit&quot;:&quot;&quot;,&quot;camera&quot;:&quot;&quot;,&quot;caption&quot;:&quot;&quot;,&quot;created_timestamp&quot;:&quot;0&quot;,&quot;copyright&quot;:&quot;&quot;,&quot;focal_length&quot;:&quot;0&quot;,&quot;iso&quot;:&quot;0&quot;,&quot;shutter_speed&quot;:&quot;0&quot;,&quot;title&quot;:&quot;&quot;,&quot;orientation&quot;:&quot;0&quot;}\" data-image-title=\"JUANDON\" data-image-description=\"\" data-image-caption=\"\" data-large-file=\"https:\/\/wp.catedu.es\/colaboraulatic\/wp-content\/uploads\/sites\/4\/2014\/11\/JUANDON.png\" class=\"aligncenter  wp-image-296\" src=\"http:\/\/wp.catedu.es\/colaboraulatic\/wp-content\/uploads\/sites\/4\/2014\/11\/JUANDON.png\" alt=\"JUANDON\" width=\"541\" height=\"66\" srcset=\"https:\/\/wp.catedu.es\/colaboraulatic\/wp-content\/uploads\/sites\/4\/2014\/11\/JUANDON.png 704w, https:\/\/wp.catedu.es\/colaboraulatic\/wp-content\/uploads\/sites\/4\/2014\/11\/JUANDON-100x11.png 100w, https:\/\/wp.catedu.es\/colaboraulatic\/wp-content\/uploads\/sites\/4\/2014\/11\/JUANDON-150x17.png 150w, https:\/\/wp.catedu.es\/colaboraulatic\/wp-content\/uploads\/sites\/4\/2014\/11\/JUANDON-200x23.png 200w\" sizes=\"auto, (max-width: 541px) 100vw, 541px\" \/><\/a><\/td>\n<td style=\"border-color: #050101; width: 250px; text-align: center; vertical-align: middle;\">Ideas sobre competencias b\u00e1sicas y su trabajo en el aula.<\/td>\n<td style=\"border-color: #050101; text-align: center; vertical-align: middle;\"><a title=\"juandon compet\" href=\"http:\/\/juandomingofarnos.wordpress.com\/2011\/01\/20\/todo-sobre-competencias-basicas-y-las-tic\/\" target=\"_blank\"><img loading=\"lazy\" decoding=\"async\" data-attachment-id=\"557\" data-permalink=\"https:\/\/wp.catedu.es\/colaboraulatic\/tabletas\/clic-aki\/\" data-orig-file=\"https:\/\/wp.catedu.es\/colaboraulatic\/wp-content\/uploads\/sites\/4\/2014\/11\/CLIC-AKI-e1417610961505.png\" data-orig-size=\"20,20\" data-comments-opened=\"1\" data-image-meta=\"{&quot;aperture&quot;:&quot;0&quot;,&quot;credit&quot;:&quot;&quot;,&quot;camera&quot;:&quot;&quot;,&quot;caption&quot;:&quot;&quot;,&quot;created_timestamp&quot;:&quot;0&quot;,&quot;copyright&quot;:&quot;&quot;,&quot;focal_length&quot;:&quot;0&quot;,&quot;iso&quot;:&quot;0&quot;,&quot;shutter_speed&quot;:&quot;0&quot;,&quot;title&quot;:&quot;&quot;,&quot;orientation&quot;:&quot;0&quot;}\" data-image-title=\"CLIC AKI\" data-image-description=\"\" data-image-caption=\"\" data-large-file=\"https:\/\/wp.catedu.es\/colaboraulatic\/wp-content\/uploads\/sites\/4\/2014\/11\/CLIC-AKI-e1417610961505.png\" class=\"aligncenter size-full wp-image-557\" src=\"http:\/\/wp.catedu.es\/colaboraulatic\/wp-content\/uploads\/sites\/4\/2014\/11\/CLIC-AKI-e1417610961505.png\" alt=\"CLIC AKI\" width=\"20\" height=\"20\" \/><\/a><\/td>\n<\/tr>\n<tr>\n<td style=\"border-color: #050101; vertical-align: middle; text-align: center;\"><a title=\"allll\" href=\"http:\/\/www.cpr1.es\/publicaciones_cpr\/proyecto_alegria\/\" target=\"_blank\">Proyecto Alegr\u00eda<\/a><\/td>\n<td style=\"border-color: #050101; width: 250px; text-align: center; vertical-align: middle;\">Proyecto globalizado de desarrollo de competencias b\u00e1sicas y educaci\u00f3n en valores, para 4\u00ba de primaria, a trav\u00e9s de cuentos<\/td>\n<td style=\"border-color: #050101; vertical-align: middle; text-align: center;\"><a title=\"alegria\" href=\"http:\/\/www.cpr1.es\/publicaciones_cpr\/proyecto_alegria\/\" target=\"_blank\"><img loading=\"lazy\" decoding=\"async\" data-attachment-id=\"557\" data-permalink=\"https:\/\/wp.catedu.es\/colaboraulatic\/tabletas\/clic-aki\/\" data-orig-file=\"https:\/\/wp.catedu.es\/colaboraulatic\/wp-content\/uploads\/sites\/4\/2014\/11\/CLIC-AKI-e1417610961505.png\" data-orig-size=\"20,20\" data-comments-opened=\"1\" data-image-meta=\"{&quot;aperture&quot;:&quot;0&quot;,&quot;credit&quot;:&quot;&quot;,&quot;camera&quot;:&quot;&quot;,&quot;caption&quot;:&quot;&quot;,&quot;created_timestamp&quot;:&quot;0&quot;,&quot;copyright&quot;:&quot;&quot;,&quot;focal_length&quot;:&quot;0&quot;,&quot;iso&quot;:&quot;0&quot;,&quot;shutter_speed&quot;:&quot;0&quot;,&quot;title&quot;:&quot;&quot;,&quot;orientation&quot;:&quot;0&quot;}\" data-image-title=\"CLIC AKI\" data-image-description=\"\" data-image-caption=\"\" data-large-file=\"https:\/\/wp.catedu.es\/colaboraulatic\/wp-content\/uploads\/sites\/4\/2014\/11\/CLIC-AKI-e1417610961505.png\" class=\"aligncenter size-full wp-image-557\" src=\"http:\/\/wp.catedu.es\/colaboraulatic\/wp-content\/uploads\/sites\/4\/2014\/11\/CLIC-AKI-e1417610961505.png\" alt=\"CLIC AKI\" width=\"20\" height=\"20\" \/><\/a><\/td>\n<\/tr>\n<\/tbody>\n<\/table>\n<p>&nbsp;<\/p>\n","protected":false},"excerpt":{"rendered":"<p>Nombre\/imagen Descripci\u00f3n Enlace Competencias b\u00e1sicas Arag\u00f3n La antigua p\u00e1gina de COMBAS, desaparecida al finalizar el per\u00edodo de dedicaci\u00f3n a este menester, de la persona que se hizo cargo de crearla, Alfonso Cort\u00e9s.Todo un trabajazo en relaci\u00f3n a las competencias, que &hellip;<\/p>\n<p class=\"read-more\"> <a class=\"more-link\" href=\"https:\/\/wp.catedu.es\/colaboraulatic\/enlaces\/competencias\/\"> <span class=\"screen-reader-text\">COMPETENCIAS<\/span> Leer m\u00e1s \u00bb<\/a><\/p>\n","protected":false},"author":5,"featured_media":0,"parent":63,"menu_order":0,"comment_status":"open","ping_status":"closed","template":"full-width-page.php","meta":{"jetpack_post_was_ever_published":false,"footnotes":""},"class_list":["post-253","page","type-page","status-publish","hentry"],"jetpack_sharing_enabled":true,"jetpack_shortlink":"https:\/\/wp.me\/P5O2qe-45","jetpack-related-posts":[],"_links":{"self":[{"href":"https:\/\/wp.catedu.es\/colaboraulatic\/wp-json\/wp\/v2\/pages\/253","targetHints":{"allow":["GET"]}}],"collection":[{"href":"https:\/\/wp.catedu.es\/colaboraulatic\/wp-json\/wp\/v2\/pages"}],"about":[{"href":"https:\/\/wp.catedu.es\/colaboraulatic\/wp-json\/wp\/v2\/types\/page"}],"author":[{"embeddable":true,"href":"https:\/\/wp.catedu.es\/colaboraulatic\/wp-json\/wp\/v2\/users\/5"}],"replies":[{"embeddable":true,"href":"https:\/\/wp.catedu.es\/colaboraulatic\/wp-json\/wp\/v2\/comments?post=253"}],"version-history":[{"count":9,"href":"https:\/\/wp.catedu.es\/colaboraulatic\/wp-json\/wp\/v2\/pages\/253\/revisions"}],"predecessor-version":[{"id":730,"href":"https:\/\/wp.catedu.es\/colaboraulatic\/wp-json\/wp\/v2\/pages\/253\/revisions\/730"}],"up":[{"embeddable":true,"href":"https:\/\/wp.catedu.es\/colaboraulatic\/wp-json\/wp\/v2\/pages\/63"}],"wp:attachment":[{"href":"https:\/\/wp.catedu.es\/colaboraulatic\/wp-json\/wp\/v2\/media?parent=253"}],"curies":[{"name":"wp","href":"https:\/\/api.w.org\/{rel}","templated":true}]}}