{"id":29,"date":"2014-11-08T00:29:14","date_gmt":"2014-11-07T23:29:14","guid":{"rendered":"http:\/\/www.catedu.es\/colaboraulatic\/?page_id=27"},"modified":"2015-09-03T18:52:52","modified_gmt":"2015-09-03T17:52:52","slug":"colaboradores","status":"publish","type":"page","link":"https:\/\/wp.catedu.es\/colaboraulatic\/colaboradores\/","title":{"rendered":"Qui\u00e9nes somos"},"content":{"rendered":"<p style=\"text-align: justify;\">La web \u00ab<strong>Colaboraulatic<\/strong>\u00bb se ha creado como soporte de trabajo de los colaboradores did\u00e1cticos TIC para el aula de Arag\u00f3n. Os dejamos aqu\u00ed nuestro perfil personal y contacto:<\/p>\n<table style=\"height: 690px; border-color: #1f2dcc;\" width=\"1021\" cellpadding=\"2\">\n<tbody>\n<tr>\n<td style=\"border-color: #12204d; text-align: center; vertical-align: middle;\">\n<div><strong>Rosa Garza Torrijo\u00a0<\/strong><\/div>\n<div><em>Colaboradora did\u00e1ctica para Secundaria<\/em><\/div>\n<div><\/div>\n<div>\u00c1mbito de Zaragoza<\/div>\n<div>Ubicaci\u00f3n: CIFE Juan de Lanuza<\/div>\n<div>C\/Buen Pastor 4, 50003 Zaragoza<\/div>\n<div>Tlfn: 976395550 Fax: 976395554<\/div>\n<div>Blog: <a title=\"rosa\" href=\"http:\/\/www.catedu.es\/arablogs\/blog.php?id_blog=1860#.VGCMDTSG_tE\" target=\"_blank\">Colaboraci\u00f3n TIC Secundaria<\/a><\/div>\n<div><\/div>\n<div><strong>EMAIL:<\/strong><\/div>\n<div><strong>rgarzat@educa.aragon.es<\/strong><\/div>\n<\/td>\n<td style=\"border-color: #12204d; text-align: center; vertical-align: middle;\"><a href=\"http:\/\/wp.catedu.es\/colaboraulatic\/wp-content\/uploads\/sites\/4\/2014\/11\/Arbol.png\"><img loading=\"lazy\" decoding=\"async\" data-attachment-id=\"1022\" data-permalink=\"https:\/\/wp.catedu.es\/colaboraulatic\/colaboradores\/arbol\/\" data-orig-file=\"https:\/\/wp.catedu.es\/colaboraulatic\/wp-content\/uploads\/sites\/4\/2014\/11\/Arbol.png\" data-orig-size=\"2850,3225\" data-comments-opened=\"1\" data-image-meta=\"{&quot;aperture&quot;:&quot;0&quot;,&quot;credit&quot;:&quot;&quot;,&quot;camera&quot;:&quot;&quot;,&quot;caption&quot;:&quot;&quot;,&quot;created_timestamp&quot;:&quot;0&quot;,&quot;copyright&quot;:&quot;&quot;,&quot;focal_length&quot;:&quot;0&quot;,&quot;iso&quot;:&quot;0&quot;,&quot;shutter_speed&quot;:&quot;0&quot;,&quot;title&quot;:&quot;&quot;,&quot;orientation&quot;:&quot;0&quot;}\" data-image-title=\"Arbol\" data-image-description=\"\" data-image-caption=\"\" data-large-file=\"https:\/\/wp.catedu.es\/colaboraulatic\/wp-content\/uploads\/sites\/4\/2014\/11\/Arbol-904x1024.png\" class=\"alignnone wp-image-1022 \" src=\"http:\/\/wp.catedu.es\/colaboraulatic\/wp-content\/uploads\/sites\/4\/2014\/11\/Arbol-265x300.png\" alt=\"\" width=\"136\" height=\"154\" srcset=\"https:\/\/wp.catedu.es\/colaboraulatic\/wp-content\/uploads\/sites\/4\/2014\/11\/Arbol-265x300.png 265w, https:\/\/wp.catedu.es\/colaboraulatic\/wp-content\/uploads\/sites\/4\/2014\/11\/Arbol-904x1024.png 904w, https:\/\/wp.catedu.es\/colaboraulatic\/wp-content\/uploads\/sites\/4\/2014\/11\/Arbol-100x113.png 100w, https:\/\/wp.catedu.es\/colaboraulatic\/wp-content\/uploads\/sites\/4\/2014\/11\/Arbol-150x169.png 150w, https:\/\/wp.catedu.es\/colaboraulatic\/wp-content\/uploads\/sites\/4\/2014\/11\/Arbol-200x226.png 200w, https:\/\/wp.catedu.es\/colaboraulatic\/wp-content\/uploads\/sites\/4\/2014\/11\/Arbol-300x339.png 300w, https:\/\/wp.catedu.es\/colaboraulatic\/wp-content\/uploads\/sites\/4\/2014\/11\/Arbol-450x509.png 450w, https:\/\/wp.catedu.es\/colaboraulatic\/wp-content\/uploads\/sites\/4\/2014\/11\/Arbol-600x678.png 600w, https:\/\/wp.catedu.es\/colaboraulatic\/wp-content\/uploads\/sites\/4\/2014\/11\/Arbol-900x1018.png 900w\" sizes=\"auto, (max-width: 136px) 100vw, 136px\" \/><\/a><\/td>\n<td style=\"border-color: #12204d; text-align: center; vertical-align: middle;\">\n<div><strong>Jos\u00e9 Antonio Torres Santolaria\u00a0<\/strong><\/div>\n<div><em>Colaborador did\u00e1ctico para Primaria<\/em><\/div>\n<div><\/div>\n<div>\u00c1mbito de Zaragoza<\/div>\n<div>Ubicaci\u00f3n: CIFE Juan de Lanuza<\/div>\n<div>C\/Buen Pastor 4, 50003 Zaragoza<\/div>\n<div>Tlfn: 976395550 Fax: 976395554<\/div>\n<div>Blog: <a title=\"Josean\" href=\"http:\/\/catedu.es\/arablogs\/blog.php?id_blog=1614\" target=\"_blank\">Colaborador TIC primaria<\/a><\/div>\n<div>M\u00e1s informaci\u00f3n:<\/div>\n<div><a title=\"about josean\" href=\"http:\/\/about.me\/joseantorrestic\" target=\"_blank\">http:\/\/about.me\/joseantorrestic<\/a><\/div>\n<div><\/div>\n<div><strong>EMAIL:<\/strong><\/div>\n<div><strong>jatorress@educa.aragon.es<\/strong><\/div>\n<\/td>\n<td style=\"border-color: #12204d; text-align: center; vertical-align: middle;\">\n<div><img loading=\"lazy\" decoding=\"async\" class=\"\" src=\"http:\/\/wp.catedu.es\/colaboraulatic\/wp-content\/uploads\/sites\/4\/2014\/11\/josean.png\" alt=\"josean\" width=\"143\" height=\"151\" \/><\/div>\n<\/td>\n<\/tr>\n<tr>\n<td style=\"border-color: #12204d; text-align: center; vertical-align: middle;\">\n<div><strong>Luz Cuartielles Celma\u00a0<\/strong><\/div>\n<div><em>Colaboradora did\u00e1ctica Primaria y Secundaria<\/em><\/div>\n<div><\/div>\n<div>\u00c1mbito de Teruel<\/div>\n<div>Ubicaci\u00f3n: CIFE \u00c1ngel Sanz Briz &#8211;\u00a0UFI Alca\u00f1iz<\/div>\n<div>Jos\u00e9 Pardo Sastr\u00f3n s\/n. 44600 Alca\u00f1iz<\/div>\n<div>Tfno: 978832803<\/div>\n<div>Blog:\u00a0<a title=\"Luz\" href=\"http:\/\/todoestaenlanube.blogspot.com.es\/\" target=\"_blank\">Todoest\u00e1enlanube<\/a><\/div>\n<div><\/div>\n<div><strong>EMAIL:<\/strong><\/div>\n<div><strong>luzcpralcaniz@gmail.com<\/strong><\/div>\n<p><strong>lmcuartielles@educa.aragon.es<\/strong><\/td>\n<td style=\"border-color: #12204d; text-align: center; vertical-align: middle;\">\n<div><a href=\"http:\/\/wp.catedu.es\/colaboraulatic\/wp-content\/uploads\/sites\/4\/2014\/11\/Luz-Cuartielles-Celma1.jpg\"><img loading=\"lazy\" decoding=\"async\" src=\"http:\/\/wp.catedu.es\/colaboraulatic\/wp-content\/uploads\/sites\/4\/2014\/11\/Luz-Cuartielles-Celma1-150x150.jpg\" alt=\"Luz Cuartielles Celma\" width=\"150\" height=\"150\" \/><\/a><\/div>\n<\/td>\n<td style=\"border-color: #12204d; text-align: center; vertical-align: middle;\">\n<div><strong>Jos\u00e9 Enrique Dur\u00e1n Escar\u00a0<\/strong><\/div>\n<div><em>Colaborador did\u00e1ctico Primaria y Secundaria<\/em><\/div>\n<div><\/div>\n<div>\u00c1mbito de Huesca<\/div>\n<div>Ubicaci\u00f3n: Subsede CIFE Monz\u00f3n<\/div>\n<div>Plaza Santa Mar\u00eda 2<\/div>\n<div>Tlfn: 974 403134<\/div>\n<div>Blog:\u00a0<a href=\"http:\/\/colaboratichuesca.wordpress.com\/\">colaboratichuesca.wordpress.com<\/a><\/div>\n<div><\/div>\n<div><strong>EMAIL:<\/strong><\/div>\n<div><strong>jede34@gmail.com<\/strong><\/div>\n<\/td>\n<td style=\"border-color: #12204d; text-align: center; vertical-align: middle;\"><a href=\"http:\/\/wp.catedu.es\/colaboraulatic\/wp-content\/uploads\/sites\/4\/2014\/11\/enrique.png\"><img loading=\"lazy\" decoding=\"async\" data-attachment-id=\"1841\" data-permalink=\"https:\/\/wp.catedu.es\/colaboraulatic\/colaboradores\/enrique\/\" data-orig-file=\"https:\/\/wp.catedu.es\/colaboraulatic\/wp-content\/uploads\/sites\/4\/2014\/11\/enrique.png\" data-orig-size=\"254,295\" data-comments-opened=\"1\" data-image-meta=\"{&quot;aperture&quot;:&quot;0&quot;,&quot;credit&quot;:&quot;&quot;,&quot;camera&quot;:&quot;&quot;,&quot;caption&quot;:&quot;&quot;,&quot;created_timestamp&quot;:&quot;0&quot;,&quot;copyright&quot;:&quot;&quot;,&quot;focal_length&quot;:&quot;0&quot;,&quot;iso&quot;:&quot;0&quot;,&quot;shutter_speed&quot;:&quot;0&quot;,&quot;title&quot;:&quot;&quot;,&quot;orientation&quot;:&quot;0&quot;}\" data-image-title=\"enrique\" data-image-description=\"\" data-image-caption=\"\" data-large-file=\"https:\/\/wp.catedu.es\/colaboraulatic\/wp-content\/uploads\/sites\/4\/2014\/11\/enrique.png\" class=\"aligncenter  wp-image-1841\" src=\"http:\/\/wp.catedu.es\/colaboraulatic\/wp-content\/uploads\/sites\/4\/2014\/11\/enrique.png\" alt=\"enrique\" width=\"160\" height=\"187\" srcset=\"https:\/\/wp.catedu.es\/colaboraulatic\/wp-content\/uploads\/sites\/4\/2014\/11\/enrique.png 254w, https:\/\/wp.catedu.es\/colaboraulatic\/wp-content\/uploads\/sites\/4\/2014\/11\/enrique-100x116.png 100w, https:\/\/wp.catedu.es\/colaboraulatic\/wp-content\/uploads\/sites\/4\/2014\/11\/enrique-150x174.png 150w, https:\/\/wp.catedu.es\/colaboraulatic\/wp-content\/uploads\/sites\/4\/2014\/11\/enrique-200x232.png 200w\" sizes=\"auto, (max-width: 160px) 100vw, 160px\" \/><\/a><\/p>\n<div><\/div>\n<\/td>\n<\/tr>\n<\/tbody>\n<\/table>\n<p>&nbsp;<\/p>\n<p style=\"text-align: justify;\">La historia de esta figura se remonta a unos a\u00f1os atr\u00e1s. En su inicio se lleg\u00f3 a contar con casi una veintena de colaboradores did\u00e1cticos en la C.A. de Arag\u00f3n, aproximadamente uno por cada antiguo CPR. Actualmente somos 4 los colaboradores en activo. Nuestra labor principal es la de satisfacer la demanda de docentes para entrar en el aula con alumnos y docentes, como apoyo y orientaci\u00f3n en materia TIC. Al margen de este papel desarrollamos otros como la b\u00fasqueda y difusi\u00f3n de recursos, apoyo puntual a actividades de formaci\u00f3n permanente, y otras.<\/p>\n<p style=\"text-align: justify;\">Con este weblog se pretende facilitar el contacto del profesorado de Arag\u00f3n, as\u00ed como de otros \u00e1mbitos, a nuestro servicio de colaboraci\u00f3n, de cara a poder concertar colaboraciones. Al margen de esto la web nos servir\u00e1 de apoyo o soporte para aglutinar recursos, experiencias, noticias, e informaci\u00f3n interesante para el trabajo TIC en aula. Todos los materiales subidos son de libre descarga y nuestro inter\u00e9s es compartirlos y darles la mayor difusi\u00f3n posible.<\/p>\n<p style=\"text-align: justify;\">Respecto a la l\u00ednea de trabajo, nuestra perspectiva es prioritariamente pr\u00e1ctica y con un nivel TIC de usuario, para que todo docente e incluso no docentes que quiera aprovechar nuestro servicio, pueda iniciarse y perder el miedo al trabajo con las TIC.<\/p>\n<p style=\"text-align: justify;\">Nuestras aportaciones intentar\u00e1n desarrollarse de una manera interdisciplinar y bas\u00e1ndonos en propuestas did\u00e1cticas, metodol\u00f3gicas, y no solamente, aunque tambi\u00e9n, en el detalle del uso de diversas herramientas. Las herramientas ser\u00e1n pues un medio para ayudar a cumplir nuestros objetivos en el aula o fuera de esta, y no un fin en s\u00ed mismos.<\/p>\n","protected":false},"excerpt":{"rendered":"<p>La web \u00abColaboraulatic\u00bb se ha creado como soporte de trabajo de los colaboradores did\u00e1cticos TIC para el aula de Arag\u00f3n. Os dejamos aqu\u00ed nuestro perfil personal y contacto: Rosa Garza Torrijo\u00a0 Colaboradora did\u00e1ctica para Secundaria \u00c1mbito de Zaragoza Ubicaci\u00f3n: CIFE &hellip;<\/p>\n<p class=\"read-more\"> <a class=\"more-link\" href=\"https:\/\/wp.catedu.es\/colaboraulatic\/colaboradores\/\"> <span class=\"screen-reader-text\">Qui\u00e9nes somos<\/span> Leer m\u00e1s \u00bb<\/a><\/p>\n","protected":false},"author":5,"featured_media":19,"parent":0,"menu_order":0,"comment_status":"closed","ping_status":"closed","template":"full-width-page.php","meta":{"jetpack_post_was_ever_published":false,"footnotes":""},"class_list":["post-29","page","type-page","status-publish","has-post-thumbnail","hentry"],"jetpack_sharing_enabled":true,"jetpack_shortlink":"https:\/\/wp.me\/P5O2qe-t","jetpack-related-posts":[],"_links":{"self":[{"href":"https:\/\/wp.catedu.es\/colaboraulatic\/wp-json\/wp\/v2\/pages\/29","targetHints":{"allow":["GET"]}}],"collection":[{"href":"https:\/\/wp.catedu.es\/colaboraulatic\/wp-json\/wp\/v2\/pages"}],"about":[{"href":"https:\/\/wp.catedu.es\/colaboraulatic\/wp-json\/wp\/v2\/types\/page"}],"author":[{"embeddable":true,"href":"https:\/\/wp.catedu.es\/colaboraulatic\/wp-json\/wp\/v2\/users\/5"}],"replies":[{"embeddable":true,"href":"https:\/\/wp.catedu.es\/colaboraulatic\/wp-json\/wp\/v2\/comments?post=29"}],"version-history":[{"count":77,"href":"https:\/\/wp.catedu.es\/colaboraulatic\/wp-json\/wp\/v2\/pages\/29\/revisions"}],"predecessor-version":[{"id":1843,"href":"https:\/\/wp.catedu.es\/colaboraulatic\/wp-json\/wp\/v2\/pages\/29\/revisions\/1843"}],"wp:featuredmedia":[{"embeddable":true,"href":"https:\/\/wp.catedu.es\/colaboraulatic\/wp-json\/wp\/v2\/media\/19"}],"wp:attachment":[{"href":"https:\/\/wp.catedu.es\/colaboraulatic\/wp-json\/wp\/v2\/media?parent=29"}],"curies":[{"name":"wp","href":"https:\/\/api.w.org\/{rel}","templated":true}]}}