{"id":320,"date":"2014-11-26T12:03:32","date_gmt":"2014-11-26T11:03:32","guid":{"rendered":"http:\/\/wp.catedu.es\/colaboraulatic\/?page_id=320"},"modified":"2015-05-14T14:40:50","modified_gmt":"2015-05-14T13:40:50","slug":"luz-cuartielles-primaria-y-secundaria-teruel","status":"publish","type":"page","link":"https:\/\/wp.catedu.es\/colaboraulatic\/colaboradores\/luz-cuartielles-primaria-y-secundaria-teruel\/","title":{"rendered":"Luz Cuartielles, Primaria y Secundaria, Teruel"},"content":{"rendered":"<table style=\"height: 690px; border-color: #1f2dcc;\" width=\"1021\" cellpadding=\"2\">\n<tbody>\n<tr>\n<td style=\"border-color: #12204d; text-align: center; vertical-align: middle;\">\n<div><strong>Luz Cuartielles Celma\u00a0<\/strong><\/div>\n<div><em>Colaboradora did\u00e1ctica Primaria y Secundaria<\/em><\/div>\n<div><\/div>\n<div>\u00c1mbito de Teruel<\/div>\n<div>Ubicaci\u00f3n: CIFE \u00c1ngel Sanz Briz.\u00a0 UFI Alca\u00f1iz.<\/div>\n<div>Jos\u00e9 Pardo Sastr\u00f3n s\/n. 44600 Alca\u00f1iz.<\/div>\n<div>TFNO: 978832803<\/div>\n<div>Blog:\u00a0<a title=\"Luz\" href=\"http:\/\/todoestaenlanube.blogspot.com.es\/\" target=\"_blank\">Todo est\u00e1 en la nube<\/a><\/div>\n<div><\/div>\n<h3><strong>EMAIL:<\/strong><\/h3>\n<h3><strong>luzcpralcaniz@gmail.com<\/strong><\/h3>\n<h3>lmcuartielles@educa.aragon.es<\/h3>\n<\/td>\n<td style=\"border-color: #12204d; text-align: center; vertical-align: middle;\">\n<p><figure id=\"attachment_43\" aria-describedby=\"caption-attachment-43\" style=\"width: 241px\" class=\"wp-caption aligncenter\"><a href=\"http:\/\/wp.catedu.es\/colaboraulatic\/wp-content\/uploads\/sites\/4\/2014\/11\/Luz-Cuartielles-Celma1.jpg\"><img loading=\"lazy\" decoding=\"async\" data-attachment-id=\"43\" data-permalink=\"https:\/\/wp.catedu.es\/colaboraulatic\/colaboradores\/luz-cuartielles-celma1\/\" data-orig-file=\"https:\/\/wp.catedu.es\/colaboraulatic\/wp-content\/uploads\/sites\/4\/2014\/11\/Luz-Cuartielles-Celma1.jpg\" data-orig-size=\"2489,3086\" data-comments-opened=\"0\" data-image-meta=\"{&quot;aperture&quot;:&quot;5.6&quot;,&quot;credit&quot;:&quot;&quot;,&quot;camera&quot;:&quot;Canon EOS 400D DIGITAL&quot;,&quot;caption&quot;:&quot;&quot;,&quot;created_timestamp&quot;:&quot;1255005536&quot;,&quot;copyright&quot;:&quot;&quot;,&quot;focal_length&quot;:&quot;46&quot;,&quot;iso&quot;:&quot;400&quot;,&quot;shutter_speed&quot;:&quot;0.005&quot;,&quot;title&quot;:&quot;&quot;,&quot;orientation&quot;:&quot;1&quot;}\" data-image-title=\"Luz Cuartielles Celma1\" data-image-description=\"\" data-image-caption=\"&lt;p&gt;Luz Cuartielles Celma&lt;\/p&gt;\n\" data-medium-file=\"https:\/\/wp.catedu.es\/colaboraulatic\/wp-content\/uploads\/sites\/4\/2014\/11\/Luz-Cuartielles-Celma1-241x300.jpg\" data-large-file=\"https:\/\/wp.catedu.es\/colaboraulatic\/wp-content\/uploads\/sites\/4\/2014\/11\/Luz-Cuartielles-Celma1-825x1024.jpg\" class=\"size-medium wp-image-43\" src=\"http:\/\/wp.catedu.es\/colaboraulatic\/wp-content\/uploads\/sites\/4\/2014\/11\/Luz-Cuartielles-Celma1-241x300.jpg\" alt=\"Luz Cuartielles Celma\" width=\"241\" height=\"300\" srcset=\"https:\/\/wp.catedu.es\/colaboraulatic\/wp-content\/uploads\/sites\/4\/2014\/11\/Luz-Cuartielles-Celma1-241x300.jpg 241w, https:\/\/wp.catedu.es\/colaboraulatic\/wp-content\/uploads\/sites\/4\/2014\/11\/Luz-Cuartielles-Celma1-825x1024.jpg 825w, https:\/\/wp.catedu.es\/colaboraulatic\/wp-content\/uploads\/sites\/4\/2014\/11\/Luz-Cuartielles-Celma1-100x123.jpg 100w, https:\/\/wp.catedu.es\/colaboraulatic\/wp-content\/uploads\/sites\/4\/2014\/11\/Luz-Cuartielles-Celma1-900x1115.jpg 900w\" sizes=\"auto, (max-width: 241px) 100vw, 241px\" \/><\/a><figcaption id=\"caption-attachment-43\" class=\"wp-caption-text\">Luz Cuartielles Celma<\/figcaption><\/figure><\/td>\n<\/tr>\n<\/tbody>\n<\/table>\n<p>&nbsp;<\/p>\n","protected":false},"excerpt":{"rendered":"<p>Luz Cuartielles Celma\u00a0 Colaboradora did\u00e1ctica Primaria y Secundaria \u00c1mbito de Teruel Ubicaci\u00f3n: CIFE \u00c1ngel Sanz Briz.\u00a0 UFI Alca\u00f1iz. Jos\u00e9 Pardo Sastr\u00f3n s\/n. 44600 Alca\u00f1iz. TFNO: 978832803 Blog:\u00a0Todo est\u00e1 en la nube EMAIL: luzcpralcaniz@gmail.com lmcuartielles@educa.aragon.es &nbsp;<\/p>\n","protected":false},"author":5,"featured_media":0,"parent":29,"menu_order":0,"comment_status":"open","ping_status":"closed","template":"full-width-page.php","meta":{"jetpack_post_was_ever_published":false,"footnotes":""},"class_list":["post-320","page","type-page","status-publish","hentry"],"jetpack_sharing_enabled":true,"jetpack_shortlink":"https:\/\/wp.me\/P5O2qe-5a","jetpack-related-posts":[],"_links":{"self":[{"href":"https:\/\/wp.catedu.es\/colaboraulatic\/wp-json\/wp\/v2\/pages\/320","targetHints":{"allow":["GET"]}}],"collection":[{"href":"https:\/\/wp.catedu.es\/colaboraulatic\/wp-json\/wp\/v2\/pages"}],"about":[{"href":"https:\/\/wp.catedu.es\/colaboraulatic\/wp-json\/wp\/v2\/types\/page"}],"author":[{"embeddable":true,"href":"https:\/\/wp.catedu.es\/colaboraulatic\/wp-json\/wp\/v2\/users\/5"}],"replies":[{"embeddable":true,"href":"https:\/\/wp.catedu.es\/colaboraulatic\/wp-json\/wp\/v2\/comments?post=320"}],"version-history":[{"count":5,"href":"https:\/\/wp.catedu.es\/colaboraulatic\/wp-json\/wp\/v2\/pages\/320\/revisions"}],"predecessor-version":[{"id":1570,"href":"https:\/\/wp.catedu.es\/colaboraulatic\/wp-json\/wp\/v2\/pages\/320\/revisions\/1570"}],"up":[{"embeddable":true,"href":"https:\/\/wp.catedu.es\/colaboraulatic\/wp-json\/wp\/v2\/pages\/29"}],"wp:attachment":[{"href":"https:\/\/wp.catedu.es\/colaboraulatic\/wp-json\/wp\/v2\/media?parent=320"}],"curies":[{"name":"wp","href":"https:\/\/api.w.org\/{rel}","templated":true}]}}