{"id":322,"date":"2014-11-26T12:03:58","date_gmt":"2014-11-26T11:03:58","guid":{"rendered":"http:\/\/wp.catedu.es\/colaboraulatic\/?page_id=322"},"modified":"2015-03-26T12:22:42","modified_gmt":"2015-03-26T11:22:42","slug":"enrique-duran-primaria-y-secundaria-huesca","status":"publish","type":"page","link":"https:\/\/wp.catedu.es\/colaboraulatic\/colaboradores\/enrique-duran-primaria-y-secundaria-huesca\/","title":{"rendered":"Enrique Dur\u00e1n, Primaria y Secundaria, Huesca"},"content":{"rendered":"<table style=\"height: 690px; border-color: #1f2dcc;\" width=\"1021\" cellpadding=\"2\">\n<tbody>\n<tr>\n<td style=\"border-color: #12204d; text-align: center; vertical-align: middle;\">\n<div><strong>Jos\u00e9 Enrique Dur\u00e1n Escar\u00a0<\/strong><\/div>\n<div><em>Colaborador did\u00e1ctico Primaria y Secundaria<\/em><\/div>\n<div><\/div>\n<div>\u00c1mbito de Huesca<\/div>\n<div>Ubicaci\u00f3n: Subsede CIFE Monz\u00f3n<\/div>\n<div>Plaza Santa Mar\u00eda 2<\/div>\n<div>Tlfn: 974 403134<\/div>\n<div>Blog:\u00a0<a href=\"http:\/\/colaboratichuesca.wordpress.com\/\">colaboratichuesca.wordpress.com<\/a><\/div>\n<div><\/div>\n<h3><strong>EMAIL:<\/strong><\/h3>\n<h3><strong>jede34@gmail.com<\/strong><\/h3>\n<\/td>\n<td style=\"border-color: #12204d; text-align: center; vertical-align: middle;\">&nbsp;<\/p>\n<p>&nbsp;<\/p>\n<p>&nbsp;<\/p>\n<p>&nbsp;<\/p>\n<figure id=\"attachment_1379\" aria-describedby=\"caption-attachment-1379\" style=\"width: 260px\" class=\"wp-caption aligncenter\"><a href=\"http:\/\/wp.catedu.es\/colaboraulatic\/wp-content\/uploads\/sites\/4\/2015\/03\/Jos\u00e9-Enrique.jpg\" target=\"_blank\"><img loading=\"lazy\" decoding=\"async\" data-attachment-id=\"1379\" data-permalink=\"https:\/\/wp.catedu.es\/colaboraulatic\/colaboradores\/enrique-duran-primaria-y-secundaria-huesca\/jose-enrique\/\" data-orig-file=\"https:\/\/wp.catedu.es\/colaboraulatic\/wp-content\/uploads\/sites\/4\/2015\/03\/Jos\u00e9-Enrique.jpg\" data-orig-size=\"834,962\" data-comments-opened=\"1\" data-image-meta=\"{&quot;aperture&quot;:&quot;5.5&quot;,&quot;credit&quot;:&quot;&quot;,&quot;camera&quot;:&quot;KODAK EASYSHARE M1063 DIGITAL CAMERA&quot;,&quot;caption&quot;:&quot;&quot;,&quot;created_timestamp&quot;:&quot;1199445778&quot;,&quot;copyright&quot;:&quot;&quot;,&quot;focal_length&quot;:&quot;5.7&quot;,&quot;iso&quot;:&quot;64&quot;,&quot;shutter_speed&quot;:&quot;0.004&quot;,&quot;title&quot;:&quot;&quot;,&quot;orientation&quot;:&quot;1&quot;}\" data-image-title=\"Jos\u00e9 Enrique\" data-image-description=\"\" data-image-caption=\"\" data-large-file=\"https:\/\/wp.catedu.es\/colaboraulatic\/wp-content\/uploads\/sites\/4\/2015\/03\/Jos\u00e9-Enrique.jpg\" class=\"wp-image-1379 size-medium\" src=\"http:\/\/wp.catedu.es\/colaboraulatic\/wp-content\/uploads\/sites\/4\/2015\/03\/Jos\u00e9-Enrique-260x300.jpg\" alt=\"Jos\u00e9 Enrique Dur\u00e1n Escar\" width=\"260\" height=\"300\" srcset=\"https:\/\/wp.catedu.es\/colaboraulatic\/wp-content\/uploads\/sites\/4\/2015\/03\/Jos\u00e9-Enrique-260x300.jpg 260w, https:\/\/wp.catedu.es\/colaboraulatic\/wp-content\/uploads\/sites\/4\/2015\/03\/Jos\u00e9-Enrique-100x115.jpg 100w, https:\/\/wp.catedu.es\/colaboraulatic\/wp-content\/uploads\/sites\/4\/2015\/03\/Jos\u00e9-Enrique-150x173.jpg 150w, https:\/\/wp.catedu.es\/colaboraulatic\/wp-content\/uploads\/sites\/4\/2015\/03\/Jos\u00e9-Enrique-200x231.jpg 200w, https:\/\/wp.catedu.es\/colaboraulatic\/wp-content\/uploads\/sites\/4\/2015\/03\/Jos\u00e9-Enrique-300x346.jpg 300w, https:\/\/wp.catedu.es\/colaboraulatic\/wp-content\/uploads\/sites\/4\/2015\/03\/Jos\u00e9-Enrique-450x519.jpg 450w, https:\/\/wp.catedu.es\/colaboraulatic\/wp-content\/uploads\/sites\/4\/2015\/03\/Jos\u00e9-Enrique-600x692.jpg 600w, https:\/\/wp.catedu.es\/colaboraulatic\/wp-content\/uploads\/sites\/4\/2015\/03\/Jos\u00e9-Enrique.jpg 834w\" sizes=\"auto, (max-width: 260px) 100vw, 260px\" \/><\/a><figcaption id=\"caption-attachment-1379\" class=\"wp-caption-text\">Jos\u00e9 Enrique Dur\u00e1n Escar<\/figcaption><\/figure>\n<p>&nbsp;<\/p>\n<p>&nbsp;<\/td>\n<\/tr>\n<\/tbody>\n<\/table>\n<p>&nbsp;<\/p>\n","protected":false},"excerpt":{"rendered":"<p>Jos\u00e9 Enrique Dur\u00e1n Escar\u00a0 Colaborador did\u00e1ctico Primaria y Secundaria \u00c1mbito de Huesca Ubicaci\u00f3n: Subsede CIFE Monz\u00f3n Plaza Santa Mar\u00eda 2 Tlfn: 974 403134 Blog:\u00a0colaboratichuesca.wordpress.com EMAIL: jede34@gmail.com &nbsp; &nbsp; &nbsp; &nbsp; &nbsp; &nbsp; &nbsp;<\/p>\n","protected":false},"author":5,"featured_media":0,"parent":29,"menu_order":0,"comment_status":"open","ping_status":"closed","template":"full-width-page.php","meta":{"jetpack_post_was_ever_published":false,"footnotes":""},"class_list":["post-322","page","type-page","status-publish","hentry"],"jetpack_sharing_enabled":true,"jetpack_shortlink":"https:\/\/wp.me\/P5O2qe-5c","jetpack-related-posts":[],"_links":{"self":[{"href":"https:\/\/wp.catedu.es\/colaboraulatic\/wp-json\/wp\/v2\/pages\/322","targetHints":{"allow":["GET"]}}],"collection":[{"href":"https:\/\/wp.catedu.es\/colaboraulatic\/wp-json\/wp\/v2\/pages"}],"about":[{"href":"https:\/\/wp.catedu.es\/colaboraulatic\/wp-json\/wp\/v2\/types\/page"}],"author":[{"embeddable":true,"href":"https:\/\/wp.catedu.es\/colaboraulatic\/wp-json\/wp\/v2\/users\/5"}],"replies":[{"embeddable":true,"href":"https:\/\/wp.catedu.es\/colaboraulatic\/wp-json\/wp\/v2\/comments?post=322"}],"version-history":[{"count":6,"href":"https:\/\/wp.catedu.es\/colaboraulatic\/wp-json\/wp\/v2\/pages\/322\/revisions"}],"predecessor-version":[{"id":1383,"href":"https:\/\/wp.catedu.es\/colaboraulatic\/wp-json\/wp\/v2\/pages\/322\/revisions\/1383"}],"up":[{"embeddable":true,"href":"https:\/\/wp.catedu.es\/colaboraulatic\/wp-json\/wp\/v2\/pages\/29"}],"wp:attachment":[{"href":"https:\/\/wp.catedu.es\/colaboraulatic\/wp-json\/wp\/v2\/media?parent=322"}],"curies":[{"name":"wp","href":"https:\/\/api.w.org\/{rel}","templated":true}]}}