{"id":515,"date":"2014-12-02T12:52:13","date_gmt":"2014-12-02T11:52:13","guid":{"rendered":"http:\/\/wp.catedu.es\/colaboraulatic\/?page_id=515"},"modified":"2015-04-09T13:17:16","modified_gmt":"2015-04-09T12:17:16","slug":"matematicas-razonamiento-matematico-calculo-economia","status":"publish","type":"page","link":"https:\/\/wp.catedu.es\/colaboraulatic\/enlaces\/secundaria\/matematicas-razonamiento-matematico-calculo-economia\/","title":{"rendered":"Matem\u00e1ticas, razonamiento matem\u00e1tico, c\u00e1lculo, Econom\u00eda"},"content":{"rendered":"<p>&nbsp;<\/p>\n<table width=\"1022\">\n<tbody>\n<tr>\n<td><strong>\u00c1rea<\/strong><\/td>\n<td><strong>Nombre<\/strong><\/td>\n<td><strong>Descripci\u00f3n<\/strong><\/td>\n<td><strong>Enlace <\/strong><strong>(clic en imagen)<\/strong><\/td>\n<\/tr>\n<tr>\n<td rowspan=\"2\"><b>Matem\u00e1ticas<\/b><b><\/b><\/td>\n<td><\/td>\n<td><\/td>\n<td>\n<div>\n<div><\/div>\n<div><a href=\"http:\/\/catedu.es\/arablogs\/blog.php?id_blog=434\" target=\"_blank\">D\u00eda a d\u00eda con las matem\u00e1ticas<\/a><\/div>\n<div><a href=\"http:\/\/www.pacoquiles.com\/\" target=\"_blank\">Paco Quiles, recursos ESO, Bach<\/a><\/div>\n<div><a href=\"http:\/\/www.xatakaciencia.com\/categoria\/matematicas\" target=\"_blank\">Xataca maths<\/a><\/div>\n<div><a title=\"maths\" href=\"http:\/\/www.thatquiz.org\/es\/\" target=\"_blank\">http:\/\/www.thatquiz.org\/es\/<\/a><\/div>\n<p><a href=\"http:\/\/recursostic.educacion.es\/descartes\/web\/\" target=\"_blank\">Programa Descartes<\/a><\/p>\n<\/div>\n<div><\/div>\n<\/td>\n<\/tr>\n<tr>\n<td>Graph<\/td>\n<td>Programa para representar gr\u00e1ficamente funciones de matem\u00e1ticas en un sistema de coordenadas. Es capaz de dibujar funciones expl\u00edcitas, param\u00e9tricas y polares, e igualmente tangentes, rellenos, series de puntos, ecuaciones e inecuaciones. Asimismo, permite evaluar una gr\u00e1fica en un punto dado u obtener una tabla de valores respecto a la funci\u00f3n seleccionada.<\/p>\n<p><em>Este programa es gratuito, y puedes modificarlo y\/o redistribuirlo bajo los t\u00e9rminos de la <\/em><a class=\"ulink\" href=\"http:\/\/www.gnu.org\/licenses\/gpl.html\" target=\"_top\"><em><em class=\"citetitle\">GNU General Public License<\/em><\/em><\/a><em>. <\/em><\/td>\n<td>\n<div>\n<div><a href=\"http:\/\/www.padowan.dk\/doc\/spanish\/index.html\" target=\"_blank\"><img loading=\"lazy\" decoding=\"async\" class=\" alignnone\" src=\"http:\/\/www.padowan.dk\/doc\/spanish\/images\/GraphIcon.png\" alt=\"\" width=\"152\" height=\"152\" align=\"left\" \/><\/a><em>La versi\u00f3n m\u00e1s reciente de Graph, as\u00ed como su c\u00f3digo fuente, pueden ser descargados desde:<\/em><a href=\"http:\/\/www.padowan.dk\/doc\/spanish\/index.html\" target=\"_blank\"><em><a href=\"http:\/\/www.padowan.dk\/doc\/spanish\/index.html\"> http:\/\/www.padowan.dk\/doc\/spanish\/index.html<\/a><\/em><\/a><\/div>\n<\/div>\n<\/td>\n<\/tr>\n<tr>\n<td><strong>C\u00e1lculo<\/strong><\/td>\n<td><\/td>\n<td><\/td>\n<td><a href=\"http:\/\/catedu.es\/arablogs\/blog.php?id_blog=1614&amp;id_articulo=141628\" target=\"_blank\">Calculadora cient\u00edfica online<\/a><\/td>\n<\/tr>\n<tr>\n<td><strong>Razonamiento <\/strong><strong>matem\u00e1tico<\/strong><\/td>\n<td><\/td>\n<td><\/td>\n<td><a title=\"mm\" href=\"http:\/\/matematica1.com\/matematicas-de-secundaria-ejercicios-y-problemas-resueltos-en-pdf-y-videos\/\" target=\"_blank\">http:\/\/matematica1.com\/matematicas-de-secundaria-ejercicios-y-problemas-resueltos-en-pdf-y-videos\/<\/a><a title=\"m\" href=\"http:\/\/www.juntadeandalucia.es\/averroes\/~cepco3\/spip\/IMG\/pdf\/GuiaMatematicasSecundaria.pdf\" target=\"_blank\">http:\/\/www.juntadeandalucia.es\/averroes\/~cepco3\/spip\/IMG\/pdf\/GuiaMatematicasSecundaria.pdf<\/a><\/td>\n<\/tr>\n<tr>\n<td><strong>\u00a0Econom\u00eda<\/strong><\/td>\n<td><\/td>\n<td><\/td>\n<td>\u00a0<a href=\"http:\/\/www.ibge.gov.br\/paisesat\/main.php\" target=\"_blank\">Mapamundi interactivo IBGE<\/a><\/td>\n<\/tr>\n<\/tbody>\n<\/table>\n<p>&nbsp;<\/p>\n","protected":false},"excerpt":{"rendered":"<p>&nbsp; \u00c1rea Nombre Descripci\u00f3n Enlace (clic en imagen) Matem\u00e1ticas D\u00eda a d\u00eda con las matem\u00e1ticas Paco Quiles, recursos ESO, Bach Xataca maths http:\/\/www.thatquiz.org\/es\/ Programa Descartes Graph Programa para representar gr\u00e1ficamente funciones de matem\u00e1ticas en un sistema de coordenadas. Es capaz &hellip;<\/p>\n<p class=\"read-more\"> <a class=\"more-link\" href=\"https:\/\/wp.catedu.es\/colaboraulatic\/enlaces\/secundaria\/matematicas-razonamiento-matematico-calculo-economia\/\"> <span class=\"screen-reader-text\">Matem\u00e1ticas, razonamiento matem\u00e1tico, c\u00e1lculo, Econom\u00eda<\/span> Leer m\u00e1s \u00bb<\/a><\/p>\n","protected":false},"author":5,"featured_media":0,"parent":243,"menu_order":0,"comment_status":"open","ping_status":"closed","template":"full-width-page.php","meta":{"jetpack_post_was_ever_published":false,"footnotes":""},"class_list":["post-515","page","type-page","status-publish","hentry"],"jetpack_sharing_enabled":true,"jetpack_shortlink":"https:\/\/wp.me\/P5O2qe-8j","jetpack-related-posts":[],"_links":{"self":[{"href":"https:\/\/wp.catedu.es\/colaboraulatic\/wp-json\/wp\/v2\/pages\/515","targetHints":{"allow":["GET"]}}],"collection":[{"href":"https:\/\/wp.catedu.es\/colaboraulatic\/wp-json\/wp\/v2\/pages"}],"about":[{"href":"https:\/\/wp.catedu.es\/colaboraulatic\/wp-json\/wp\/v2\/types\/page"}],"author":[{"embeddable":true,"href":"https:\/\/wp.catedu.es\/colaboraulatic\/wp-json\/wp\/v2\/users\/5"}],"replies":[{"embeddable":true,"href":"https:\/\/wp.catedu.es\/colaboraulatic\/wp-json\/wp\/v2\/comments?post=515"}],"version-history":[{"count":3,"href":"https:\/\/wp.catedu.es\/colaboraulatic\/wp-json\/wp\/v2\/pages\/515\/revisions"}],"predecessor-version":[{"id":1393,"href":"https:\/\/wp.catedu.es\/colaboraulatic\/wp-json\/wp\/v2\/pages\/515\/revisions\/1393"}],"up":[{"embeddable":true,"href":"https:\/\/wp.catedu.es\/colaboraulatic\/wp-json\/wp\/v2\/pages\/243"}],"wp:attachment":[{"href":"https:\/\/wp.catedu.es\/colaboraulatic\/wp-json\/wp\/v2\/media?parent=515"}],"curies":[{"name":"wp","href":"https:\/\/api.w.org\/{rel}","templated":true}]}}