{"id":519,"date":"2014-12-02T12:55:09","date_gmt":"2014-12-02T11:55:09","guid":{"rendered":"http:\/\/wp.catedu.es\/colaboraulatic\/?page_id=519"},"modified":"2014-12-02T13:02:41","modified_gmt":"2014-12-02T12:02:41","slug":"educacion-plastica-y-visual-diseno-dibujo-tecnico-y-artistico-artes","status":"publish","type":"page","link":"https:\/\/wp.catedu.es\/colaboraulatic\/enlaces\/secundaria\/educacion-plastica-y-visual-diseno-dibujo-tecnico-y-artistico-artes\/","title":{"rendered":"Educaci\u00f3n pl\u00e1stica y visual, dise\u00f1o, dibujo t\u00e9cnico y art\u00edstico, artes"},"content":{"rendered":"<p>&nbsp;<\/p>\n<table width=\"1022\">\n<tbody>\n<tr>\n<td><strong>\u00c1rea<\/strong><\/td>\n<td><strong>Nombre<\/strong><\/td>\n<td><strong>Descripci\u00f3n<\/strong><\/td>\n<td><strong>Enlace<\/strong><strong>(clic en imagen)<\/strong><\/td>\n<\/tr>\n<tr>\n<td><strong>Educaci\u00f3n pl\u00e1stica<\/strong><strong>y visual<\/strong><\/td>\n<td><\/td>\n<td><\/td>\n<td><a href=\"http:\/\/www.artenlaces.com\/\" target=\"_blank\">Artenlaces<\/a><a href=\"http:\/\/www.googleartproject.com\/\" target=\"_blank\">Art Project, de musesos del mundo<\/a><\/p>\n<div><a href=\"http:\/\/pintura.aut.org\/\" target=\"_blank\">Pinacoteca virtual<\/a><\/div>\n<div><a href=\"http:\/\/contenidos.cnice.mec.es\/plastica\/\" target=\"_blank\">Proyecto plasTIC, ITE<\/a><\/div>\n<div>\n<div><a href=\"http:\/\/e-quercus.es\/imagen.html\" target=\"_blank\">E-quercus pl\u00e1stica<\/a><\/div>\n<div><a href=\"http:\/\/estilosartisticos.blogspot.com\/\" target=\"_blank\">Estilos art\u00edsticos<\/a><\/div>\n<div><a href=\"http:\/\/iesgarciamorato.org\/sociales\/Imagen.htm\" target=\"_blank\">IES Garcia Morato<\/a><\/div>\n<div><a href=\"http:\/\/www.ite.educacion.es\/w3\/netdays\/index_.html\" target=\"_blank\">Proyecto Netdays, ITE<\/a><\/div>\n<div><a href=\"http:\/\/visitacatedral.promediadifusion.com\/\" target=\"_blank\">Visita virtual Catedral Cordoba<\/a><\/div>\n<\/div>\n<\/td>\n<\/tr>\n<tr>\n<td><strong>Dise\u00f1o, dibujo t\u00e9cnico<\/strong><\/td>\n<td><\/td>\n<td><\/td>\n<td><\/td>\n<\/tr>\n<tr>\n<td rowspan=\"2\"><strong>Dibujo art\u00edstico<\/strong><\/td>\n<td><\/td>\n<td><\/td>\n<td><\/td>\n<\/tr>\n<tr>\n<td><\/td>\n<td><\/td>\n<td>\n<div><a href=\"http:\/\/www.artenlaces.com\/\" target=\"_blank\">Artenlaces<\/a><\/div>\n<div><a href=\"http:\/\/www.zygotebody.com\/\" target=\"_blank\">Zygote body<\/a><\/div>\n<\/td>\n<\/tr>\n<tr>\n<td><strong>Artes<\/strong><\/td>\n<td><\/td>\n<td><\/td>\n<td>\n<div><a href=\"http:\/\/www.googleartproject.com\/\" target=\"_blank\">Art Project, de musesos del mundo<\/a><\/div>\n<div><a href=\"http:\/\/www.juanjoromero.es\/blog\/\" target=\"_blank\">Blog de Juanjo Romero<\/a><\/div>\n<div><a href=\"http:\/\/almez.pntic.mec.es\/~jmac0005\/\" target=\"_blank\">Blos de Jes\u00fas Manzaneque<\/a><\/div>\n<div><a href=\"http:\/\/contenidos.educarex.es\/sama\/2010\/csociales_geografia_historia\/index.html\" target=\"_blank\">El blog de Isaac Buzo<\/a><\/div>\n<div><a href=\"http:\/\/visitacatedral.promediadifusion.com\/\" target=\"_blank\">Visita virtual Catedral Cordoba<\/a><\/div>\n<\/td>\n<\/tr>\n<\/tbody>\n<\/table>\n","protected":false},"excerpt":{"rendered":"<p>&nbsp; \u00c1rea Nombre Descripci\u00f3n Enlace(clic en imagen) Educaci\u00f3n pl\u00e1sticay visual ArtenlacesArt Project, de musesos del mundo Pinacoteca virtual Proyecto plasTIC, ITE E-quercus pl\u00e1stica Estilos art\u00edsticos IES Garcia Morato Proyecto Netdays, ITE Visita virtual Catedral Cordoba Dise\u00f1o, dibujo t\u00e9cnico Dibujo art\u00edstico &hellip;<\/p>\n<p class=\"read-more\"> <a class=\"more-link\" href=\"https:\/\/wp.catedu.es\/colaboraulatic\/enlaces\/secundaria\/educacion-plastica-y-visual-diseno-dibujo-tecnico-y-artistico-artes\/\"> <span class=\"screen-reader-text\">Educaci\u00f3n pl\u00e1stica y visual, dise\u00f1o, dibujo t\u00e9cnico y art\u00edstico, artes<\/span> Leer m\u00e1s \u00bb<\/a><\/p>\n","protected":false},"author":5,"featured_media":0,"parent":243,"menu_order":0,"comment_status":"open","ping_status":"closed","template":"full-width-page.php","meta":{"jetpack_post_was_ever_published":false,"footnotes":""},"class_list":["post-519","page","type-page","status-publish","hentry"],"jetpack_sharing_enabled":true,"jetpack_shortlink":"https:\/\/wp.me\/P5O2qe-8n","jetpack-related-posts":[],"_links":{"self":[{"href":"https:\/\/wp.catedu.es\/colaboraulatic\/wp-json\/wp\/v2\/pages\/519","targetHints":{"allow":["GET"]}}],"collection":[{"href":"https:\/\/wp.catedu.es\/colaboraulatic\/wp-json\/wp\/v2\/pages"}],"about":[{"href":"https:\/\/wp.catedu.es\/colaboraulatic\/wp-json\/wp\/v2\/types\/page"}],"author":[{"embeddable":true,"href":"https:\/\/wp.catedu.es\/colaboraulatic\/wp-json\/wp\/v2\/users\/5"}],"replies":[{"embeddable":true,"href":"https:\/\/wp.catedu.es\/colaboraulatic\/wp-json\/wp\/v2\/comments?post=519"}],"version-history":[{"count":4,"href":"https:\/\/wp.catedu.es\/colaboraulatic\/wp-json\/wp\/v2\/pages\/519\/revisions"}],"predecessor-version":[{"id":526,"href":"https:\/\/wp.catedu.es\/colaboraulatic\/wp-json\/wp\/v2\/pages\/519\/revisions\/526"}],"up":[{"embeddable":true,"href":"https:\/\/wp.catedu.es\/colaboraulatic\/wp-json\/wp\/v2\/pages\/243"}],"wp:attachment":[{"href":"https:\/\/wp.catedu.es\/colaboraulatic\/wp-json\/wp\/v2\/media?parent=519"}],"curies":[{"name":"wp","href":"https:\/\/api.w.org\/{rel}","templated":true}]}}