{"id":595,"date":"2014-12-03T11:55:07","date_gmt":"2014-12-03T10:55:07","guid":{"rendered":"http:\/\/wp.catedu.es\/colaboraulatic\/?page_id=595"},"modified":"2014-12-15T12:51:36","modified_gmt":"2014-12-15T11:51:36","slug":"vitalinux","status":"publish","type":"page","link":"https:\/\/wp.catedu.es\/colaboraulatic\/programas-institucionales\/vitalinux\/","title":{"rendered":"Vitalinux"},"content":{"rendered":"<p style=\"text-align: justify;\"><a href=\"http:\/\/wp.catedu.es\/colaboraulatic\/wp-content\/uploads\/sites\/4\/2014\/12\/vitalinux-migasfree.png\"><img loading=\"lazy\" decoding=\"async\" data-attachment-id=\"773\" data-permalink=\"https:\/\/wp.catedu.es\/colaboraulatic\/programas-institucionales\/vitalinux\/vitalinux-migasfree\/\" data-orig-file=\"https:\/\/wp.catedu.es\/colaboraulatic\/wp-content\/uploads\/sites\/4\/2014\/12\/vitalinux-migasfree.png\" data-orig-size=\"970,529\" data-comments-opened=\"1\" data-image-meta=\"{&quot;aperture&quot;:&quot;0&quot;,&quot;credit&quot;:&quot;&quot;,&quot;camera&quot;:&quot;&quot;,&quot;caption&quot;:&quot;&quot;,&quot;created_timestamp&quot;:&quot;0&quot;,&quot;copyright&quot;:&quot;&quot;,&quot;focal_length&quot;:&quot;0&quot;,&quot;iso&quot;:&quot;0&quot;,&quot;shutter_speed&quot;:&quot;0&quot;,&quot;title&quot;:&quot;&quot;,&quot;orientation&quot;:&quot;0&quot;}\" data-image-title=\"vitalinux migasfree\" data-image-description=\"\" data-image-caption=\"\" data-large-file=\"https:\/\/wp.catedu.es\/colaboraulatic\/wp-content\/uploads\/sites\/4\/2014\/12\/vitalinux-migasfree.png\" class=\"aligncenter wp-image-773\" src=\"http:\/\/wp.catedu.es\/colaboraulatic\/wp-content\/uploads\/sites\/4\/2014\/12\/vitalinux-migasfree-300x163.png\" alt=\"vitalinux migasfree\" width=\"400\" height=\"218\" srcset=\"https:\/\/wp.catedu.es\/colaboraulatic\/wp-content\/uploads\/sites\/4\/2014\/12\/vitalinux-migasfree-300x163.png 300w, https:\/\/wp.catedu.es\/colaboraulatic\/wp-content\/uploads\/sites\/4\/2014\/12\/vitalinux-migasfree-100x54.png 100w, https:\/\/wp.catedu.es\/colaboraulatic\/wp-content\/uploads\/sites\/4\/2014\/12\/vitalinux-migasfree-150x81.png 150w, https:\/\/wp.catedu.es\/colaboraulatic\/wp-content\/uploads\/sites\/4\/2014\/12\/vitalinux-migasfree-200x109.png 200w, https:\/\/wp.catedu.es\/colaboraulatic\/wp-content\/uploads\/sites\/4\/2014\/12\/vitalinux-migasfree-450x245.png 450w, https:\/\/wp.catedu.es\/colaboraulatic\/wp-content\/uploads\/sites\/4\/2014\/12\/vitalinux-migasfree-600x327.png 600w, https:\/\/wp.catedu.es\/colaboraulatic\/wp-content\/uploads\/sites\/4\/2014\/12\/vitalinux-migasfree-900x490.png 900w, https:\/\/wp.catedu.es\/colaboraulatic\/wp-content\/uploads\/sites\/4\/2014\/12\/vitalinux-migasfree.png 970w\" sizes=\"auto, (max-width: 400px) 100vw, 400px\" \/><\/a><\/p>\n<p style=\"text-align: justify;\"><span style=\"font-size: 14pt; color: #000080;\"><strong>Vitalinux<\/strong><\/span> es un <b>Programa de Software Libre<\/b>\u00a0nace de la necesidad de promover la utilizaci\u00f3n del software libre en el \u00e1mbito educativo.<\/p>\n<p style=\"text-align: justify;\">Est\u00e1 coordinado por: <a href=\"http:\/\/amromero.no-ip.org\/\">Arturo Mart\u00edn Romero<\/a> \/ <a href=\"mailto:\/\/amartinromero@gmail.com\">amartinromero@gmail.com<\/a>\u00a0, y tiene los siguientes objetivos:<\/p>\n<p style=\"text-align: justify;\"><a href=\"http:\/\/wp.catedu.es\/colaboraulatic\/wp-content\/uploads\/sites\/4\/2014\/12\/vita-objs.png\"><img loading=\"lazy\" decoding=\"async\" data-attachment-id=\"774\" data-permalink=\"https:\/\/wp.catedu.es\/colaboraulatic\/programas-institucionales\/vitalinux\/vita-objs\/\" data-orig-file=\"https:\/\/wp.catedu.es\/colaboraulatic\/wp-content\/uploads\/sites\/4\/2014\/12\/vita-objs.png\" data-orig-size=\"958,565\" data-comments-opened=\"1\" data-image-meta=\"{&quot;aperture&quot;:&quot;0&quot;,&quot;credit&quot;:&quot;&quot;,&quot;camera&quot;:&quot;&quot;,&quot;caption&quot;:&quot;&quot;,&quot;created_timestamp&quot;:&quot;0&quot;,&quot;copyright&quot;:&quot;&quot;,&quot;focal_length&quot;:&quot;0&quot;,&quot;iso&quot;:&quot;0&quot;,&quot;shutter_speed&quot;:&quot;0&quot;,&quot;title&quot;:&quot;&quot;,&quot;orientation&quot;:&quot;0&quot;}\" data-image-title=\"vita objs\" data-image-description=\"\" data-image-caption=\"\" data-large-file=\"https:\/\/wp.catedu.es\/colaboraulatic\/wp-content\/uploads\/sites\/4\/2014\/12\/vita-objs.png\" class=\"aligncenter wp-image-774\" src=\"http:\/\/wp.catedu.es\/colaboraulatic\/wp-content\/uploads\/sites\/4\/2014\/12\/vita-objs.png\" alt=\"vita objs\" width=\"668\" height=\"394\" srcset=\"https:\/\/wp.catedu.es\/colaboraulatic\/wp-content\/uploads\/sites\/4\/2014\/12\/vita-objs.png 958w, https:\/\/wp.catedu.es\/colaboraulatic\/wp-content\/uploads\/sites\/4\/2014\/12\/vita-objs-300x176.png 300w, https:\/\/wp.catedu.es\/colaboraulatic\/wp-content\/uploads\/sites\/4\/2014\/12\/vita-objs-100x58.png 100w, https:\/\/wp.catedu.es\/colaboraulatic\/wp-content\/uploads\/sites\/4\/2014\/12\/vita-objs-150x88.png 150w, https:\/\/wp.catedu.es\/colaboraulatic\/wp-content\/uploads\/sites\/4\/2014\/12\/vita-objs-200x117.png 200w, https:\/\/wp.catedu.es\/colaboraulatic\/wp-content\/uploads\/sites\/4\/2014\/12\/vita-objs-450x265.png 450w, https:\/\/wp.catedu.es\/colaboraulatic\/wp-content\/uploads\/sites\/4\/2014\/12\/vita-objs-600x353.png 600w, https:\/\/wp.catedu.es\/colaboraulatic\/wp-content\/uploads\/sites\/4\/2014\/12\/vita-objs-900x530.png 900w\" sizes=\"auto, (max-width: 668px) 100vw, 668px\" \/><\/a><\/p>\n<p style=\"text-align: justify;\">\n<p style=\"text-align: justify;\">Principalmente tenemos que tener en cuenta que este programa intenta:<\/p>\n<p style=\"text-align: justify;\">1. <b>Evitar el coste de licencias de software privativo<\/b>\u00a0y el\u00a0<b>uso indebido de software\u00a0<\/b>pirata en los centros educativos.<\/p>\n<p style=\"text-align: justify;\">2- Fomentar los valores tan educativos que promulga el software libre (<i>compartir, colaborar en equipo, distribuir conocimientos y mejoras, perseguir una sociedad mejora para todos, etc.<\/i>) y\u00a0<b>alargar la vida de los equipos inform\u00e1ticos de bajas prestaciones hardware<\/b>\u00a0posibilitando su utilizaci\u00f3n.<\/p>\n<p style=\"text-align: justify;\">Para ello, el Programa ha echado mano de dos grandes proyectos de software libre:<\/p>\n<p style=\"text-align: justify;\">1. El\u00a0<b>sistema operativo Vitalinux\u00a0<\/b>basado en la distribuci\u00f3n GNU\/Linux Ubuntu.<\/p>\n<p style=\"text-align: justify;\">2. El software\u00a0<b>servidor de gesti\u00f3n de software Migasfree<\/b>.\u00a0 Su utilizaci\u00f3n nos permite adem\u00e1s de conseguir los objetivos planteados inicialmente, el ofrecer otros beneficios incuestionables a los centros educativos como son, a modo de ejemplo, una forma muy sencilla de gesti\u00f3n y mantenimiento del software de los equipos inform\u00e1ticos, la realizaci\u00f3n autom\u00e1tica de un inventariado global del software y hardware, la automatizaci\u00f3n de la normalizaci\u00f3n de los equipos, o la posibilidad de utilizaci\u00f3n de un servicio de autenticaci\u00f3n y de archivos para usuarios de manera centralizada.<\/p>\n<p style=\"text-align: justify;\">El programa nos ofrece tambi\u00e9n otras funcionalidades:<\/p>\n<p style=\"text-align: justify;\"><a href=\"http:\/\/wp.catedu.es\/colaboraulatic\/wp-content\/uploads\/sites\/4\/2014\/12\/vita-funciones.png\"><img loading=\"lazy\" decoding=\"async\" data-attachment-id=\"775\" data-permalink=\"https:\/\/wp.catedu.es\/colaboraulatic\/programas-institucionales\/vitalinux\/vita-funciones\/\" data-orig-file=\"https:\/\/wp.catedu.es\/colaboraulatic\/wp-content\/uploads\/sites\/4\/2014\/12\/vita-funciones.png\" data-orig-size=\"1000,705\" data-comments-opened=\"1\" data-image-meta=\"{&quot;aperture&quot;:&quot;0&quot;,&quot;credit&quot;:&quot;&quot;,&quot;camera&quot;:&quot;&quot;,&quot;caption&quot;:&quot;&quot;,&quot;created_timestamp&quot;:&quot;0&quot;,&quot;copyright&quot;:&quot;&quot;,&quot;focal_length&quot;:&quot;0&quot;,&quot;iso&quot;:&quot;0&quot;,&quot;shutter_speed&quot;:&quot;0&quot;,&quot;title&quot;:&quot;&quot;,&quot;orientation&quot;:&quot;0&quot;}\" data-image-title=\"vita funciones\" data-image-description=\"\" data-image-caption=\"\" data-large-file=\"https:\/\/wp.catedu.es\/colaboraulatic\/wp-content\/uploads\/sites\/4\/2014\/12\/vita-funciones.png\" class=\"aligncenter wp-image-775\" src=\"http:\/\/wp.catedu.es\/colaboraulatic\/wp-content\/uploads\/sites\/4\/2014\/12\/vita-funciones.png\" alt=\"vita funciones\" width=\"668\" height=\"471\" srcset=\"https:\/\/wp.catedu.es\/colaboraulatic\/wp-content\/uploads\/sites\/4\/2014\/12\/vita-funciones.png 1000w, https:\/\/wp.catedu.es\/colaboraulatic\/wp-content\/uploads\/sites\/4\/2014\/12\/vita-funciones-300x211.png 300w, https:\/\/wp.catedu.es\/colaboraulatic\/wp-content\/uploads\/sites\/4\/2014\/12\/vita-funciones-100x70.png 100w, https:\/\/wp.catedu.es\/colaboraulatic\/wp-content\/uploads\/sites\/4\/2014\/12\/vita-funciones-150x105.png 150w, https:\/\/wp.catedu.es\/colaboraulatic\/wp-content\/uploads\/sites\/4\/2014\/12\/vita-funciones-200x141.png 200w, https:\/\/wp.catedu.es\/colaboraulatic\/wp-content\/uploads\/sites\/4\/2014\/12\/vita-funciones-450x317.png 450w, https:\/\/wp.catedu.es\/colaboraulatic\/wp-content\/uploads\/sites\/4\/2014\/12\/vita-funciones-600x423.png 600w, https:\/\/wp.catedu.es\/colaboraulatic\/wp-content\/uploads\/sites\/4\/2014\/12\/vita-funciones-900x634.png 900w\" sizes=\"auto, (max-width: 668px) 100vw, 668px\" \/><\/a><\/p>\n<div style=\"text-align: justify;\"><\/div>\n<div style=\"text-align: justify;\">M\u00e1s informaci\u00f3n:<\/div>\n<div style=\"text-align: justify;\"><\/div>\n<div style=\"text-align: justify;\">\n<ul>\n<li class=\"fragment highlight-current-red\" data-fragment-index=\"0\"><em>Listado limitado de Centros Piloto<\/em><\/li>\n<li class=\"fragment highlight-current-red\" data-fragment-index=\"1\"><em>Soporte: <a href=\"http:\/\/soporte.vitalinux.org\/\">http:\/\/soporte.vitalinux.org\/<\/a><\/em><\/li>\n<li class=\"fragment highlight-current-red\" data-fragment-index=\"2\"><em>Wiki: <a href=\"http:\/\/wiki.migasfree.educa.aragon.es\/\">http:\/\/wiki.migasfree.educa.aragon.es<\/a><\/em><\/li>\n<li class=\"fragment highlight-current-red\" data-fragment-index=\"3\"><em>Noticias Comunidad Vitalinux: <a href=\"https:\/\/plus.google.com\/communities\/109242277807385330969\">Vitalinux EDU &#8211; Community &#8211; Google+<\/a><\/em><\/li>\n<\/ul>\n<p>&nbsp;<\/p>\n<p>Agradecimientos a toda la comunidad Vitalinux, y en especial a:<\/p>\n<ul>\n<li><em><a href=\"http:\/\/wiki.migasfree.educa.aragon.es\/\">Alberto Gac\u00edas<\/a><\/em><\/li>\n<li><em><a href=\"http:\/\/wiki.migasfree.educa.aragon.es\/\">Jos\u00e9 Antonio Chavarr\u00eda<\/a><\/em><\/li>\n<li><em><a href=\"http:\/\/wiki.migasfree.educa.aragon.es\/\">Eduardo Romero<\/a><\/em><\/li>\n<\/ul>\n<\/div>\n","protected":false},"excerpt":{"rendered":"<p>Vitalinux es un Programa de Software Libre\u00a0nace de la necesidad de promover la utilizaci\u00f3n del software libre en el \u00e1mbito educativo. Est\u00e1 coordinado por: Arturo Mart\u00edn Romero \/ amartinromero@gmail.com\u00a0, y tiene los siguientes objetivos: Principalmente tenemos que tener en cuenta &hellip;<\/p>\n<p class=\"read-more\"> <a class=\"more-link\" href=\"https:\/\/wp.catedu.es\/colaboraulatic\/programas-institucionales\/vitalinux\/\"> <span class=\"screen-reader-text\">Vitalinux<\/span> Leer m\u00e1s \u00bb<\/a><\/p>\n","protected":false},"author":5,"featured_media":0,"parent":593,"menu_order":0,"comment_status":"open","ping_status":"closed","template":"full-width-page.php","meta":{"jetpack_post_was_ever_published":false,"footnotes":""},"class_list":["post-595","page","type-page","status-publish","hentry"],"jetpack_sharing_enabled":true,"jetpack_shortlink":"https:\/\/wp.me\/P5O2qe-9B","jetpack-related-posts":[],"_links":{"self":[{"href":"https:\/\/wp.catedu.es\/colaboraulatic\/wp-json\/wp\/v2\/pages\/595","targetHints":{"allow":["GET"]}}],"collection":[{"href":"https:\/\/wp.catedu.es\/colaboraulatic\/wp-json\/wp\/v2\/pages"}],"about":[{"href":"https:\/\/wp.catedu.es\/colaboraulatic\/wp-json\/wp\/v2\/types\/page"}],"author":[{"embeddable":true,"href":"https:\/\/wp.catedu.es\/colaboraulatic\/wp-json\/wp\/v2\/users\/5"}],"replies":[{"embeddable":true,"href":"https:\/\/wp.catedu.es\/colaboraulatic\/wp-json\/wp\/v2\/comments?post=595"}],"version-history":[{"count":4,"href":"https:\/\/wp.catedu.es\/colaboraulatic\/wp-json\/wp\/v2\/pages\/595\/revisions"}],"predecessor-version":[{"id":778,"href":"https:\/\/wp.catedu.es\/colaboraulatic\/wp-json\/wp\/v2\/pages\/595\/revisions\/778"}],"up":[{"embeddable":true,"href":"https:\/\/wp.catedu.es\/colaboraulatic\/wp-json\/wp\/v2\/pages\/593"}],"wp:attachment":[{"href":"https:\/\/wp.catedu.es\/colaboraulatic\/wp-json\/wp\/v2\/media?parent=595"}],"curies":[{"name":"wp","href":"https:\/\/api.w.org\/{rel}","templated":true}]}}