{"id":63,"date":"2014-11-10T11:38:53","date_gmt":"2014-11-10T10:38:53","guid":{"rendered":"http:\/\/wp.catedu.es\/colaboraulatic\/?page_id=63"},"modified":"2015-01-21T13:09:22","modified_gmt":"2015-01-21T12:09:22","slug":"enlaces","status":"publish","type":"page","link":"https:\/\/wp.catedu.es\/colaboraulatic\/enlaces\/","title":{"rendered":"\u00c1rbol de recursos y enlaces principales"},"content":{"rendered":"<p><strong>\u00c1RBOL DE RECURSOS DE COLABORAULATIC:<\/strong><\/p>\n<table style=\"height: 68px;\" width=\"847\">\n<tbody>\n<tr>\n<td style=\"border-color: #2b0707; text-align: center;\"><a href=\"http:\/\/wp.catedu.es\/colaboraulatic\/enlaces\/generaltic\/\" target=\"_blank\"><strong>TIC EN GENERAL<\/strong><\/a><\/td>\n<td style=\"border-color: #2b0707; text-align: center;\"><a href=\"http:\/\/wp.catedu.es\/colaboraulatic\/enlaces\/secundaria\/\" target=\"_blank\"><strong>SECUNDARIA\/BACHILLERATO<\/strong><\/a><\/td>\n<td style=\"border-color: #2b0707; text-align: center;\"><a href=\"http:\/\/wp.catedu.es\/colaboraulatic\/enlaces\/institucionales\/\" target=\"_blank\"><strong>INSTITUCIONAL<\/strong><\/a><\/td>\n<\/tr>\n<tr>\n<td style=\"border-color: #2b0707; text-align: center;\"><a href=\"http:\/\/wp.catedu.es\/colaboraulatic\/enlaces\/infantil-2\/\" target=\"_blank\"><strong>INFANTIL<\/strong><\/a><\/td>\n<td style=\"border-color: #2b0707; text-align: center;\"><a href=\"http:\/\/wp.catedu.es\/colaboraulatic\/enlaces\/orientacion-educativa\/\" target=\"_blank\"><strong>ORIENTACI\u00d3N<\/strong><\/a><\/td>\n<td style=\"border-color: #2b0707; text-align: center;\"><a href=\"http:\/\/wp.catedu.es\/colaboraulatic\/enlaces\/competencias\/\" target=\"_blank\"><strong>COMPETENCIAS\/LOMCE<\/strong><\/a><\/td>\n<\/tr>\n<tr>\n<td style=\"border-color: #2b0707; text-align: center;\"><a href=\"http:\/\/wp.catedu.es\/colaboraulatic\/enlaces\/primaria\/\" target=\"_blank\"><strong>PRIMARIA<\/strong><\/a><\/td>\n<td style=\"border-color: #2b0707; text-align: center;\"><a href=\"http:\/\/wp.catedu.es\/colaboraulatic\/enlaces\/adultos\/\" target=\"_blank\"><strong>ADULTOS<\/strong><\/a><\/td>\n<td style=\"border-color: #2b0707; text-align: center;\"><a href=\"http:\/\/wp.catedu.es\/colaboraulatic\/enlaces\/otrosniveles\/\" target=\"_blank\"><strong>OTROS<\/strong><\/a><\/td>\n<\/tr>\n<\/tbody>\n<\/table>\n<p><strong>ENLACES PRINCIPALES<\/strong><\/p>\n<table style=\"height: 224px;\" width=\"849\">\n<tbody>\n<tr>\n<td style=\"border-color: #050101; text-align: center;\"><strong>Recurso<\/strong><\/td>\n<td style=\"border-color: #050101; text-align: center;\"><strong>Nombre<\/strong><\/td>\n<td style=\"border-color: #050101; text-align: center;\"><strong>Descripci\u00f3n<\/strong><\/td>\n<td style=\"border-color: #050101; text-align: center;\"><strong>Enlace<\/strong><\/td>\n<\/tr>\n<tr>\n<td style=\"border-color: #050101; text-align: center;\" rowspan=\"4\">Blogs 2.0 Colaboradores<\/td>\n<td style=\"border-color: #050101;\">Rosa Garza<\/td>\n<td style=\"border-color: #050101;\" rowspan=\"4\">Recursos y aplicaciones TIC para el aula<\/td>\n<td style=\"border-color: #050101;\"><a title=\"rosa\" href=\"http:\/\/www.catedu.es\/arablogs\/blog.php?id_blog=1860#.VGCMDTSG_tE\" target=\"_blank\">Colaboraci\u00f3n TIC Secundaria<\/a><\/td>\n<\/tr>\n<tr>\n<td style=\"border-color: #050101;\">Josean Torres<\/td>\n<td style=\"border-color: #050101;\"><a title=\"Josean\" href=\"http:\/\/catedu.es\/arablogs\/blog.php?id_blog=1614\" target=\"_blank\">Colaborador TIC Primaria<\/a><\/td>\n<\/tr>\n<tr>\n<td style=\"border-color: #050101;\">Enrique Dur\u00e1n<\/td>\n<td style=\"border-color: #050101;\"><a title=\"enr\" href=\"http:\/\/colaboratichuesca.wordpress.com\" target=\"_blank\">ColaboraTICHuesca<\/a><\/td>\n<\/tr>\n<tr>\n<td style=\"border-color: #050101;\">Luz Cuartielles<\/td>\n<td style=\"border-color: #050101;\"><a title=\"Luz\" href=\"http:\/\/todoestaenlanube.blogspot.com.es\/\" target=\"_blank\">Todoest\u00e1enlanube<\/a><\/td>\n<\/tr>\n<tr>\n<td style=\"border-color: #050101; text-align: center;\" rowspan=\"4\">\u00a0Webs CIFES de Arag\u00f3n(Centros de innovaci\u00f3n yformaci\u00f3n educativa)<\/td>\n<td style=\"border-color: #050101;\">\u00a0CIFE JUAN DE LANUZA<\/td>\n<td style=\"border-color: #050101; text-align: center;\">\u00a0CIFE \u00ab2\u00bb,Zaragoza<\/td>\n<td style=\"border-color: #050101;\">\u00a0<a title=\"jl\" href=\"http:\/\/www.cprlanuza.org\/\" target=\"_blank\">http:\/\/www.cprlanuza.org\/<\/a><\/td>\n<\/tr>\n<tr>\n<td style=\"border-color: #050101;\">\u00a0CIFE MAR\u00cdA DE \u00c1VILA<\/td>\n<td style=\"border-color: #050101; text-align: center;\">\u00a0CIFE \u00ab1\u00bb,\u00a0Zaragoza<\/td>\n<td style=\"border-color: #050101;\">\u00a0<a title=\"webc\" href=\"http:\/\/www.cpr1.es\/web\/\" target=\"_blank\">http:\/\/www.cpr1.es\/web\/<\/a><\/td>\n<\/tr>\n<tr>\n<td style=\"border-color: #050101;\">\u00a0CIFE ANA ABARCA DE BOLEA<\/td>\n<td style=\"border-color: #050101; text-align: center;\">\u00a0CIFE\u00a0Huesca<\/td>\n<td style=\"border-color: #050101;\">\u00a0<a title=\"hu\" href=\"http:\/\/cprhuesca.org\/\" target=\"_blank\">http:\/\/cprhuesca.org\/<\/a><\/td>\n<\/tr>\n<tr>\n<td style=\"border-color: #050101;\">\u00a0CIFE \u00c1NGEL SANZ BRIZ<\/td>\n<td style=\"border-color: #050101; text-align: center;\">\u00a0CIFE\u00a0Teruel<\/td>\n<td style=\"border-color: #050101;\">\u00a0<a title=\"chu\" href=\"http:\/\/www.catedu.es\/cifeteruel\/\" target=\"_blank\">http:\/\/www.catedu.es\/cifeteruel\/<\/a><\/td>\n<\/tr>\n<\/tbody>\n<\/table>\n","protected":false},"excerpt":{"rendered":"<p>\u00c1RBOL DE RECURSOS DE COLABORAULATIC: TIC EN GENERAL SECUNDARIA\/BACHILLERATO INSTITUCIONAL INFANTIL ORIENTACI\u00d3N COMPETENCIAS\/LOMCE PRIMARIA ADULTOS OTROS ENLACES PRINCIPALES Recurso Nombre Descripci\u00f3n Enlace Blogs 2.0 Colaboradores Rosa Garza Recursos y aplicaciones TIC para el aula Colaboraci\u00f3n TIC Secundaria Josean Torres Colaborador &hellip;<\/p>\n<p class=\"read-more\"> <a class=\"more-link\" href=\"https:\/\/wp.catedu.es\/colaboraulatic\/enlaces\/\"> <span class=\"screen-reader-text\">\u00c1rbol de recursos y enlaces principales<\/span> Leer m\u00e1s \u00bb<\/a><\/p>\n","protected":false},"author":5,"featured_media":0,"parent":0,"menu_order":0,"comment_status":"closed","ping_status":"closed","template":"full-width-page.php","meta":{"jetpack_post_was_ever_published":false,"footnotes":""},"class_list":["post-63","page","type-page","status-publish","hentry"],"jetpack_sharing_enabled":true,"jetpack_shortlink":"https:\/\/wp.me\/P5O2qe-11","jetpack-related-posts":[],"_links":{"self":[{"href":"https:\/\/wp.catedu.es\/colaboraulatic\/wp-json\/wp\/v2\/pages\/63","targetHints":{"allow":["GET"]}}],"collection":[{"href":"https:\/\/wp.catedu.es\/colaboraulatic\/wp-json\/wp\/v2\/pages"}],"about":[{"href":"https:\/\/wp.catedu.es\/colaboraulatic\/wp-json\/wp\/v2\/types\/page"}],"author":[{"embeddable":true,"href":"https:\/\/wp.catedu.es\/colaboraulatic\/wp-json\/wp\/v2\/users\/5"}],"replies":[{"embeddable":true,"href":"https:\/\/wp.catedu.es\/colaboraulatic\/wp-json\/wp\/v2\/comments?post=63"}],"version-history":[{"count":14,"href":"https:\/\/wp.catedu.es\/colaboraulatic\/wp-json\/wp\/v2\/pages\/63\/revisions"}],"predecessor-version":[{"id":844,"href":"https:\/\/wp.catedu.es\/colaboraulatic\/wp-json\/wp\/v2\/pages\/63\/revisions\/844"}],"wp:attachment":[{"href":"https:\/\/wp.catedu.es\/colaboraulatic\/wp-json\/wp\/v2\/media?parent=63"}],"curies":[{"name":"wp","href":"https:\/\/api.w.org\/{rel}","templated":true}]}}