{"id":2,"date":"2023-12-20T10:56:11","date_gmt":"2023-12-20T09:56:11","guid":{"rendered":"https:\/\/wp.catedu.es\/conexionvaldejalon\/?page_id=2"},"modified":"2024-06-02T21:05:20","modified_gmt":"2024-06-02T19:05:20","slug":"inicio","status":"publish","type":"page","link":"https:\/\/wp.catedu.es\/conexionvaldejalon\/inicio\/","title":{"rendered":""},"content":{"rendered":"\n<div class=\"wp-block-cover alignfull is-light has-custom-content-position is-position-bottom-center\" style=\"margin-top:0;padding-top:4vw;padding-right:4vw;padding-bottom:4vw;padding-left:4vw;min-height:328px;aspect-ratio:unset;\"><span aria-hidden=\"true\" class=\"wp-block-cover__background has-background-dim-0 has-background-dim\" style=\"background-color:#2c3066\"><\/span><img loading=\"lazy\" decoding=\"async\" width=\"1152\" height=\"300\" class=\"wp-block-cover__image-background wp-image-117\" alt=\"\" src=\"https:\/\/wp.catedu.es\/conexionvaldejalon\/wp-content\/uploads\/sites\/258\/2024\/06\/banner-valdejalon-la-muela-1152-x-300-px.png\" data-object-fit=\"cover\" srcset=\"https:\/\/wp.catedu.es\/conexionvaldejalon\/wp-content\/uploads\/sites\/258\/2024\/06\/banner-valdejalon-la-muela-1152-x-300-px.png 1152w, https:\/\/wp.catedu.es\/conexionvaldejalon\/wp-content\/uploads\/sites\/258\/2024\/06\/banner-valdejalon-la-muela-1152-x-300-px-300x78.png 300w, https:\/\/wp.catedu.es\/conexionvaldejalon\/wp-content\/uploads\/sites\/258\/2024\/06\/banner-valdejalon-la-muela-1152-x-300-px-1024x267.png 1024w, https:\/\/wp.catedu.es\/conexionvaldejalon\/wp-content\/uploads\/sites\/258\/2024\/06\/banner-valdejalon-la-muela-1152-x-300-px-768x200.png 768w\" sizes=\"auto, (max-width: 1152px) 100vw, 1152px\" \/><div class=\"wp-block-cover__inner-container is-layout-flow wp-block-cover-is-layout-flow\">\n<p><\/p>\n<\/div><\/div>\n\n\n\n<div style=\"height:80px\" aria-hidden=\"true\" class=\"wp-block-spacer\"><\/div>\n\n\n\n<p>En nuestro compromiso por <strong>ofrecer una educaci\u00f3n integral y de calidad<\/strong>, hemos creado este espacio digital para proporcionar a nuestros alumnos y a toda la comunidad educativa un recurso <strong>centralizado y accesible<\/strong> sobre las numerosas oportunidades culturales y educativas disponibles en la regi\u00f3n de <strong>Valdejal\u00f3n y Zaragoza<\/strong> capital. Aqu\u00ed, podr\u00e1n encontrar informaci\u00f3n detallada organizada por ramas educativas: Ciencias Sociales, Humanidades, Ciencias e Idiomas.<\/p>\n\n\n\n<div style=\"height:24px\" aria-hidden=\"true\" class=\"wp-block-spacer\"><\/div>\n\n\n\n<h3> \u00bfY t\u00fa, por qu\u00e9 rama educativa te decantas?<\/h3>\n\n\n\n<div style=\"height:8px\" aria-hidden=\"true\" class=\"wp-block-spacer\"><\/div>\n\n\n\n<div class=\"wp-block-media-text is-stacked-on-mobile\" style=\"grid-template-columns:15% auto\"><figure class=\"wp-block-media-text__media\"><img loading=\"lazy\" decoding=\"async\" width=\"500\" height=\"500\" src=\"https:\/\/wp.catedu.es\/conexionvaldejalon\/wp-content\/uploads\/sites\/258\/2024\/06\/icono-humanidades.png\" alt=\"\" class=\"wp-image-81 size-full\" srcset=\"https:\/\/wp.catedu.es\/conexionvaldejalon\/wp-content\/uploads\/sites\/258\/2024\/06\/icono-humanidades.png 500w, https:\/\/wp.catedu.es\/conexionvaldejalon\/wp-content\/uploads\/sites\/258\/2024\/06\/icono-humanidades-300x300.png 300w, https:\/\/wp.catedu.es\/conexionvaldejalon\/wp-content\/uploads\/sites\/258\/2024\/06\/icono-humanidades-150x150.png 150w\" sizes=\"auto, (max-width: 500px) 100vw, 500px\" \/><\/figure><div class=\"wp-block-media-text__content\">\n<p><strong>Humanidades y cultura<\/strong><\/p>\n\n\n\n<p>Sum\u00e9rgete en la riqueza cultural de nuestra regi\u00f3n a trav\u00e9s de visitas a bibliotecas, teatros y galer\u00edas de arte. Estos espacios no solo complementan la educaci\u00f3n literaria y filos\u00f3fica, sino que tambi\u00e9n ofrecen un entorno inspirador para el estudio de la historia, la literatura y las artes visuales. Los estudiantes pueden interactuar con obras de arte, participar en actividades literarias y asistir a representaciones teatrales, enriqueciendo su comprensi\u00f3n del patrimonio cultural y art\u00edstico.<\/p>\n<\/div><\/div>\n\n\n\n<div class=\"wp-block-media-text is-stacked-on-mobile\" style=\"grid-template-columns:15% auto\"><figure class=\"wp-block-media-text__media\"><img loading=\"lazy\" decoding=\"async\" width=\"500\" height=\"500\" src=\"https:\/\/wp.catedu.es\/conexionvaldejalon\/wp-content\/uploads\/sites\/258\/2024\/06\/icono-sociales.png\" alt=\"\" class=\"wp-image-65 size-full\" srcset=\"https:\/\/wp.catedu.es\/conexionvaldejalon\/wp-content\/uploads\/sites\/258\/2024\/06\/icono-sociales.png 500w, https:\/\/wp.catedu.es\/conexionvaldejalon\/wp-content\/uploads\/sites\/258\/2024\/06\/icono-sociales-300x300.png 300w, https:\/\/wp.catedu.es\/conexionvaldejalon\/wp-content\/uploads\/sites\/258\/2024\/06\/icono-sociales-150x150.png 150w\" sizes=\"auto, (max-width: 500px) 100vw, 500px\" \/><\/figure><div class=\"wp-block-media-text__content\">\n<p><strong>Ciencias Sociales:<\/strong><\/p>\n\n\n\n<p>Explora una variedad de recursos que te permitir\u00e1n comprender mejor la organizaci\u00f3n social, econ\u00f3mica y cultural de nuestra regi\u00f3n. Desde centros de interpretaci\u00f3n de la vida rural y museos dedicados a la historia local, hasta archivos hist\u00f3ricos y espacios para el estudio de pol\u00edticas p\u00fablicas y desarrollo social. Estos recursos ofrecen a los estudiantes la oportunidad de profundizar en temas como la econom\u00eda, la sociolog\u00eda y la demograf\u00eda, proporcionando una visi\u00f3n integral de nuestro entorno y su evoluci\u00f3n social.<\/p>\n<\/div><\/div>\n\n\n\n<div class=\"wp-block-media-text is-stacked-on-mobile\" style=\"grid-template-columns:15% auto\"><figure class=\"wp-block-media-text__media\"><img loading=\"lazy\" decoding=\"async\" width=\"500\" height=\"500\" src=\"https:\/\/wp.catedu.es\/conexionvaldejalon\/wp-content\/uploads\/sites\/258\/2024\/06\/icono-ciencias.png\" alt=\"\" class=\"wp-image-82 size-full\" srcset=\"https:\/\/wp.catedu.es\/conexionvaldejalon\/wp-content\/uploads\/sites\/258\/2024\/06\/icono-ciencias.png 500w, https:\/\/wp.catedu.es\/conexionvaldejalon\/wp-content\/uploads\/sites\/258\/2024\/06\/icono-ciencias-300x300.png 300w, https:\/\/wp.catedu.es\/conexionvaldejalon\/wp-content\/uploads\/sites\/258\/2024\/06\/icono-ciencias-150x150.png 150w\" sizes=\"auto, (max-width: 500px) 100vw, 500px\" \/><\/figure><div class=\"wp-block-media-text__content\">\n<p><strong>Ciencias:<\/strong><\/p>\n\n\n\n<p>Para los estudiantes de Ciencias, ofrecemos informaci\u00f3n sobre parques tecnol\u00f3gicos, laboratorios y centros de investigaci\u00f3n. Estos recursos proporcionan experiencias pr\u00e1cticas esenciales para el aprendizaje en biolog\u00eda, f\u00edsica, qu\u00edmica y otras disciplinas cient\u00edficas. A trav\u00e9s de visitas y actividades interactivas, los estudiantes podr\u00e1n explorar el mundo de la investigaci\u00f3n cient\u00edfica, comprender los avances tecnol\u00f3gicos y aplicar sus conocimientos te\u00f3ricos en contextos reales.<\/p>\n<\/div><\/div>\n\n\n\n<div class=\"wp-block-media-text is-stacked-on-mobile\" style=\"grid-template-columns:15% auto\"><figure class=\"wp-block-media-text__media\"><img loading=\"lazy\" decoding=\"async\" width=\"500\" height=\"500\" src=\"https:\/\/wp.catedu.es\/conexionvaldejalon\/wp-content\/uploads\/sites\/258\/2024\/06\/icono-idiomas.png\" alt=\"\" class=\"wp-image-84 size-full\" srcset=\"https:\/\/wp.catedu.es\/conexionvaldejalon\/wp-content\/uploads\/sites\/258\/2024\/06\/icono-idiomas.png 500w, https:\/\/wp.catedu.es\/conexionvaldejalon\/wp-content\/uploads\/sites\/258\/2024\/06\/icono-idiomas-300x300.png 300w, https:\/\/wp.catedu.es\/conexionvaldejalon\/wp-content\/uploads\/sites\/258\/2024\/06\/icono-idiomas-150x150.png 150w\" sizes=\"auto, (max-width: 500px) 100vw, 500px\" \/><\/figure><div class=\"wp-block-media-text__content\">\n<p><strong>Idiomas:<\/strong><\/p>\n\n\n\n<p>En el \u00e1mbito de los Idiomas, los alumnos podr\u00e1n encontrar opciones para asistir a intercambios culturales, talleres de idiomas y eventos internacionales. Estas oportunidades son ideales para mejorar las habilidades ling\u00fc\u00edsticas y conocer nuevas culturas de una manera inmersiva. A trav\u00e9s de actividades pr\u00e1cticas y experiencias directas, los estudiantes pueden perfeccionar su dominio de diferentes idiomas y desarrollar una comprensi\u00f3n m\u00e1s profunda de las culturas asociadas.<\/p>\n<\/div><\/div>\n\n\n\n<div class=\"wp-block-group alignfull has-background-color\" style=\"margin-top:0;margin-bottom:0;padding-top:var(--wp--preset--spacing--40);padding-right:var(--wp--preset--spacing--30);padding-bottom:var(--wp--preset--spacing--40);padding-left:var(--wp--preset--spacing--30)\"><div class=\"wp-block-group__inner-container is-layout-constrained wp-container-core-group-is-layout-91a691eb wp-block-group-is-layout-constrained\">\n<div class=\"wp-block-group alignwide is-content-justification-space-between is-layout-flex wp-container-core-group-is-layout-256aec57 wp-block-group-is-layout-flex\">\n<div class=\"wp-block-group is-layout-flex wp-block-group-is-layout-flex\"><h1 class=\"wp-block-site-title has-small-font-size\"><a href=\"https:\/\/wp.catedu.es\/conexionvaldejalon\" target=\"_self\" rel=\"home\">Conexi\u00f3n Valdejal\u00f3n<\/a><\/h1><\/div>\n\n\n\n<p class=\"has-small-font-size\">Impulsado <a href=\"http:\/\/ieslamuela.catedu.es\/\" data-type=\"link\" data-id=\"http:\/\/ieslamuela.catedu.es\/\" rel=\"nofollow\">I.E.S La Muela<\/a><\/p>\n<\/div>\n<\/div><\/div>\n","protected":false},"excerpt":{"rendered":"<p>En nuestro compromiso por ofrecer una educaci\u00f3n integral y de calidad, hemos creado este espacio digital para proporcionar a nuestros alumnos y a toda la comunidad educativa un recurso centralizado y accesible sobre las numerosas oportunidades culturales y educativas disponibles en la regi\u00f3n de Valdejal\u00f3n y Zaragoza capital. Aqu\u00ed, podr\u00e1n encontrar informaci\u00f3n detallada organizada por&hellip;&nbsp;<a href=\"https:\/\/wp.catedu.es\/conexionvaldejalon\/inicio\/\" rel=\"bookmark\">Leer m\u00e1s &raquo;<span class=\"screen-reader-text\"><\/span><\/a><\/p>\n","protected":false},"author":433,"featured_media":0,"parent":0,"menu_order":0,"comment_status":"closed","ping_status":"closed","template":"","meta":{"neve_meta_sidebar":"","neve_meta_container":"","neve_meta_enable_content_width":"","neve_meta_content_width":0,"neve_meta_title_alignment":"","neve_meta_author_avatar":"","neve_post_elements_order":"","neve_meta_disable_header":"","neve_meta_disable_footer":"","neve_meta_disable_title":"","footnotes":""},"class_list":["post-2","page","type-page","status-publish","hentry"],"_links":{"self":[{"href":"https:\/\/wp.catedu.es\/conexionvaldejalon\/wp-json\/wp\/v2\/pages\/2","targetHints":{"allow":["GET"]}}],"collection":[{"href":"https:\/\/wp.catedu.es\/conexionvaldejalon\/wp-json\/wp\/v2\/pages"}],"about":[{"href":"https:\/\/wp.catedu.es\/conexionvaldejalon\/wp-json\/wp\/v2\/types\/page"}],"author":[{"embeddable":true,"href":"https:\/\/wp.catedu.es\/conexionvaldejalon\/wp-json\/wp\/v2\/users\/433"}],"replies":[{"embeddable":true,"href":"https:\/\/wp.catedu.es\/conexionvaldejalon\/wp-json\/wp\/v2\/comments?post=2"}],"version-history":[{"count":30,"href":"https:\/\/wp.catedu.es\/conexionvaldejalon\/wp-json\/wp\/v2\/pages\/2\/revisions"}],"predecessor-version":[{"id":278,"href":"https:\/\/wp.catedu.es\/conexionvaldejalon\/wp-json\/wp\/v2\/pages\/2\/revisions\/278"}],"wp:attachment":[{"href":"https:\/\/wp.catedu.es\/conexionvaldejalon\/wp-json\/wp\/v2\/media?parent=2"}],"curies":[{"name":"wp","href":"https:\/\/api.w.org\/{rel}","templated":true}]}}