{"id":25,"date":"2024-05-30T19:56:00","date_gmt":"2024-05-30T17:56:00","guid":{"rendered":"https:\/\/wp.catedu.es\/conexionvaldejalon\/?page_id=25"},"modified":"2024-06-02T21:03:42","modified_gmt":"2024-06-02T19:03:42","slug":"sociales","status":"publish","type":"page","link":"https:\/\/wp.catedu.es\/conexionvaldejalon\/sociales\/","title":{"rendered":"Sociales"},"content":{"rendered":"\n<div class=\"wp-block-cover\" style=\"min-height:249px;aspect-ratio:unset;\"><span aria-hidden=\"true\" class=\"wp-block-cover__background has-background-dim-0 has-background-dim\"><\/span><img loading=\"lazy\" decoding=\"async\" width=\"1024\" height=\"267\" class=\"wp-block-cover__image-background wp-image-273\" alt=\"\" src=\"https:\/\/wp.catedu.es\/conexionvaldejalon\/wp-content\/uploads\/sites\/258\/2024\/06\/banner-valdejalon-la-muela-1152-x-300-px-6-1024x267.png\" data-object-fit=\"cover\" srcset=\"https:\/\/wp.catedu.es\/conexionvaldejalon\/wp-content\/uploads\/sites\/258\/2024\/06\/banner-valdejalon-la-muela-1152-x-300-px-6-1024x267.png 1024w, https:\/\/wp.catedu.es\/conexionvaldejalon\/wp-content\/uploads\/sites\/258\/2024\/06\/banner-valdejalon-la-muela-1152-x-300-px-6-300x78.png 300w, https:\/\/wp.catedu.es\/conexionvaldejalon\/wp-content\/uploads\/sites\/258\/2024\/06\/banner-valdejalon-la-muela-1152-x-300-px-6-768x200.png 768w, https:\/\/wp.catedu.es\/conexionvaldejalon\/wp-content\/uploads\/sites\/258\/2024\/06\/banner-valdejalon-la-muela-1152-x-300-px-6.png 1152w\" sizes=\"auto, (max-width: 1024px) 100vw, 1024px\" \/><div class=\"wp-block-cover__inner-container is-layout-flow wp-block-cover-is-layout-flow\">\n<p class=\"has-text-align-center has-large-font-size\"><\/p>\n<\/div><\/div>\n\n\n\n<div style=\"height:47px\" aria-hidden=\"true\" class=\"wp-block-spacer\"><\/div>\n\n\n\n<p>En la comarca de Valdejal\u00f3n, los alumnos interesados en Ciencias Sociales tienen acceso a varios ciclos formativos de grado medio y superior. Aqu\u00ed tienes una lista de algunos de los ciclos formativos disponibles en la regi\u00f3n:<\/p>\n\n\n<h4 class=\"wp-block-heading\"><span style=\"color: #99cc00\">Grado Medio en Valdejal\u00f3n<\/span><\/h4>\n\n\n<ol class=\"wp-block-list\" start=\"1\">\n<li><strong>Gesti\u00f3n Administrativa<\/strong>\n<ul class=\"wp-block-list\">\n<li><strong>Centro:<\/strong> IES La Almunia<\/li>\n\n\n\n<li><strong>Descripci\u00f3n:<\/strong> Este ciclo formativo capacita a los alumnos para realizar actividades de apoyo administrativo en el \u00e1mbito laboral, contable, comercial, financiero y fiscal.<\/li>\n<\/ul>\n<\/li>\n<\/ol>\n\n\n<h4 class=\"wp-block-heading\"><span style=\"color: #99cc00\">Grados Superiores en Valdejal\u00f3n<\/span><\/h4>\n\n\n<ol class=\"wp-block-list\" start=\"1\">\n<li><strong>Administraci\u00f3n y Finanzas<\/strong>\n<ul class=\"wp-block-list\">\n<li><strong>Centro:<\/strong> IES La Almunia<\/li>\n\n\n\n<li><strong>Descripci\u00f3n:<\/strong> Este ciclo formativo prepara a los estudiantes para organizar y realizar la gesti\u00f3n y administraci\u00f3n en las operaciones econ\u00f3micas y financieras de una empresa p\u00fablica o privada.<\/li>\n<\/ul>\n<\/li>\n\n\n\n<li><strong>Asistencia a la Direcci\u00f3n<\/strong>\n<ul class=\"wp-block-list\">\n<li><strong>Centro:<\/strong> IES La Almunia<\/li>\n\n\n\n<li><strong>Descripci\u00f3n:<\/strong> Los alumnos aprender\u00e1n a asistir a la direcci\u00f3n y otros departamentos en sus actividades administrativas y documentales, gestionar la informaci\u00f3n y aplicar pol\u00edticas de comunicaci\u00f3n interna y externa.<\/li>\n<\/ul>\n<\/li>\n\n\n\n<li><strong>Educaci\u00f3n Infantil<\/strong>\n<ul class=\"wp-block-list\">\n<li><strong>Centro:<\/strong> IES La Almunia<\/li>\n\n\n\n<li><strong>Descripci\u00f3n:<\/strong> Este ciclo formativo capacita a los alumnos para dise\u00f1ar, implementar y evaluar proyectos y programas educativos de atenci\u00f3n a la infancia en el primer ciclo de educaci\u00f3n infantil.<\/li>\n<\/ul>\n<\/li>\n\n\n\n<li><strong>Integraci\u00f3n Social<\/strong>\n<ul class=\"wp-block-list\">\n<li><strong>Centro:<\/strong> IES La Almunia<\/li>\n\n\n\n<li><strong>Descripci\u00f3n:<\/strong> Los estudiantes adquieren las competencias necesarias para programar, organizar, implementar y evaluar intervenciones de integraci\u00f3n social.<\/li>\n<\/ul>\n<\/li>\n<\/ol>\n\n\n<div class=\"wp-block-group alignfull has-background-color\" style=\"margin-top:0;margin-bottom:0;padding-top:var(--wp--preset--spacing--40);padding-right:var(--wp--preset--spacing--30);padding-bottom:var(--wp--preset--spacing--40);padding-left:var(--wp--preset--spacing--30)\"><div class=\"wp-block-group__inner-container is-layout-constrained wp-container-core-group-is-layout-91a691eb wp-block-group-is-layout-constrained\">\n<div style=\"height:43px\" aria-hidden=\"true\" class=\"wp-block-spacer\"><\/div>\n\n\n\n<div class=\"wp-block-group alignwide is-content-justification-space-between is-layout-flex wp-container-core-group-is-layout-256aec57 wp-block-group-is-layout-flex\">\n<div class=\"wp-block-group is-layout-flex wp-block-group-is-layout-flex\"><p class=\"wp-block-site-title has-small-font-size\"><a href=\"https:\/\/wp.catedu.es\/conexionvaldejalon\" target=\"_self\" rel=\"home\">Conexi\u00f3n Valdejal\u00f3n<\/a><\/p><\/div>\n\n\n\n<p class=\"has-small-font-size\">Impulsado\u00a0<a href=\"http:\/\/ieslamuela.catedu.es\/\">I.E.S La Muela<\/a><\/p>\n<\/div>\n<\/div><\/div>\n","protected":false},"excerpt":{"rendered":"<p>En la comarca de Valdejal\u00f3n, los alumnos interesados en Ciencias Sociales tienen acceso a varios ciclos formativos de grado medio y superior. Aqu\u00ed tienes una lista de algunos de los ciclos formativos disponibles en la regi\u00f3n: Grado Medio en Valdejal\u00f3n Grados Superiores en Valdejal\u00f3n Impulsado\u00a0I.E.S La Muela<\/p>\n","protected":false},"author":433,"featured_media":0,"parent":0,"menu_order":0,"comment_status":"closed","ping_status":"closed","template":"","meta":{"neve_meta_sidebar":"","neve_meta_container":"","neve_meta_enable_content_width":"","neve_meta_content_width":0,"neve_meta_title_alignment":"","neve_meta_author_avatar":"","neve_post_elements_order":"","neve_meta_disable_header":"","neve_meta_disable_footer":"","neve_meta_disable_title":"","footnotes":""},"class_list":["post-25","page","type-page","status-publish","hentry"],"_links":{"self":[{"href":"https:\/\/wp.catedu.es\/conexionvaldejalon\/wp-json\/wp\/v2\/pages\/25","targetHints":{"allow":["GET"]}}],"collection":[{"href":"https:\/\/wp.catedu.es\/conexionvaldejalon\/wp-json\/wp\/v2\/pages"}],"about":[{"href":"https:\/\/wp.catedu.es\/conexionvaldejalon\/wp-json\/wp\/v2\/types\/page"}],"author":[{"embeddable":true,"href":"https:\/\/wp.catedu.es\/conexionvaldejalon\/wp-json\/wp\/v2\/users\/433"}],"replies":[{"embeddable":true,"href":"https:\/\/wp.catedu.es\/conexionvaldejalon\/wp-json\/wp\/v2\/comments?post=25"}],"version-history":[{"count":5,"href":"https:\/\/wp.catedu.es\/conexionvaldejalon\/wp-json\/wp\/v2\/pages\/25\/revisions"}],"predecessor-version":[{"id":276,"href":"https:\/\/wp.catedu.es\/conexionvaldejalon\/wp-json\/wp\/v2\/pages\/25\/revisions\/276"}],"wp:attachment":[{"href":"https:\/\/wp.catedu.es\/conexionvaldejalon\/wp-json\/wp\/v2\/media?parent=25"}],"curies":[{"name":"wp","href":"https:\/\/api.w.org\/{rel}","templated":true}]}}