{"id":2168,"date":"2019-03-01T10:47:42","date_gmt":"2019-03-01T09:47:42","guid":{"rendered":"http:\/\/wp.catedu.es\/convivencia\/?page_id=2168"},"modified":"2020-01-08T14:03:01","modified_gmt":"2020-01-08T13:03:01","slug":"libro-ensenando-con-lapiz-y-corazon","status":"publish","type":"page","link":"https:\/\/wp.catedu.es\/convivencia\/libro-ensenando-con-lapiz-y-corazon\/","title":{"rendered":"Libro Ense\u00f1ando con L\u00e1piz y Coraz\u00f3n"},"content":{"rendered":"\r\n<p style=\"text-align: center\">Este trabajo es el resultado de la gran labor llevada a cabo por muchos docentes de la provincia de Teruel que trabajan cada d\u00eda las competencias personales, sociales y c\u00edvicas, y especialmente a los claustros de los colegios participantes en este proyecto.<\/p>\r\n\r\n\r\n\r\n<p style=\"text-align: center\">El producto final ha sido este Proyecto de Educaci\u00f3n Emocional que lleva el bonito t\u00edtulo de\u00a0<strong><em><a href=\"http:\/\/wp.catedu.es\/convivencia\/libro-ensenando-con-lapiz-y-corazon\/\">Ense\u00f1ando con l\u00e1piz y coraz\u00f3n<\/a><\/em><\/strong>. Estructurado alrededor de cuatro pilares b\u00e1sicos: \u201cMe conozco y me cuido\u201d, \u201cLas emociones\u201d, \u201cMe relaciono y me expreso\u201d y \u201cPienso, me cuestiono y me organizo\u201d. En cada uno de ellos se introduce un exhaustivo banco de actividades con el que las ni\u00f1as y los ni\u00f1os de la etapa de Educaci\u00f3n Infantil, en el marco del desarrollo de su autonom\u00eda personal, puedan identificar de forma gradual sus propios sentimientos, emociones y necesidades y comunicarlos a los dem\u00e1s, as\u00ed como identificar y respetar los sentimientos, emociones y necesidades de los dem\u00e1s.<\/p>\r\n\r\n\r\n\r\n<p style=\"text-align: center\">Mediante un enfoque globalizado e integrado en las rutinas establecidas en Educaci\u00f3n Infantil, las actividades propuestas pueden integrarse en las situaciones y secuencias de aprendizaje relacionadas con el conocimiento de s\u00ed mismo y autonom\u00eda personal.<\/p>\r\n<hr \/>\r\n<p>&nbsp;<\/p>\r\n<p style=\"text-align: center\"><a href=\"https:\/\/drive.google.com\/file\/d\/1OnuJIejUx6hhuBZbqTApW8fPmTWmxQq_\/view\"><img loading=\"lazy\" decoding=\"async\" class=\"aligncenter wp-image-2172\" src=\"http:\/\/wp.catedu.es\/convivencia\/wp-content\/uploads\/sites\/64\/2019\/03\/lapcor.jpg\" alt=\"\" width=\"415\" height=\"605\" srcset=\"https:\/\/wp.catedu.es\/convivencia\/wp-content\/uploads\/sites\/64\/2019\/03\/lapcor.jpg 415w, https:\/\/wp.catedu.es\/convivencia\/wp-content\/uploads\/sites\/64\/2019\/03\/lapcor-206x300.jpg 206w\" sizes=\"auto, (max-width: 415px) 100vw, 415px\" \/><\/a><\/p>\r\n<p style=\"text-align: center\"><a href=\"https:\/\/drive.google.com\/file\/d\/1OnuJIejUx6hhuBZbqTApW8fPmTWmxQq_\/view?usp=sharing\" target=\"_blank\" rel=\"noopener noreferrer\">DESCARGA<\/a><\/p>\r\n\r\n\r\n\r\n<div class=\"wp-block-image\">\r\n<figure class=\"aligncenter\"><hr \/><\/figure>\r\n<\/div>\r\n\r\n\r\n\r\n<p style=\"text-align: center\"><a href=\"https:\/\/es.calameo.com\/read\/00593859112bb53ddaf0f\" target=\"_blank\" rel=\"noopener noreferrer\">VER ONLINE<\/a><\/p>\r\n<p><img loading=\"lazy\" decoding=\"async\" class=\"wp-image-2607 aligncenter\" src=\"http:\/\/wp.catedu.es\/convivencia\/wp-content\/uploads\/sites\/64\/2020\/01\/67326089-dise\u00f1o-de-patr\u00f3n-logo-internet-ilustraci\u00f3n-de-vector-de-icono-300x300.jpg\" alt=\"\" width=\"127\" height=\"127\" srcset=\"https:\/\/wp.catedu.es\/convivencia\/wp-content\/uploads\/sites\/64\/2020\/01\/67326089-dise\u00f1o-de-patr\u00f3n-logo-internet-ilustraci\u00f3n-de-vector-de-icono-300x300.jpg 300w, https:\/\/wp.catedu.es\/convivencia\/wp-content\/uploads\/sites\/64\/2020\/01\/67326089-dise\u00f1o-de-patr\u00f3n-logo-internet-ilustraci\u00f3n-de-vector-de-icono-1024x1024.jpg 1024w, https:\/\/wp.catedu.es\/convivencia\/wp-content\/uploads\/sites\/64\/2020\/01\/67326089-dise\u00f1o-de-patr\u00f3n-logo-internet-ilustraci\u00f3n-de-vector-de-icono-150x150.jpg 150w, https:\/\/wp.catedu.es\/convivencia\/wp-content\/uploads\/sites\/64\/2020\/01\/67326089-dise\u00f1o-de-patr\u00f3n-logo-internet-ilustraci\u00f3n-de-vector-de-icono-768x768.jpg 768w, https:\/\/wp.catedu.es\/convivencia\/wp-content\/uploads\/sites\/64\/2020\/01\/67326089-dise\u00f1o-de-patr\u00f3n-logo-internet-ilustraci\u00f3n-de-vector-de-icono.jpg 1300w\" sizes=\"auto, (max-width: 127px) 100vw, 127px\" \/><\/p>\r\n<p>&nbsp;<\/p>\r\n\r\n<p>&nbsp;<\/p>","protected":false},"excerpt":{"rendered":"<p>Este trabajo es el resultado de la gran labor llevada a cabo por muchos docentes de la provincia de Teruel que trabajan cada d\u00eda las competencias personales, sociales y c\u00edvicas, y especialmente a los claustros de los colegios participantes en este proyecto. El producto final ha sido este Proyecto de Educaci\u00f3n Emocional que lleva el &hellip; <\/p>\n<p><a class=\"more-link btn\" href=\"https:\/\/wp.catedu.es\/convivencia\/libro-ensenando-con-lapiz-y-corazon\/\">Seguir leyendo<\/a><\/p>\n","protected":false},"author":120,"featured_media":0,"parent":0,"menu_order":0,"comment_status":"closed","ping_status":"closed","template":"","meta":{"footnotes":""},"class_list":["post-2168","page","type-page","status-publish","hentry","nodate","item-wrap"],"_links":{"self":[{"href":"https:\/\/wp.catedu.es\/convivencia\/wp-json\/wp\/v2\/pages\/2168","targetHints":{"allow":["GET"]}}],"collection":[{"href":"https:\/\/wp.catedu.es\/convivencia\/wp-json\/wp\/v2\/pages"}],"about":[{"href":"https:\/\/wp.catedu.es\/convivencia\/wp-json\/wp\/v2\/types\/page"}],"author":[{"embeddable":true,"href":"https:\/\/wp.catedu.es\/convivencia\/wp-json\/wp\/v2\/users\/120"}],"replies":[{"embeddable":true,"href":"https:\/\/wp.catedu.es\/convivencia\/wp-json\/wp\/v2\/comments?post=2168"}],"version-history":[{"count":26,"href":"https:\/\/wp.catedu.es\/convivencia\/wp-json\/wp\/v2\/pages\/2168\/revisions"}],"predecessor-version":[{"id":2618,"href":"https:\/\/wp.catedu.es\/convivencia\/wp-json\/wp\/v2\/pages\/2168\/revisions\/2618"}],"wp:attachment":[{"href":"https:\/\/wp.catedu.es\/convivencia\/wp-json\/wp\/v2\/media?parent=2168"}],"curies":[{"name":"wp","href":"https:\/\/api.w.org\/{rel}","templated":true}]}}