{"id":2794,"date":"2020-10-09T12:53:35","date_gmt":"2020-10-09T11:53:35","guid":{"rendered":"http:\/\/wp.catedu.es\/convivencia\/?page_id=2794"},"modified":"2020-10-09T12:53:35","modified_gmt":"2020-10-09T11:53:35","slug":"libro-aprendiendo-con-lapiz-y-corazon","status":"publish","type":"page","link":"https:\/\/wp.catedu.es\/convivencia\/libro-aprendiendo-con-lapiz-y-corazon\/","title":{"rendered":"Libro Aprendiendo con L\u00e1piz y Coraz\u00f3n"},"content":{"rendered":"<p style=\"text-align: center\">En el mes de diciembre de 2019 se present\u00f3 este excelente material did\u00e1ctico, elaborado por docentes de centros educativos de la provincia. Fue la continuaci\u00f3n de un proyecto iniciado cursos atr\u00e1s en esta provincia.<\/p>\n<p style=\"text-align: center\"><img loading=\"lazy\" decoding=\"async\" class=\"alignnone size-full wp-image-2587\" src=\"http:\/\/wp.catedu.es\/convivencia\/wp-content\/uploads\/sites\/64\/2019\/12\/Presentacion_aprendiendo_lapiz_corazon-300x225.jpg\" alt=\"\" width=\"300\" height=\"225\" \/><\/p>\n<p>&nbsp;<\/p>\n<p style=\"text-align: center\">Os dejamos <a href=\"http:\/\/wp.catedu.es\/inspeccioneducacionteruel\/aprendiendo-con-lapiz-y-corazon\/\">el art\u00edculo que ha realizado Inspecci\u00f3n de Educaci\u00f3n de Teruel<\/a>, donde resume muy bien todo lo vivido y el trabajo realizado hasta el momento.<\/p>\n<p><a href=\"https:\/\/drive.google.com\/file\/d\/1ofQkqw2sj3q7ctCH1iPgM3IuBQHVKp60\/view\"><img loading=\"lazy\" decoding=\"async\" class=\"aligncenter wp-image-2605 size-medium\" src=\"http:\/\/wp.catedu.es\/convivencia\/wp-content\/uploads\/sites\/64\/2020\/01\/alc-212x300.png\" alt=\"\" width=\"212\" height=\"300\" srcset=\"https:\/\/wp.catedu.es\/convivencia\/wp-content\/uploads\/sites\/64\/2020\/01\/alc-212x300.png 212w, https:\/\/wp.catedu.es\/convivencia\/wp-content\/uploads\/sites\/64\/2020\/01\/alc.png 447w\" sizes=\"auto, (max-width: 212px) 100vw, 212px\" \/><\/a><\/p>\n<p style=\"text-align: center\">Link de descarga del libro.<\/p>\n<p>&nbsp;<\/p>\n<p>&nbsp;<\/p>\n","protected":false},"excerpt":{"rendered":"<p>En el mes de diciembre de 2019 se present\u00f3 este excelente material did\u00e1ctico, elaborado por docentes de centros educativos de la provincia. Fue la continuaci\u00f3n de un proyecto iniciado cursos atr\u00e1s en esta provincia. &nbsp; Os dejamos el art\u00edculo que ha realizado Inspecci\u00f3n de Educaci\u00f3n de Teruel, donde resume muy bien todo lo vivido y &hellip; <\/p>\n<p><a class=\"more-link btn\" href=\"https:\/\/wp.catedu.es\/convivencia\/libro-aprendiendo-con-lapiz-y-corazon\/\">Seguir leyendo<\/a><\/p>\n","protected":false},"author":120,"featured_media":0,"parent":0,"menu_order":0,"comment_status":"closed","ping_status":"closed","template":"","meta":{"footnotes":""},"class_list":["post-2794","page","type-page","status-publish","hentry","nodate","item-wrap"],"_links":{"self":[{"href":"https:\/\/wp.catedu.es\/convivencia\/wp-json\/wp\/v2\/pages\/2794","targetHints":{"allow":["GET"]}}],"collection":[{"href":"https:\/\/wp.catedu.es\/convivencia\/wp-json\/wp\/v2\/pages"}],"about":[{"href":"https:\/\/wp.catedu.es\/convivencia\/wp-json\/wp\/v2\/types\/page"}],"author":[{"embeddable":true,"href":"https:\/\/wp.catedu.es\/convivencia\/wp-json\/wp\/v2\/users\/120"}],"replies":[{"embeddable":true,"href":"https:\/\/wp.catedu.es\/convivencia\/wp-json\/wp\/v2\/comments?post=2794"}],"version-history":[{"count":1,"href":"https:\/\/wp.catedu.es\/convivencia\/wp-json\/wp\/v2\/pages\/2794\/revisions"}],"predecessor-version":[{"id":2795,"href":"https:\/\/wp.catedu.es\/convivencia\/wp-json\/wp\/v2\/pages\/2794\/revisions\/2795"}],"wp:attachment":[{"href":"https:\/\/wp.catedu.es\/convivencia\/wp-json\/wp\/v2\/media?parent=2794"}],"curies":[{"name":"wp","href":"https:\/\/api.w.org\/{rel}","templated":true}]}}