{"id":2797,"date":"2020-10-09T12:59:30","date_gmt":"2020-10-09T11:59:30","guid":{"rendered":"http:\/\/wp.catedu.es\/convivencia\/?page_id=2797"},"modified":"2020-10-09T12:59:30","modified_gmt":"2020-10-09T11:59:30","slug":"ods-2030","status":"publish","type":"page","link":"https:\/\/wp.catedu.es\/convivencia\/ods-2030\/","title":{"rendered":"ODS 2030"},"content":{"rendered":"<h1 style=\"text-align: center\">17 objetivos para transformar nuestro mundo<\/h1>\n<p style=\"text-align: center\">En 2015, la ONU aprob\u00f3 la\u00a0<a href=\"http:\/\/www.un.org\/sustainabledevelopment\/es\/la-agenda-de-desarrollo-sostenible\/\" target=\"_blank\" rel=\"noopener noreferrer\">Agenda 2030 sobre el Desarrollo Sostenible<\/a>, una oportunidad para que los pa\u00edses y sus sociedades emprendan un nuevo camino con el que mejorar la vida de todos, sin dejar a nadie atr\u00e1s. La Agenda cuenta con\u00a0<a href=\"http:\/\/www.un.org\/sustainabledevelopment\/es\/objetivos-de-desarrollo-sostenible\/\" target=\"_blank\" rel=\"noopener noreferrer\">17 Objetivos de Desarrollo Sostenible,<\/a>\u00a0que incluyen desde la eliminaci\u00f3n de la pobreza hasta el combate al cambio clim\u00e1tico, la educaci\u00f3n, la igualdad de la mujer, la defensa del medio ambiente o el dise\u00f1o de nuestras ciudades.<\/p>\n<p>Te invitamos a que entres en la web de la ONU y en el apartado Materiales para Estudiantes tienes amplias ideas para trabajar en tus clases.<\/p>\n<p><a href=\"https:\/\/www.un.org\/sustainabledevelopment\/es\/\"><img loading=\"lazy\" decoding=\"async\" class=\"wp-image-2491 size-full aligncenter\" src=\"http:\/\/wp.catedu.es\/convivencia\/wp-content\/uploads\/sites\/64\/2019\/11\/ES_SDG-Logos-2019_web-masthead_SDG_logo_with_UN_emblem_horizontal_RGB_mod3.png\" alt=\"\" width=\"750\" height=\"63\" srcset=\"https:\/\/wp.catedu.es\/convivencia\/wp-content\/uploads\/sites\/64\/2019\/11\/ES_SDG-Logos-2019_web-masthead_SDG_logo_with_UN_emblem_horizontal_RGB_mod3.png 750w, https:\/\/wp.catedu.es\/convivencia\/wp-content\/uploads\/sites\/64\/2019\/11\/ES_SDG-Logos-2019_web-masthead_SDG_logo_with_UN_emblem_horizontal_RGB_mod3-300x25.png 300w\" sizes=\"auto, (max-width: 750px) 100vw, 750px\" \/><\/a><\/p>\n<p>&nbsp;<\/p>\n<p style=\"text-align: center\">Recomendamos:<\/p>\n<table>\n<tbody>\n<tr>\n<td style=\"width: 411.111px\"><a href=\"https:\/\/www.allaboardforglobalgoals.com\/es-la\" target=\"_blank\" rel=\"noopener noreferrer\"><img loading=\"lazy\" decoding=\"async\" class=\"aligncenter wp-image-2494 size-full\" src=\"http:\/\/wp.catedu.es\/convivencia\/wp-content\/uploads\/sites\/64\/2019\/11\/Thomas-the-Tank-Engine_150-300x300.jpg\" alt=\"\" width=\"300\" height=\"300\" srcset=\"https:\/\/wp.catedu.es\/convivencia\/wp-content\/uploads\/sites\/64\/2019\/11\/Thomas-the-Tank-Engine_150-300x300.jpg 300w, https:\/\/wp.catedu.es\/convivencia\/wp-content\/uploads\/sites\/64\/2019\/11\/Thomas-the-Tank-Engine_150-300x300-150x150.jpg 150w\" sizes=\"auto, (max-width: 300px) 100vw, 300px\" \/><\/a><\/p>\n<p style=\"text-align: center\">V\u00eddeos<\/p>\n<\/td>\n<td style=\"width: 337.778px\"><a href=\"https:\/\/www.un.org\/sustainabledevelopment\/es\/2018\/12\/frieda-el-mensaje-universal-de-los-objetivos-de-desarrollo-sostenible\/\" target=\"_blank\" rel=\"noopener noreferrer\"><img loading=\"lazy\" decoding=\"async\" class=\"aligncenter wp-image-2492 size-full\" src=\"http:\/\/wp.catedu.es\/convivencia\/wp-content\/uploads\/sites\/64\/2019\/11\/Frieda-cover-300x300.jpg\" alt=\"\" width=\"300\" height=\"300\" srcset=\"https:\/\/wp.catedu.es\/convivencia\/wp-content\/uploads\/sites\/64\/2019\/11\/Frieda-cover-300x300.jpg 300w, https:\/\/wp.catedu.es\/convivencia\/wp-content\/uploads\/sites\/64\/2019\/11\/Frieda-cover-300x300-150x150.jpg 150w\" sizes=\"auto, (max-width: 300px) 100vw, 300px\" \/><\/a><\/p>\n<p style=\"text-align: center\">Cuento<\/p>\n<\/td>\n<\/tr>\n<tr>\n<td style=\"width: 411.111px\"><a href=\"https:\/\/www.un.org\/sustainabledevelopment\/es\/wp-content\/uploads\/sites\/3\/2018\/08\/170Actions-web_Sp.pdf\"><img loading=\"lazy\" decoding=\"async\" class=\"aligncenter wp-image-2490 size-full\" src=\"http:\/\/wp.catedu.es\/convivencia\/wp-content\/uploads\/sites\/64\/2019\/11\/170-Actions-300x300.jpg\" alt=\"\" width=\"300\" height=\"300\" srcset=\"https:\/\/wp.catedu.es\/convivencia\/wp-content\/uploads\/sites\/64\/2019\/11\/170-Actions-300x300.jpg 300w, https:\/\/wp.catedu.es\/convivencia\/wp-content\/uploads\/sites\/64\/2019\/11\/170-Actions-300x300-150x150.jpg 150w\" sizes=\"auto, (max-width: 300px) 100vw, 300px\" \/><\/a><\/p>\n<p style=\"text-align: center\">170 Acciones diarias y concretas que podemos hacer para transformar el mundo<\/p>\n<\/td>\n<td style=\"width: 337.778px\"><a href=\"https:\/\/go-goals.org\/downloadable-material\/\" target=\"_blank\" rel=\"noopener noreferrer\"><img loading=\"lazy\" decoding=\"async\" class=\"wp-image-2493 size-full aligncenter\" src=\"http:\/\/wp.catedu.es\/convivencia\/wp-content\/uploads\/sites\/64\/2019\/11\/GoGoals-300x300.jpg\" alt=\"\" width=\"300\" height=\"300\" srcset=\"https:\/\/wp.catedu.es\/convivencia\/wp-content\/uploads\/sites\/64\/2019\/11\/GoGoals-300x300.jpg 300w, https:\/\/wp.catedu.es\/convivencia\/wp-content\/uploads\/sites\/64\/2019\/11\/GoGoals-300x300-150x150.jpg 150w\" sizes=\"auto, (max-width: 300px) 100vw, 300px\" \/><\/a><\/p>\n<p style=\"text-align: center\">Juego de Mesa<\/p>\n<p style=\"text-align: center\"><a href=\"https:\/\/view.genial.ly\/5ddbaaa151a61a0f71da90a7\/game-juego-ods\">Tablero para jugar y Proyectar<\/a><\/p>\n<\/td>\n<\/tr>\n<\/tbody>\n<\/table>\n<h1 style=\"text-align: center\">FICHAS DID\u00c1CTICAS<\/h1>\n<p><a href=\"http:\/\/odsextremadura.es\/fichas-didacticas\/\" target=\"_blank\" rel=\"noopener noreferrer\"><img loading=\"lazy\" decoding=\"async\" class=\"aligncenter wp-image-2626 size-large\" src=\"http:\/\/wp.catedu.es\/convivencia\/wp-content\/uploads\/sites\/64\/2019\/11\/ODSFICHAS-1024x445.jpg\" alt=\"\" width=\"881\" height=\"383\" srcset=\"https:\/\/wp.catedu.es\/convivencia\/wp-content\/uploads\/sites\/64\/2019\/11\/ODSFICHAS-1024x445.jpg 1024w, https:\/\/wp.catedu.es\/convivencia\/wp-content\/uploads\/sites\/64\/2019\/11\/ODSFICHAS-300x130.jpg 300w, https:\/\/wp.catedu.es\/convivencia\/wp-content\/uploads\/sites\/64\/2019\/11\/ODSFICHAS-768x334.jpg 768w, https:\/\/wp.catedu.es\/convivencia\/wp-content\/uploads\/sites\/64\/2019\/11\/ODSFICHAS.jpg 1270w\" sizes=\"auto, (max-width: 881px) 100vw, 881px\" \/><\/a><\/p>\n<hr \/>\n<p>&nbsp;<\/p>\n<h1 style=\"text-align: center\"><a href=\"https:\/\/view.genial.ly\/5dc5c655a502df0f78a8c87d\/presentation-ods-2030\">Presentaci\u00f3n con Recursos<br \/>\n<img loading=\"lazy\" decoding=\"async\" class=\"aligncenter wp-image-2525 size-full\" src=\"http:\/\/wp.catedu.es\/convivencia\/wp-content\/uploads\/sites\/64\/2019\/11\/ods-cp.jpg\" alt=\"\" width=\"814\" height=\"451\" srcset=\"https:\/\/wp.catedu.es\/convivencia\/wp-content\/uploads\/sites\/64\/2019\/11\/ods-cp.jpg 814w, https:\/\/wp.catedu.es\/convivencia\/wp-content\/uploads\/sites\/64\/2019\/11\/ods-cp-300x166.jpg 300w, https:\/\/wp.catedu.es\/convivencia\/wp-content\/uploads\/sites\/64\/2019\/11\/ods-cp-768x426.jpg 768w\" sizes=\"auto, (max-width: 814px) 100vw, 814px\" \/><\/a><\/h1>\n<hr \/>\n<h1 style=\"text-align: center\">Break Out para Conocer los ODS<\/h1>\n<p><a href=\"https:\/\/view.genial.ly\/5df392c6e82d5c0f6853150d\/game-ods-retos\" target=\"_blank\" rel=\"noopener noreferrer\"><img loading=\"lazy\" decoding=\"async\" class=\"aligncenter wp-image-2595\" src=\"http:\/\/wp.catedu.es\/convivencia\/wp-content\/uploads\/sites\/64\/2019\/11\/OBJETIVOS-4-1024x585.png\" alt=\"\" width=\"800\" height=\"457\" srcset=\"https:\/\/wp.catedu.es\/convivencia\/wp-content\/uploads\/sites\/64\/2019\/11\/OBJETIVOS-4-1024x585.png 1024w, https:\/\/wp.catedu.es\/convivencia\/wp-content\/uploads\/sites\/64\/2019\/11\/OBJETIVOS-4-300x171.png 300w, https:\/\/wp.catedu.es\/convivencia\/wp-content\/uploads\/sites\/64\/2019\/11\/OBJETIVOS-4-768x439.png 768w, https:\/\/wp.catedu.es\/convivencia\/wp-content\/uploads\/sites\/64\/2019\/11\/OBJETIVOS-4.png 1400w\" sizes=\"auto, (max-width: 800px) 100vw, 800px\" \/><\/a><\/p>\n<p>&nbsp;<\/p>\n","protected":false},"excerpt":{"rendered":"<p>17 objetivos para transformar nuestro mundo En 2015, la ONU aprob\u00f3 la\u00a0Agenda 2030 sobre el Desarrollo Sostenible, una oportunidad para que los pa\u00edses y sus sociedades emprendan un nuevo camino con el que mejorar la vida de todos, sin dejar a nadie atr\u00e1s. La Agenda cuenta con\u00a017 Objetivos de Desarrollo Sostenible,\u00a0que incluyen desde la eliminaci\u00f3n &hellip; <\/p>\n<p><a class=\"more-link btn\" href=\"https:\/\/wp.catedu.es\/convivencia\/ods-2030\/\">Seguir leyendo<\/a><\/p>\n","protected":false},"author":120,"featured_media":0,"parent":0,"menu_order":0,"comment_status":"closed","ping_status":"closed","template":"","meta":{"footnotes":""},"class_list":["post-2797","page","type-page","status-publish","hentry","nodate","item-wrap"],"_links":{"self":[{"href":"https:\/\/wp.catedu.es\/convivencia\/wp-json\/wp\/v2\/pages\/2797","targetHints":{"allow":["GET"]}}],"collection":[{"href":"https:\/\/wp.catedu.es\/convivencia\/wp-json\/wp\/v2\/pages"}],"about":[{"href":"https:\/\/wp.catedu.es\/convivencia\/wp-json\/wp\/v2\/types\/page"}],"author":[{"embeddable":true,"href":"https:\/\/wp.catedu.es\/convivencia\/wp-json\/wp\/v2\/users\/120"}],"replies":[{"embeddable":true,"href":"https:\/\/wp.catedu.es\/convivencia\/wp-json\/wp\/v2\/comments?post=2797"}],"version-history":[{"count":1,"href":"https:\/\/wp.catedu.es\/convivencia\/wp-json\/wp\/v2\/pages\/2797\/revisions"}],"predecessor-version":[{"id":2798,"href":"https:\/\/wp.catedu.es\/convivencia\/wp-json\/wp\/v2\/pages\/2797\/revisions\/2798"}],"wp:attachment":[{"href":"https:\/\/wp.catedu.es\/convivencia\/wp-json\/wp\/v2\/media?parent=2797"}],"curies":[{"name":"wp","href":"https:\/\/api.w.org\/{rel}","templated":true}]}}