{"id":772,"date":"2017-04-03T11:28:51","date_gmt":"2017-04-03T10:28:51","guid":{"rendered":"http:\/\/wp.catedu.es\/convivencia\/?page_id=772"},"modified":"2019-03-14T11:42:52","modified_gmt":"2019-03-14T10:42:52","slug":"guias","status":"publish","type":"page","link":"https:\/\/wp.catedu.es\/convivencia\/guias\/","title":{"rendered":"Familias"},"content":{"rendered":"\n<table id=\"tablepress-22\" class=\"tablepress tablepress-id-22\">\n<thead>\n<tr class=\"row-1\">\n\t<th class=\"column-1\">Descripci\u00f3n<\/th><th class=\"column-2\">Enlace\/Descarga<\/th>\n<\/tr>\n<\/thead>\n<tbody class=\"row-striping row-hover\">\n<tr class=\"row-2\">\n\t<td class=\"column-1\"><strong>Bullying , cyberbullying y dating violence<\/strong><\/td><td class=\"column-2\"><a href=\"http:\/\/wp.catedu.es\/convivencia\/wp-content\/uploads\/sites\/64\/2017\/04\/bullyng-andalucia.pdf\" target=\"_blank\">Link<\/a><\/td>\n<\/tr>\n<tr class=\"row-3\">\n\t<td class=\"column-1\"><strong> Bullying \u2013 Gu\u00eda Completa: C\u00f3mo prevenir el Acoso Escolar de tu hijo<br \/>\n<\/td><td class=\"column-2\"><a href=\"http:\/\/www.somosinteligenciaemocional.com\/bullying-guia-completa-como-prevenir-el-acoso-escolar\/\" target=\"_blank\">Link<\/a><\/td>\n<\/tr>\n<tr class=\"row-4\">\n\t<td class=\"column-1\"><strong>CEIP Juan Ram\u00f3n Alegre (Andorra) \u2013 Tr\u00edpticos Informativos para las familias. <\/strong><\/td><td class=\"column-2\"><a href=\"https:\/\/drive.google.com\/drive\/folders\/1WyZ0gdRJ1zyTgf4WJ7nSiKaIZzdIyzkN?usp=sharing\" target=\"_blank\">Link<\/a><\/td>\n<\/tr>\n<tr class=\"row-5\">\n\t<td class=\"column-1\"><strong>Gu\u00eda sobre adolescencia y sexting: qu\u00e9 es y c\u00f3mo prevenirlo.<\/strong><\/td><td class=\"column-2\"><a href=\"http:\/\/wp.catedu.es\/convivencia\/wp-content\/uploads\/sites\/64\/2017\/04\/guia-adolescentes-y-sexting-que-es-y-como-prevenirlo-INTECO-PANTALLASAMIGAS-1.pdf\" target=\"_blank\">Link<\/a><\/td>\n<\/tr>\n<tr class=\"row-6\">\n\t<td class=\"column-1\"><strong>Gu\u00eda para docentes y centros educativos para prevenir y evitar el Ciberacoso escolar en las principales Redes Sociales<\/strong><\/td><td class=\"column-2\"><a href=\"http:\/\/wp.catedu.es\/convivencia\/wp-content\/uploads\/sites\/64\/2017\/11\/Gcrs-1.pdf\" target=\"_blank\">Link<\/a><\/td>\n<\/tr>\n<tr class=\"row-7\">\n\t<td class=\"column-1\"><strong>Gu\u00edales en Internet.<br \/>\nAy\u00fadales a construir su futuro<\/strong><\/td><td class=\"column-2\"><a href=\"http:\/\/wp.catedu.es\/convivencia\/wp-content\/uploads\/sites\/64\/2017\/04\/guia-formadores.AEPD_.pdf\" target=\"_blank\">Link<\/a><\/td>\n<\/tr>\n<tr class=\"row-8\">\n\t<td class=\"column-1\"><strong>Recomendaciones para la protecci\u00f3n de la privacidad de los adolescentes en las redes sociales<\/strong><\/td><td class=\"column-2\"><a href=\"http:\/\/wp.catedu.es\/convivencia\/wp-content\/uploads\/sites\/64\/2017\/04\/pantallasamigas-seis-recomendaciones-para-la-proteccion-de-la-privacidad-de-los-adolescentes-en-las-redes-sociales.pdf\" target=\"_blank\">Link<\/a><\/td>\n<\/tr>\n<tr class=\"row-9\">\n\t<td class=\"column-1\"><strong>Privacidad y seguridad en Internet<\/strong><\/td><td class=\"column-2\"><a href=\"http:\/\/wp.catedu.es\/convivencia\/wp-content\/uploads\/sites\/64\/2017\/04\/Privacidad_y_Seguridad_en_Internet-1.pdf\" target=\"_blank\">Link<\/a><\/td>\n<\/tr>\n<tr class=\"row-10\">\n\t<td class=\"column-1\"><strong><strong>The Cubby House Project<\/strong>- un instrumento formativo para explicar a los ni\u00f1os\/as el contenido de la DECLARACI\u00d3N UNIVERSAL DE LOS DERECHOS HUMANOS y la CONVENCI\u00d3N SOBRE LOS DERECHOS DEL NI\u00d1O de NACIONES UNIDAS.<\/strong><\/td><td class=\"column-2\"><a href=\"http:\/\/www.thecubbyhouseproject.com\/\" target=\"_blank\">Link<\/a><\/td>\n<\/tr>\n<\/tbody>\n<\/table>\n<!-- #tablepress-22 from cache -->\n","protected":false},"excerpt":{"rendered":"","protected":false},"author":120,"featured_media":0,"parent":0,"menu_order":0,"comment_status":"closed","ping_status":"closed","template":"","meta":{"footnotes":""},"class_list":["post-772","page","type-page","status-publish","hentry","nodate","item-wrap"],"_links":{"self":[{"href":"https:\/\/wp.catedu.es\/convivencia\/wp-json\/wp\/v2\/pages\/772","targetHints":{"allow":["GET"]}}],"collection":[{"href":"https:\/\/wp.catedu.es\/convivencia\/wp-json\/wp\/v2\/pages"}],"about":[{"href":"https:\/\/wp.catedu.es\/convivencia\/wp-json\/wp\/v2\/types\/page"}],"author":[{"embeddable":true,"href":"https:\/\/wp.catedu.es\/convivencia\/wp-json\/wp\/v2\/users\/120"}],"replies":[{"embeddable":true,"href":"https:\/\/wp.catedu.es\/convivencia\/wp-json\/wp\/v2\/comments?post=772"}],"version-history":[{"count":6,"href":"https:\/\/wp.catedu.es\/convivencia\/wp-json\/wp\/v2\/pages\/772\/revisions"}],"predecessor-version":[{"id":2231,"href":"https:\/\/wp.catedu.es\/convivencia\/wp-json\/wp\/v2\/pages\/772\/revisions\/2231"}],"wp:attachment":[{"href":"https:\/\/wp.catedu.es\/convivencia\/wp-json\/wp\/v2\/media?parent=772"}],"curies":[{"name":"wp","href":"https:\/\/api.w.org\/{rel}","templated":true}]}}