{"id":131,"date":"2023-03-21T15:31:46","date_gmt":"2023-03-21T14:31:46","guid":{"rendered":"https:\/\/wp.catedu.es\/cpjuandelanuza\/?page_id=131"},"modified":"2025-01-25T08:18:28","modified_gmt":"2025-01-25T07:18:28","slug":"sobre-el-proyecto","status":"publish","type":"page","link":"https:\/\/wp.catedu.es\/cpjuandelanuza\/sobre-el-proyecto\/","title":{"rendered":"Sobre el proyecto"},"content":{"rendered":"<p>El proyecto Historia Lanuza comenz\u00f3 con una serie de publicaciones en <a href=\"https:\/\/www.instagram.com\/explore\/tags\/historialanuza\/\">Instagram<\/a> sobre la arquitectura e historia del edificio.<\/p>\n<p>Se dataron algunas fotos que se encontraban en el Centro de Profesorado y se \u00a0recopil\u00f3 informaci\u00f3n de distintas fuentes en internet (boletines oficiales del Estado y de Zaragoza, <a href=\"https:\/\/letrasdesdemocade.com\">blog de Carmen Romeo.<\/a>..), se visit\u00f3 el Archivo Municipal de Zaragoza (de donde proceden las im\u00e1genes de los planos originales del edificio), el Archivo de Urbanismo de Zaragoza (de donde proceden las im\u00e1genes de los planos de la rehabilitaci\u00f3n y reforma del edificio) y se consult\u00f3 la hemeroteca municipal y la de la Biblioteca Nacional de Espa\u00f1a.<\/p>\n<p>Parte de la informaci\u00f3n se imprimi\u00f3 en formato fanzine (dos tiradas de 30 ejemplares cada una, doblados y cortados a mano) y una tirada de 30 chapas con im\u00e1genes actuales e hist\u00f3ricas del edificio que se pusieron a disposici\u00f3n de los visitantes del Centro de Profesorado durante la primavera de 2023.<\/p>\n<figure id=\"attachment_133\" aria-describedby=\"caption-attachment-133\" style=\"width: 560px\" class=\"wp-caption aligncenter\"><img loading=\"lazy\" decoding=\"async\" class=\"wp-image-133 size-large\" src=\"https:\/\/wp.catedu.es\/cpjuandelanuza\/wp-content\/uploads\/sites\/245\/2023\/03\/Screenshot-2023-03-21-at-15.21.40-1024x755.png\" alt=\"\" width=\"560\" height=\"413\" srcset=\"https:\/\/wp.catedu.es\/cpjuandelanuza\/wp-content\/uploads\/sites\/245\/2023\/03\/Screenshot-2023-03-21-at-15.21.40-1024x755.png 1024w, https:\/\/wp.catedu.es\/cpjuandelanuza\/wp-content\/uploads\/sites\/245\/2023\/03\/Screenshot-2023-03-21-at-15.21.40-300x221.png 300w, https:\/\/wp.catedu.es\/cpjuandelanuza\/wp-content\/uploads\/sites\/245\/2023\/03\/Screenshot-2023-03-21-at-15.21.40-768x566.png 768w, https:\/\/wp.catedu.es\/cpjuandelanuza\/wp-content\/uploads\/sites\/245\/2023\/03\/Screenshot-2023-03-21-at-15.21.40-1536x1133.png 1536w, https:\/\/wp.catedu.es\/cpjuandelanuza\/wp-content\/uploads\/sites\/245\/2023\/03\/Screenshot-2023-03-21-at-15.21.40.png 1828w\" sizes=\"auto, (max-width: 560px) 100vw, 560px\" \/><figcaption id=\"caption-attachment-133\" class=\"wp-caption-text\">Fanzines y chapas<\/figcaption><\/figure>\n<p>Finalmente, se cre\u00f3 este espacio en WordPress y se dise\u00f1\u00f3 la carteler\u00eda para los espacios con c\u00f3digos QR que enlazan a este sitio<a href=\"https:\/\/wp.catedu.es\/cpjuandelanuza\/master-qr\/\" target=\"_blank\" rel=\"noopener\">.<\/a><\/p>\n<h4>Agradecimientos<\/h4>\n<p>A la Direcci\u00f3n, asesor\u00edas, mentor\u00edas y resto del personal del CP Juan de Lanuza por animarme y aguantarme (gracias a Rosa, conserje jubilada y enciclopedia del Centro de Profesorado) \ud83d\ude42<\/p>\n<p>A mi padre y a mi t\u00edo abuelo, ex alumnos del Colegio P\u00fablico Mar\u00eda D\u00edaz Lizardi.<\/p>\n<p>Al personal del archivo municipal y del archivo de Urbanismo (\u00a1gracias, Carlos!) por su amabilidad y profesionalidad, as\u00ed como al personal del Colegio Notarial de Arag\u00f3n, nuestros vecinos de enfrente.<\/p>\n<p>A Catedu, especialmente a Berta e Isabel, por el soporte WordPress.<\/p>\n<p>Paola Garc\u00eda<\/p>\n<p>2023-2025<\/p>\n<p>@paolagarab<\/p>\n","protected":false},"excerpt":{"rendered":"<p>El proyecto Historia Lanuza comenz\u00f3 con una serie de publicaciones en Instagram sobre la arquitectura e historia del edificio. Se dataron algunas fotos que se encontraban en el Centro de Profesorado y se \u00a0recopil\u00f3 informaci\u00f3n de distintas fuentes en internet<\/p>\n","protected":false},"author":416,"featured_media":0,"parent":0,"menu_order":0,"comment_status":"closed","ping_status":"closed","template":"","meta":{"footnotes":""},"class_list":["post-131","page","type-page","status-publish","hentry"],"_links":{"self":[{"href":"https:\/\/wp.catedu.es\/cpjuandelanuza\/wp-json\/wp\/v2\/pages\/131","targetHints":{"allow":["GET"]}}],"collection":[{"href":"https:\/\/wp.catedu.es\/cpjuandelanuza\/wp-json\/wp\/v2\/pages"}],"about":[{"href":"https:\/\/wp.catedu.es\/cpjuandelanuza\/wp-json\/wp\/v2\/types\/page"}],"author":[{"embeddable":true,"href":"https:\/\/wp.catedu.es\/cpjuandelanuza\/wp-json\/wp\/v2\/users\/416"}],"replies":[{"embeddable":true,"href":"https:\/\/wp.catedu.es\/cpjuandelanuza\/wp-json\/wp\/v2\/comments?post=131"}],"version-history":[{"count":20,"href":"https:\/\/wp.catedu.es\/cpjuandelanuza\/wp-json\/wp\/v2\/pages\/131\/revisions"}],"predecessor-version":[{"id":445,"href":"https:\/\/wp.catedu.es\/cpjuandelanuza\/wp-json\/wp\/v2\/pages\/131\/revisions\/445"}],"wp:attachment":[{"href":"https:\/\/wp.catedu.es\/cpjuandelanuza\/wp-json\/wp\/v2\/media?parent=131"}],"curies":[{"name":"wp","href":"https:\/\/api.w.org\/{rel}","templated":true}]}}