{"id":147,"date":"2023-03-23T09:35:56","date_gmt":"2023-03-23T08:35:56","guid":{"rendered":"https:\/\/wp.catedu.es\/cpjuandelanuza\/?page_id=147"},"modified":"2025-02-05T13:26:29","modified_gmt":"2025-02-05T12:26:29","slug":"plazajusticia","status":"publish","type":"page","link":"https:\/\/wp.catedu.es\/cpjuandelanuza\/plazajusticia\/","title":{"rendered":"Plaza del Justicia"},"content":{"rendered":"<p>La Plaza del Justicia (que se ha llamado de distintas formas a lo largo de los a\u00f1os) se form\u00f3 al derribar los \u00faltimos n\u00fameros de la calle Manifestaci\u00f3n a finales del siglo XIX.<\/p>\n<p>Desliza para ver los cambios del entorno del Centro de Profesorado en los planos de la ciudad desde el siglo XVIII.<\/p>\n<div class=\"h5p-iframe-wrapper\"><iframe id=\"h5p-iframe-12\" class=\"h5p-iframe\" data-content-id=\"12\" style=\"height:1px\" src=\"about:blank\" frameBorder=\"0\" scrolling=\"no\" title=\"Planos municipales\"><\/iframe><\/div>\n<div class=\"h5p-iframe-wrapper\"><iframe id=\"h5p-iframe-14\" class=\"h5p-iframe\" data-content-id=\"14\" style=\"height:1px\" src=\"about:blank\" frameBorder=\"0\" scrolling=\"no\" title=\"Plaza del Justicia 1920-actualidad\"><\/iframe><\/div>\n<p>Si comparamos la imagen de 1920 de la Plaza del Justicia con la imagen actual, vemos pocos cambios: el Palacio de los Condes de Sobradiel (sede del Colegio de Notarios desde 1930) se construy\u00f3 a finales del siglo XVIII. Anteriormente (finales del siglo XVI) hab\u00eda sido la casa de Juan de Lanuza, Justicia de Arag\u00f3n, que fue decapitado en 1591 por orden de Felipe II en la antigua Plaza del Mercado (actual Mercado Central) por defender los Fueros de Arag\u00f3n. En los bajos del edificio alberg\u00f3 a principios del siglo XX las\u00a0Bodegas unidas de la Ribera de Navarra.<\/p>\n<p>En la parte posterior del Palacio se encontraba el Colegio Santo Tom\u00e1s de Aquino (cuya puerta de entrada estaba justo enfrente de la del edificio del Centro de Profesorado), fundado por Miguel Labordeta Palacios y Anselmo Gasc\u00f3n de Gotor y que funcion\u00f3 en esta ubicaci\u00f3n hasta 1960.<\/p>\n<p>La iglesia de Santa Isabel de Portugal (San Cayetano) se construy\u00f3 entre los a\u00f1os\u00a01681 y 1704. Los edificios contiguos a la iglesia son de construcci\u00f3n anterior al del Centro de Profesorado y a lo largo de los a\u00f1os han albergado un despacho de leche, un almac\u00e9n de pl\u00e1tanos, un almac\u00e9n de paqueter\u00eda&#8230;<\/p>\n<figure id=\"attachment_412\" aria-describedby=\"caption-attachment-412\" style=\"width: 2400px\" class=\"wp-caption alignnone\"><img loading=\"lazy\" decoding=\"async\" class=\"wp-image-412 size-full\" src=\"https:\/\/wp.catedu.es\/cpjuandelanuza\/wp-content\/uploads\/sites\/245\/2024\/08\/AMZ_4-1_0007607.jpg\" alt=\"\" width=\"2400\" height=\"1000\" srcset=\"https:\/\/wp.catedu.es\/cpjuandelanuza\/wp-content\/uploads\/sites\/245\/2024\/08\/AMZ_4-1_0007607.jpg 2400w, https:\/\/wp.catedu.es\/cpjuandelanuza\/wp-content\/uploads\/sites\/245\/2024\/08\/AMZ_4-1_0007607-300x125.jpg 300w, https:\/\/wp.catedu.es\/cpjuandelanuza\/wp-content\/uploads\/sites\/245\/2024\/08\/AMZ_4-1_0007607-1024x427.jpg 1024w, https:\/\/wp.catedu.es\/cpjuandelanuza\/wp-content\/uploads\/sites\/245\/2024\/08\/AMZ_4-1_0007607-768x320.jpg 768w, https:\/\/wp.catedu.es\/cpjuandelanuza\/wp-content\/uploads\/sites\/245\/2024\/08\/AMZ_4-1_0007607-1536x640.jpg 1536w, https:\/\/wp.catedu.es\/cpjuandelanuza\/wp-content\/uploads\/sites\/245\/2024\/08\/AMZ_4-1_0007607-2048x853.jpg 2048w\" sizes=\"auto, (max-width: 2400px) 100vw, 2400px\" \/><figcaption id=\"caption-attachment-412\" class=\"wp-caption-text\">Imagen sin datar donde se aprecia que en el edificio junto a la iglesia hab\u00eda un sastre (en el segundo piso), una tienda (bodega\/carne) y un escultor de m\u00e1rmol. Archivo Municipal de Zaragoza.<\/figcaption><\/figure>\n<p>El edificio donde actualmente est\u00e1 el hotel Catalonia (y que anteriormente alberg\u00f3 el Gran Caf\u00e9 Nik\u00e9 y la tienda de El Peque\u00f1o Catal\u00e1n) se construy\u00f3 en 1902. En el edificio que ocupaba su solar naci\u00f3 el periodista Mariano de Cavia en 1855.<\/p>\n<p>La fuente de la Samaritana lleva en la plaza desde el a\u00f1o 1964 (fue la primera obra de la fundici\u00f3n Averly a mediados del siglo XIX y anteriormente estuvo en varias localizaciones, como la Plaza de la Seo o el Parque Bruil).<\/p>\n<p><img loading=\"lazy\" decoding=\"async\" class=\"alignnone size-large wp-image-410\" src=\"https:\/\/wp.catedu.es\/cpjuandelanuza\/wp-content\/uploads\/sites\/245\/2024\/08\/AMZ_4-1_0004564-776x1024.jpg\" alt=\"\" width=\"560\" height=\"739\" srcset=\"https:\/\/wp.catedu.es\/cpjuandelanuza\/wp-content\/uploads\/sites\/245\/2024\/08\/AMZ_4-1_0004564-776x1024.jpg 776w, https:\/\/wp.catedu.es\/cpjuandelanuza\/wp-content\/uploads\/sites\/245\/2024\/08\/AMZ_4-1_0004564-227x300.jpg 227w, https:\/\/wp.catedu.es\/cpjuandelanuza\/wp-content\/uploads\/sites\/245\/2024\/08\/AMZ_4-1_0004564-768x1014.jpg 768w, https:\/\/wp.catedu.es\/cpjuandelanuza\/wp-content\/uploads\/sites\/245\/2024\/08\/AMZ_4-1_0004564-1164x1536.jpg 1164w, https:\/\/wp.catedu.es\/cpjuandelanuza\/wp-content\/uploads\/sites\/245\/2024\/08\/AMZ_4-1_0004564-1551x2048.jpg 1551w, https:\/\/wp.catedu.es\/cpjuandelanuza\/wp-content\/uploads\/sites\/245\/2024\/08\/AMZ_4-1_0004564.jpg 1818w\" sizes=\"auto, (max-width: 560px) 100vw, 560px\" \/><\/p>\n<figure id=\"attachment_354\" aria-describedby=\"caption-attachment-354\" style=\"width: 560px\" class=\"wp-caption alignnone\"><img loading=\"lazy\" decoding=\"async\" class=\"size-large wp-image-354\" src=\"https:\/\/wp.catedu.es\/cpjuandelanuza\/wp-content\/uploads\/sites\/245\/2024\/02\/fuente-1024x768.jpg\" alt=\"Plaza del Justicia, 1951\" width=\"560\" height=\"420\" srcset=\"https:\/\/wp.catedu.es\/cpjuandelanuza\/wp-content\/uploads\/sites\/245\/2024\/02\/fuente-1024x768.jpg 1024w, https:\/\/wp.catedu.es\/cpjuandelanuza\/wp-content\/uploads\/sites\/245\/2024\/02\/fuente-300x225.jpg 300w, https:\/\/wp.catedu.es\/cpjuandelanuza\/wp-content\/uploads\/sites\/245\/2024\/02\/fuente-768x576.jpg 768w, https:\/\/wp.catedu.es\/cpjuandelanuza\/wp-content\/uploads\/sites\/245\/2024\/02\/fuente-1536x1152.jpg 1536w, https:\/\/wp.catedu.es\/cpjuandelanuza\/wp-content\/uploads\/sites\/245\/2024\/02\/fuente-2048x1536.jpg 2048w\" sizes=\"auto, (max-width: 560px) 100vw, 560px\" \/><figcaption id=\"caption-attachment-354\" class=\"wp-caption-text\">Plaza del Justicia.<br \/>Foto: Proyecto Gran Archivo Zaragoza Antigua.<\/figcaption><\/figure>\n<figure id=\"attachment_422\" aria-describedby=\"caption-attachment-422\" style=\"width: 560px\" class=\"wp-caption alignnone\"><img loading=\"lazy\" decoding=\"async\" class=\"size-large wp-image-422\" src=\"https:\/\/wp.catedu.es\/cpjuandelanuza\/wp-content\/uploads\/sites\/245\/2024\/08\/AMZ_4-1_0000987-1024x683.jpg\" alt=\"\" width=\"560\" height=\"374\" srcset=\"https:\/\/wp.catedu.es\/cpjuandelanuza\/wp-content\/uploads\/sites\/245\/2024\/08\/AMZ_4-1_0000987-1024x683.jpg 1024w, https:\/\/wp.catedu.es\/cpjuandelanuza\/wp-content\/uploads\/sites\/245\/2024\/08\/AMZ_4-1_0000987-300x200.jpg 300w, https:\/\/wp.catedu.es\/cpjuandelanuza\/wp-content\/uploads\/sites\/245\/2024\/08\/AMZ_4-1_0000987-768x512.jpg 768w, https:\/\/wp.catedu.es\/cpjuandelanuza\/wp-content\/uploads\/sites\/245\/2024\/08\/AMZ_4-1_0000987-1536x1024.jpg 1536w, https:\/\/wp.catedu.es\/cpjuandelanuza\/wp-content\/uploads\/sites\/245\/2024\/08\/AMZ_4-1_0000987-2048x1365.jpg 2048w\" sizes=\"auto, (max-width: 560px) 100vw, 560px\" \/><figcaption id=\"caption-attachment-422\" class=\"wp-caption-text\">Plaza del Justicia, 1951. Archivo Municipal.<\/figcaption><\/figure>\n<figure id=\"attachment_362\" aria-describedby=\"caption-attachment-362\" style=\"width: 262px\" class=\"wp-caption alignnone\"><img loading=\"lazy\" decoding=\"async\" class=\"size-full wp-image-362\" src=\"https:\/\/wp.catedu.es\/cpjuandelanuza\/wp-content\/uploads\/sites\/245\/2024\/02\/31514205137.jpg\" alt=\"Plaza del Justicia. 1960.\" width=\"262\" height=\"408\" srcset=\"https:\/\/wp.catedu.es\/cpjuandelanuza\/wp-content\/uploads\/sites\/245\/2024\/02\/31514205137.jpg 262w, https:\/\/wp.catedu.es\/cpjuandelanuza\/wp-content\/uploads\/sites\/245\/2024\/02\/31514205137-193x300.jpg 193w\" sizes=\"auto, (max-width: 262px) 100vw, 262px\" \/><figcaption id=\"caption-attachment-362\" class=\"wp-caption-text\">Plaza del Justicia. 1960. Autor desconocido.<\/figcaption><\/figure>\n<figure id=\"attachment_149\" aria-describedby=\"caption-attachment-149\" style=\"width: 691px\" class=\"wp-caption aligncenter\"><img loading=\"lazy\" decoding=\"async\" class=\"wp-image-149 size-full\" src=\"https:\/\/wp.catedu.es\/cpjuandelanuza\/wp-content\/uploads\/sites\/245\/2023\/03\/19662249343_cf46ba8cf1_c.jpg\" alt=\"Dibujo de Durb\u00e1n, Heraldo de Arag\u00f3n 16-4-1925\" width=\"691\" height=\"800\" srcset=\"https:\/\/wp.catedu.es\/cpjuandelanuza\/wp-content\/uploads\/sites\/245\/2023\/03\/19662249343_cf46ba8cf1_c.jpg 691w, https:\/\/wp.catedu.es\/cpjuandelanuza\/wp-content\/uploads\/sites\/245\/2023\/03\/19662249343_cf46ba8cf1_c-259x300.jpg 259w\" sizes=\"auto, (max-width: 691px) 100vw, 691px\" \/><figcaption id=\"caption-attachment-149\" class=\"wp-caption-text\">Dibujo de Durb\u00e1n, Heraldo de Arag\u00f3n 16-4-1925<\/figcaption><\/figure>\n<figure id=\"attachment_151\" aria-describedby=\"caption-attachment-151\" style=\"width: 800px\" class=\"wp-caption alignright\"><img loading=\"lazy\" decoding=\"async\" class=\"wp-image-151 size-full\" src=\"https:\/\/wp.catedu.es\/cpjuandelanuza\/wp-content\/uploads\/sites\/245\/2023\/03\/28458081882_d68636b117_c.jpg\" alt=\"Almac\u00e9n de pl\u00e1tanos en la Plaza del Justicia \" width=\"800\" height=\"563\" srcset=\"https:\/\/wp.catedu.es\/cpjuandelanuza\/wp-content\/uploads\/sites\/245\/2023\/03\/28458081882_d68636b117_c.jpg 800w, https:\/\/wp.catedu.es\/cpjuandelanuza\/wp-content\/uploads\/sites\/245\/2023\/03\/28458081882_d68636b117_c-300x211.jpg 300w, https:\/\/wp.catedu.es\/cpjuandelanuza\/wp-content\/uploads\/sites\/245\/2023\/03\/28458081882_d68636b117_c-768x540.jpg 768w\" sizes=\"auto, (max-width: 800px) 100vw, 800px\" \/><figcaption id=\"caption-attachment-151\" class=\"wp-caption-text\">Almac\u00e9n de pl\u00e1tanos en la Plaza del Justicia (1934). Foto: Proyecto Gran Archivo Zaragoza Antigua.<\/figcaption><\/figure>\n<figure id=\"attachment_150\" aria-describedby=\"caption-attachment-150\" style=\"width: 800px\" class=\"wp-caption alignright\"><img loading=\"lazy\" decoding=\"async\" class=\"wp-image-150 size-full\" src=\"https:\/\/wp.catedu.es\/cpjuandelanuza\/wp-content\/uploads\/sites\/245\/2023\/03\/37067834614_426f6fcb09_c.jpg\" alt=\"Despacho de leche en la Plaza del Justicia.\" width=\"800\" height=\"510\" srcset=\"https:\/\/wp.catedu.es\/cpjuandelanuza\/wp-content\/uploads\/sites\/245\/2023\/03\/37067834614_426f6fcb09_c.jpg 800w, https:\/\/wp.catedu.es\/cpjuandelanuza\/wp-content\/uploads\/sites\/245\/2023\/03\/37067834614_426f6fcb09_c-300x191.jpg 300w, https:\/\/wp.catedu.es\/cpjuandelanuza\/wp-content\/uploads\/sites\/245\/2023\/03\/37067834614_426f6fcb09_c-768x490.jpg 768w\" sizes=\"auto, (max-width: 800px) 100vw, 800px\" \/><figcaption id=\"caption-attachment-150\" class=\"wp-caption-text\">Despacho de leche y almac\u00e9n de pl\u00e1tanos en la Plaza del Justicia. 1933. Foto: Gran Archivo Zaragoza Antigua.<\/figcaption><\/figure>\n<figure id=\"attachment_406\" aria-describedby=\"caption-attachment-406\" style=\"width: 892px\" class=\"wp-caption alignnone\"><img loading=\"lazy\" decoding=\"async\" class=\"size-full wp-image-406\" src=\"https:\/\/wp.catedu.es\/cpjuandelanuza\/wp-content\/uploads\/sites\/245\/2024\/08\/AHPZ_MF_COYNE_002445.jpg\" alt=\"\" width=\"892\" height=\"600\" srcset=\"https:\/\/wp.catedu.es\/cpjuandelanuza\/wp-content\/uploads\/sites\/245\/2024\/08\/AHPZ_MF_COYNE_002445.jpg 892w, https:\/\/wp.catedu.es\/cpjuandelanuza\/wp-content\/uploads\/sites\/245\/2024\/08\/AHPZ_MF_COYNE_002445-300x202.jpg 300w, https:\/\/wp.catedu.es\/cpjuandelanuza\/wp-content\/uploads\/sites\/245\/2024\/08\/AHPZ_MF_COYNE_002445-768x517.jpg 768w\" sizes=\"auto, (max-width: 892px) 100vw, 892px\" \/><figcaption id=\"caption-attachment-406\" class=\"wp-caption-text\">Semana Santa de 1969. El edificio albergaba entonces las escuelas nacionales Mar\u00eda D\u00edaz. Archivo Hist\u00f3rico Provincial de Zaragoza. Archivo fotogr\u00e1fico Coyne. Documento audiovisual<\/figcaption><\/figure>\n<figure id=\"attachment_407\" aria-describedby=\"caption-attachment-407\" style=\"width: 893px\" class=\"wp-caption alignnone\"><img loading=\"lazy\" decoding=\"async\" class=\"size-full wp-image-407\" src=\"https:\/\/wp.catedu.es\/cpjuandelanuza\/wp-content\/uploads\/sites\/245\/2024\/08\/AHPZ_MF_COYNE_002446.jpg\" alt=\"\" width=\"893\" height=\"600\" srcset=\"https:\/\/wp.catedu.es\/cpjuandelanuza\/wp-content\/uploads\/sites\/245\/2024\/08\/AHPZ_MF_COYNE_002446.jpg 893w, https:\/\/wp.catedu.es\/cpjuandelanuza\/wp-content\/uploads\/sites\/245\/2024\/08\/AHPZ_MF_COYNE_002446-300x202.jpg 300w, https:\/\/wp.catedu.es\/cpjuandelanuza\/wp-content\/uploads\/sites\/245\/2024\/08\/AHPZ_MF_COYNE_002446-768x516.jpg 768w\" sizes=\"auto, (max-width: 893px) 100vw, 893px\" \/><figcaption id=\"caption-attachment-407\" class=\"wp-caption-text\">Archivo Hist\u00f3rico Provincial de Zaragoza. Archivo fotogr\u00e1fico Coyne. Documento audiovisual<\/figcaption><\/figure>\n<figure id=\"attachment_419\" aria-describedby=\"caption-attachment-419\" style=\"width: 560px\" class=\"wp-caption alignnone\"><img loading=\"lazy\" decoding=\"async\" class=\"size-large wp-image-419\" src=\"https:\/\/wp.catedu.es\/cpjuandelanuza\/wp-content\/uploads\/sites\/245\/2024\/08\/AMZ_4-1_0034944-662x1024.jpg\" alt=\"\" width=\"560\" height=\"866\" srcset=\"https:\/\/wp.catedu.es\/cpjuandelanuza\/wp-content\/uploads\/sites\/245\/2024\/08\/AMZ_4-1_0034944-662x1024.jpg 662w, https:\/\/wp.catedu.es\/cpjuandelanuza\/wp-content\/uploads\/sites\/245\/2024\/08\/AMZ_4-1_0034944-194x300.jpg 194w, https:\/\/wp.catedu.es\/cpjuandelanuza\/wp-content\/uploads\/sites\/245\/2024\/08\/AMZ_4-1_0034944-768x1188.jpg 768w, https:\/\/wp.catedu.es\/cpjuandelanuza\/wp-content\/uploads\/sites\/245\/2024\/08\/AMZ_4-1_0034944-993x1536.jpg 993w, https:\/\/wp.catedu.es\/cpjuandelanuza\/wp-content\/uploads\/sites\/245\/2024\/08\/AMZ_4-1_0034944-1324x2048.jpg 1324w, https:\/\/wp.catedu.es\/cpjuandelanuza\/wp-content\/uploads\/sites\/245\/2024\/08\/AMZ_4-1_0034944.jpg 1552w\" sizes=\"auto, (max-width: 560px) 100vw, 560px\" \/><figcaption id=\"caption-attachment-419\" class=\"wp-caption-text\">Plaza del Justicia en 1966. Archivo Municipal de Zaragoza.<\/figcaption><\/figure>\n\n\n<p>En este plano de Zaragoza, realizado por el arquitecto Jos\u00e9 Yarza en 1861 y conservado en el Archivo Municipal, podemos ver el solar en el que actualmente se encuentra el Centro de Profesorado y que entonces era la delegaci\u00f3n de Hacienda.<\/p>\n\n\n\n<figure class=\"wp-block-image size-large\"><img loading=\"lazy\" decoding=\"async\" width=\"1024\" height=\"768\" src=\"https:\/\/wp.catedu.es\/cpjuandelanuza\/wp-content\/uploads\/sites\/245\/2025\/02\/IMG_8763-1024x768.jpg\" alt=\"\" class=\"wp-image-764\" srcset=\"https:\/\/wp.catedu.es\/cpjuandelanuza\/wp-content\/uploads\/sites\/245\/2025\/02\/IMG_8763-1024x768.jpg 1024w, https:\/\/wp.catedu.es\/cpjuandelanuza\/wp-content\/uploads\/sites\/245\/2025\/02\/IMG_8763-300x225.jpg 300w, https:\/\/wp.catedu.es\/cpjuandelanuza\/wp-content\/uploads\/sites\/245\/2025\/02\/IMG_8763-768x576.jpg 768w, https:\/\/wp.catedu.es\/cpjuandelanuza\/wp-content\/uploads\/sites\/245\/2025\/02\/IMG_8763-1536x1152.jpg 1536w, https:\/\/wp.catedu.es\/cpjuandelanuza\/wp-content\/uploads\/sites\/245\/2025\/02\/IMG_8763-2048x1536.jpg 2048w\" sizes=\"auto, (max-width: 1024px) 100vw, 1024px\" \/><figcaption class=\"wp-element-caption\">Jos\u00e9 Yarza, 1861<\/figcaption><\/figure>\n\n\n\n<p>En este otro plano de Dionisio Casa\u00f1al de finales del siglo XIX ya aparece la calle Buen Pastor.<\/p>\n\n\n\n<figure class=\"wp-block-image size-large\"><img loading=\"lazy\" decoding=\"async\" width=\"1024\" height=\"768\" src=\"https:\/\/wp.catedu.es\/cpjuandelanuza\/wp-content\/uploads\/sites\/245\/2025\/02\/IMG_8768-1024x768.jpg\" alt=\"\" class=\"wp-image-765\" srcset=\"https:\/\/wp.catedu.es\/cpjuandelanuza\/wp-content\/uploads\/sites\/245\/2025\/02\/IMG_8768-1024x768.jpg 1024w, https:\/\/wp.catedu.es\/cpjuandelanuza\/wp-content\/uploads\/sites\/245\/2025\/02\/IMG_8768-300x225.jpg 300w, https:\/\/wp.catedu.es\/cpjuandelanuza\/wp-content\/uploads\/sites\/245\/2025\/02\/IMG_8768-768x576.jpg 768w, https:\/\/wp.catedu.es\/cpjuandelanuza\/wp-content\/uploads\/sites\/245\/2025\/02\/IMG_8768-1536x1152.jpg 1536w, https:\/\/wp.catedu.es\/cpjuandelanuza\/wp-content\/uploads\/sites\/245\/2025\/02\/IMG_8768-2048x1536.jpg 2048w\" sizes=\"auto, (max-width: 1024px) 100vw, 1024px\" \/><figcaption class=\"wp-element-caption\">Dionisio Casa\u00f1al. Archivo Municipal de Zaragoza.<\/figcaption><\/figure>\n\n\n\n<p>De principios del siglo XX (1908) es este plano tambi\u00e9n de Dionisio Casa\u00f1al.<\/p>\n\n\n\n<figure class=\"wp-block-image size-large\"><img loading=\"lazy\" decoding=\"async\" width=\"1024\" height=\"768\" src=\"https:\/\/wp.catedu.es\/cpjuandelanuza\/wp-content\/uploads\/sites\/245\/2025\/02\/IMG_8771-1024x768.jpg\" alt=\"\" class=\"wp-image-766\" srcset=\"https:\/\/wp.catedu.es\/cpjuandelanuza\/wp-content\/uploads\/sites\/245\/2025\/02\/IMG_8771-1024x768.jpg 1024w, https:\/\/wp.catedu.es\/cpjuandelanuza\/wp-content\/uploads\/sites\/245\/2025\/02\/IMG_8771-300x225.jpg 300w, https:\/\/wp.catedu.es\/cpjuandelanuza\/wp-content\/uploads\/sites\/245\/2025\/02\/IMG_8771-768x576.jpg 768w, https:\/\/wp.catedu.es\/cpjuandelanuza\/wp-content\/uploads\/sites\/245\/2025\/02\/IMG_8771-1536x1152.jpg 1536w, https:\/\/wp.catedu.es\/cpjuandelanuza\/wp-content\/uploads\/sites\/245\/2025\/02\/IMG_8771-2048x1536.jpg 2048w\" sizes=\"auto, (max-width: 1024px) 100vw, 1024px\" \/><figcaption class=\"wp-element-caption\">Dionisio Casa\u00f1al. 1908. Archivo Municipal de Zaragoza.<\/figcaption><\/figure>\n\n\n\n<p>En 1912, Dionisio Casa\u00f1al realiz\u00f3 este plano que posteriormente fue rectificado por Acci\u00f3n Ciudadana en 1937 y por Regino Borobio y Jos\u00e9 Beltr\u00e1n en 1939. En \u00e9l ya se ve el edificio actual, al igual que en el plano de 1939 de la siguiente imagen.<\/p>\n\n\n\n<figure class=\"wp-block-image size-large\"><img loading=\"lazy\" decoding=\"async\" width=\"1024\" height=\"768\" src=\"https:\/\/wp.catedu.es\/cpjuandelanuza\/wp-content\/uploads\/sites\/245\/2025\/02\/IMG_8776-1024x768.jpg\" alt=\"\" class=\"wp-image-768\" srcset=\"https:\/\/wp.catedu.es\/cpjuandelanuza\/wp-content\/uploads\/sites\/245\/2025\/02\/IMG_8776-1024x768.jpg 1024w, https:\/\/wp.catedu.es\/cpjuandelanuza\/wp-content\/uploads\/sites\/245\/2025\/02\/IMG_8776-300x225.jpg 300w, https:\/\/wp.catedu.es\/cpjuandelanuza\/wp-content\/uploads\/sites\/245\/2025\/02\/IMG_8776-768x576.jpg 768w, https:\/\/wp.catedu.es\/cpjuandelanuza\/wp-content\/uploads\/sites\/245\/2025\/02\/IMG_8776-1536x1152.jpg 1536w, https:\/\/wp.catedu.es\/cpjuandelanuza\/wp-content\/uploads\/sites\/245\/2025\/02\/IMG_8776-2048x1536.jpg 2048w\" sizes=\"auto, (max-width: 1024px) 100vw, 1024px\" \/><figcaption class=\"wp-element-caption\">Archivo Municipal de Zaragoza<\/figcaption><\/figure>\n\n\n\n<figure class=\"wp-block-image size-large\"><img loading=\"lazy\" decoding=\"async\" width=\"1024\" height=\"768\" src=\"https:\/\/wp.catedu.es\/cpjuandelanuza\/wp-content\/uploads\/sites\/245\/2025\/02\/IMG_8778-1024x768.jpg\" alt=\"\" class=\"wp-image-770\" srcset=\"https:\/\/wp.catedu.es\/cpjuandelanuza\/wp-content\/uploads\/sites\/245\/2025\/02\/IMG_8778-1024x768.jpg 1024w, https:\/\/wp.catedu.es\/cpjuandelanuza\/wp-content\/uploads\/sites\/245\/2025\/02\/IMG_8778-300x225.jpg 300w, https:\/\/wp.catedu.es\/cpjuandelanuza\/wp-content\/uploads\/sites\/245\/2025\/02\/IMG_8778-768x576.jpg 768w, https:\/\/wp.catedu.es\/cpjuandelanuza\/wp-content\/uploads\/sites\/245\/2025\/02\/IMG_8778-1536x1152.jpg 1536w, https:\/\/wp.catedu.es\/cpjuandelanuza\/wp-content\/uploads\/sites\/245\/2025\/02\/IMG_8778-2048x1536.jpg 2048w\" sizes=\"auto, (max-width: 1024px) 100vw, 1024px\" \/><figcaption class=\"wp-element-caption\">Regino Borobia y Jos\u00e9 Beltr\u00e1n, 1939. Archivo Municipal de Zaragoza.<\/figcaption><\/figure>\n","protected":false},"excerpt":{"rendered":"<p>La Plaza del Justicia (que se ha llamado de distintas formas a lo largo de los a\u00f1os) se form\u00f3 al derribar los \u00faltimos n\u00fameros de la calle Manifestaci\u00f3n a finales del siglo XIX. Desliza para ver los cambios del entorno<\/p>\n","protected":false},"author":416,"featured_media":0,"parent":0,"menu_order":0,"comment_status":"closed","ping_status":"closed","template":"","meta":{"footnotes":""},"class_list":["post-147","page","type-page","status-publish","hentry"],"_links":{"self":[{"href":"https:\/\/wp.catedu.es\/cpjuandelanuza\/wp-json\/wp\/v2\/pages\/147","targetHints":{"allow":["GET"]}}],"collection":[{"href":"https:\/\/wp.catedu.es\/cpjuandelanuza\/wp-json\/wp\/v2\/pages"}],"about":[{"href":"https:\/\/wp.catedu.es\/cpjuandelanuza\/wp-json\/wp\/v2\/types\/page"}],"author":[{"embeddable":true,"href":"https:\/\/wp.catedu.es\/cpjuandelanuza\/wp-json\/wp\/v2\/users\/416"}],"replies":[{"embeddable":true,"href":"https:\/\/wp.catedu.es\/cpjuandelanuza\/wp-json\/wp\/v2\/comments?post=147"}],"version-history":[{"count":20,"href":"https:\/\/wp.catedu.es\/cpjuandelanuza\/wp-json\/wp\/v2\/pages\/147\/revisions"}],"predecessor-version":[{"id":771,"href":"https:\/\/wp.catedu.es\/cpjuandelanuza\/wp-json\/wp\/v2\/pages\/147\/revisions\/771"}],"wp:attachment":[{"href":"https:\/\/wp.catedu.es\/cpjuandelanuza\/wp-json\/wp\/v2\/media?parent=147"}],"curies":[{"name":"wp","href":"https:\/\/api.w.org\/{rel}","templated":true}]}}