{"id":157,"date":"2023-03-23T15:21:36","date_gmt":"2023-03-23T14:21:36","guid":{"rendered":"https:\/\/wp.catedu.es\/cpjuandelanuza\/?page_id=157"},"modified":"2023-03-23T15:22:21","modified_gmt":"2023-03-23T14:22:21","slug":"el-sotano","status":"publish","type":"page","link":"https:\/\/wp.catedu.es\/cpjuandelanuza\/el-sotano\/","title":{"rendered":"El s\u00f3tano"},"content":{"rendered":"<p>\u00bfQu\u00e9 hay detr\u00e1s de esta puerta?<\/p>\n<p>El edificio tiene, como muchos de la zona a ambos lados del Mercado Central, un s\u00f3tano o bodega. Muchas de estas bodegas estaban conectadas entre s\u00ed y se dice que desde la plaza del Justicia se pod\u00eda llegar de forma subterr\u00e1nea hasta la plaza San Felipe.<\/p>\n<figure id=\"attachment_159\" aria-describedby=\"caption-attachment-159\" style=\"width: 560px\" class=\"wp-caption aligncenter\"><img loading=\"lazy\" decoding=\"async\" class=\"wp-image-159 size-large\" src=\"https:\/\/wp.catedu.es\/cpjuandelanuza\/wp-content\/uploads\/sites\/245\/2023\/03\/IMG_5005-768x1024.jpg\" alt=\"\" width=\"560\" height=\"747\" srcset=\"https:\/\/wp.catedu.es\/cpjuandelanuza\/wp-content\/uploads\/sites\/245\/2023\/03\/IMG_5005-768x1024.jpg 768w, https:\/\/wp.catedu.es\/cpjuandelanuza\/wp-content\/uploads\/sites\/245\/2023\/03\/IMG_5005-225x300.jpg 225w, https:\/\/wp.catedu.es\/cpjuandelanuza\/wp-content\/uploads\/sites\/245\/2023\/03\/IMG_5005-1152x1536.jpg 1152w, https:\/\/wp.catedu.es\/cpjuandelanuza\/wp-content\/uploads\/sites\/245\/2023\/03\/IMG_5005-1536x2048.jpg 1536w, https:\/\/wp.catedu.es\/cpjuandelanuza\/wp-content\/uploads\/sites\/245\/2023\/03\/IMG_5005-scaled.jpg 1920w\" sizes=\"auto, (max-width: 560px) 100vw, 560px\" \/><figcaption id=\"caption-attachment-159\" class=\"wp-caption-text\">Entrada al s\u00f3tano<\/figcaption><\/figure>\n<p>&nbsp;<\/p>\n<p>&nbsp;<\/p>\n","protected":false},"excerpt":{"rendered":"<p>\u00bfQu\u00e9 hay detr\u00e1s de esta puerta? El edificio tiene, como muchos de la zona a ambos lados del Mercado Central, un s\u00f3tano o bodega. Muchas de estas bodegas estaban conectadas entre s\u00ed y se dice que desde la plaza del<\/p>\n","protected":false},"author":416,"featured_media":0,"parent":0,"menu_order":0,"comment_status":"closed","ping_status":"closed","template":"","meta":{"footnotes":""},"class_list":["post-157","page","type-page","status-publish","hentry"],"_links":{"self":[{"href":"https:\/\/wp.catedu.es\/cpjuandelanuza\/wp-json\/wp\/v2\/pages\/157","targetHints":{"allow":["GET"]}}],"collection":[{"href":"https:\/\/wp.catedu.es\/cpjuandelanuza\/wp-json\/wp\/v2\/pages"}],"about":[{"href":"https:\/\/wp.catedu.es\/cpjuandelanuza\/wp-json\/wp\/v2\/types\/page"}],"author":[{"embeddable":true,"href":"https:\/\/wp.catedu.es\/cpjuandelanuza\/wp-json\/wp\/v2\/users\/416"}],"replies":[{"embeddable":true,"href":"https:\/\/wp.catedu.es\/cpjuandelanuza\/wp-json\/wp\/v2\/comments?post=157"}],"version-history":[{"count":1,"href":"https:\/\/wp.catedu.es\/cpjuandelanuza\/wp-json\/wp\/v2\/pages\/157\/revisions"}],"predecessor-version":[{"id":160,"href":"https:\/\/wp.catedu.es\/cpjuandelanuza\/wp-json\/wp\/v2\/pages\/157\/revisions\/160"}],"wp:attachment":[{"href":"https:\/\/wp.catedu.es\/cpjuandelanuza\/wp-json\/wp\/v2\/media?parent=157"}],"curies":[{"name":"wp","href":"https:\/\/api.w.org\/{rel}","templated":true}]}}