{"id":269,"date":"2023-10-30T18:24:01","date_gmt":"2023-10-30T17:24:01","guid":{"rendered":"https:\/\/wp.catedu.es\/cpjuandelanuza\/?page_id=269"},"modified":"2025-03-10T11:46:55","modified_gmt":"2025-03-10T10:46:55","slug":"master-qr","status":"publish","type":"page","link":"https:\/\/wp.catedu.es\/cpjuandelanuza\/master-qr\/","title":{"rendered":":)"},"content":{"rendered":"<p>\u00a1Hola! Has encontrado la p\u00e1gina secreta desde donde acceder al contenido de todas las p\u00e1ginas de la web de Historia Lanuza. Ten en cuenta que el contenido est\u00e1 en construcci\u00f3n y en actualizaci\u00f3n constante.<\/p>\n<ul>\n<li><a href=\"https:\/\/wp.catedu.es\/cpjuandelanuza\/1921-2\/\">1911 <\/a><\/li>\n<li><a href=\"https:\/\/wp.catedu.es\/cpjuandelanuza\/armarios\/\" target=\"_blank\" rel=\"noopener\">Armarios<\/a><\/li>\n<li><a href=\"https:\/\/wp.catedu.es\/cpjuandelanuza\/aula-109\/\" target=\"_blank\" rel=\"noopener\">Aula 109<\/a><\/li>\n<li><a href=\"https:\/\/wp.catedu.es\/cpjuandelanuza\/biblioteca\/\" target=\"_blank\" rel=\"noopener\">Biblioteca<\/a><\/li>\n<li><a href=\"https:\/\/wp.catedu.es\/cpjuandelanuza\/secciones-transversales\/\">Buen Pastor\/Colegio Mar\u00eda D\u00edaz<\/a><\/li>\n<li><a href=\"https:\/\/wp.catedu.es\/cpjuandelanuza\/de-cep-a-cp\/\" target=\"_blank\" rel=\"noopener\">De CEP a CP<\/a><\/li>\n<li><a href=\"https:\/\/wp.catedu.es\/cpjuandelanuza\/el-sotano\/\" target=\"_blank\" rel=\"noopener\">El s\u00f3tano<\/a><\/li>\n<li><a href=\"https:\/\/wp.catedu.es\/cpjuandelanuza\/empareja-las-imagenes\/\" target=\"_blank\" rel=\"noopener\">L\u00ednea del tiempo de curiosidades<\/a><\/li>\n<li><a href=\"https:\/\/wp.catedu.es\/cpjuandelanuza\/escaleras\/\" target=\"_blank\" rel=\"noopener\">Escaleras<\/a><\/li>\n<li><a href=\"https:\/\/wp.catedu.es\/cpjuandelanuza\/espacio-angel-alonso\/\" target=\"_blank\" rel=\"noopener\">Espacio \u00c1ngel Alonso<\/a><\/li>\n<li><a href=\"https:\/\/wp.catedu.es\/cpjuandelanuza\/fachada-calle-buen-pastor\/\" target=\"_blank\" rel=\"noopener\">Fachada Calle Buen Pastor<\/a><\/li>\n<li><a href=\"https:\/\/wp.catedu.es\/cpjuandelanuza\/la-casa-del-conserje\/\" target=\"_blank\" rel=\"noopener\">La vivienda del conserje<\/a><\/li>\n<li><a href=\"https:\/\/wp.catedu.es\/cpjuandelanuza\/maria-diaz-lizardi\/\" target=\"_blank\" rel=\"noopener\">Mar\u00eda D\u00edaz Lizardi<\/a><\/li>\n<li><a href=\"https:\/\/wp.catedu.es\/cpjuandelanuza\/manuela-juarrero\/\">Las primeras directoras: Manuela Juarrero (directora de la escuela graduada desde su inauguraci\u00f3n hasta 1926)<\/a><\/li>\n<li><a href=\"https:\/\/wp.catedu.es\/cpjuandelanuza\/francisca-naval-dona-paca\/\">Las primeras directoras: Francisca Naval (directora de la escuela de p\u00e1rvulos desde su inauguraci\u00f3n hasta 1927)<\/a><\/li>\n<li><a href=\"https:\/\/wp.catedu.es\/cpjuandelanuza\/maria-cruz-mayayo-aznarez\/\">Mar\u00eda Cruz Mayayo Azn\u00e1rez (directora de la escuela graduada desde 1926 a 1963)<\/a><\/li>\n<li><a href=\"https:\/\/wp.catedu.es\/cpjuandelanuza\/raimunda-castellano\/\">Raimunda Castellano (directora de la escuela de p\u00e1rvulos desde 1927 hasta 1940)<\/a><\/li>\n<li><a href=\"https:\/\/wp.catedu.es\/cpjuandelanuza\/otras-maestras-y-algunas-maestro\/\">Otras maestras <\/a><\/li>\n<li><a href=\"https:\/\/wp.catedu.es\/cpjuandelanuza\/la-escuela-municipal-de-aprendizaje\/\">La Escuela Municipal de Aprendizaje para la mujer<\/a><\/li>\n<li><a href=\"https:\/\/wp.catedu.es\/cpjuandelanuza\/mentoria\/\" target=\"_blank\" rel=\"noopener\">Mentor\u00edas digitales<\/a><\/li>\n<li><a href=\"https:\/\/wp.catedu.es\/cpjuandelanuza\/patio-de-recreo\/\" target=\"_blank\" rel=\"noopener\">Patio de recreo<\/a><\/li>\n<li><a href=\"https:\/\/wp.catedu.es\/cpjuandelanuza\/plazajusticia\/\" target=\"_blank\" rel=\"noopener\">Plaza del Justicia<\/a><\/li>\n<li><a href=\"https:\/\/wp.catedu.es\/cpjuandelanuza\/salon-2\/\" target=\"_blank\" rel=\"noopener\">Sal\u00f3n<\/a><\/li>\n<li><a href=\"https:\/\/wp.catedu.es\/cpjuandelanuza\/ventana\/\" target=\"_blank\" rel=\"noopener\">Ventana<\/a><\/li>\n<li><a href=\"https:\/\/wp.catedu.es\/cpjuandelanuza\/salon\/\" target=\"_blank\" rel=\"noopener\">Vest\u00edbulo del sal\u00f3n<\/a><\/li>\n<li><a href=\"https:\/\/wp.catedu.es\/cpjuandelanuza\/viviendas-maestros-as\/\" target=\"_blank\" rel=\"noopener\">Viviendas de los maestros\/as<\/a><\/li>\n<\/ul>\n","protected":false},"excerpt":{"rendered":"<p>\u00a1Hola! Has encontrado la p\u00e1gina secreta desde donde acceder al contenido de todas las p\u00e1ginas de la web de Historia Lanuza. Ten en cuenta que el contenido est\u00e1 en construcci\u00f3n y en actualizaci\u00f3n constante. 1911 Armarios Aula 109 Biblioteca Buen<\/p>\n","protected":false},"author":416,"featured_media":0,"parent":0,"menu_order":0,"comment_status":"closed","ping_status":"closed","template":"","meta":{"footnotes":""},"class_list":["post-269","page","type-page","status-publish","hentry"],"_links":{"self":[{"href":"https:\/\/wp.catedu.es\/cpjuandelanuza\/wp-json\/wp\/v2\/pages\/269","targetHints":{"allow":["GET"]}}],"collection":[{"href":"https:\/\/wp.catedu.es\/cpjuandelanuza\/wp-json\/wp\/v2\/pages"}],"about":[{"href":"https:\/\/wp.catedu.es\/cpjuandelanuza\/wp-json\/wp\/v2\/types\/page"}],"author":[{"embeddable":true,"href":"https:\/\/wp.catedu.es\/cpjuandelanuza\/wp-json\/wp\/v2\/users\/416"}],"replies":[{"embeddable":true,"href":"https:\/\/wp.catedu.es\/cpjuandelanuza\/wp-json\/wp\/v2\/comments?post=269"}],"version-history":[{"count":12,"href":"https:\/\/wp.catedu.es\/cpjuandelanuza\/wp-json\/wp\/v2\/pages\/269\/revisions"}],"predecessor-version":[{"id":848,"href":"https:\/\/wp.catedu.es\/cpjuandelanuza\/wp-json\/wp\/v2\/pages\/269\/revisions\/848"}],"wp:attachment":[{"href":"https:\/\/wp.catedu.es\/cpjuandelanuza\/wp-json\/wp\/v2\/media?parent=269"}],"curies":[{"name":"wp","href":"https:\/\/api.w.org\/{rel}","templated":true}]}}