{"id":49,"date":"2015-04-28T09:32:38","date_gmt":"2015-04-28T08:32:38","guid":{"rendered":"http:\/\/wp.catedu.es\/economiarycza\/?page_id=49"},"modified":"2017-11-29T10:03:57","modified_gmt":"2017-11-29T09:03:57","slug":"f-a-g","status":"publish","type":"page","link":"https:\/\/wp.catedu.es\/economiarycza\/f-a-g\/","title":{"rendered":"F.A.G."},"content":{"rendered":"<div id=\"contenido_sitio\" class=\"tiny_personalizado\">\n<p style=\"text-align: center\"><span style=\"text-decoration: underline;color: #3366ff\"><span style=\"font-size: 14pt\"><a style=\"font-size: 14pt\" href=\"http:\/\/catedu.aragon.es\/moodle\/course\/index.php?categoryid=35\" target=\"_blank\"><img loading=\"lazy\" decoding=\"async\" class=\"wp-image-294 alignleft\" src=\"http:\/\/wp.catedu.es\/economiarycza\/wp-content\/uploads\/sites\/22\/2015\/04\/Logo-Moodle-300x94.jpg\" alt=\"Logo-Moodle\" width=\"185\" height=\"58\" srcset=\"https:\/\/wp.catedu.es\/economiarycza\/wp-content\/uploads\/sites\/22\/2015\/04\/Logo-Moodle-300x94.jpg 300w, https:\/\/wp.catedu.es\/economiarycza\/wp-content\/uploads\/sites\/22\/2015\/04\/Logo-Moodle.jpg 385w\" sizes=\"auto, (max-width: 185px) 100vw, 185px\" \/><\/a><\/span><\/span><\/p>\n<p><br style=\"color: #339966\" \/><br style=\"color: #000000;font-size: 10pt\" \/><span style=\"font-size: 10pt;color: #000000\">Contenidos:<\/span><\/p>\n<ul>\n<li><span style=\"font-size: 10pt;color: #000000\">Documentos mercantiles.<br \/>\n<\/span><\/li>\n<li><span style=\"font-size: 10pt;color: #000000\">\u00a0Asientos contables, considerando el IVA.<br \/>\n<\/span><\/li>\n<li><span style=\"font-size: 10pt;color: #000000\">Regularizaci\u00f3n y determinaci\u00f3n del resultado del ejercicio.<br \/>\n<\/span><\/li>\n<li><span style=\"font-size: 10pt;color: #000000\">Cuentas de gastos e ingresos.<\/span><\/li>\n<li><span style=\"font-size: 10pt\"><span style=\"color: #808000\"><span style=\"color: #000000\">Asiento de cierre.<\/span><br \/>\n<\/span><\/span><\/li>\n<\/ul>\n<p><span style=\"font-size: 10pt;color: #000000\"><span style=\"text-decoration: underline\">Documentos<\/span>:<\/span><\/p>\n<ul>\n<li><span style=\"color: #000000\"><a style=\"color: #000000\" href=\"http:\/\/wp.catedu.es\/economiarycza\/wp-content\/uploads\/sites\/22\/2015\/04\/INVENTARIO.doc\" target=\"_blank\"><span style=\"font-size: 10pt\">Inventario.<\/span><\/a><\/span><\/li>\n<li><span style=\"color: #000000\"><a style=\"color: #000000\" href=\"http:\/\/wp.catedu.es\/economiarycza\/wp-content\/uploads\/sites\/22\/2015\/04\/Balance_de_Comprobacion.xls\" target=\"_blank\"><span style=\"font-size: 10pt\">Balance de comprobaci\u00f3n.<\/span><\/a><\/span><\/li>\n<li><span style=\"color: #000000\"><a style=\"color: #000000\" href=\"http:\/\/wp.catedu.es\/economiarycza\/wp-content\/uploads\/sites\/22\/2015\/04\/BALANCES_DE_SITUACION.pps\" target=\"_blank\"><span style=\"font-size: 10pt\">Balances de situaci\u00f3n presentaci\u00f3n<\/span><\/a><\/span><\/li>\n<li><span style=\"color: #000000\"><a style=\"color: #000000\" href=\"http:\/\/wp.catedu.es\/economiarycza\/wp-content\/uploads\/sites\/22\/2015\/04\/Cuadro_Cuentas_PGC_2008.pdf\" target=\"_blank\"><span style=\"font-size: 10pt\">Plan General Contable<\/span><\/a><\/span><\/li>\n<\/ul>\n<p><span style=\"font-size: 10pt;color: #000000\"><span style=\"text-decoration: underline\">Programa para aprender mecanograf\u00eda<\/span>: <span style=\"color: #ff0000\"><a style=\"color: #ff0000\" title=\"Programa para aprender mecanograf\u00eda\" href=\"http:\/\/www.typingweb.com\/\">\u00abTyping Web\u00bb<\/a><\/span>, este servicio es gratuito, si te registras te dan resultados y seguimiento de tus progresos.<\/span><\/p>\n<p><a title=\"Curso de contabilidad para estudiantes\" href=\"http:\/\/www.gabilos.com\/textoestudiantes.htm\"><span style=\"color: #ff0000;font-size: 10pt\">Curso de contabilidad para Bachillerato<\/span><\/a>. (Fuente: G\u00e1bilos sofware)<\/p>\n<p><a title=\"Plan General Contable\" href=\"http:\/\/www.plangeneralcontable.com\/\"><span style=\"color: #ff0000;font-size: 10pt\">P\u00e1gina Plan General Contable<\/span><\/a><\/p>\n<p><span style=\"color: #000000\"><a style=\"color: #000000\" href=\"http:\/\/wp.catedu.es\/economiarycza\/wp-content\/uploads\/sites\/22\/2015\/04\/Ejercicio1.pdf\" target=\"_blank\"><span style=\"text-decoration: underline\"><span style=\"font-size: 10pt\">Ejercicio 1 Balance<\/span><\/span><\/a><\/span><\/p>\n<p><span style=\"color: #000000\"><strong><span style=\"text-decoration: underline\"><a style=\"color: #000000;text-decoration: underline\" title=\"EJERCICIOS RESUELTOS PMP Y FIFO\" href=\"http:\/\/data5.blog.de\/media\/311\/3239311_6736c5d23b_d.pdf\">EJERCICIOS RESUELTOS PMP Y FIFO<\/a><\/span><\/strong><\/span><\/p>\n<h3 class=\"post-title entry-title\"><span style=\"color: #ff0000\"><a style=\"color: #ff0000\" href=\"http:\/\/inversionesydesinversiones.blogspot.com.es\/2016\/02\/que-es-la-contabilidad.html\" target=\"_blank\">\u00bfQu\u00e9 es la contabilidad?<\/a><\/span><\/h3>\n<p id=\"watch-headline-title\" class=\"yt\" style=\"padding-bottom: 8px\"><span id=\"eow-title\" class=\"watch-title yt-uix-expander-head\" dir=\"ltr\" style=\"vertical-align: top;font-size: 10pt;color: #0000ff\" title=\"Un d\u00eda en el almac\u00e9n de Amazon Espa\u00f1a\"> <a style=\"color: #0000ff\" title=\" Un d\u00eda en el almac\u00e9n de Amazon Espa\u00f1a \" href=\"http:\/\/www.youtube.com\/watch?v=5SS9eepJV-U\">Un d\u00eda en el almac\u00e9n de Amazon Espa\u00f1a <\/a><\/span><\/p>\n<div id=\"__ss_11341272\" style=\"width: 425px\">View more <a href=\"http:\/\/www.slideshare.net\/\" target=\"_blank\">presentations<\/a> from <a href=\"http:\/\/www.slideshare.net\/Norberta01\" target=\"_blank\">Norberta01<\/a><\/div>\n<div id=\"__ss_11341272\" style=\"width: 425px\">\n<div style=\"margin-bottom: 5px\"><strong> <a title=\"Tiempo y dinero\" href=\"https:\/\/www.slideshare.net\/jsande\/tiempo-y-dinero\" target=\"_blank\">Tiempo y dinero<\/a> <\/strong> from <strong><a href=\"http:\/\/www.slideshare.net\/jsande\" target=\"_blank\">jsande<\/a><\/strong><\/div>\n<\/div>\n<div style=\"width: 425px\"><a style=\"margin: 12px auto 6px auto;font-family: Helvetica,Arial,Sans-serif;font-style: normal;font-variant: normal;font-weight: normal;font-size: 14px;line-height: normal;text-decoration: underline\" title=\"View Ejercicios Modulo 1. Alumnos on Scribd\" href=\"http:\/\/es.scribd.com\/doc\/33812416\/Ejercicios-Modulo-1-Alumnos\">Ejercicios Modulo 1. Alumnos<\/a><\/div>\n<div style=\"width: 425px\"><\/div>\n<div style=\"width: 425px\">\n<div style=\"margin-bottom: 5px\"><strong> <a title=\"Asientos finales a 31 diciembre\" href=\"https:\/\/www.slideshare.net\/Norberta01\/asientos-finales-a-31-diciembre\" target=\"_blank\">Asientos finales a 31 diciembre<\/a> <\/strong> from <strong><a href=\"http:\/\/www.slideshare.net\/Norberta01\" target=\"_blank\">Norberta01<\/a><\/strong><\/div>\n<div style=\"margin-bottom: 5px\"><span style=\"font-size: 10pt;color: #ff0000\"><strong><a title=\"Banca, Financiaci\u00f3n, Fiscalidad, gesti\u00f3n, manuales y gu\u00edas\" href=\"http:\/\/www.areadepymes.com\/\">Banca, Financiaci\u00f3n, Fiscalidad, gesti\u00f3n, manuales y gu\u00edas<\/a><\/strong><\/span><\/div>\n<div style=\"margin-bottom: 5px\"><span style=\"color: #ff0000\"><a style=\"color: #ff0000\" href=\"http:\/\/www.slideshare.net\/danielonorato69\/ud1-innovacion-empresarial-la-idea-de-negocio-el-proyecto-de-empresa?ref=http:\/\/dobeconomia.blogspot.com.es\/2016\/10\/unidad-1-de-fag-2bach.html\" target=\"_blank\">UNIDAD 1<\/a><\/span><\/div>\n<div style=\"margin-bottom: 5px\"><span style=\"color: #ff0000\"><a style=\"color: #ff0000\" href=\"http:\/\/www.librosdetextogratis.com\/fotos\/1465561877_c1mG.pdf\" target=\"_blank\">\u00a0Libro de texto FAG J. Sande<\/a><\/span><\/div>\n<div style=\"margin-bottom: 5px\"><a href=\"http:\/\/www.librosdetextogratis.com\/fotos\/1346616064_g2KB.pdf\" target=\"_blank\"><span style=\"color: #ff0000\">Ejercicios FAG J. Sande<\/span><\/a><\/div>\n<\/div>\n<\/div>\n<div style=\"margin-bottom: 5px\"><\/div>\n<div style=\"margin-bottom: 5px\">\u00a0<a href=\"https:\/\/www.youtube.com\/watch?v=5EDWQbHMRFk\" target=\"_blank\"><span id=\"eow-title\" class=\"watch-title\" dir=\"ltr\" title=\"Ejemplo pr\u00e1ctico Plan de Empresa 1\">Ejemplo pr\u00e1ctico Plan de Empresa 1<\/span><\/a><\/div>\n<div id=\"contenido_sitio\" class=\"tiny_personalizado\">\n<div style=\"width: 425px\">\n<div style=\"margin-bottom: 5px\">\n<p>&nbsp;<\/p>\n<\/div>\n<\/div>\n<\/div>\n<p>&nbsp;<\/p>\n","protected":false},"excerpt":{"rendered":"<p>Contenidos: Documentos mercantiles. \u00a0Asientos contables, considerando el IVA. Regularizaci\u00f3n y determinaci\u00f3n del resultado del ejercicio. Cuentas de gastos e ingresos. Asiento de cierre. Documentos: Inventario. Balance de comprobaci\u00f3n. Balances de situaci\u00f3n presentaci\u00f3n Plan General Contable Programa para aprender mecanograf\u00eda: \u00abTyping Web\u00bb, este servicio es gratuito, si te registras te dan resultados y seguimiento de tus &hellip; <\/p>\n<p><a class=\"more-link btn\" href=\"https:\/\/wp.catedu.es\/economiarycza\/f-a-g\/\">Seguir leyendo<\/a><\/p>\n","protected":false},"author":1,"featured_media":0,"parent":0,"menu_order":0,"comment_status":"closed","ping_status":"open","template":"","meta":{"footnotes":""},"class_list":["post-49","page","type-page","status-publish","hentry","nodate","item-wrap"],"_links":{"self":[{"href":"https:\/\/wp.catedu.es\/economiarycza\/wp-json\/wp\/v2\/pages\/49","targetHints":{"allow":["GET"]}}],"collection":[{"href":"https:\/\/wp.catedu.es\/economiarycza\/wp-json\/wp\/v2\/pages"}],"about":[{"href":"https:\/\/wp.catedu.es\/economiarycza\/wp-json\/wp\/v2\/types\/page"}],"author":[{"embeddable":true,"href":"https:\/\/wp.catedu.es\/economiarycza\/wp-json\/wp\/v2\/users\/1"}],"replies":[{"embeddable":true,"href":"https:\/\/wp.catedu.es\/economiarycza\/wp-json\/wp\/v2\/comments?post=49"}],"version-history":[{"count":25,"href":"https:\/\/wp.catedu.es\/economiarycza\/wp-json\/wp\/v2\/pages\/49\/revisions"}],"predecessor-version":[{"id":853,"href":"https:\/\/wp.catedu.es\/economiarycza\/wp-json\/wp\/v2\/pages\/49\/revisions\/853"}],"wp:attachment":[{"href":"https:\/\/wp.catedu.es\/economiarycza\/wp-json\/wp\/v2\/media?parent=49"}],"curies":[{"name":"wp","href":"https:\/\/api.w.org\/{rel}","templated":true}]}}