{"id":670,"date":"2016-10-25T10:55:58","date_gmt":"2016-10-25T09:55:58","guid":{"rendered":"http:\/\/wp.catedu.es\/economiarycza\/?page_id=670"},"modified":"2017-11-29T10:03:14","modified_gmt":"2017-11-29T09:03:14","slug":"economia-4o","status":"publish","type":"page","link":"https:\/\/wp.catedu.es\/economiarycza\/economia-4o\/","title":{"rendered":"Econom\u00eda 4\u00ba"},"content":{"rendered":"<h2><span style=\"color: #3366ff\"><a style=\"color: #3366ff\" href=\"http:\/\/wp.catedu.es\/economiarycza\/wp-content\/uploads\/sites\/22\/2016\/10\/Distribuci\u00f3n-temporal-de-los-contenidos.pdf\" target=\"_blank\">Distribuci\u00f3n de contenidos<\/a><\/span><\/h2>\n<div class=\"embed-container\"><iframe loading=\"lazy\" width=\"847\" height=\"476\" src=\"https:\/\/www.youtube.com\/embed\/-nRZRqCnMDA?feature=oembed\" frameborder=\"0\" gesture=\"media\" allow=\"encrypted-media\" allowfullscreen><\/iframe><\/div>\n<div class=\"embed-container\"><iframe loading=\"lazy\" width=\"847\" height=\"476\" src=\"https:\/\/www.youtube.com\/embed\/WCqqiMrE878?feature=oembed\" frameborder=\"0\" gesture=\"media\" allow=\"encrypted-media\" allowfullscreen><\/iframe><\/div>\n<h2><strong><a href=\"https:\/\/play.kahoot.it\/#\/k\/18f546d6-e946-45a5-9519-8631a590ab56\" target=\"_blank\"><span style=\"color: #ff0000\">Kahoot Tema 1 y 2<\/span><\/a><u><br \/>\n<\/u><\/strong><\/h2>\n<p id=\"nodeTitle\"><a href=\"http:\/\/procomun.educalab.es\/es\/ode\/view\/1461141359660\/widget\" target=\"_blank\"><span style=\"color: #ff0000\">El dinero y la pol\u00edtica monetaria<\/span><\/a><\/p>\n<div class=\"embed-container\"><iframe loading=\"lazy\" src=\"https:\/\/www.slideshare.net\/slideshow\/embed_code\/key\/tkLiso9ik0RFzJ\" width=\"479\" height=\"511\" frameborder=\"0\" marginwidth=\"0\" marginheight=\"0\" scrolling=\"no\" style=\"border:1px solid #CCC; border-width:1px; margin-bottom:5px; max-width: 100%;\" allowfullscreen> <\/iframe> <\/p>\n<div style=\"margin-bottom:5px\"> <strong> <a href=\"https:\/\/www.slideshare.net\/jlromerocua\/sampedro-el-mercado-y-nosotros\" title=\"Sampedro El mercado y nosotros\" target=\"_blank\">Sampedro El mercado y nosotros<\/a> <\/strong> from <strong><a href=\"https:\/\/www.slideshare.net\/jlromerocua\" target=\"_blank\">jlromerocua<\/a><\/strong> <\/div>\n<\/div>\n<p><a href=\"http:\/\/www.slideshare.net\/jlromerocua\/sampedro-el-mercado-y-nosotros\">Jos\u00e9 Luis Sampedro: El mercado y nosotros<\/a><\/p>\n<ul>\n<li class=\"entry-title\"><span style=\"color: #000000\"><a style=\"color: #000000\" href=\"http:\/\/economipedia.com\/video\/mejores-peliculas-financieras.html\" target=\"_blank\">Las 23 mejores pel\u00edculas financieras, econ\u00f3micas y de negocios<\/a><\/span><\/li>\n<li class=\"ui header\"><span style=\"color: #000000\"><a style=\"color: #000000\" href=\"https:\/\/www.docsity.com\/es\/noticias\/economia\/10-peliculas-todo-estudiante-de-economia-tiene-ver\" target=\"_blank\">10 pel\u00edculas que todo estudiante de econom\u00eda tiene que ver<\/a><\/span><\/li>\n<\/ul>\n","protected":false},"excerpt":{"rendered":"<p>Distribuci\u00f3n de contenidos Kahoot Tema 1 y 2 El dinero y la pol\u00edtica monetaria Sampedro El mercado y nosotros from jlromerocua Jos\u00e9 Luis Sampedro: El mercado y nosotros Las 23 mejores pel\u00edculas financieras, econ\u00f3micas y de negocios 10 pel\u00edculas que todo estudiante de econom\u00eda tiene que ver<\/p>\n","protected":false},"author":66,"featured_media":0,"parent":0,"menu_order":0,"comment_status":"closed","ping_status":"closed","template":"","meta":{"footnotes":""},"class_list":["post-670","page","type-page","status-publish","hentry","nodate","item-wrap"],"_links":{"self":[{"href":"https:\/\/wp.catedu.es\/economiarycza\/wp-json\/wp\/v2\/pages\/670","targetHints":{"allow":["GET"]}}],"collection":[{"href":"https:\/\/wp.catedu.es\/economiarycza\/wp-json\/wp\/v2\/pages"}],"about":[{"href":"https:\/\/wp.catedu.es\/economiarycza\/wp-json\/wp\/v2\/types\/page"}],"author":[{"embeddable":true,"href":"https:\/\/wp.catedu.es\/economiarycza\/wp-json\/wp\/v2\/users\/66"}],"replies":[{"embeddable":true,"href":"https:\/\/wp.catedu.es\/economiarycza\/wp-json\/wp\/v2\/comments?post=670"}],"version-history":[{"count":12,"href":"https:\/\/wp.catedu.es\/economiarycza\/wp-json\/wp\/v2\/pages\/670\/revisions"}],"predecessor-version":[{"id":851,"href":"https:\/\/wp.catedu.es\/economiarycza\/wp-json\/wp\/v2\/pages\/670\/revisions\/851"}],"wp:attachment":[{"href":"https:\/\/wp.catedu.es\/economiarycza\/wp-json\/wp\/v2\/media?parent=670"}],"curies":[{"name":"wp","href":"https:\/\/api.w.org\/{rel}","templated":true}]}}