{"id":108,"date":"2019-02-04T09:28:38","date_gmt":"2019-02-04T08:28:38","guid":{"rendered":"http:\/\/wp.catedu.es\/educabloggers\/?page_id=108"},"modified":"2019-02-13T13:23:21","modified_gmt":"2019-02-13T12:23:21","slug":"ponentes-educabloggers-iii","status":"publish","type":"page","link":"https:\/\/wp.catedu.es\/educabloggers\/ponentes-educabloggers-iii\/","title":{"rendered":"PONENTES"},"content":{"rendered":"<p><strong>Roc\u00edo Garc\u00eda___________________________________________<\/strong><\/p>\n<p>\u00a0<\/p>\n<p><img loading=\"lazy\" decoding=\"async\" class=\"size-medium wp-image-109 aligncenter\" src=\"http:\/\/wp.catedu.es\/educabloggers\/wp-content\/uploads\/sites\/111\/2019\/02\/RCALGORA-10-de-30-204x300.jpg\" alt=\"\" width=\"204\" height=\"300\" srcset=\"https:\/\/wp.catedu.es\/educabloggers\/wp-content\/uploads\/sites\/111\/2019\/02\/RCALGORA-10-de-30-204x300.jpg 204w, https:\/\/wp.catedu.es\/educabloggers\/wp-content\/uploads\/sites\/111\/2019\/02\/RCALGORA-10-de-30-768x1128.jpg 768w, https:\/\/wp.catedu.es\/educabloggers\/wp-content\/uploads\/sites\/111\/2019\/02\/RCALGORA-10-de-30-697x1024.jpg 697w, https:\/\/wp.catedu.es\/educabloggers\/wp-content\/uploads\/sites\/111\/2019\/02\/RCALGORA-10-de-30-767x1127.jpg 767w\" sizes=\"auto, (max-width: 204px) 100vw, 204px\" \/><\/p>\n<p style=\"text-align: center\"><strong>Biograf\u00eda:<\/strong><\/p>\n<p style=\"text-align: justify\">Licenciada en Periodismo por la Universidad Complutense de Madrid. Madrile\u00f1a n\u00f3mada que ha vivido en Dublin, Roma y ahora Huesca. Ma\u00f1ana ya veremos. He trabajado en grandes empresas como AXA, Prisa, Yahoo, Cuatro, Mediaset y en todos los medios de comunicaci\u00f3n &#8211; televisi\u00f3n, radio, prensa e internet &#8211; En 2015 despido a mi \u00faltima empresa y comienzo mi andadura en solitario. Master de SEO avanzado en Webpositer. Actualmente ayudo a emprendedores y pymes a cumplir sus sue\u00f1os y vivir de sus negocios.<\/p>\n<p style=\"text-align: center\"><strong>Descripci\u00f3n del taller:<\/strong><\/p>\n<div style=\"text-align: center\"><em><b>\u00abSEO para bloggers: enamora a google con tu blog educativo\u00bb.<\/b><\/em><\/div>\n<div>\u00a0<\/div>\n<div>&#8211; C\u00f3mo encontrar f\u00e1cilmente palabras clave con herramientas gratuitas (blog y videoblog).<\/div>\n<div>&#8211; Tips de redacci\u00f3n SEO para que Google te lleve a lo m\u00e1s alto<\/div>\n<div>&#8211; SEO para youtube: haz que tus v\u00eddeos destaquen y tu comunidad crezca.<\/div>\n<div>&#8211; Aplicamos lo aprendido en el boceto de nuestro pr\u00f3ximo art\u00edculo\/v\u00eddeo.<\/div>\n<div>&#8211; Los mejores consejos para tu blog educativo que negar\u00e9 haberte dado.<\/div>\n<div>\u00a0<\/div>\n<div>\u00a0<\/div>\n<div>\u00a0<\/div>\n<div><strong>Fran Balsera___________________________________________<\/strong><\/div>\n<div>\u00a0<\/div>\n<div>\u00a0<\/div>\n<div>\u00a0<\/div>\n<div><img loading=\"lazy\" decoding=\"async\" class=\"wp-image-110 size-medium aligncenter\" src=\"http:\/\/wp.catedu.es\/educabloggers\/wp-content\/uploads\/sites\/111\/2019\/02\/Fran_Balsera_2-e1549268642277-300x205.jpg\" alt=\"\" width=\"300\" height=\"205\" srcset=\"https:\/\/wp.catedu.es\/educabloggers\/wp-content\/uploads\/sites\/111\/2019\/02\/Fran_Balsera_2-e1549268642277-300x205.jpg 300w, https:\/\/wp.catedu.es\/educabloggers\/wp-content\/uploads\/sites\/111\/2019\/02\/Fran_Balsera_2-e1549268642277-768x524.jpg 768w, https:\/\/wp.catedu.es\/educabloggers\/wp-content\/uploads\/sites\/111\/2019\/02\/Fran_Balsera_2-e1549268642277-1024x699.jpg 1024w, https:\/\/wp.catedu.es\/educabloggers\/wp-content\/uploads\/sites\/111\/2019\/02\/Fran_Balsera_2-e1549268642277-767x523.jpg 767w\" sizes=\"auto, (max-width: 300px) 100vw, 300px\" \/><\/div>\n<div>\u00a0<\/div>\n<div style=\"text-align: center\"><strong>Biograf\u00eda:<\/strong><\/div>\n<div>\u00a0<\/div>\n<p style=\"text-align: justify\">Soy Francisco Jos\u00e9 Balsera, aunque todos mis amigos me llaman Fran. Actualmente trabajo como Asesor T\u00e9cnico Docente en el\u00a0<a href=\"https:\/\/intef.es\/\" target=\"_blank\" rel=\"noopener\" data-saferedirecturl=\"https:\/\/www.google.com\/url?q=https:\/\/intef.es\/&amp;source=gmail&amp;ust=1550146446269000&amp;usg=AFQjCNFDGpnbFOr_10mQEWkkSQ8efV1zfQ\">Instituto Nacional de Tecnolog\u00edas Educativas y de Formaci\u00f3n del Profesorado (INTEF)<\/a>. Soy Funcionario de Carrera del Cuerpo de Profesores de M\u00fasica y Artes Esc\u00e9nicas en la especialidad de Piano, con destino en el Conservatorio Profesional de M\u00fasica de Zaragoza. Me encanta todo lo referido a las TIC aplicadas a la Educaci\u00f3n, los proyectos europeos\u00a0eTwinning y las Artes en general.<\/p>\n<div>\u00a0<\/div>\n<div style=\"text-align: center\"><strong>Descripci\u00f3n del taller:<\/strong><\/div>\n<div style=\"text-align: center\">\u00a0<\/div>\n<div style=\"text-align: center\"><em><strong>\u00abCreaci\u00f3n de un blog educativo con Google: trucos y consejos para sacar el m\u00e1ximo partido a tu blog\u00bb.<\/strong><\/em><\/div>\n<div>\u00a0<\/div>\n<div>\u00a0<\/div>\n<div>\n<ul>\n<li>Implicaciones educativas del blog.<\/li>\n<li>Creaci\u00f3n de una cuenta en Blogger y configuraci\u00f3n: plantillas y widgets.<\/li>\n<li>Redacci\u00f3n de una entrada en el blog e inserci\u00f3n de im\u00e1genes, v\u00eddeos, podcasts y archivos.<\/li>\n<li>Incrustar elementos con HTML<\/li>\n<li>Trucos para personalizar tu blog.<\/li>\n<\/ul>\n<p>\u00a0<\/p>\n<p><strong>Guillermo Toledo_______________________________________<\/strong><\/p>\n<\/div>\n<p>\u00a0<\/p>\n<p><img loading=\"lazy\" decoding=\"async\" class=\"aligncenter wp-image-111 size-medium\" src=\"http:\/\/wp.catedu.es\/educabloggers\/wp-content\/uploads\/sites\/111\/2019\/02\/Willy_1-e1549268862373-266x300.jpeg\" alt=\"\" width=\"266\" height=\"300\" srcset=\"https:\/\/wp.catedu.es\/educabloggers\/wp-content\/uploads\/sites\/111\/2019\/02\/Willy_1-e1549268862373-266x300.jpeg 266w, https:\/\/wp.catedu.es\/educabloggers\/wp-content\/uploads\/sites\/111\/2019\/02\/Willy_1-e1549268862373-768x867.jpeg 768w, https:\/\/wp.catedu.es\/educabloggers\/wp-content\/uploads\/sites\/111\/2019\/02\/Willy_1-e1549268862373-907x1024.jpeg 907w, https:\/\/wp.catedu.es\/educabloggers\/wp-content\/uploads\/sites\/111\/2019\/02\/Willy_1-e1549268862373-767x866.jpeg 767w\" sizes=\"auto, (max-width: 266px) 100vw, 266px\" \/><\/p>\n<div style=\"text-align: center\"><strong>Biograf\u00eda:<\/strong><\/div>\n<div>\u00a0<\/div>\n<div style=\"text-align: justify\">Maestro de vocaci\u00f3n, enamorado del deporte y con especial atracci\u00f3n por los deportes extremos y deslizamiento. Atracci\u00f3n que se refleja d\u00eda a d\u00eda en mi pr\u00e1ctica docente. Tutor de 5\u00ba de primaria en el Colegio Brit\u00e1nico de Arag\u00f3n Me gustan los retos, la innovaci\u00f3n y hago todo lo que est\u00e9 en mis manos para transmitir esa pasi\u00f3n a mis alumnos. Comparto mi afici\u00f3n al deporte, con la educaci\u00f3n y las nuevas tecnolog\u00edas. Creo en la motivaci\u00f3n del alumnado y en la creatividad del docente como la base del cambio.<\/div>\n<p>\u00a0<\/p>\n<p style=\"text-align: center\"><strong>Descripci\u00f3n del taller:<\/strong><\/p>\n<p style=\"text-align: center\"><em><strong>\u00abDise\u00f1o con herramientas del d\u00eda a d\u00eda\u00bb.<\/strong><\/em><\/p>\n<p style=\"text-align: justify\">El dise\u00f1o del blog es algo clave para que luzca atractivo a nuestros potenciales lectores pero tambi\u00e9n lo son las cabeceras, las im\u00e1genes que compartimos en redes sociales y el estilo propio de nuestro blog. En este taller te ense\u00f1amos a exprimir Keynote y PowerPoint, herramientas que todos utilizamos en nuestro d\u00eda a d\u00eda, para solventar muchos de los problemas que nos encontramos al crear y dise\u00f1ar la parte visual de nuestros proyectos. No hace falta grandes conocimientos de dise\u00f1o, simplemente un poco de creatividad e imaginaci\u00f3n. Se recomienda ordenador Mac\/iPad o PC con Powerpoint o Keynote (tambi\u00e9n disponible online).<\/p>\n<p>\u00a0<\/p>\n<p><strong>Ar\u00e1nzazu Arilla_________________________________________<\/strong><\/p>\n<p>\u00a0<\/p>\n<p><strong><img loading=\"lazy\" decoding=\"async\" class=\"size-medium wp-image-137 aligncenter\" src=\"http:\/\/wp.catedu.es\/educabloggers\/wp-content\/uploads\/sites\/111\/2019\/02\/Arantxa_1-300x300.jpg\" alt=\"\" width=\"300\" height=\"300\" srcset=\"https:\/\/wp.catedu.es\/educabloggers\/wp-content\/uploads\/sites\/111\/2019\/02\/Arantxa_1-300x300.jpg 300w, https:\/\/wp.catedu.es\/educabloggers\/wp-content\/uploads\/sites\/111\/2019\/02\/Arantxa_1-150x150.jpg 150w, https:\/\/wp.catedu.es\/educabloggers\/wp-content\/uploads\/sites\/111\/2019\/02\/Arantxa_1.jpg 400w\" sizes=\"auto, (max-width: 300px) 100vw, 300px\" \/><\/strong><\/p>\n<p>\u00a0<\/p>\n<p style=\"text-align: center\"><strong>Biograf\u00eda:<\/strong><\/p>\n<div style=\"text-align: justify\">Diplomada en Magisterio en Educaci\u00f3n F\u00edsica y Lenguas Extranjeras (Ingl\u00e9s y Franc\u00e9s).\u00a0Universidad de Zaragoza<\/div>\n<div style=\"text-align: justify\">Licenciada en Filolog\u00eda Inglesa. Universidad de Zaragoza<\/div>\n<div style=\"text-align: justify\">Profesora en varios centros (College Moli\u00e8re, Teresiano del Pilar, CRA Tres Riberas, CRA Monegros Norte, CEIP Reino de Arag\u00f3n, CEIP Agustina de Arag\u00f3n y CEIP Catalina de Arag\u00f3n.<\/div>\n<div style=\"text-align: justify\">Aprob\u00e9 la oposici\u00f3n en 2003 por la especialidad de Ingl\u00e9s.<\/div>\n<div style=\"text-align: justify\">Directora del CEIP Reino de Arag\u00f3n y desde hace nueve a\u00f1os en el CEIP Catalina de Arag\u00f3n.<\/div>\n<div>\u00a0<\/div>\n<p style=\"text-align: center\"><strong>Descripci\u00f3n del taller:<\/strong><\/p>\n<div style=\"text-align: center\"><em><strong>\u00abEl Blog que enriquece al aula\u00bb.<\/strong><\/em><\/div>\n<div>\u00a0<\/div>\n<div style=\"text-align: justify\">En este taller podremos ver buenas pr\u00e1cticas en su centro con el uso del blog y otras herramientas para la implementaci\u00f3n de actividades a trav\u00e9s del sistema FLIPPED LEARNING. Tambi\u00e9n sobre el uso del blog como portfolio docente y como recurso para el portfolio del alumnado en su proceso de aprendizaje permanente.<\/div>\n<div style=\"text-align: justify\">\u00a0<\/div>\n<p style=\"text-align: justify\">\u00a0<\/p>\n\n\n<p><\/p>\n","protected":false},"excerpt":{"rendered":"<p>Roc\u00edo Garc\u00eda___________________________________________ \u00a0 Biograf\u00eda: Licenciada en Periodismo por la Universidad Complutense de Madrid. Madrile\u00f1a n\u00f3mada que ha vivido en Dublin, Roma y ahora Huesca. Ma\u00f1ana ya veremos. He trabajado en grandes empresas como AXA, Prisa, Yahoo, Cuatro, Mediaset y en todos los medios de comunicaci\u00f3n &#8211; televisi\u00f3n, radio, prensa e internet &#8211; En 2015 despido&hellip;<\/p>\n","protected":false},"author":214,"featured_media":0,"parent":0,"menu_order":2,"comment_status":"closed","ping_status":"closed","template":"","meta":{"footnotes":""},"class_list":["post-108","page","type-page","status-publish","hentry"],"_links":{"self":[{"href":"https:\/\/wp.catedu.es\/educabloggers\/wp-json\/wp\/v2\/pages\/108","targetHints":{"allow":["GET"]}}],"collection":[{"href":"https:\/\/wp.catedu.es\/educabloggers\/wp-json\/wp\/v2\/pages"}],"about":[{"href":"https:\/\/wp.catedu.es\/educabloggers\/wp-json\/wp\/v2\/types\/page"}],"author":[{"embeddable":true,"href":"https:\/\/wp.catedu.es\/educabloggers\/wp-json\/wp\/v2\/users\/214"}],"replies":[{"embeddable":true,"href":"https:\/\/wp.catedu.es\/educabloggers\/wp-json\/wp\/v2\/comments?post=108"}],"version-history":[{"count":15,"href":"https:\/\/wp.catedu.es\/educabloggers\/wp-json\/wp\/v2\/pages\/108\/revisions"}],"predecessor-version":[{"id":155,"href":"https:\/\/wp.catedu.es\/educabloggers\/wp-json\/wp\/v2\/pages\/108\/revisions\/155"}],"wp:attachment":[{"href":"https:\/\/wp.catedu.es\/educabloggers\/wp-json\/wp\/v2\/media?parent=108"}],"curies":[{"name":"wp","href":"https:\/\/api.w.org\/{rel}","templated":true}]}}