{"id":23,"date":"2018-03-08T13:17:12","date_gmt":"2018-03-08T12:17:12","guid":{"rendered":"http:\/\/wp.catedu.es\/educabloggers\/?page_id=23"},"modified":"2019-02-27T17:58:54","modified_gmt":"2019-02-27T16:58:54","slug":"el-blog-de-los-bloggers","status":"publish","type":"page","link":"https:\/\/wp.catedu.es\/educabloggers\/","title":{"rendered":"El blog de los bloggers."},"content":{"rendered":"<p style=\"text-align: center\">\u00a1 Bienvenidos !<\/p>\n<p style=\"text-align: center\">Qu\u00e9 mejor soporte para el III Encuentro de Educabloggers que un blog, vuestro blog. Editadlo, a\u00f1adir entradas, compartir y, sobre todo, \u00a1disfrutadlo y colaborad!<\/p>\n<p style=\"text-align: center\">Muchas gracias por vuestra asistencia y colaboraci\u00f3n, os dejamos la nube de palabras que realizamos con tanta ilusi\u00f3n con Menti.<\/p>\n<p style=\"text-align: center\">\n<p><img loading=\"lazy\" decoding=\"async\" class=\" wp-image-157 aligncenter\" src=\"http:\/\/wp.catedu.es\/educabloggers\/wp-content\/uploads\/sites\/111\/2019\/02\/Captura-Educabloggers-300x193.jpg\" alt=\"\" width=\"462\" height=\"297\" srcset=\"https:\/\/wp.catedu.es\/educabloggers\/wp-content\/uploads\/sites\/111\/2019\/02\/Captura-Educabloggers-300x193.jpg 300w, https:\/\/wp.catedu.es\/educabloggers\/wp-content\/uploads\/sites\/111\/2019\/02\/Captura-Educabloggers.jpg 659w\" sizes=\"auto, (max-width: 462px) 100vw, 462px\" \/><\/p>\n<p style=\"text-align: center\"><img loading=\"lazy\" decoding=\"async\" class=\"alignnone size-medium wp-image-9\" src=\"http:\/\/wp.catedu.es\/educabloggers\/wp-content\/uploads\/sites\/111\/2018\/03\/logo-1677364_1920-300x167.png\" alt=\"logo-1677364_1920\" width=\"300\" height=\"167\" srcset=\"https:\/\/wp.catedu.es\/educabloggers\/wp-content\/uploads\/sites\/111\/2018\/03\/logo-1677364_1920-300x167.png 300w, https:\/\/wp.catedu.es\/educabloggers\/wp-content\/uploads\/sites\/111\/2018\/03\/logo-1677364_1920-768x427.png 768w, https:\/\/wp.catedu.es\/educabloggers\/wp-content\/uploads\/sites\/111\/2018\/03\/logo-1677364_1920-1024x570.png 1024w, https:\/\/wp.catedu.es\/educabloggers\/wp-content\/uploads\/sites\/111\/2018\/03\/logo-1677364_1920-767x427.png 767w, https:\/\/wp.catedu.es\/educabloggers\/wp-content\/uploads\/sites\/111\/2018\/03\/logo-1677364_1920.png 1920w\" sizes=\"auto, (max-width: 300px) 100vw, 300px\" \/><\/p>\n<p><iframe loading=\"lazy\" width=\"687\" height=\"515\" src=\"https:\/\/www.youtube.com\/embed\/WKfZZvYbH7s?start=5&#038;feature=oembed\" frameborder=\"0\" allow=\"accelerometer; autoplay; encrypted-media; gyroscope; picture-in-picture\" allowfullscreen><\/iframe><\/p>\n<p style=\"text-align: center\">Os dejamos tambi\u00e9n el enlace al v\u00eddeo del II Encuentro aragon\u00e9s de Educabloggers, celebrado el 24 de marzo en Walqa.<\/p>\n<p><iframe loading=\"lazy\" width=\"687\" height=\"386\" src=\"https:\/\/www.youtube.com\/embed\/SzJrrJOmX_Q?feature=oembed\" frameborder=\"0\" allow=\"accelerometer; autoplay; encrypted-media; gyroscope; picture-in-picture\" allowfullscreen><\/iframe><\/p>\n","protected":false},"excerpt":{"rendered":"<p>\u00a1 Bienvenidos ! Qu\u00e9 mejor soporte para el III Encuentro de Educabloggers que un blog, vuestro blog. Editadlo, a\u00f1adir entradas, compartir y, sobre todo, \u00a1disfrutadlo y colaborad! Muchas gracias por vuestra asistencia y colaboraci\u00f3n, os dejamos la nube de palabras que realizamos con tanta ilusi\u00f3n con Menti. Os dejamos tambi\u00e9n el enlace al v\u00eddeo del&hellip;<\/p>\n","protected":false},"author":214,"featured_media":0,"parent":0,"menu_order":0,"comment_status":"closed","ping_status":"closed","template":"","meta":{"footnotes":""},"class_list":["post-23","page","type-page","status-publish","hentry"],"_links":{"self":[{"href":"https:\/\/wp.catedu.es\/educabloggers\/wp-json\/wp\/v2\/pages\/23","targetHints":{"allow":["GET"]}}],"collection":[{"href":"https:\/\/wp.catedu.es\/educabloggers\/wp-json\/wp\/v2\/pages"}],"about":[{"href":"https:\/\/wp.catedu.es\/educabloggers\/wp-json\/wp\/v2\/types\/page"}],"author":[{"embeddable":true,"href":"https:\/\/wp.catedu.es\/educabloggers\/wp-json\/wp\/v2\/users\/214"}],"replies":[{"embeddable":true,"href":"https:\/\/wp.catedu.es\/educabloggers\/wp-json\/wp\/v2\/comments?post=23"}],"version-history":[{"count":6,"href":"https:\/\/wp.catedu.es\/educabloggers\/wp-json\/wp\/v2\/pages\/23\/revisions"}],"predecessor-version":[{"id":159,"href":"https:\/\/wp.catedu.es\/educabloggers\/wp-json\/wp\/v2\/pages\/23\/revisions\/159"}],"wp:attachment":[{"href":"https:\/\/wp.catedu.es\/educabloggers\/wp-json\/wp\/v2\/media?parent=23"}],"curies":[{"name":"wp","href":"https:\/\/api.w.org\/{rel}","templated":true}]}}