{"id":1203,"date":"2018-07-19T08:48:27","date_gmt":"2018-07-19T06:48:27","guid":{"rendered":"http:\/\/wp.catedu.es\/escadeporte\/?page_id=1203"},"modified":"2018-07-19T09:55:47","modified_gmt":"2018-07-19T07:55:47","slug":"cualificaciones-profesional","status":"publish","type":"page","link":"https:\/\/wp.catedu.es\/escadeporte\/formacion-permanente\/cualificaciones-profesional\/","title":{"rendered":"CUALIFICACIONES y CERTIFICADOS PROFESIONALES"},"content":{"rendered":"<p style=\"text-align: center;\">\u27a1 Pinchar en el enlace\u00a0<strong><span style=\"color: #3366ff; background-color: #ffff99;\">\u201c<em>Buscar m\u00e1s<\/em>\u201d<\/span><\/strong>\u00a0del Calendario para poder visualizar los eventos<\/p>\n<p><iframe loading=\"lazy\" style=\"border-width: 0;\" src=\"https:\/\/calendar.google.com\/calendar\/embed?mode=AGENDA&amp;height=600&amp;wkst=1&amp;bgcolor=%23FFFFFF&amp;src=ngbkm4eoecp48ugmh2k1tpicdk%40group.calendar.google.com&amp;color=%236B3304&amp;ctz=Europe%2FMadrid\" width=\"1000\" height=\"800\" frameborder=\"0\" scrolling=\"no\"><\/iframe><\/p>\n<h3 class=\"post-title entry-title\"><\/h3>\n<h3 class=\"post-title entry-title\">Certificados de profesionalidad: mejora tu cualificaci\u00f3n y tu empleabilidad<\/h3>\n<pre class=\"post-header\">La\u00a0<a href=\"https:\/\/www.inaemorienta.es\/pagEstatica.aspx?id=1005\" target=\"_blank\">formaci\u00f3n profesional<\/a>, en sentido amplio,\u00a0es actualmente una prioridad de las pol\u00edticas de educaci\u00f3n, formaci\u00f3n y empleo, pues los grandes cambios econ\u00f3micos y laborales\u00a0requieren tanto la mejora del nivel de formaci\u00f3n como la cualificaci\u00f3n y recualificaci\u00f3n\u00a0\u00a0para adaptar los conocimientos y competencias a las necesidades reales del mercado de trabajo. Vamos a explicar la que son y para que sirven los\u00a0<a href=\"https:\/\/www.inaemorienta.es\/pagEstatica.aspx?id=1007\" target=\"_blank\">certificados de profesionalidad<\/a>\u00a0que, como veremos, permiten acreditar y reconocer, en el \u00e1mbito\u00a0<strong>laboral<\/strong>, la capacitaci\u00f3n para poder acceder a un empleo y desarrollar un trabajo, y que han demostrado ser muy eficaces como herramientas para la mejora de la\u00a0<a href=\"https:\/\/www.inaemorienta.es\/pagEstatica.aspx?id=19\" target=\"_blank\">empleabilidad<\/a>.<\/pre>\n<h4>Qu\u00e9 debes saber sobre el certificado de profesionalidad<\/h4>\n<pre>Los datos revelan, por una parte, que son muchas las personas con bajo nivel de cualificaci\u00f3n en el mercado laboral\u00a0y, por otra parte,\u00a0que son numerosos los\u00a0puestos de trabajo\u00a0demandados por\u00a0las empresas que no pueden cubrirse por falta de personal cualificado. Tambi\u00e9n ponen de manifiesto que\u00a0un alto porcentaje de personas, en especial j\u00f3venes, que han obtenido un certificado de profesionalidad, han aumentado su empleabilidad y les ha permitido acceder a un empleo.\r\nAntes de repasar y resumir brevemente los distintos aspectos relacionados con un certificado de profesionalidad, es importante resaltar las diferencias de \u00e9ste con los t\u00edtulos de formaci\u00f3n profesional, para no confundirlos.\r\n\r\n<\/pre>\n<div><strong>El certificado es una\u00a0<u>ACREDITACI\u00d3N LABORAL<\/u><\/strong>, expedida por el Ministerio o Departamento competente en materia de\u00a0<strong>EMPLEO<\/strong>,\u00a0y\u00a0<strong>en la Formaci\u00f3n Profesional se obtienen T\u00cdTULOS ACAD\u00c9MICOS en el \u00e1mbito EDUCATIVO.<\/strong><\/div>\n<pre>Adem\u00e1s, en el caso de los certificados, existen\u00a0<u>varios niveles de cualificaci\u00f3n<\/u>\u00a0(en la actualidad, niveles 1, 2 y 3, que conllevan diferentes requisitos de acceso) en funci\u00f3n de las competencias, conocimientos, grado de responsabilidad y autonom\u00eda necesarios para realizar la actividad laboral, mientras que la oferta de Formaci\u00f3n Profesional se estructura en FP B\u00e1sica, Grado Medio y Grado Superior.<\/pre>\n<div><a href=\"https:\/\/2.bp.blogspot.com\/-v3sF4SG_y88\/Wz8TPAn_M4I\/AAAAAAAACeo\/jdz6eGJ84SojtbmRO2bc1BWr3aGHslHhgCLcBGAs\/s1600\/Certificados%2Bde%2BProfesionalidad_Infograf%25C3%25ADa.png\"><img decoding=\"async\" title=\"Certificado de profesionalidad\" src=\"https:\/\/2.bp.blogspot.com\/-v3sF4SG_y88\/Wz8TPAn_M4I\/AAAAAAAACeo\/jdz6eGJ84SojtbmRO2bc1BWr3aGHslHhgCLcBGAs\/s1600\/Certificados%2Bde%2BProfesionalidad_Infograf%25C3%25ADa.png\" alt=\"Certificado de profesionalidad\" border=\"0\" data-original-height=\"1600\" data-original-width=\"640\" \/><\/a><\/div>\n<div><\/div>\n<pre>La\u00a0<a href=\"https:\/\/inaem.aragon.es\/listado-de-certificados-de-profesionalidad\" target=\"_blank\">oferta formativa<\/a>\u00a0es muy amplia y variada; en la actualidad, hay\u00a0<a href=\"http:\/\/www.sepe.es\/contenidos\/personas\/formacion\/certificados_de_profesionalidad\/familias_profesionales.html\" target=\"_blank\"><strong>26 familias profesionales<\/strong><\/a>\u00a0(administraci\u00f3n y gesti\u00f3n, hosteler\u00eda y turismo, agraria, imagen y sonido,...etc), que se recogen en el\u00a0<a href=\"http:\/\/incual.mecd.es\/catalogo1\" target=\"_blank\">Cat\u00e1logo Nacional de Cualificaciones Profesionales<\/a>, que ordena todas las cualificaciones profesionales que pueden reconocerse y acreditarse.\r\nNo olvides tener en cuenta que los\u00a0<a href=\"https:\/\/www.sepe.es\/contenidos\/comunicacion\/noticias\/certificados-de-profesionalidad-140917.html\" target=\"_blank\">requisitos de acceso<\/a>\u00a0a los distintos certificados var\u00edan en funci\u00f3n del\u00a0<strong>nivel<\/strong>, desde el nivel 1, que no exige requisitos acad\u00e9micos ni profesionales, hasta los niveles 2 y 3, que exigen tener ciertas titulaciones acad\u00e9micas, certificados previos o superaci\u00f3n de pruebas de acceso.\r\nComo ves, las posibilidades son muchas y tambi\u00e9n los<strong>\u00a0BENEFICIOS.<\/strong>\u00a0Te recordamos algunos de ellos:<\/pre>\n<pre><u>-Mejora del curr\u00edculum<\/u>\u00a0y con ello de las oportunidades de acceder a un empleo o mejorarlo.\r\n<u>-Acreditaci\u00f3n profesional<\/u>\u00a0ante las empresas y obtenci\u00f3n de\u00a0<u>puntos<\/u>\u00a0en los procesos ante las Administraciones P\u00fablicas.\r\n-Posibilidad de que en un futuro sea obligatorio poseer un certificado para desarrollar ciertas profesiones.<\/pre>\n<div>\n<pre class=\"separator\">En las p\u00e1ginas web de los servicios de empleo, tanto del Servicio P\u00fablico Estatal de Empleo (<a href=\"https:\/\/www.sepe.es\/contenidos\/comunicacion\/noticias\/certificados-de-profesionalidad-140917.html\" target=\"_blank\">SEPE),<\/a>\u00a0como de la Comunidad Aut\u00f3noma de Arag\u00f3n (<a href=\"https:\/\/inaem.aragon.es\/que-es-un-certificado-de-profesionalidad\" target=\"_blank\">INAEM)<\/a>, en el\u00a0<a href=\"http:\/\/www.todofp.es\/sobre-fp.html\" target=\"_blank\">portal Todofp<\/a>\u00a0y en el apartado de\u00a0<a href=\"https:\/\/www.inaemorienta.es\/pagEstatica.aspx?id=1007\" target=\"_blank\">cualificaciones<\/a>\u00a0de\u00a0<a href=\"https:\/\/www.inaemorienta.es\/index.aspx\" target=\"_blank\">Inaem Orienta<\/a>\u00a0puedes encontrar la informaci\u00f3n completa sobre los certificados de profesionalidad y consultar las\u00a0<a href=\"http:\/\/plan.aragon.es\/PROGFIP.nsf\/CursosI?OpenView&amp;Indice=IFC\" target=\"_blank\">oferta formativa<\/a>\u00a0de certificados en las distintas familias profesionales, as\u00ed como ejemplos y modelos de certificados de los tres niveles de cualificaci\u00f3n profesional y de sus correspondientes unidades de competencia. Descubre todas las posibilidades y variedad de opciones que te ofrece la Formaci\u00f3n Profesional y elige la que m\u00e1s se ajuste a tus necesidades y preferencias, para incrementar tus oportunidades de empleo. \r\n<\/pre>\n<h4>Qu\u00e9 debes saber sobre la Cualificaci\u00f3n Profesional<\/h4>\n<pre>Una\u00a0cualificaci\u00f3n profesional\u00a0es el conjunto de competencias\u00a0profesionales\u00a0con significaci\u00f3n para el empleo que pueden ser adquiridas mediante\u00a0formaci\u00f3n modular u otros tipos de formaci\u00f3n y a trav\u00e9s de la experiencia laboral.<\/pre>\n<pre style=\"font-weight: 400;\">Desde el a\u00f1o 2000 es una prioridad europea el reconocimiento de los aprendizajes independientemente de c\u00f3mo se hayan adquirido. Este reconocimiento favorece la incorporaci\u00f3n de los trabajadores a la \u201cformaci\u00f3n a lo largo de la vida\u201d, permitiendo aumentar la cualificaci\u00f3n profesional de los ciudadanos.\u00a0\r\nEn Espa\u00f1a, la Ley de las Cualificaciones y de la Formaci\u00f3n Profesional, establece que se podr\u00e1n reconocer y acreditar las competencias adquiridas por la experiencia profesional y aprendizajes no formales.\u00a0\r\nHasta el a\u00f1o 2009\u00a0 las comunidades aut\u00f3nomas, entre ellas Arag\u00f3n, hab\u00edan puesto en marcha de forma experimental procedimientos de evaluaci\u00f3n y acreditaci\u00f3n de competencias profesionales.\u00a0\r\nEl 25 de agosto de 2009 se publico el Real Decreto 1224\/2009 de 17 de julio de reconocimiento de las competencias profesionales adquiridas por experiencia laboral. En este Real decreto se establecen las bases para desarrollar el procedimiento de reconocimiento de competencias en las Comunidades Aut\u00f3nomas.\u00a0\r\nEn Arag\u00f3n es la Agencia de las Cualificaciones Profesionales de Arag\u00f3n, dependiente de la Direcci\u00f3n General de Planificaci\u00f3n y Formaci\u00f3n Profesional, el organismo responsable del desarrollo del Procedimiento.\r\nPor \u00d3rden de 14 de abril de 2011 (BOA 7\/06\/2011) de los Departamentos de Econom\u00eda, Hacienda y Empleo, y de Educaci\u00f3n, Cultura y Deporte, se establece para Arag\u00f3n el procedimiento de reconocimiento de las competencias profesionales adquiridas por experiencia laboral o por v\u00edas no formales de formaci\u00f3n regualdo por el real Decreto 1224\/2009.\r\n\u00a0\r\n\r\n<b>Los sistemas de reconocimiento y acreditaci\u00f3n de competencias<\/b>\r\nLos sistemas de reconocimiento y acreditaci\u00f3n de competencias son procesos de evaluaci\u00f3n en los que se reconoce y se certifica que una persona posee determinadas competencias, independientemente de c\u00f3mo, d\u00f3nde y cu\u00e1ndo las haya adquirido.\r\n\r\nFINES DEL RECONOCIMIENTO DE COMPETENCIAS\r\n-Evaluar, reconocer y acreditar las competencias profesionales adquiridas, garantizando la validez, la fiabilidad, la objetividad y el rigor t\u00e9cnico de la evaluaci\u00f3n.\r\n-Posibilitar que las personas capitalicen sus aprendizajes no formales a fin de estimular su progresi\u00f3n personal y profesional, facilitando la inserci\u00f3n e integraci\u00f3n laboral y la libre circulaci\u00f3n en el mercado de trabajo.\r\n-Facilitar la incorporaci\u00f3n a la formaci\u00f3n a lo largo de la vida y el incremento de la cualificaci\u00f3n profesional, ofreciendo oportunidades para la obtenci\u00f3n de una acreditaci\u00f3n parcial acumulable, con objeto de poder completar la formaci\u00f3n conducente a un t\u00edtulo de formaci\u00f3n profesional o certificado de profesionalidad.<\/pre>\n<pre class=\"separator\">Puedes consultar m\u00e1s informaci\u00f3n en la <a href=\"https:\/\/servicios.aragon.es\/pwac\/\" target=\"_blank\">Agencia de las Cualificaciones Profesionales de Arag\u00f3n<\/a>.\r\n\r\n\r\n<\/pre>\n<\/div>\n\n<div class=\"twitter-share\"><a href=\"https:\/\/twitter.com\/intent\/tweet?via=ESCARAGONDELDEP\" class=\"twitter-share-button\" data-size=\"large\">Twittear<\/a><\/div>\n","protected":false},"excerpt":{"rendered":"<p>\u27a1 Pinchar en el enlace\u00a0\u201cBuscar m\u00e1s\u201d\u00a0del Calendario para poder visualizar los eventos Certificados de profesionalidad: mejora tu cualificaci\u00f3n y tu empleabilidad La\u00a0formaci\u00f3n profesional, en sentido amplio,\u00a0es actualmente una prioridad de [&hellip;]<\/p>\n","protected":false},"author":96,"featured_media":1205,"parent":221,"menu_order":4,"comment_status":"closed","ping_status":"closed","template":"","meta":{"_s2mail":"","footnotes":""},"class_list":["post-1203","page","type-page","status-publish","has-post-thumbnail","hentry","has_thumb"],"_links":{"self":[{"href":"https:\/\/wp.catedu.es\/escadeporte\/wp-json\/wp\/v2\/pages\/1203","targetHints":{"allow":["GET"]}}],"collection":[{"href":"https:\/\/wp.catedu.es\/escadeporte\/wp-json\/wp\/v2\/pages"}],"about":[{"href":"https:\/\/wp.catedu.es\/escadeporte\/wp-json\/wp\/v2\/types\/page"}],"author":[{"embeddable":true,"href":"https:\/\/wp.catedu.es\/escadeporte\/wp-json\/wp\/v2\/users\/96"}],"replies":[{"embeddable":true,"href":"https:\/\/wp.catedu.es\/escadeporte\/wp-json\/wp\/v2\/comments?post=1203"}],"version-history":[{"count":19,"href":"https:\/\/wp.catedu.es\/escadeporte\/wp-json\/wp\/v2\/pages\/1203\/revisions"}],"predecessor-version":[{"id":1230,"href":"https:\/\/wp.catedu.es\/escadeporte\/wp-json\/wp\/v2\/pages\/1203\/revisions\/1230"}],"up":[{"embeddable":true,"href":"https:\/\/wp.catedu.es\/escadeporte\/wp-json\/wp\/v2\/pages\/221"}],"wp:featuredmedia":[{"embeddable":true,"href":"https:\/\/wp.catedu.es\/escadeporte\/wp-json\/wp\/v2\/media\/1205"}],"wp:attachment":[{"href":"https:\/\/wp.catedu.es\/escadeporte\/wp-json\/wp\/v2\/media?parent=1203"}],"curies":[{"name":"wp","href":"https:\/\/api.w.org\/{rel}","templated":true}]}}