{"id":202,"date":"2016-05-17T17:36:52","date_gmt":"2016-05-17T17:36:52","guid":{"rendered":"http:\/\/wp.catedu.es\/escadeporte\/?page_id=202"},"modified":"2016-06-27T20:31:01","modified_gmt":"2016-06-27T20:31:01","slug":"entrenadores-federativos","status":"publish","type":"page","link":"https:\/\/wp.catedu.es\/escadeporte\/entrenadors-pt\/entrenadores-federativos\/","title":{"rendered":"ENTRENADOR@S FEDERATIVOS"},"content":{"rendered":"<p style=\"text-align: justify;\">La oferta formativa federativa\u00a0\u00a0toda aquella <a title=\"Educaci\u00f3n no formal\" href=\"https:\/\/es.wikipedia.org\/wiki\/Educaci%C3%B3n_no_formal\">formaci\u00f3n de tipo no formal<\/a> realizada por una <a title=\"Federaci\u00f3n deportiva\" href=\"https:\/\/es.wikipedia.org\/wiki\/Federaci%C3%B3n_deportiva\">federaci\u00f3n deportiva<\/a> y que tienen como objetivo el formar entrenadores, t\u00e9cnicos y jueces o \u00e1rbitros deportivos en una determinada modalidad o especialidad deportiva.<\/p>\n<p style=\"text-align: justify;\">Este tipo de formaciones, salvo excepciones debidamente reguladas,\u00a0carecen de oficialidad y reconocimiento por parte de las administraciones educativas y deportivas del Estado y de las Comunidades Aut\u00f3nomas,\u00a0ya que son t\u00edtulos privados. \u00a0No se debe confundir con las ense\u00f1anzas deportivas oficiales que est\u00e1n dentro del sistema educativo como <a title=\"Ense\u00f1anzas de r\u00e9gimen especial\" href=\"https:\/\/es.wikipedia.org\/wiki\/Ense%C3%B1anzas_de_r%C3%A9gimen_especial\">Ense\u00f1anzas Deportivas de R\u00e9gimen Especial<\/a>\u00a0o las del <a href=\"http:\/\/wp.catedu.es\/escadeporte\/entrenadors-pt\/entrenadores-periodo-transitorio\/\" target=\"_blank\">Periodo Transitorio<\/a><\/p>\n<p style=\"text-align: center;\">\u27a1 Pinchar en el enlace &#8220;<span style=\"background-color: #ffff99;\"><em><strong><span style=\"text-decoration: underline;\"><span style=\"color: #0000ff; text-decoration: underline;\">Buscar m\u00e1s<\/span><\/span><\/strong><\/em><\/span>&#8221; del Calendario para poder visualizar los eventos<\/p>\n<hr \/>\n<p><iframe loading=\"lazy\" style=\"border-width: 0;\" src=\"https:\/\/calendar.google.com\/calendar\/embed?title=OFERTA%20CURSOS%20FORMACI%C3%93N%20FEDERATIVA&amp;mode=AGENDA&amp;height=800&amp;wkst=2&amp;bgcolor=%23FFFFFF&amp;src=jolfek23o1jeom4tf1fasv4jm8%40group.calendar.google.com&amp;color=%235F6B02&amp;ctz=Europe%2FMadrid\" width=\"1000\" height=\"800\" frameborder=\"0\" scrolling=\"no\"><\/iframe><\/p>\n\n<div class=\"twitter-share\"><a href=\"https:\/\/twitter.com\/intent\/tweet?via=ESCARAGONDELDEP\" class=\"twitter-share-button\" data-size=\"large\">Twittear<\/a><\/div>\n","protected":false},"excerpt":{"rendered":"<p>La oferta formativa federativa\u00a0\u00a0toda aquella formaci\u00f3n de tipo no formal realizada por una federaci\u00f3n deportiva y que tienen como objetivo el formar entrenadores, t\u00e9cnicos y jueces o \u00e1rbitros deportivos en [&hellip;]<\/p>\n","protected":false},"author":96,"featured_media":0,"parent":165,"menu_order":3,"comment_status":"closed","ping_status":"closed","template":"","meta":{"_s2mail":"","footnotes":""},"class_list":["post-202","page","type-page","status-publish","hentry","has_no_thumb"],"_links":{"self":[{"href":"https:\/\/wp.catedu.es\/escadeporte\/wp-json\/wp\/v2\/pages\/202","targetHints":{"allow":["GET"]}}],"collection":[{"href":"https:\/\/wp.catedu.es\/escadeporte\/wp-json\/wp\/v2\/pages"}],"about":[{"href":"https:\/\/wp.catedu.es\/escadeporte\/wp-json\/wp\/v2\/types\/page"}],"author":[{"embeddable":true,"href":"https:\/\/wp.catedu.es\/escadeporte\/wp-json\/wp\/v2\/users\/96"}],"replies":[{"embeddable":true,"href":"https:\/\/wp.catedu.es\/escadeporte\/wp-json\/wp\/v2\/comments?post=202"}],"version-history":[{"count":6,"href":"https:\/\/wp.catedu.es\/escadeporte\/wp-json\/wp\/v2\/pages\/202\/revisions"}],"predecessor-version":[{"id":581,"href":"https:\/\/wp.catedu.es\/escadeporte\/wp-json\/wp\/v2\/pages\/202\/revisions\/581"}],"up":[{"embeddable":true,"href":"https:\/\/wp.catedu.es\/escadeporte\/wp-json\/wp\/v2\/pages\/165"}],"wp:attachment":[{"href":"https:\/\/wp.catedu.es\/escadeporte\/wp-json\/wp\/v2\/media?parent=202"}],"curies":[{"name":"wp","href":"https:\/\/api.w.org\/{rel}","templated":true}]}}